{"id":228,"date":"2013-09-25T14:58:08","date_gmt":"2013-09-25T19:58:08","guid":{"rendered":"http:\/\/blog.espol.edu.ec\/vinculos\/?page_id=228"},"modified":"2016-04-27T14:35:30","modified_gmt":"2016-04-27T19:35:30","slug":"contactos","status":"publish","type":"page","link":"https:\/\/blog.espol.edu.ec\/vinculos\/contactos\/","title":{"rendered":"Contactos"},"content":{"rendered":"<p>&nbsp;<\/p>\n<table style=\"height: 471px\" border=\"0\" width=\"824\" cellspacing=\"0\" cellpadding=\"0\">\n<tbody>\n<tr>\n<td style=\"text-align: center\" valign=\"top\" width=\"288\"><strong><em>Unidad de Vinculaci\u00f3n con la Sociedad:<\/em><\/strong><\/td>\n<td valign=\"top\" width=\"288\">\n<table style=\"height: 196px\" border=\"1\" width=\"318\" cellspacing=\"0\" cellpadding=\"0\">\n<tbody>\n<tr>\n<td valign=\"top\" width=\"177\"><em>Escuela Superior Polit\u00e9cnica del Litoral<\/em><\/td>\n<\/tr>\n<tr>\n<td valign=\"top\" width=\"177\"><em>Campus Gustavo Galindo Vel\u00e1squez -\u00a0Km 30.5 v\u00eda Perimetral<\/em><\/td>\n<\/tr>\n<tr>\n<td valign=\"top\" width=\"177\"><em>Telefax: 2269289 \u00a0- \u00a02269290<\/em><\/td>\n<\/tr>\n<tr>\n<td valign=\"top\" width=\"177\"><em>Correo:\u00a0vincula@espol.edu.ec<\/em><\/td>\n<\/tr>\n<\/tbody>\n<\/table>\n<p>&nbsp;<\/td>\n<\/tr>\n<tr>\n<td valign=\"top\" width=\"288\">\n<p style=\"text-align: center\"><strong><em>Directora:<\/em><\/strong><\/p>\n<p><a href=\"http:\/\/blog.espol.edu.ec\/vinculos\/files\/2013\/09\/denise1.jpg\"><img loading=\"lazy\" decoding=\"async\" class=\" wp-image-368 aligncenter\" src=\"http:\/\/blog.espol.edu.ec\/vinculos\/files\/2013\/09\/denise1.jpg\" alt=\"denise\" width=\"100\" height=\"100\" \/><\/a><\/td>\n<td valign=\"top\" width=\"288\">\n<table border=\"1\" cellspacing=\"0\" cellpadding=\"0\">\n<tbody>\n<tr>\n<td valign=\"top\" width=\"177\">\u00a0<em>Ing. Mar\u00eda Denise Rodr\u00edguez Zurita<\/em><\/td>\n<\/tr>\n<tr>\n<td valign=\"top\" width=\"177\">\u00a0<em>Tel\u00e9fono: 2269 \u2013 290<\/em><\/td>\n<\/tr>\n<tr>\n<td valign=\"top\" width=\"177\">\u00a0<em>Correo: mrodri@espol.edu.ec<\/em><\/td>\n<\/tr>\n<\/tbody>\n<\/table>\n<p style=\"text-align: justify\">\n<\/td>\n<\/tr>\n<\/tbody>\n<\/table>\n<table style=\"height: 353px\" border=\"0\" width=\"846\" cellspacing=\"0\" cellpadding=\"0\">\n<tbody>\n<tr>\n<td valign=\"top\" width=\"288\">\n<p style=\"text-align: center\"><em><strong>Secretaria:<\/strong><\/em><\/p>\n<p style=\"text-align: center\"><em><a href=\"http:\/\/blog.espol.edu.ec\/vinculos\/files\/2013\/09\/DSC00053.jpg\"><img loading=\"lazy\" decoding=\"async\" class=\"aligncenter size-medium wp-image-100\" src=\"http:\/\/blog.espol.edu.ec\/vinculos\/files\/2013\/09\/DSC00053.jpg\" alt=\"\" width=\"100\" height=\"50\" \/><\/a><\/em><\/p>\n<\/td>\n<td valign=\"top\" width=\"288\">\n<table style=\"height: 53px\" border=\"1\" width=\"369\" cellspacing=\"0\" cellpadding=\"0\">\n<tbody>\n<tr>\n<td valign=\"top\" width=\"177\">\u00a0<em>Acc. Yadira Chaguay<\/em><\/td>\n<\/tr>\n<tr>\n<td valign=\"top\" width=\"177\">\u00a0<em>Tel\u00e9fono: 2269 - 289<\/em><\/td>\n<\/tr>\n<tr>\n<td valign=\"top\" width=\"177\">\u00a0<em>Correo: ychaguay@espol.edu.ec<\/em><\/td>\n<\/tr>\n<\/tbody>\n<\/table>\n<\/td>\n<\/tr>\n<tr>\n<td style=\"text-align: center\" valign=\"top\" width=\"288\"><strong><em>Analista:<a href=\"http:\/\/blog.espol.edu.ec\/vinculos\/files\/2013\/09\/yo.jpg\" rel=\"attachment wp-att-492\"><img loading=\"lazy\" decoding=\"async\" class=\"aligncenter  wp-image-492\" src=\"http:\/\/blog.espol.edu.ec\/vinculos\/files\/2013\/09\/yo-300x300.jpg\" alt=\"yo\" width=\"79\" height=\"79\" srcset=\"https:\/\/blog.espol.edu.ec\/vinculos\/files\/2013\/09\/yo-300x300.jpg 300w, https:\/\/blog.espol.edu.ec\/vinculos\/files\/2013\/09\/yo-150x150.jpg 150w, https:\/\/blog.espol.edu.ec\/vinculos\/files\/2013\/09\/yo.jpg 750w\" sizes=\"auto, (max-width: 79px) 100vw, 79px\" \/><\/a><\/em><\/strong><\/td>\n<td valign=\"top\" width=\"288\">\n<table border=\"1\" cellspacing=\"0\" cellpadding=\"0\">\n<tbody>\n<tr>\n<td valign=\"top\" width=\"177\">\u00a0<em>Lcda. Aleyda Quinteros Trelles<\/em><\/td>\n<\/tr>\n<tr>\n<td valign=\"top\" width=\"177\">\u00a0<em>Tel\u00e9fono: 2269 \u2013 289<\/em><\/td>\n<\/tr>\n<tr>\n<td valign=\"top\" width=\"177\">\u00a0<em>Correo: aquinter@espol.edu.ec<\/em><\/td>\n<\/tr>\n<\/tbody>\n<\/table>\n<\/td>\n<\/tr>\n<\/tbody>\n<\/table>\n<table style=\"height: 150px\" border=\"0\" width=\"913\" cellspacing=\"0\" cellpadding=\"0\">\n<tbody>\n<tr>\n<td style=\"text-align: center\" valign=\"top\" width=\"288\"><strong><em>Analista:<\/em><\/strong><\/td>\n<td valign=\"top\" width=\"288\">\n<table style=\"height: 113px\" border=\"1\" width=\"354\" cellspacing=\"0\" cellpadding=\"0\">\n<tbody>\n<tr>\n<td valign=\"top\" width=\"177\">\u00a0<em>Ing. Noem\u00ed Lavid Cede\u00f1o<\/em><\/td>\n<\/tr>\n<tr>\n<td valign=\"top\" width=\"177\">\u00a0<em>Tel\u00e9fono: 2269 \u2013 289<\/em><\/td>\n<\/tr>\n<tr>\n<td valign=\"top\" width=\"177\"><em>Correo: noeelavi@espol.edu.ec<\/em><\/td>\n<\/tr>\n<\/tbody>\n<\/table>\n<\/td>\n<\/tr>\n<\/tbody>\n<\/table>\n","protected":false},"excerpt":{"rendered":"<p>&nbsp; Unidad de Vinculaci\u00f3n con la Sociedad: Escuela Superior Polit\u00e9cnica del Litoral Campus Gustavo Galindo Vel\u00e1squez -\u00a0Km 30.5 v\u00eda Perimetral Telefax: 2269289 \u00a0- \u00a02269290 Correo:\u00a0vincula@espol.edu.ec &nbsp; Directora: \u00a0Ing. Mar\u00eda Denise Rodr\u00edguez Zurita \u00a0Tel\u00e9fono: 2269 \u2013 290 \u00a0Correo: mrodri@espol.edu.ec Secretaria: \u00a0Acc. &hellip; <a href=\"https:\/\/blog.espol.edu.ec\/vinculos\/contactos\/\">Sigue leyendo <span class=\"meta-nav\">&rarr;<\/span><\/a><\/p>\n","protected":false},"author":3658,"featured_media":0,"parent":0,"menu_order":0,"comment_status":"open","ping_status":"closed","template":"","meta":{"footnotes":""},"class_list":["post-228","page","type-page","status-publish","hentry"],"_links":{"self":[{"href":"https:\/\/blog.espol.edu.ec\/vinculos\/wp-json\/wp\/v2\/pages\/228","targetHints":{"allow":["GET"]}}],"collection":[{"href":"https:\/\/blog.espol.edu.ec\/vinculos\/wp-json\/wp\/v2\/pages"}],"about":[{"href":"https:\/\/blog.espol.edu.ec\/vinculos\/wp-json\/wp\/v2\/types\/page"}],"author":[{"embeddable":true,"href":"https:\/\/blog.espol.edu.ec\/vinculos\/wp-json\/wp\/v2\/users\/3658"}],"replies":[{"embeddable":true,"href":"https:\/\/blog.espol.edu.ec\/vinculos\/wp-json\/wp\/v2\/comments?post=228"}],"version-history":[{"count":59,"href":"https:\/\/blog.espol.edu.ec\/vinculos\/wp-json\/wp\/v2\/pages\/228\/revisions"}],"predecessor-version":[{"id":493,"href":"https:\/\/blog.espol.edu.ec\/vinculos\/wp-json\/wp\/v2\/pages\/228\/revisions\/493"}],"wp:attachment":[{"href":"https:\/\/blog.espol.edu.ec\/vinculos\/wp-json\/wp\/v2\/media?parent=228"}],"curies":[{"name":"wp","href":"https:\/\/api.w.org\/{rel}","templated":true}]}}