{"id":45,"date":"2010-07-24T17:16:52","date_gmt":"2010-07-24T17:16:52","guid":{"rendered":"http:\/\/blog.espol.edu.ec\/virginiadelatorre\/plpoklo\/"},"modified":"2010-08-07T20:32:28","modified_gmt":"2010-08-07T20:32:28","slug":"plpoklo","status":"publish","type":"page","link":"https:\/\/blog.espol.edu.ec\/virginiadelatorre\/plpoklo\/","title":{"rendered":"Fotos del Ecuador"},"content":{"rendered":"<p style=\"text-align: center\"><a href=\"http:\/\/blog.espol.edu.ec\/virginiadelatorre\/files\/2010\/07\/ecuador-ok.jpg\"><img loading=\"lazy\" decoding=\"async\" class=\"size-medium wp-image-67 aligncenter\" title=\"Ecuador par\u00edsos diferentes\" src=\"http:\/\/blog.espol.edu.ec\/virginiadelatorre\/files\/2010\/07\/ecuador-ok-300x222.jpg\" alt=\"\" width=\"300\" height=\"222\" srcset=\"https:\/\/blog.espol.edu.ec\/virginiadelatorre\/files\/2010\/07\/ecuador-ok-300x222.jpg 300w, https:\/\/blog.espol.edu.ec\/virginiadelatorre\/files\/2010\/07\/ecuador-ok.jpg 500w\" sizes=\"auto, (max-width: 300px) 100vw, 300px\" \/><\/a><\/p>\n<h1 style=\"text-align: center\"><span style=\"color: #339966\"><strong>ECUADOR<\/strong><\/span><\/h1>\n<p style=\"text-align: center\">\n<p style=\"text-align: center\"><a href=\"http:\/\/blog.espol.edu.ec\/virginiadelatorre\/files\/2010\/07\/gal07.jpg\"><img loading=\"lazy\" decoding=\"async\" class=\"size-medium wp-image-68 aligncenter\" title=\"Amazon\u00eda\" src=\"http:\/\/blog.espol.edu.ec\/virginiadelatorre\/files\/2010\/07\/gal07-300x192.jpg\" alt=\"\" width=\"300\" height=\"192\" srcset=\"https:\/\/blog.espol.edu.ec\/virginiadelatorre\/files\/2010\/07\/gal07-300x192.jpg 300w, https:\/\/blog.espol.edu.ec\/virginiadelatorre\/files\/2010\/07\/gal07.jpg 471w\" sizes=\"auto, (max-width: 300px) 100vw, 300px\" \/><\/a><\/p>\n<h1 style=\"text-align: center\"><span style=\"color: #339966\"><strong>AMAZON\u00cdA<\/strong><\/span><\/h1>\n<p style=\"text-align: center\"><a href=\"http:\/\/blog.espol.edu.ec\/virginiadelatorre\/files\/2010\/07\/banervertical4.jpg\"><img loading=\"lazy\" decoding=\"async\" class=\"size-medium wp-image-69 aligncenter\" title=\"Napo\" src=\"http:\/\/blog.espol.edu.ec\/virginiadelatorre\/files\/2010\/07\/banervertical4-165x300.jpg\" alt=\"\" width=\"165\" height=\"300\" srcset=\"https:\/\/blog.espol.edu.ec\/virginiadelatorre\/files\/2010\/07\/banervertical4-165x300.jpg 165w, https:\/\/blog.espol.edu.ec\/virginiadelatorre\/files\/2010\/07\/banervertical4.jpg 247w\" sizes=\"auto, (max-width: 165px) 100vw, 165px\" \/><\/a><\/p>\n<h1 style=\"text-align: center\"><span style=\"color: #339966\"><strong>NAPO<\/strong><\/span><\/h1>\n<p style=\"text-align: center\"><a href=\"http:\/\/blog.espol.edu.ec\/virginiadelatorre\/files\/2010\/07\/Chimborazo.jpg\"><img loading=\"lazy\" decoding=\"async\" class=\"alignnone size-medium wp-image-70\" title=\"Chimborazo\" src=\"http:\/\/blog.espol.edu.ec\/virginiadelatorre\/files\/2010\/07\/Chimborazo-300x201.jpg\" alt=\"\" width=\"300\" height=\"201\" srcset=\"https:\/\/blog.espol.edu.ec\/virginiadelatorre\/files\/2010\/07\/Chimborazo-300x201.jpg 300w, https:\/\/blog.espol.edu.ec\/virginiadelatorre\/files\/2010\/07\/Chimborazo.jpg 422w\" sizes=\"auto, (max-width: 300px) 100vw, 300px\" \/><\/a><\/p>\n<h1 style=\"text-align: center\"><strong><span style=\"color: #339966\">CHIMBORAZO<\/span><\/strong><\/h1>\n<p style=\"text-align: center\"><strong><a href=\"http:\/\/blog.espol.edu.ec\/virginiadelatorre\/files\/2010\/07\/MUSEO-LA-ROTONDA.jpg\"><img loading=\"lazy\" decoding=\"async\" class=\"alignnone size-medium wp-image-71\" title=\"MUSEO LA ROTONDA\" src=\"http:\/\/blog.espol.edu.ec\/virginiadelatorre\/files\/2010\/07\/MUSEO-LA-ROTONDA-300x195.jpg\" alt=\"\" width=\"300\" height=\"195\" srcset=\"https:\/\/blog.espol.edu.ec\/virginiadelatorre\/files\/2010\/07\/MUSEO-LA-ROTONDA-300x195.jpg 300w, https:\/\/blog.espol.edu.ec\/virginiadelatorre\/files\/2010\/07\/MUSEO-LA-ROTONDA.jpg 500w\" sizes=\"auto, (max-width: 300px) 100vw, 300px\" \/><\/a><\/strong><\/p>\n<h1 style=\"text-align: center\"><span style=\"color: #339966\"><strong>GUAYAQUIL<\/strong><\/span><\/h1>\n<p style=\"text-align: center\"><a href=\"http:\/\/blog.espol.edu.ec\/virginiadelatorre\/files\/2010\/07\/westlb-mindo-nambillo.jpg\"><img loading=\"lazy\" decoding=\"async\" class=\"size-medium wp-image-72 aligncenter\" title=\"Cascadas Mindo Nambillo\" src=\"http:\/\/blog.espol.edu.ec\/virginiadelatorre\/files\/2010\/07\/westlb-mindo-nambillo-237x300.jpg\" alt=\"\" width=\"237\" height=\"300\" srcset=\"https:\/\/blog.espol.edu.ec\/virginiadelatorre\/files\/2010\/07\/westlb-mindo-nambillo-237x300.jpg 237w, https:\/\/blog.espol.edu.ec\/virginiadelatorre\/files\/2010\/07\/westlb-mindo-nambillo.jpg 395w\" sizes=\"auto, (max-width: 237px) 100vw, 237px\" \/><\/a><\/p>\n<h1 style=\"text-align: center\"><strong><span style=\"color: #339966\">MINDO-NAMBILLO<\/span><\/strong><\/h1>\n<p style=\"text-align: center\"><a href=\"http:\/\/blog.espol.edu.ec\/virginiadelatorre\/files\/2010\/07\/islas-galapagos-spring-travel.jpg\"><img loading=\"lazy\" decoding=\"async\" class=\"size-medium wp-image-73 aligncenter\" title=\"Islas Gal\u00e1pagos\" src=\"http:\/\/blog.espol.edu.ec\/virginiadelatorre\/files\/2010\/07\/islas-galapagos-spring-travel-300x219.jpg\" alt=\"\" width=\"300\" height=\"219\" srcset=\"https:\/\/blog.espol.edu.ec\/virginiadelatorre\/files\/2010\/07\/islas-galapagos-spring-travel-300x219.jpg 300w, https:\/\/blog.espol.edu.ec\/virginiadelatorre\/files\/2010\/07\/islas-galapagos-spring-travel.jpg 500w\" sizes=\"auto, (max-width: 300px) 100vw, 300px\" \/><\/a><\/p>\n<h1 style=\"text-align: center\"><span style=\"color: #339966\"><strong>ISLAS GAL\u00c1PAGOS<\/strong><\/span><\/h1>\n<p style=\"text-align: center\"><a href=\"http:\/\/blog.espol.edu.ec\/virginiadelatorre\/files\/2010\/07\/imagen-San-Clemente.jpeg\"><img loading=\"lazy\" decoding=\"async\" class=\"alignnone size-full wp-image-76\" title=\"San Clemente\" src=\"http:\/\/blog.espol.edu.ec\/virginiadelatorre\/files\/2010\/07\/imagen-San-Clemente.jpeg\" alt=\"\" width=\"259\" height=\"194\" \/><\/a><\/p>\n<h1 style=\"text-align: center\"><strong><span style=\"color: #339966\">SAN CLEMETE<\/span><\/strong><\/h1>\n<p style=\"text-align: center\"><a href=\"http:\/\/blog.espol.edu.ec\/virginiadelatorre\/files\/2010\/07\/Iglesia-de-ba\u00f1os.jpeg\"><img loading=\"lazy\" decoding=\"async\" class=\"alignnone size-full wp-image-77\" title=\"Iglesia de Ba\u00f1os\" src=\"http:\/\/blog.espol.edu.ec\/virginiadelatorre\/files\/2010\/07\/Iglesia-de-ba\u00f1os.jpeg\" alt=\"\" width=\"225\" height=\"224\" srcset=\"https:\/\/blog.espol.edu.ec\/virginiadelatorre\/files\/2010\/07\/Iglesia-de-ba\u00f1os.jpeg 225w, https:\/\/blog.espol.edu.ec\/virginiadelatorre\/files\/2010\/07\/Iglesia-de-ba\u00f1os-150x150.jpg 150w\" sizes=\"auto, (max-width: 225px) 100vw, 225px\" \/><\/a><\/p>\n<h1 style=\"text-align: center\"><span style=\"color: #339966\"><strong>IGLESIA DE BA\u00d1OS<\/strong><\/span><\/h1>\n<p style=\"text-align: center\"><a href=\"http:\/\/blog.espol.edu.ec\/virginiadelatorre\/files\/2010\/07\/Iglesia-de-cuenca.jpg\"><img loading=\"lazy\" decoding=\"async\" class=\"alignnone size-full wp-image-78\" title=\"Iglesia de Cuenca\" src=\"http:\/\/blog.espol.edu.ec\/virginiadelatorre\/files\/2010\/07\/Iglesia-de-cuenca.jpg\" alt=\"\" width=\"230\" height=\"209\" \/><\/a><\/p>\n<h1 style=\"text-align: center\"><span style=\"color: #339966\"><strong>IGLESIA DE CUENCA<\/strong><\/span><\/h1>\n","protected":false},"excerpt":{"rendered":"<p>ECUADOR AMAZON\u00cdA NAPO CHIMBORAZO GUAYAQUIL MINDO-NAMBILLO ISLAS GAL\u00c1PAGOS SAN CLEMETE IGLESIA DE BA\u00d1OS IGLESIA DE CUENCA<\/p>\n","protected":false},"author":3996,"featured_media":0,"parent":0,"menu_order":0,"comment_status":"open","ping_status":"open","template":"","meta":{"footnotes":""},"class_list":["post-45","page","type-page","status-publish","hentry"],"_links":{"self":[{"href":"https:\/\/blog.espol.edu.ec\/virginiadelatorre\/wp-json\/wp\/v2\/pages\/45","targetHints":{"allow":["GET"]}}],"collection":[{"href":"https:\/\/blog.espol.edu.ec\/virginiadelatorre\/wp-json\/wp\/v2\/pages"}],"about":[{"href":"https:\/\/blog.espol.edu.ec\/virginiadelatorre\/wp-json\/wp\/v2\/types\/page"}],"author":[{"embeddable":true,"href":"https:\/\/blog.espol.edu.ec\/virginiadelatorre\/wp-json\/wp\/v2\/users\/3996"}],"replies":[{"embeddable":true,"href":"https:\/\/blog.espol.edu.ec\/virginiadelatorre\/wp-json\/wp\/v2\/comments?post=45"}],"version-history":[{"count":10,"href":"https:\/\/blog.espol.edu.ec\/virginiadelatorre\/wp-json\/wp\/v2\/pages\/45\/revisions"}],"predecessor-version":[{"id":48,"href":"https:\/\/blog.espol.edu.ec\/virginiadelatorre\/wp-json\/wp\/v2\/pages\/45\/revisions\/48"}],"wp:attachment":[{"href":"https:\/\/blog.espol.edu.ec\/virginiadelatorre\/wp-json\/wp\/v2\/media?parent=45"}],"curies":[{"name":"wp","href":"https:\/\/api.w.org\/{rel}","templated":true}]}}