{"id":64,"date":"2010-08-01T14:14:50","date_gmt":"2010-08-01T14:14:50","guid":{"rendered":"http:\/\/blog.espol.edu.ec\/virginiadelatorre\/?page_id=64"},"modified":"2010-08-07T20:26:27","modified_gmt":"2010-08-07T20:26:27","slug":"conoce-de-mi-blog","status":"publish","type":"page","link":"https:\/\/blog.espol.edu.ec\/virginiadelatorre\/conoce-de-mi-blog\/","title":{"rendered":"Conoce de mi Blog"},"content":{"rendered":"<p style=\"text-align: justify\"><span style=\"color: #339966\">Hola bienvenidos a mi blog, este es un espacio muy entrenido.\u00a0 Podr\u00e1n encontrar informaci\u00f3n importante de Ecuador.\u00a0 Creo q<\/span><span style=\"color: #339966\">ue mi<\/span><span style=\"color: #339966\"> pa\u00eds es uno de los lugares m\u00e1s hermoso de nuestro planeta y a diario me hago esta pregunta \u00bfPor qu\u00e9 los Ecuatorianos no aprovechamos lo q<\/span><span style=\"color: #339966\">ue tenemos? Nos han dado tantas riquezas, pero a\u00fan as\u00ed preferimos otros pa\u00edses antes que el nuestro.<\/span><\/p>\n<p style=\"text-align: justify\"><span style=\"color: #339966\">Tambi\u00e9n invito a lectores de otros lugares a conocer nuestras riquezas, nuestra gente y nuestra cultura.<\/span><\/p>\n<p style=\"text-align: justify\"><span style=\"color: #339966\">Encontrar\u00e1n fotos, art\u00edculos, debates de mi pa\u00eds.<\/span><\/p>\n<p style=\"text-align: center\"><a href=\"http:\/\/blog.espol.edu.ec\/virginiadelatorre\/files\/2010\/08\/imagen-San-Clemente.jpeg\"><img loading=\"lazy\" decoding=\"async\" class=\"alignleft size-full wp-image-87\" title=\"San Clemente\" src=\"http:\/\/blog.espol.edu.ec\/virginiadelatorre\/files\/2010\/08\/imagen-San-Clemente.jpeg\" alt=\"\" width=\"259\" height=\"194\" \/><\/a><span style=\"color: #339966\"><a href=\"http:\/\/blog.espol.edu.ec\/virginiadelatorre\/files\/2010\/08\/galapogos-2.jpeg\"><img loading=\"lazy\" decoding=\"async\" class=\"aligncenter size-full wp-image-88\" title=\"Gal\u00e1pagos\" src=\"http:\/\/blog.espol.edu.ec\/virginiadelatorre\/files\/2010\/08\/galapogos-2.jpeg\" alt=\"\" width=\"282\" height=\"178\" \/><\/a><\/span><\/p>\n","protected":false},"excerpt":{"rendered":"<p>Hola bienvenidos a mi blog, este es un espacio muy entrenido.\u00a0 Podr\u00e1n encontrar informaci\u00f3n importante de Ecuador.\u00a0 Creo que mi pa\u00eds es uno de los lugares m\u00e1s hermoso de nuestro planeta y a diario me hago esta pregunta \u00bfPor qu\u00e9 los Ecuatorianos no aprovechamos lo que tenemos? Nos han dado tantas riquezas, pero a\u00fan as\u00ed [&hellip;]<\/p>\n","protected":false},"author":3996,"featured_media":0,"parent":0,"menu_order":0,"comment_status":"open","ping_status":"open","template":"","meta":{"footnotes":""},"class_list":["post-64","page","type-page","status-publish","hentry"],"_links":{"self":[{"href":"https:\/\/blog.espol.edu.ec\/virginiadelatorre\/wp-json\/wp\/v2\/pages\/64","targetHints":{"allow":["GET"]}}],"collection":[{"href":"https:\/\/blog.espol.edu.ec\/virginiadelatorre\/wp-json\/wp\/v2\/pages"}],"about":[{"href":"https:\/\/blog.espol.edu.ec\/virginiadelatorre\/wp-json\/wp\/v2\/types\/page"}],"author":[{"embeddable":true,"href":"https:\/\/blog.espol.edu.ec\/virginiadelatorre\/wp-json\/wp\/v2\/users\/3996"}],"replies":[{"embeddable":true,"href":"https:\/\/blog.espol.edu.ec\/virginiadelatorre\/wp-json\/wp\/v2\/comments?post=64"}],"version-history":[{"count":5,"href":"https:\/\/blog.espol.edu.ec\/virginiadelatorre\/wp-json\/wp\/v2\/pages\/64\/revisions"}],"predecessor-version":[{"id":89,"href":"https:\/\/blog.espol.edu.ec\/virginiadelatorre\/wp-json\/wp\/v2\/pages\/64\/revisions\/89"}],"wp:attachment":[{"href":"https:\/\/blog.espol.edu.ec\/virginiadelatorre\/wp-json\/wp\/v2\/media?parent=64"}],"curies":[{"name":"wp","href":"https:\/\/api.w.org\/{rel}","templated":true}]}}