{"id":45,"date":"2016-11-30T05:24:08","date_gmt":"2016-11-30T05:24:08","guid":{"rendered":"http:\/\/blog.espol.edu.ec\/visavera\/?page_id=45"},"modified":"2016-11-30T05:30:42","modified_gmt":"2016-11-30T05:30:42","slug":"autora","status":"publish","type":"page","link":"https:\/\/blog.espol.edu.ec\/visavera\/autora\/","title":{"rendered":"Autora"},"content":{"rendered":"<p class=\"mono\">La escritora brit\u00e1nica Joanne Kathleen Rowling se ha hecho c\u00e9lebre por su serie de novelas dedicadas a las aventuras de Harry Potter, que se ha convertido en uno de los mayores fen\u00f3menos literarios de la historia. Las aventuras del h\u00e9roe infantil Harry Potter, ni\u00f1o hu\u00e9rfano con poderes m\u00e1gicos capaz de evadirse a voluntad a un mundo de fantas\u00eda, consiguieron batir todos los r\u00e9cords de ventas en la literatura del g\u00e9nero, aunque muchos cr\u00edticos se mostraban reacios a encasillar los libros de Rowling como cuentos para ni\u00f1os, como ocurriera con el famoso Tom Sawyer de Mark Twain. La persona que ha hecho posible que muchos ni\u00f1os y adolescentes prefieran leer un libro a pasar las horas muertas delante del televisor es una t\u00edmida brit\u00e1nica que se propuso escribir siete entregas de la serie, que equivalen a los cursos que el protagonista debe superar en la escuela de magia y hechicer\u00eda a la que asiste cuando se escapa de la horrible realidad cotidiana en casa de sus mezquinos t\u00edos.<\/p>\n<p class=\"piefotos\" style=\"text-align: center\" align=\"right\"><img loading=\"lazy\" decoding=\"async\" class=\"aligncenter\" src=\"http:\/\/www.biografiasyvidas.com\/reportaje\/rowling\/fotos\/rowling340.jpg\" width=\"340\" height=\"416\" \/>J. K. Rowling<\/p>\n<p class=\"mono\">Seg\u00fan algunos cr\u00edticos literarios, la autora logr\u00f3 crear en sus novelas una inquietante atm\u00f3sfera atractiva a los ojos de lectores de muy diversa condici\u00f3n y edad, a partir de influencias reconocibles en los libros de escritores brit\u00e1nicos como Enid Blyton, Richmal Crompton o el dan\u00e9s Ro\u00e4l Dahl. Pero, parad\u00f3jicamente, ella misma afirmaba que nunca pretendi\u00f3 escribir fantas\u00eda y que la idea le surgi\u00f3 a partir de sus propios recuerdos de la infancia. Pr\u00e1cticamente desconocida y con problemas econ\u00f3micos en la primera mitad de la d\u00e9cada de los noventa, cuando viv\u00eda de una modesta pensi\u00f3n como desempleada, se ha convertido en una mujer rica y popular en Europa y sobre todo en Estados Unidos, donde multitudes de ni\u00f1os acompa\u00f1ados por sus padres soportan largas colas en las librer\u00edas para hacerse con las \u00faltimas aventuras del peque\u00f1o mago.<\/p>\n<p class=\"mono\"><b>La infancia que nutri\u00f3 a Potter<\/b><\/p>\n<p class=\"mono\">Joanne Kathleen Rowling naci\u00f3 el 31 de julio de 1965 en la peque\u00f1a localidad brit\u00e1nica de Chipping Sodbury, cerca de Bristol, en el suroeste de la isla. Debido al trabajo de su padre, Peter, ingeniero de la compa\u00f1\u00eda Rolls-Royce casado con Anne, una escocesa con ra\u00edces francesas, su familia tuvo que cambiar de residencia en varias ocasiones durante la infancia de las peque\u00f1as Jo y Di, cari\u00f1osos apelativos familiares de la futura novelista y su hermana menor, Dianne.<\/p>\n<p class=\"mono\">Tras una breve estancia en Yate, se mudaron a Winterbourne, siempre sin alejarse de los suburbios de Bristol, entorno en el que se forjaron los primeros recuerdos de la imaginativa ni\u00f1a, que pasaba horas compartiendo sue\u00f1os y fantas\u00edas con su hermana. Lectora y escritora precoz, entusiasta aficionada a devorar novelas para adultos, a los seis a\u00f1os ide\u00f3 un conejo que tuvo el honor de ser su primer h\u00e9roe en un cuento que titul\u00f3 <i>Rabbit<\/i>.<\/p>\n<p class=\"mono\">En Winterbourne las ni\u00f1as hicieron amigos entre el vecindario; uno de ellos se llamaba Ian Potter. Aficionada a adoptar nombres extra\u00f1os para los protagonistas y lugares de sus novelas, muchos a\u00f1os despu\u00e9s Joanne tom\u00f3 prestado ese apellido para dar vida a su famoso personaje. Cuando Jo ten\u00eda nueve a\u00f1os, los Rowling hicieron realidad su sue\u00f1o y se mudaron a un \u00e1rea rural del condado de Gwent llamada Forest of Dean, n\u00facleo de poblaci\u00f3n cercano a Chepstow, donde las dos hermanas descubrieron el placer de jugar en los verdes campos brit\u00e1nicos pr\u00f3ximos al r\u00edo Wye.<\/p>\n<p class=\"piefotos\" style=\"text-align: center\" align=\"right\"><img loading=\"lazy\" decoding=\"async\" src=\"http:\/\/www.biografiasyvidas.com\/reportaje\/rowling\/fotos\/daniel_radcliffe.jpg\" width=\"340\" height=\"226\" \/><br \/>\nDaniel Radcliffe ha interpretado el papel de Harry Potter<br \/>\nen todas las pel\u00edculas, creciendo con el personaje<\/p>\n<p class=\"mono\">Pero el feliz cambio tuvo su contrapartida en los problemas en la nueva escuela a la que asistieron las Rowling y que acab\u00f3 por convertirse en un tormento para la mayor de las hermanas, quien recordar\u00eda durante a\u00f1os a su odiada profesora Mrs. Morgan, hasta el punto de trasladarla a sus novelas y hacer que encarnara a uno de sus mal\u00e9volos personajes.<\/p>\n<p class=\"mono\">La pecosa, estudiosa y bastante insegura \u00abgafotas\u00bb Joanne, seg\u00fan su propia definici\u00f3n, creci\u00f3 y dej\u00f3 la escuela primaria de Tutshill para entrar en la de Wyedean, donde empez\u00f3 a interesarse por los idiomas. Alumna aplicada, pronto destac\u00f3 tambi\u00e9n por su afici\u00f3n a contar historias a un reducido c\u00edrculo de amigos, quienes escuchaban con atenci\u00f3n la narraci\u00f3n de largos relatos en los tiempos del recreo. Durante su adolescencia escribi\u00f3 mucho, pero, con la excepci\u00f3n de algunos divertidos cuentos, nunca se atrevi\u00f3 a mostrar sus manuscritos a nadie.<\/p>\n<p class=\"mono\"><b>A\u00f1os dif\u00edciles<\/b><\/p>\n<p class=\"mono\">Una vez graduada en Wyedean, Joanne K. Rowling se matricul\u00f3 en la Universidad de Exeter, donde, siguiendo el consejo paterno, estudi\u00f3 franc\u00e9s con el prop\u00f3sito de encontrar despu\u00e9s un buen trabajo como secretaria biling\u00fce. Con los t\u00edtulos de lengua y literatura francesas todav\u00eda relucientes, se traslad\u00f3 a la sede de Amnist\u00eda Internacional en Londres para realizar un trabajo de investigaci\u00f3n sobre las violaciones a los derechos humanos en el \u00c1frica franc\u00f3fona.<\/p>\n<p class=\"mono\">Tras este breve per\u00edodo de formaci\u00f3n empez\u00f3 a trabajar como secretaria, pero pronto descubri\u00f3 que el orden y la rutina no iban con ella. Varias experiencias frustrantes en diferentes empresas, unidas a la triste desaparici\u00f3n de su madre, enferma de esclerosis m\u00faltiple, la llevaron a dejarlo todo a los veintis\u00e9is a\u00f1os y a abandonar el pa\u00eds con la intenci\u00f3n de ense\u00f1ar ingl\u00e9s en el extranjero.<\/p>\n<p class=\"mono\">En Lisboa disfrut\u00f3 ense\u00f1ando su lengua materna a alumnos portugueses y tuvo bastante tiempo para escribir, su verdadera vocaci\u00f3n. All\u00ed conoci\u00f3 y se enamor\u00f3 de Jorge Arantes, un periodista de la televisi\u00f3n portuguesa con el que contrajo matrimonio en octubre de 1992 y con quien, un a\u00f1o m\u00e1s tarde, tuvo una hija a la que llam\u00f3 Jessica \u00aben honor a una brigadista brit\u00e1nica que hab\u00eda luchado en la guerra civil espa\u00f1ola\u00bb, seg\u00fan afirm\u00f3 en una entrevista. Pese al feliz acontecimiento, el matrimonio no prosper\u00f3 y pronto acab\u00f3 en divorcio.<\/p>\n<p class=\"mono\">Madre de una ni\u00f1a peque\u00f1a y sola en un pa\u00eds extranjero, en 1996 Joanne decidi\u00f3 regresar a Gran Breta\u00f1a y se instal\u00f3 en la ciudad escocesa de Edimburgo, cerca de su hermana Dianne, donde lleg\u00f3 con la firme intenci\u00f3n de acabar y publicar una novela sobre un tal Harry Potter, personaje infantil con poderes m\u00e1gicos, cuyas andanzas hab\u00eda imaginado bastante tiempo atr\u00e1s durante un interminable viaje en tren entre Manchester y Londres.<\/p>\n<p class=\"piefotos\" style=\"text-align: center\" align=\"right\"><img loading=\"lazy\" decoding=\"async\" src=\"http:\/\/www.biografiasyvidas.com\/reportaje\/rowling\/fotos\/piedra_filosofal.jpg\" width=\"340\" height=\"226\" \/><br \/>\n<i>Harry Potter y la piedra filosofal<\/i>, primera entrega<br \/>\nde la serie, fue llevada al cine en 2001<\/p>\n<p class=\"mono\">La tenaz profesora de franc\u00e9s pas\u00f3 muchas tardes de su vida escribiendo \u00abpara s\u00ed misma\u00bb en un c\u00e1lido caf\u00e9 pr\u00f3ximo a un peque\u00f1o apartamento sin calefacci\u00f3n en el que malviv\u00eda con su hija. Finalmente, la infatigable novelista logr\u00f3 una beca del Scottish Arts Council que le permiti\u00f3 concluir, cinco a\u00f1os despu\u00e9s de empezada, la que entonces era la obra de su vida: <i>Harry Potter y la piedra filosofal<\/i>.<\/p>\n<p class=\"mono\"><b>El \u00e9xito<\/b><\/p>\n<p class=\"mono\">Recorri\u00f3 sin \u00e9xito con la copia mecanografiada por ella misma editoriales del prestigio de Penguin y Harper Collins, hasta que en 1997 consigui\u00f3 por fin que la prestigiosa firma brit\u00e1nica Bloomsbury publicara el libro. Pocos meses despu\u00e9s, Scholastic Press compr\u00f3 los derechos de la novela para Estados Unidos, por una suma superior a los 14,5 millones de pesetas, una cifra muy importante para un libro infantil. Rowling empez\u00f3 a ser popular en su propio pa\u00eds, y durante los primeros meses se vio ampliamente superada por la situaci\u00f3n, sin poder escribir ni una sola l\u00ednea.<\/p>\n<p class=\"mono\">A punto de acabar el segundo libro de la serie, entr\u00f3 en una fase cr\u00edtica y lleg\u00f3 a pensar que estaba escribiendo \u00abbasura\u00bb, seg\u00fan confesar\u00eda tiempo despu\u00e9s en una entrevista. Nada acostumbrada a manejar semejantes sumas de dinero ni a la presi\u00f3n de los medios de comunicaci\u00f3n, Joanne se bloque\u00f3 y tard\u00f3 en adaptarse a la nueva situaci\u00f3n, hasta el punto de verse obligada a modificar su sencillo estilo de vida. Tuvo que dejar de escribir en el mismo caf\u00e9 debido al acoso de admiradores y curiosos, que convirtieron el local en lugar de peregrinaci\u00f3n, y adopt\u00f3 una postura defensiva frente a las intromisiones en su vida privada. Despu\u00e9s decidi\u00f3 dejar las clases definitivamente para dedicarse por entero a lo que siempre hab\u00eda anhelado: escribir.<\/p>\n<p class=\"mono\">La publicaci\u00f3n de su primer libro -firmado con las iniciales J. K. por consejo de los editores, recelosos de que los ni\u00f1os no quisieran leer un libro sobre un chico escrito por una mujer- supuso un giro m\u00e1gico en su vida. La realidad del extraordinario \u00e9xito super\u00f3 ampliamente todas las expectativas de las editoriales brit\u00e1nica y estadounidense que lo hab\u00edan publicado. Las posteriores ediciones de los siguientes libros de la serie (<i>Harry Potter y la c\u00e1mara secreta<\/i> y <i>El prisionero de Azkab\u00e1n<\/i>) reafirmaron el \u00e9xito inicial y dieron lugar a un fen\u00f3meno literario, al que la prensa denomin\u00f3 \u00abpotterman\u00eda\u00bb.<\/p>\n<p class=\"piefotos\" style=\"text-align: center\" align=\"right\"><img loading=\"lazy\" decoding=\"async\" src=\"http:\/\/www.biografiasyvidas.com\/reportaje\/rowling\/fotos\/rowling_murray.jpg\" width=\"340\" height=\"213\" \/><br \/>\nCon Neil Murray, su segundo marido<\/p>\n<p class=\"mono\">Condecorada con el t\u00edtulo de Oficial del Imperio Brit\u00e1nico y convertida en la persona que ocupa el tercer lugar por volumen de ganancias en su pa\u00eds, seg\u00fan un listado de la prestigiosa revista Forbes, Joanne trat\u00f3 de mantener contra viento y marea su discreto estilo de vida. Todas las ma\u00f1anas sigui\u00f3 llevando a su hija al colegio siempre que las giras promocionales de sus novelas se lo permit\u00edan, y procur\u00f3 escribir los restantes libros de Harry Potter en otros caf\u00e9s de Edimburgo, lejos del acoso de los periodistas.<\/p>\n","protected":false},"excerpt":{"rendered":"<p>La escritora brit\u00e1nica Joanne Kathleen Rowling se ha hecho c\u00e9lebre por su serie de novelas dedicadas a las aventuras de Harry Potter, que se ha convertido en uno de los mayores fen\u00f3menos literarios de la historia. Las aventuras del h\u00e9roe infantil Harry Potter, ni\u00f1o hu\u00e9rfano con poderes m\u00e1gicos capaz de evadirse a voluntad a un [&hellip;]<\/p>\n","protected":false},"author":10790,"featured_media":0,"parent":0,"menu_order":0,"comment_status":"closed","ping_status":"closed","template":"","meta":{"footnotes":""},"class_list":["post-45","page","type-page","status-publish","hentry"],"_links":{"self":[{"href":"https:\/\/blog.espol.edu.ec\/visavera\/wp-json\/wp\/v2\/pages\/45","targetHints":{"allow":["GET"]}}],"collection":[{"href":"https:\/\/blog.espol.edu.ec\/visavera\/wp-json\/wp\/v2\/pages"}],"about":[{"href":"https:\/\/blog.espol.edu.ec\/visavera\/wp-json\/wp\/v2\/types\/page"}],"author":[{"embeddable":true,"href":"https:\/\/blog.espol.edu.ec\/visavera\/wp-json\/wp\/v2\/users\/10790"}],"replies":[{"embeddable":true,"href":"https:\/\/blog.espol.edu.ec\/visavera\/wp-json\/wp\/v2\/comments?post=45"}],"version-history":[{"count":2,"href":"https:\/\/blog.espol.edu.ec\/visavera\/wp-json\/wp\/v2\/pages\/45\/revisions"}],"predecessor-version":[{"id":53,"href":"https:\/\/blog.espol.edu.ec\/visavera\/wp-json\/wp\/v2\/pages\/45\/revisions\/53"}],"wp:attachment":[{"href":"https:\/\/blog.espol.edu.ec\/visavera\/wp-json\/wp\/v2\/media?parent=45"}],"curies":[{"name":"wp","href":"https:\/\/api.w.org\/{rel}","templated":true}]}}