{"id":47,"date":"2016-11-30T05:25:07","date_gmt":"2016-11-30T05:25:07","guid":{"rendered":"http:\/\/blog.espol.edu.ec\/visavera\/?page_id=47"},"modified":"2016-11-30T05:25:07","modified_gmt":"2016-11-30T05:25:07","slug":"legado-maldito","status":"publish","type":"page","link":"https:\/\/blog.espol.edu.ec\/visavera\/legado-maldito\/","title":{"rendered":"Legado maldito"},"content":{"rendered":"<h2><span id=\"Sinopsis\" class=\"mw-headline\">Sinopsis<\/span><\/h2>\n<p><i>Siempre fue dif\u00edcil ser Harry Potter y no es mucho m\u00e1s f\u00e1cil ahora que es un empleado con exceso de trabajo del Ministerio de Magia, un marido y padre de tres ni\u00f1os en edad escolar.<\/i><\/p>\n<p><i>Mientras Harry se enfrenta con un pasado que se niega a permanecer donde pertenece, su hijo menor Albus debe luchar con el peso de una herencia familiar que nunca quiso. Como el pasado y el presente se fusionan ominosamente, padre e hijo descubren una verdad inc\u00f3moda: a veces, la oscuridad viene de lugares inesperados.<\/i><\/p>\n<p><img decoding=\"async\" src=\"http:\/\/vignette2.wikia.nocookie.net\/es.harrypotter\/images\/1\/1d\/Portada_espa%C3%B1ol_Harry_Potter_y_el_legado_maldito.jpg\/revision\/latest\/scale-to-width-down\/270?cb=20160802142540\" \/><\/p>\n","protected":false},"excerpt":{"rendered":"<p>Sinopsis Siempre fue dif\u00edcil ser Harry Potter y no es mucho m\u00e1s f\u00e1cil ahora que es un empleado con exceso de trabajo del Ministerio de Magia, un marido y padre de tres ni\u00f1os en edad escolar. Mientras Harry se enfrenta con un pasado que se niega a permanecer donde pertenece, su hijo menor Albus debe [&hellip;]<\/p>\n","protected":false},"author":10790,"featured_media":0,"parent":0,"menu_order":0,"comment_status":"closed","ping_status":"closed","template":"","meta":{"footnotes":""},"class_list":["post-47","page","type-page","status-publish","hentry"],"_links":{"self":[{"href":"https:\/\/blog.espol.edu.ec\/visavera\/wp-json\/wp\/v2\/pages\/47","targetHints":{"allow":["GET"]}}],"collection":[{"href":"https:\/\/blog.espol.edu.ec\/visavera\/wp-json\/wp\/v2\/pages"}],"about":[{"href":"https:\/\/blog.espol.edu.ec\/visavera\/wp-json\/wp\/v2\/types\/page"}],"author":[{"embeddable":true,"href":"https:\/\/blog.espol.edu.ec\/visavera\/wp-json\/wp\/v2\/users\/10790"}],"replies":[{"embeddable":true,"href":"https:\/\/blog.espol.edu.ec\/visavera\/wp-json\/wp\/v2\/comments?post=47"}],"version-history":[{"count":1,"href":"https:\/\/blog.espol.edu.ec\/visavera\/wp-json\/wp\/v2\/pages\/47\/revisions"}],"predecessor-version":[{"id":48,"href":"https:\/\/blog.espol.edu.ec\/visavera\/wp-json\/wp\/v2\/pages\/47\/revisions\/48"}],"wp:attachment":[{"href":"https:\/\/blog.espol.edu.ec\/visavera\/wp-json\/wp\/v2\/media?parent=47"}],"curies":[{"name":"wp","href":"https:\/\/api.w.org\/{rel}","templated":true}]}}