{"id":108,"date":"2013-11-20T19:59:33","date_gmt":"2013-11-20T19:59:33","guid":{"rendered":"http:\/\/blog.espol.edu.ec\/vivianaliss\/?page_id=108"},"modified":"2013-11-25T05:40:55","modified_gmt":"2013-11-25T05:40:55","slug":"conociendo-el-flash","status":"publish","type":"page","link":"https:\/\/blog.espol.edu.ec\/vivianaliss\/conociendo-el-flash\/","title":{"rendered":"\u00bfQue es Macromedia Flash?"},"content":{"rendered":"<p><a href=\"http:\/\/blog.espol.edu.ec\/vivianaliss\/files\/2013\/11\/images.jpg\"><img loading=\"lazy\" decoding=\"async\" class=\"alignnone size-full wp-image-111\" alt=\"images\" src=\"http:\/\/blog.espol.edu.ec\/vivianaliss\/files\/2013\/11\/images.jpg\" width=\"259\" height=\"194\" \/><\/a><\/p>\n<p style=\"text-align: left\">Macromedia Flash es una plataforma multimedia que se utiliza para crear aplicaciones interactivas, animaciones independientes y en la web. Utilizado de diferentes formas y en una serie de dispositivos, incluyendo tel\u00e9fonos m\u00f3viles el lenguaje de scripts ActionScript, puedes manipular el contenido Flash.<\/p>\n<p style=\"text-align: left\">Este Software facilita la utilizaci\u00f3n de tecnolog\u00eda en la Web, el inter\u00e9s en el uso de gr\u00e1ficos vectoriales es que \u00e9stos permiten llevar a cabo animaciones de poco peso, es decir, que tardan poco tiempo en ser cargadas por el navegador.<\/p>\n<p style=\"text-align: left\"><a href=\"http:\/\/blog.espol.edu.ec\/vivianaliss\/files\/2013\/11\/flash.jpg\"><img loading=\"lazy\" decoding=\"async\" class=\"alignnone size-medium wp-image-112\" alt=\"flash\" src=\"http:\/\/blog.espol.edu.ec\/vivianaliss\/files\/2013\/11\/flash-300x300.jpg\" width=\"300\" height=\"300\" srcset=\"https:\/\/blog.espol.edu.ec\/vivianaliss\/files\/2013\/11\/flash-300x300.jpg 300w, https:\/\/blog.espol.edu.ec\/vivianaliss\/files\/2013\/11\/flash-150x150.jpg 150w, https:\/\/blog.espol.edu.ec\/vivianaliss\/files\/2013\/11\/flash.jpg 500w\" sizes=\"auto, (max-width: 300px) 100vw, 300px\" \/><\/a><\/p>\n<h2>Fomatos Flash<\/h2>\n<p>Una vez creada la animaci\u00f3n Flash, Macromedia Flash la convierte en un formato llamado Shockwave Flash o, simplemente SWF. Otros formatos soportados incluyen. .flv y .fla, este \u00faltimo utilizado en el entorno de Flash durante el desarrollo.<\/p>\n<p>Los videos Flash tienen la extensi\u00f3n .flv y se pueden reproducir en un reproductor flv o directamente dentro de otros archivos .swf.<\/p>\n<p><a href=\"http:\/\/blog.espol.edu.ec\/vivianaliss\/files\/2013\/11\/formatos-de-flash.jpg\"><img loading=\"lazy\" decoding=\"async\" class=\"alignnone size-medium wp-image-116\" alt=\"formatos de flash\" src=\"http:\/\/blog.espol.edu.ec\/vivianaliss\/files\/2013\/11\/formatos-de-flash-279x300.jpg\" width=\"279\" height=\"300\" srcset=\"https:\/\/blog.espol.edu.ec\/vivianaliss\/files\/2013\/11\/formatos-de-flash-279x300.jpg 279w, https:\/\/blog.espol.edu.ec\/vivianaliss\/files\/2013\/11\/formatos-de-flash.jpg 426w\" sizes=\"auto, (max-width: 279px) 100vw, 279px\" \/><\/a><\/p>\n<section>\n<h2>ActionScript<\/h2>\n<div>\n<p>ActionScript es el lenguaje de secuencias de comandos utilizado por Flash para ofrecer una flexibilidad adicional y mayor interactividad con otras aplicaciones Flash.<\/p>\n<\/div>\n<\/section>\n<h2>Consejos<\/h2>\n<p>Los formatos Flash .swf y .flv tienen la misma codificaci\u00f3n tanto para datos de audio como de video. Los descompiladores SWF te permiten ver el c\u00f3digo fuente de una aplicaci\u00f3n Flash.<\/p>\n","protected":false},"excerpt":{"rendered":"<p>Macromedia Flash es una plataforma multimedia que se utiliza para crear aplicaciones interactivas, animaciones independientes y en la web. Utilizado de diferentes formas y en una serie de dispositivos, incluyendo tel\u00e9fonos m\u00f3viles el lenguaje de scripts ActionScript, puedes manipular el &hellip; <a href=\"https:\/\/blog.espol.edu.ec\/vivianaliss\/conociendo-el-flash\/\">Sigue leyendo <span class=\"meta-nav\">&rarr;<\/span><\/a><\/p>\n","protected":false},"author":8769,"featured_media":0,"parent":0,"menu_order":1,"comment_status":"open","ping_status":"open","template":"","meta":{"footnotes":""},"class_list":["post-108","page","type-page","status-publish","hentry"],"_links":{"self":[{"href":"https:\/\/blog.espol.edu.ec\/vivianaliss\/wp-json\/wp\/v2\/pages\/108","targetHints":{"allow":["GET"]}}],"collection":[{"href":"https:\/\/blog.espol.edu.ec\/vivianaliss\/wp-json\/wp\/v2\/pages"}],"about":[{"href":"https:\/\/blog.espol.edu.ec\/vivianaliss\/wp-json\/wp\/v2\/types\/page"}],"author":[{"embeddable":true,"href":"https:\/\/blog.espol.edu.ec\/vivianaliss\/wp-json\/wp\/v2\/users\/8769"}],"replies":[{"embeddable":true,"href":"https:\/\/blog.espol.edu.ec\/vivianaliss\/wp-json\/wp\/v2\/comments?post=108"}],"version-history":[{"count":6,"href":"https:\/\/blog.espol.edu.ec\/vivianaliss\/wp-json\/wp\/v2\/pages\/108\/revisions"}],"predecessor-version":[{"id":134,"href":"https:\/\/blog.espol.edu.ec\/vivianaliss\/wp-json\/wp\/v2\/pages\/108\/revisions\/134"}],"wp:attachment":[{"href":"https:\/\/blog.espol.edu.ec\/vivianaliss\/wp-json\/wp\/v2\/media?parent=108"}],"curies":[{"name":"wp","href":"https:\/\/api.w.org\/{rel}","templated":true}]}}