{"id":219,"date":"2013-11-21T01:15:12","date_gmt":"2013-11-21T01:15:12","guid":{"rendered":"http:\/\/blog.espol.edu.ec\/vivianaliss\/?page_id=219"},"modified":"2013-11-21T01:23:31","modified_gmt":"2013-11-21T01:23:31","slug":"entorno-de-flash","status":"publish","type":"page","link":"https:\/\/blog.espol.edu.ec\/vivianaliss\/entorno-de-flash\/","title":{"rendered":"Entorno de Flash"},"content":{"rendered":"<p><a href=\"http:\/\/blog.espol.edu.ec\/vivianaliss\/files\/2013\/11\/F8-03.gif\"><img loading=\"lazy\" decoding=\"async\" class=\"alignnone size-medium wp-image-228\" alt=\"F8-03\" src=\"http:\/\/blog.espol.edu.ec\/vivianaliss\/files\/2013\/11\/F8-03-300x216.gif\" width=\"300\" height=\"216\" srcset=\"https:\/\/blog.espol.edu.ec\/vivianaliss\/files\/2013\/11\/F8-03-300x216.gif 300w, https:\/\/blog.espol.edu.ec\/vivianaliss\/files\/2013\/11\/F8-03-415x300.gif 415w\" sizes=\"auto, (max-width: 300px) 100vw, 300px\" \/><\/a><\/p>\n<p>El entorno de trabajo es el escenario de desarrollo de la aplicaci\u00f3n Flash, formado por el espacio donde se construye la pel\u00edcula y por el conjunto de herramientas que lo hacen posible. Sus elementos b\u00e1sicos son el escenario, la l\u00ednea temporal y los conjuntos de paneles. Aunque la disposici\u00f3n del entorno de trabajo puede personalizarse, la configuraci\u00f3n que presenta por defecto es la siguiente:<br \/>\nExplorador de Propiedades Herramienta de Dibujo.<\/p>\n<table width=\"100%\" border=\"0\">\n<tbody>\n<tr>\n<td width=\"65%\" height=\"202\"><strong>La Barra de Men\u00fas <\/strong> <img loading=\"lazy\" decoding=\"async\" alt=\"\" src=\"http:\/\/www.aulaclic.es\/flash8\/graficos\/barra_menusmx2004.gif\" width=\"475\" height=\"20\" align=\"absmiddle\" \/> tiene como prop\u00f3sito facilitar el acceso a las distintas utilidades del programa. Es similar a la de cualquier otro programa de dise\u00f1o web o gr\u00e1fico, aunque tiene algunas particularidades. Veamos los principales <b>Submen\u00fas<\/b> a los que se puede acceder:<\/p>\n<p><strong>Archivo<\/strong>: Permite crear nuevos archivos, abrirlos, guardarlos, tambien se puede Importar casi todo tipo de archivos de sonidos, v\u00eddeo, im\u00e1genes e incluso otras pel\u00edculas Flash<\/p>\n<p><strong>Edici\u00f3n:<\/strong> Es el cl\u00e1sico men\u00fa que te permite<b> Cortar, pegar y copiar<span style=\"color: #009900\">.<\/span><\/b> tanto objetos o dibujos como fotogramas.<\/p>\n<p><strong>Ver: <\/strong>Adem\u00e1s de los t\u00edpicos Zooms, te permite moverte por los fotogramas y por las escenas.<\/p>\n<p><strong>Insertar:<\/strong> Te permite insertar objetos en la pel\u00edcula, as\u00ed como nuevos fotogramas, capas, acciones, escenas.<\/p>\n<p><strong>Modificar:<\/strong> La opci\u00f3nTransformar permite m<b><\/b>odificar caracter\u00edsticas de los elementos de la animaci\u00f3n suavizar, Optimizar<b><\/b>o de la propia pel\u00edcula.<\/p>\n<p><strong>Texto:<\/strong> Sus contenidos afectan a la edici\u00f3n de texto.<\/p>\n<p><strong>Control:<\/strong> Desde aqu\u00ed se modifican las propiedades de reproducci\u00f3n de la pel\u00edcula. Reproducior, Robobinar, Probar Pelicula.<\/p>\n<p><strong>Ventana: <\/strong>Este men\u00fa, adem\u00e1s de las opciones cl\u00e1sicas acerca de c\u00f3mo distribuir las ventanas, incluye accesos directos a <b>TODOS<\/b> los Paneles.<\/p>\n<p>&nbsp;<\/p>\n<table width=\"574\" border=\"0\">\n<tbody>\n<tr>\n<td width=\"71%\"><\/td>\n<td width=\"29%\"><\/td>\n<\/tr>\n<\/tbody>\n<\/table>\n<table width=\"100%\" border=\"0\">\n<tbody>\n<tr>\n<td width=\"92%\" height=\"202\"><strong>Barra de Herramientas Basicas<\/strong> <b>C<\/b>ontiene todas las Herramientas necesarias para el dibujo. Las m\u00e1s importantes son:<\/p>\n<p><b>Herramienta Selecci\u00f3n (flecha): <\/b><img loading=\"lazy\" decoding=\"async\" alt=\"\" src=\"http:\/\/www.aulaclic.es\/flash8\/graficos\/herr_flecha2004.gif\" width=\"32\" height=\"32\" align=\"ABSMIDDLE\" \/>. Es la herramienta m\u00e1s usada de todas. Su uso principal es para seleccionar objetos. permite seleccionar los bordes de los objetos, los rellenos con un s\u00f3lo clic, los bordes con doble clic, zonas a nuestra elecci\u00f3n<\/p>\n<p><b>Herramienta L\u00ednea: <img loading=\"lazy\" decoding=\"async\" alt=\"\" src=\"http:\/\/www.aulaclic.es\/flash8\/graficos\/herr_linea2004.gif\" width=\"29\" height=\"27\" align=\"ABSMIDDLE\" \/> <\/b> Permite crear l\u00edneas rectas de un modo r\u00e1pido. Las l\u00edneas se crean como en cualquier programa de dibujo, se hace clic y se arrastra hasta donde queramos que llegue la l\u00ednea recta.<\/p>\n<p><b>Herramienta Texto: <img loading=\"lazy\" decoding=\"async\" alt=\"\" src=\"http:\/\/www.aulaclic.es\/flash8\/graficos\/herr_texto2004.gif\" width=\"28\" height=\"28\" align=\"ABSMIDDLE\" \/><\/b> Crea un texto en el lugar en el que hagamos clic. Sus propiedades se ver\u00e1n en el tema siguiente.<\/p>\n<p><b>Herramienta \u00d3valo: <img loading=\"lazy\" decoding=\"async\" alt=\"\" src=\"http:\/\/www.aulaclic.es\/flash8\/graficos\/herr_ovalo2004.gif\" width=\"29\" height=\"31\" align=\"ABSMIDDLE\" \/><\/b> La herramienta<b> \u00d3valo <\/b>permite trazar c\u00edrculos o elipses de manera r\u00e1pida y sencilla.<\/p>\n<p><b>Herramienta Rect\u00e1ngulo: <img loading=\"lazy\" decoding=\"async\" alt=\"\" src=\"http:\/\/www.aulaclic.es\/flash8\/graficos\/herr_rectangulo2004.gif\" width=\"26\" height=\"28\" align=\"ABSMIDDLE\" \/> <\/b> Su manejo es id\u00e9ntico al de la Herramienta \u00d3valo, tan solo se diferencian en el tipo de objetos que crean.<\/p>\n<p><b>Herramienta L\u00e1piz: <\/b> <img loading=\"lazy\" decoding=\"async\" alt=\"\" src=\"http:\/\/www.aulaclic.es\/flash8\/graficos\/herr_lapiz2004.gif\" width=\"28\" height=\"27\" align=\"ABSMIDDLE\" \/> Es la primera Herramienta de dibujo- Permite dibujar l\u00edneas con la forma que decidamos, modificando la forma de estas a nuestro gusto.<\/p>\n<p><b>Herramienta Brocha: <\/b> <img loading=\"lazy\" decoding=\"async\" alt=\"\" src=\"http:\/\/www.aulaclic.es\/flash8\/graficos\/herr_brocha2004.gif\" width=\"31\" height=\"28\" align=\"ABSMIDDLE\" \/>Su funcionalidad equivale a la del l\u00e1piz, pero su trazo es mucho m\u00e1s grueso.<\/p>\n<p><b>Herramienta Cubo de Pintura: <img loading=\"lazy\" decoding=\"async\" alt=\"\" src=\"http:\/\/www.aulaclic.es\/flash8\/graficos\/herr_cubo2004.gif\" width=\"28\" height=\"28\" align=\"ABSMIDDLE\" \/> <\/b>Permite aplicar rellenos a los objetos que hayamos creado.<\/p>\n<p><b>Herramienta Borrador: <img loading=\"lazy\" decoding=\"async\" alt=\"\" src=\"http:\/\/www.aulaclic.es\/flash8\/graficos\/herr_borrador2004.gif\" width=\"28\" height=\"28\" align=\"ABSMIDDLE\" \/><\/b> Su funcionamiento es an\u00e1logo a la<\/td>\n<td width=\"8%\" height=\"202\"><img loading=\"lazy\" decoding=\"async\" alt=\"\" src=\"http:\/\/www.aulaclic.es\/flash8\/graficos\/barra_herramientasmx2004.jpg\" width=\"72\" height=\"562\" \/><\/td>\n<\/tr>\n<\/tbody>\n<\/table>\n<table width=\"100%\" border=\"0\">\n<tbody>\n<tr>\n<td width=\"71%\"><span style=\"color: #990033\"><a name=\"barra2\"><\/a> La Barra de Herramientas.<br \/>\n<\/span><\/td>\n<td width=\"29%\"><\/td>\n<\/tr>\n<\/tbody>\n<\/table>\n<table width=\"100%\" border=\"0\">\n<tbody>\n<tr>\n<td colspan=\"2\" height=\"78\"><b>Herramienta Lazo:<\/b> <img loading=\"lazy\" decoding=\"async\" alt=\"\" src=\"http:\/\/www.aulaclic.es\/flash8\/graficos\/herr_lazo2004.gif\" width=\"31\" height=\"28\" align=\"ABSMIDDLE\" \/> Su funci\u00f3n es complementaria a la de la Herramienta<b> Flecha<\/b>, pues puede seleccionar cualquier cosa, sin importar la forma.<\/p>\n<p>Al seleccionar esta Herramienta, en el Panel Opciones aparecen estas im\u00e1genes: <img loading=\"lazy\" decoding=\"async\" alt=\"\" src=\"http:\/\/www.aulaclic.es\/flash8\/graficos\/herr_varitas.gif\" width=\"58\" height=\"26\" align=\"ABSMIDDLE\" \/>. Esto, es la Herramienta Varita M\u00e1gica.\u00a0 Permite hacer selecciones seg\u00fan los colores de los objetos. El tercer dibujo que aparece es este: <img loading=\"lazy\" decoding=\"async\" alt=\"\" src=\"http:\/\/www.aulaclic.es\/flash8\/graficos\/herr_lazo2_2004.gif\" width=\"30\" height=\"28\" align=\"ABSMIDDLE\" \/> permite hacer selecciones poligonales.<\/p>\n<p><b>Herramienta Pluma: <img loading=\"lazy\" decoding=\"async\" alt=\"\" src=\"http:\/\/www.aulaclic.es\/flash8\/graficos\/herr_pluma2004.gif\" width=\"30\" height=\"28\" align=\"ABSMIDDLE\" \/> <\/b>Crea pol\u00edgonos (y por tanto rectas, rect\u00e1ngulos...) de un modo sencillo.<\/p>\n<p><b>Herramienta Subseleccionador: <img loading=\"lazy\" decoding=\"async\" alt=\"\" src=\"http:\/\/www.aulaclic.es\/flash8\/graficos\/herr_subselec2004.gif\" width=\"32\" height=\"30\" align=\"ABSMIDDLE\" \/> <\/b>Esta Herramienta complementa a la Herramienta Pluma, ya que permite mover o ajustar los v\u00e9rtices que componen los objetos creados con dicha herramienta.<\/p>\n<p><b>Herramienta Bote de Tinta: <img loading=\"lazy\" decoding=\"async\" alt=\"\" src=\"http:\/\/www.aulaclic.es\/flash8\/graficos\/herr_tinta2004.gif\" width=\"28\" height=\"28\" align=\"ABSMIDDLE\" \/> <\/b>Se emplea para cambiar r\u00e1pidamente el color de un trazo.<\/p>\n<p><b>Herramienta Cuentagotas: <img loading=\"lazy\" decoding=\"async\" alt=\"\" src=\"http:\/\/www.aulaclic.es\/flash8\/graficos\/herr_ctgotas2004.gif\" width=\"28\" height=\"29\" align=\"ABSMIDDLE\" \/> <\/b>Su misi\u00f3n es \"Capturar\" colores para que posteriormente podamos utilizarlos.<\/td>\n<\/tr>\n<\/tbody>\n<\/table>\n<\/td>\n<\/tr>\n<\/tbody>\n<\/table>\n","protected":false},"excerpt":{"rendered":"<p>El entorno de trabajo es el escenario de desarrollo de la aplicaci\u00f3n Flash, formado por el espacio donde se construye la pel\u00edcula y por el conjunto de herramientas que lo hacen posible. Sus elementos b\u00e1sicos son el escenario, la l\u00ednea &hellip; <a href=\"https:\/\/blog.espol.edu.ec\/vivianaliss\/entorno-de-flash\/\">Sigue leyendo <span class=\"meta-nav\">&rarr;<\/span><\/a><\/p>\n","protected":false},"author":8769,"featured_media":0,"parent":0,"menu_order":0,"comment_status":"open","ping_status":"open","template":"","meta":{"footnotes":""},"class_list":["post-219","page","type-page","status-publish","hentry"],"_links":{"self":[{"href":"https:\/\/blog.espol.edu.ec\/vivianaliss\/wp-json\/wp\/v2\/pages\/219","targetHints":{"allow":["GET"]}}],"collection":[{"href":"https:\/\/blog.espol.edu.ec\/vivianaliss\/wp-json\/wp\/v2\/pages"}],"about":[{"href":"https:\/\/blog.espol.edu.ec\/vivianaliss\/wp-json\/wp\/v2\/types\/page"}],"author":[{"embeddable":true,"href":"https:\/\/blog.espol.edu.ec\/vivianaliss\/wp-json\/wp\/v2\/users\/8769"}],"replies":[{"embeddable":true,"href":"https:\/\/blog.espol.edu.ec\/vivianaliss\/wp-json\/wp\/v2\/comments?post=219"}],"version-history":[{"count":5,"href":"https:\/\/blog.espol.edu.ec\/vivianaliss\/wp-json\/wp\/v2\/pages\/219\/revisions"}],"predecessor-version":[{"id":229,"href":"https:\/\/blog.espol.edu.ec\/vivianaliss\/wp-json\/wp\/v2\/pages\/219\/revisions\/229"}],"wp:attachment":[{"href":"https:\/\/blog.espol.edu.ec\/vivianaliss\/wp-json\/wp\/v2\/media?parent=219"}],"curies":[{"name":"wp","href":"https:\/\/api.w.org\/{rel}","templated":true}]}}