{"id":249,"date":"2013-11-24T20:52:53","date_gmt":"2013-11-24T20:52:53","guid":{"rendered":"http:\/\/blog.espol.edu.ec\/vivianaliss\/?page_id=249"},"modified":"2013-11-24T20:59:36","modified_gmt":"2013-11-24T20:59:36","slug":"como-crear-una-interpolacion-de-movimiento","status":"publish","type":"page","link":"https:\/\/blog.espol.edu.ec\/vivianaliss\/como-crear-una-interpolacion-de-movimiento\/","title":{"rendered":"Como crear una Interpolaci\u00f3n de Movimiento"},"content":{"rendered":"<div>\n<ul>\n<li>\n<h5><em>1<\/em> Creaci\u00f3n del MovieClip.<\/h5>\n<p><a href=\"http:\/\/practicopedia.lainformacion.com\/files\/uno_2.JPG\"><img decoding=\"async\" alt=\"Paso 1\" src=\"http:\/\/practicopedia.lainformacion.com\/files\/uno_2.JPG\" width=\"125\" \/><\/a>Creamos nuevo documento. Dibujamos un rectangulo y lo convertimos en s\u00edmbolo tipo MovieClip.<\/li>\n<li>\n<h5><em>2<\/em> Activar la interpolaci\u00f3n de movimiento.<\/h5>\n<p><a href=\"http:\/\/practicopedia.lainformacion.com\/files\/dos_2.JPG\"><img decoding=\"async\" alt=\"Paso 2\" src=\"http:\/\/practicopedia.lainformacion.com\/files\/dos_2.JPG\" width=\"125\" \/><\/a>Hacemos doble click sobre el clip del rect\u00e1ngulo. Parece no haber cambiado nada, salvo que ahora nos dicen que estamos en 'escena 1' y 's\u00edmbolo 1', o sea estamos al interior del clip. Seleccionamos el primer fotograma de la capa 1. Presionamos F5 hasta que completemos 30 fotogramas creados. Hacemos click sobre el \u00faltimo fotograma creado (posici\u00f3n 30) y activamos men\u00fa contextual con bot\u00f3n derecho del mouse). Seleccionamos Crear interpolaci\u00f3n de movimiento (Motion Tween).<\/li>\n<li>\n<h5><em>3<\/em> Posicionamiento del objeto en primer frame.<\/h5>\n<p><a href=\"http:\/\/practicopedia.lainformacion.com\/files\/tres_2.JPG\"><img decoding=\"async\" alt=\"Paso 3\" src=\"http:\/\/practicopedia.lainformacion.com\/files\/tres_2.JPG\" width=\"125\" \/><\/a>Para que se vea como que entra el clip en escena desde el borde izquierdo hacemos click sobre el primer fotograma y luego hacemos click sobre el objeto rect\u00e1ngulo y lo movemos hasta que salga del recuadro blanco (que es la escena). Como pueden ver se ve una l\u00ednea punteada, que nos indica que la interpolaci\u00f3n est\u00e1 incompleta.<\/li>\n<li>\n<h5><em>4<\/em> Posicionamiento del objeto en segundo frame.<\/h5>\n<p><a href=\"http:\/\/practicopedia.lainformacion.com\/files\/cuatro_1.JPG\"><img decoding=\"async\" alt=\"Paso 4\" src=\"http:\/\/practicopedia.lainformacion.com\/files\/cuatro_1.JPG\" width=\"125\" \/><\/a>Ahora hacemos click sobre el \u00faltimo fotograma, hacemos click sobre el objeto y lo desplazamos para que se vea fuera de escena, pero ahora por el borde derecho. Ahora vemos que aparece una flecha continua que nos indica que la interpolaci\u00f3n de movimiento est\u00e1 completa. Hacemos Ctrl + Intro, probamos la pel\u00edcula, y ver\u00e1n un sorprendente rect\u00e1ngulo rojo que vuela de izquierda a derecha<\/li>\n<li><strong>Ejemplo<\/strong><\/li>\n<\/ul>\n<iframe class='youtube-player youtuber' type='text\/html' width='425' height='355' src='http:\/\/www.youtube.com\/embed\/WNKTex4y6kw?rel=0&amp;fs=1' webkitAllowFullScreen mozallowfullscreen allowFullScreen frameborder='0'><\/iframe>\n<\/div>\n","protected":false},"excerpt":{"rendered":"<p>1 Creaci\u00f3n del MovieClip. Creamos nuevo documento. Dibujamos un rectangulo y lo convertimos en s\u00edmbolo tipo MovieClip. 2 Activar la interpolaci\u00f3n de movimiento. Hacemos doble click sobre el clip del rect\u00e1ngulo. Parece no haber cambiado nada, salvo que ahora nos &hellip; <a href=\"https:\/\/blog.espol.edu.ec\/vivianaliss\/como-crear-una-interpolacion-de-movimiento\/\">Sigue leyendo <span class=\"meta-nav\">&rarr;<\/span><\/a><\/p>\n","protected":false},"author":8769,"featured_media":0,"parent":0,"menu_order":0,"comment_status":"open","ping_status":"open","template":"","meta":{"footnotes":""},"class_list":["post-249","page","type-page","status-publish","hentry"],"_links":{"self":[{"href":"https:\/\/blog.espol.edu.ec\/vivianaliss\/wp-json\/wp\/v2\/pages\/249","targetHints":{"allow":["GET"]}}],"collection":[{"href":"https:\/\/blog.espol.edu.ec\/vivianaliss\/wp-json\/wp\/v2\/pages"}],"about":[{"href":"https:\/\/blog.espol.edu.ec\/vivianaliss\/wp-json\/wp\/v2\/types\/page"}],"author":[{"embeddable":true,"href":"https:\/\/blog.espol.edu.ec\/vivianaliss\/wp-json\/wp\/v2\/users\/8769"}],"replies":[{"embeddable":true,"href":"https:\/\/blog.espol.edu.ec\/vivianaliss\/wp-json\/wp\/v2\/comments?post=249"}],"version-history":[{"count":2,"href":"https:\/\/blog.espol.edu.ec\/vivianaliss\/wp-json\/wp\/v2\/pages\/249\/revisions"}],"predecessor-version":[{"id":253,"href":"https:\/\/blog.espol.edu.ec\/vivianaliss\/wp-json\/wp\/v2\/pages\/249\/revisions\/253"}],"wp:attachment":[{"href":"https:\/\/blog.espol.edu.ec\/vivianaliss\/wp-json\/wp\/v2\/media?parent=249"}],"curies":[{"name":"wp","href":"https:\/\/api.w.org\/{rel}","templated":true}]}}