{"id":257,"date":"2013-11-24T22:05:02","date_gmt":"2013-11-24T22:05:02","guid":{"rendered":"http:\/\/blog.espol.edu.ec\/vivianaliss\/?page_id=257"},"modified":"2013-11-24T23:02:40","modified_gmt":"2013-11-24T23:02:40","slug":"capas-guia","status":"publish","type":"page","link":"https:\/\/blog.espol.edu.ec\/vivianaliss\/capas-guia\/","title":{"rendered":"Capas Gu\u00eda"},"content":{"rendered":"<p align=\"left\">Las capas de gu\u00eda de movimiento permiten dibujar trazados a lo largo de los cuales se animan instancias, grupos y bloques de texto interpolados. Puede vincular varias capas a una capa de gu\u00edas de movimiento para hacer que varios objetos sigan el mismo trazado. Al vincular una capa normal a una capa de gu\u00edas de movimiento se convierte en un tipo de capa con gu\u00eda.<\/p>\n<p align=\"left\"><a href=\"http:\/\/blog.espol.edu.ec\/vivianaliss\/files\/2013\/11\/capaguiia.png\"><img loading=\"lazy\" decoding=\"async\" class=\"alignnone size-medium wp-image-265\" alt=\"capaguiia\" src=\"http:\/\/blog.espol.edu.ec\/vivianaliss\/files\/2013\/11\/capaguiia-300x234.png\" width=\"300\" height=\"234\" srcset=\"https:\/\/blog.espol.edu.ec\/vivianaliss\/files\/2013\/11\/capaguiia-300x234.png 300w, https:\/\/blog.espol.edu.ec\/vivianaliss\/files\/2013\/11\/capaguiia-383x300.png 383w, https:\/\/blog.espol.edu.ec\/vivianaliss\/files\/2013\/11\/capaguiia.png 811w\" sizes=\"auto, (max-width: 300px) 100vw, 300px\" \/><\/a><\/p>\n<p align=\"left\">\n<p align=\"left\"><strong>PASOS<\/strong><\/p>\n<p align=\"left\">1. En la capa insertamos un \u00f3valo relleno sin contorno.<\/p>\n<p align=\"left\">2. Hacemos click derecho en el fotograma 1 y elegimos Crear Interpolaci\u00f3n de Movimiento.<\/p>\n<p align=\"left\">3. Hacemos click derecho en el fotograma 20 y elegimos Insertar Fotograma Clave (m\u00e1s r\u00e1pido con la tecla F6).<\/p>\n<p align=\"left\">4. En el fotograma 20, movemos el \u00f3valo en otra posici\u00f3n.<\/p>\n<p align=\"left\">5. CONTROL+ENTER, para ver la anim\u00e1ci\u00f3n y crear el archivo .swf<\/p>\n<p align=\"left\">En este punto el \u00f3valo se ha movido de un lugar a otro.<\/p>\n<p align=\"left\">6. Cerramos la ventana y hacemos click derecho sobre la capa (Objeto) y seleccionamos A\u00f1adir gu\u00eda de movimiento.<\/p>\n<p align=\"left\">7. Creada la nueva capa, dibujamos en ella la ruta que el \u00f3valo recorrer\u00e1.<\/p>\n<p align=\"left\">NOTA: El centro del \u00f3valo debe coincidir con la l\u00ednea gu\u00eda, en caso contrario no funcionar\u00e1.<\/p>\n<p align=\"left\">8. CONTROL+ENTER, para ver la animaci\u00f3n.<\/p>\n<p align=\"left\"><strong>Ejemplo:<\/strong><\/p>\n<p align=\"left\"><strong><iframe class='youtube-player youtuber' type='text\/html' width='425' height='355' src='http:\/\/www.youtube.com\/embed\/6ZyN30ALyfY?rel=0&amp;fs=1' webkitAllowFullScreen mozallowfullscreen allowFullScreen frameborder='0'><\/iframe><\/strong><\/p>\n","protected":false},"excerpt":{"rendered":"<p>Las capas de gu\u00eda de movimiento permiten dibujar trazados a lo largo de los cuales se animan instancias, grupos y bloques de texto interpolados. Puede vincular varias capas a una capa de gu\u00edas de movimiento para hacer que varios objetos &hellip; <a href=\"https:\/\/blog.espol.edu.ec\/vivianaliss\/capas-guia\/\">Sigue leyendo <span class=\"meta-nav\">&rarr;<\/span><\/a><\/p>\n","protected":false},"author":8769,"featured_media":0,"parent":0,"menu_order":0,"comment_status":"open","ping_status":"open","template":"","meta":{"footnotes":""},"class_list":["post-257","page","type-page","status-publish","hentry"],"_links":{"self":[{"href":"https:\/\/blog.espol.edu.ec\/vivianaliss\/wp-json\/wp\/v2\/pages\/257","targetHints":{"allow":["GET"]}}],"collection":[{"href":"https:\/\/blog.espol.edu.ec\/vivianaliss\/wp-json\/wp\/v2\/pages"}],"about":[{"href":"https:\/\/blog.espol.edu.ec\/vivianaliss\/wp-json\/wp\/v2\/types\/page"}],"author":[{"embeddable":true,"href":"https:\/\/blog.espol.edu.ec\/vivianaliss\/wp-json\/wp\/v2\/users\/8769"}],"replies":[{"embeddable":true,"href":"https:\/\/blog.espol.edu.ec\/vivianaliss\/wp-json\/wp\/v2\/comments?post=257"}],"version-history":[{"count":3,"href":"https:\/\/blog.espol.edu.ec\/vivianaliss\/wp-json\/wp\/v2\/pages\/257\/revisions"}],"predecessor-version":[{"id":266,"href":"https:\/\/blog.espol.edu.ec\/vivianaliss\/wp-json\/wp\/v2\/pages\/257\/revisions\/266"}],"wp:attachment":[{"href":"https:\/\/blog.espol.edu.ec\/vivianaliss\/wp-json\/wp\/v2\/media?parent=257"}],"curies":[{"name":"wp","href":"https:\/\/api.w.org\/{rel}","templated":true}]}}