{"id":273,"date":"2013-11-25T00:50:59","date_gmt":"2013-11-25T00:50:59","guid":{"rendered":"http:\/\/blog.espol.edu.ec\/vivianaliss\/?page_id=273"},"modified":"2013-11-25T01:31:29","modified_gmt":"2013-11-25T01:31:29","slug":"herramienta-de-pincel","status":"publish","type":"page","link":"https:\/\/blog.espol.edu.ec\/vivianaliss\/herramienta-de-pincel\/","title":{"rendered":"Herramienta de Pincel"},"content":{"rendered":"<h1>Herramienta Pincel<\/h1>\n<p>Con la herramienta <b>Pincel (B)<\/b> puedes crear trazos similares a los de un pincel.<\/p>\n<table width=\"100%\" border=\"0\">\n<tbody>\n<tr>\n<td align=\"right\" valign=\"top\" width=\"16\"><span style=\"color: #000080\"><b>1<\/b><\/span><\/td>\n<td><\/td>\n<td>Clic\u00a0 en <b>Ventana &gt; Otros paneles &gt; Biblioteca comunes &gt; Curso <\/b>. Doble clic sobre la carpeta <b>Gr\u00e1ficos <\/b>para abrirla. Pincha y arrastra el s\u00edmbolo <b>bombilla <\/b>desde esta Biblioteca hasta el centro del escenario.<\/td>\n<\/tr>\n<tr>\n<td align=\"right\" valign=\"top\" width=\"16\"><span style=\"color: #000080\"><b>2<\/b><\/span><\/td>\n<td><\/td>\n<td>Selecciona <b>Modificar &gt; Separar <\/b>para romper el nexo entre el s\u00edmbolo en la biblioteca y su instancia en el escenario. Gracias a esta operaci\u00f3n de separaci\u00f3n se consigue un gr\u00e1fico sobre el lienzo como si hubiera terminado de dibujarse con las herramientas de Flash. Esta ilustraci\u00f3n ya permite aplicar la herramienta Pincel para probar todas sus posibilidades. Puedes repetir los pasos 1 y 2 para situar diversas im\u00e1genes de la bombilla sobre el escenario. Haz clic en cualquier parte del escenario para deseleccionar la figura.<\/td>\n<\/tr>\n<tr>\n<td align=\"right\" valign=\"top\" width=\"16\"><span style=\"color: #000080\"><b>3<\/b><\/span><\/td>\n<td><\/td>\n<td>Selecciona la herramienta <b>Pincel<\/b><\/p>\n<table width=\"100%\" border=\"0\">\n<tbody>\n<tr>\n<td>\u00a0<img loading=\"lazy\" decoding=\"async\" class=\"aligncenter\" alt=\"\" src=\"http:\/\/www.ite.educacion.es\/formacion\/materiales\/34\/cd\/curso\/cap02\/images\/image0212.jpg\" width=\"25\" height=\"26\" border=\"1\" \/><\/td>\n<\/tr>\n<tr>\n<td>\n<p align=\"center\">Herramienta Pincel<\/p>\n<\/td>\n<\/tr>\n<tr>\n<td><\/td>\n<\/tr>\n<\/tbody>\n<\/table>\n<\/td>\n<\/tr>\n<tr>\n<td align=\"right\" valign=\"top\" width=\"16\"><span style=\"color: #000080\"><b>4<\/b><\/span><\/td>\n<td><\/td>\n<td>Selecciona el rojo como color de relleno en la secci\u00f3n <b>Colores <\/b>del <b>Cuadro de Herramientas.<\/b><\/td>\n<\/tr>\n<tr>\n<td align=\"right\" valign=\"top\" width=\"16\"><span style=\"color: #000080\"><b>5<\/b><\/span><\/td>\n<td><\/td>\n<td>En <b>Opciones<\/b> haz clic en el modificador del <b>Modo Pincel<\/b> y selecciona uno:<\/p>\n<table width=\"100%\" border=\"0\">\n<tbody>\n<tr>\n<td><\/td>\n<\/tr>\n<tr>\n<td>\u00a0<img loading=\"lazy\" decoding=\"async\" class=\"aligncenter\" alt=\"\" src=\"http:\/\/www.ite.educacion.es\/formacion\/materiales\/34\/cd\/curso\/cap02\/images\/image0213.jpg\" width=\"287\" height=\"207\" border=\"1\" \/><\/td>\n<\/tr>\n<tr>\n<td>\n<p align=\"center\">Opciones del modificador Modo Pincel<\/p>\n<\/td>\n<\/tr>\n<tr>\n<td><\/td>\n<\/tr>\n<\/tbody>\n<\/table>\n<ul>\n<li><b>Pintar normal<\/b>:\u00a0 pinta sobre las l\u00edneas y rellenos de la misma capa.<\/li>\n<li><b>Rellenos de pintura<\/b>: pinta rellenos y \u00e1reas vac\u00edas y no afecta a las l\u00edneas de contorno de la ilustraci\u00f3n.<\/li>\n<li><b>Pintar detr\u00e1s<\/b>: pinta las \u00e1reas vac\u00edas del escenario de la misma capa, sin afectar ni a las l\u00edneas ni a los rellenos.<\/li>\n<li><b>Pintar Selecci\u00f3n<\/b>: pinta solamente un \u00e1rea previamente seleccionada mediante la herramienta <b>Flecha.<\/b><\/li>\n<li><b>Pintar Dentro<\/b>: pinta el relleno donde se inicia el trazo de pincel y nunca pinta sobre las l\u00edneas de contorno. La pintura nunca se sale de las l\u00edneas. Si el trazo comienza en un \u00e1rea vac\u00eda, el relleno no afecta a ninguna \u00e1rea.<\/li>\n<\/ul>\n<table width=\"100%\" border=\"0\">\n<tbody>\n<tr>\n<td>\u00a0<img loading=\"lazy\" decoding=\"async\" class=\"aligncenter\" alt=\"\" src=\"http:\/\/www.ite.educacion.es\/formacion\/materiales\/34\/cd\/curso\/cap02\/images\/image0214.jpg\" width=\"400\" height=\"91\" border=\"0\" \/><\/td>\n<\/tr>\n<tr>\n<td>\n<p align=\"center\">Modos del Pincel: Imagen original, Pintar normal, Detr\u00e1s, Selecci\u00f3n, Relleno y Dentro<\/p>\n<\/td>\n<\/tr>\n<tr>\n<td><\/td>\n<\/tr>\n<\/tbody>\n<\/table>\n<\/td>\n<\/tr>\n<tr>\n<td align=\"right\" valign=\"top\" width=\"16\"><span style=\"color: #000080\"><b>6<\/b><\/span><\/td>\n<td><\/td>\n<td>Selecciona el Tama\u00f1o, Forma y Color del pincel con los modificadores de la herramienta <b>Pincel<\/b>.<\/p>\n<table width=\"100%\" border=\"0\">\n<tbody>\n<tr>\n<td><\/td>\n<\/tr>\n<tr>\n<td><\/td>\n<\/tr>\n<tr>\n<td>\n<p align=\"center\">Opciones de Tama\u00f1o y Forma del Pincel<\/p>\n<\/td>\n<\/tr>\n<tr>\n<td>\u00a0<img loading=\"lazy\" decoding=\"async\" class=\"aligncenter\" alt=\"\" src=\"http:\/\/www.ite.educacion.es\/formacion\/materiales\/34\/cd\/curso\/cap02\/images\/image0215.jpg\" width=\"65\" height=\"111\" border=\"1\" \/><\/td>\n<\/tr>\n<\/tbody>\n<\/table>\n<\/td>\n<\/tr>\n<tr>\n<td align=\"right\" valign=\"top\" width=\"16\"><b><span style=\"color: #000080\">7<\/span><\/b><\/td>\n<td><\/td>\n<td>Pincha y arrastra sobre la bombilla. Comprobar\u00e1s las distintas modalidades de pintura de esta herramienta.\u00a0 El resultado podr\u00eda ser similar a la figura superior<\/td>\n<\/tr>\n<tr>\n<td align=\"right\" valign=\"top\" width=\"16\"><span style=\"color: #000080\"><b>8<\/b><\/span><\/td>\n<td><\/td>\n<td>Al arrastrar manteniendo pulsada la tecla <b>&lt;May\u00fas&gt;<\/b> se dibujan trazos verticales u horizontales.<\/td>\n<\/tr>\n<\/tbody>\n<\/table>\n","protected":false},"excerpt":{"rendered":"<p>Herramienta Pincel Con la herramienta Pincel (B) puedes crear trazos similares a los de un pincel. 1 Clic\u00a0 en Ventana &gt; Otros paneles &gt; Biblioteca comunes &gt; Curso . Doble clic sobre la carpeta Gr\u00e1ficos para abrirla. Pincha y arrastra &hellip; <a href=\"https:\/\/blog.espol.edu.ec\/vivianaliss\/herramienta-de-pincel\/\">Sigue leyendo <span class=\"meta-nav\">&rarr;<\/span><\/a><\/p>\n","protected":false},"author":8769,"featured_media":0,"parent":0,"menu_order":0,"comment_status":"open","ping_status":"open","template":"","meta":{"footnotes":""},"class_list":["post-273","page","type-page","status-publish","hentry"],"_links":{"self":[{"href":"https:\/\/blog.espol.edu.ec\/vivianaliss\/wp-json\/wp\/v2\/pages\/273","targetHints":{"allow":["GET"]}}],"collection":[{"href":"https:\/\/blog.espol.edu.ec\/vivianaliss\/wp-json\/wp\/v2\/pages"}],"about":[{"href":"https:\/\/blog.espol.edu.ec\/vivianaliss\/wp-json\/wp\/v2\/types\/page"}],"author":[{"embeddable":true,"href":"https:\/\/blog.espol.edu.ec\/vivianaliss\/wp-json\/wp\/v2\/users\/8769"}],"replies":[{"embeddable":true,"href":"https:\/\/blog.espol.edu.ec\/vivianaliss\/wp-json\/wp\/v2\/comments?post=273"}],"version-history":[{"count":1,"href":"https:\/\/blog.espol.edu.ec\/vivianaliss\/wp-json\/wp\/v2\/pages\/273\/revisions"}],"predecessor-version":[{"id":274,"href":"https:\/\/blog.espol.edu.ec\/vivianaliss\/wp-json\/wp\/v2\/pages\/273\/revisions\/274"}],"wp:attachment":[{"href":"https:\/\/blog.espol.edu.ec\/vivianaliss\/wp-json\/wp\/v2\/media?parent=273"}],"curies":[{"name":"wp","href":"https:\/\/api.w.org\/{rel}","templated":true}]}}