{"id":298,"date":"2013-11-25T02:46:46","date_gmt":"2013-11-25T02:46:46","guid":{"rendered":"http:\/\/blog.espol.edu.ec\/vivianaliss\/?page_id=298"},"modified":"2013-11-25T02:53:53","modified_gmt":"2013-11-25T02:53:53","slug":"swish","status":"publish","type":"page","link":"https:\/\/blog.espol.edu.ec\/vivianaliss\/swish\/","title":{"rendered":"Swish"},"content":{"rendered":"<h1>Ejemplo pr\u00e1ctico de dise\u00f1o con Swish<\/h1>\n<p>Swish es una herramienta f\u00e1cil de usar que permite producir en pocos minutos complejas animaciones con texto e im\u00e1genes. Contempla m\u00e1s de 150 efectos especiales: Aparecer, Desaparecer, Giro 3D, V\u00f3rtice, Onda, etc. que se pueden aplicar a un cuadro de texto o a una imagen. Las animaciones producidas se pueden importar desde Flash para incorporarlas a nuestra pel\u00edcula.<\/p>\n<table width=\"100%\" border=\"0\">\n<tbody>\n<tr>\n<td colspan=\"3\" valign=\"top\">\n<span style=\"color: #000000\">Al pulsar este bot\u00f3n, se muestra el cuadro de di\u00e1logo <strong>Descarga de archivos. <\/strong>Pulsa el bot\u00f3n <strong>Abrir <\/strong>para continuar la instalaci\u00f3n.<\/span><\/td>\n<\/tr>\n<tr>\n<td align=\"right\" valign=\"top\" width=\"16\"><span style=\"color: #000080\"><b>1<\/b><\/span><\/td>\n<td><\/td>\n<td>Abre <b>Swish <\/b> \u00a0haciendo doble clic sobre su icono en el escritorio<\/td>\n<\/tr>\n<tr>\n<td align=\"right\" valign=\"top\" width=\"16\"><span style=\"color: #000080\"><b>2<\/b><\/span><\/td>\n<td><\/td>\n<td>Clic en el bot\u00f3n <b>Insertar Texto <\/b>de la barra de herramientas o bien <b>Insertar &gt;Texto<\/b>. Se insertar\u00e1 una nueva capa que muestra el cuadro de texto<\/p>\n<table width=\"100%\" border=\"0\">\n<tbody>\n<tr>\n<td>\n<p align=\"center\"><img loading=\"lazy\" decoding=\"async\" alt=\"\" src=\"http:\/\/www.ite.educacion.es\/formacion\/materiales\/34\/cd\/curso\/cap13\/images\/image1301a.jpg\" width=\"137\" height=\"85\" border=\"0\" \/>\u00a0\u00a0\u00a0\u00a0 <img loading=\"lazy\" decoding=\"async\" alt=\"\" src=\"http:\/\/www.ite.educacion.es\/formacion\/materiales\/34\/cd\/curso\/cap13\/images\/image1301b.jpg\" width=\"214\" height=\"284\" border=\"0\" \/><\/p>\n<\/td>\n<\/tr>\n<tr>\n<td>\n<p class=\"imagen\" align=\"center\">\u00a0Bot\u00f3n Texto para insertar un cuadro<\/p>\n<\/td>\n<\/tr>\n<\/tbody>\n<\/table>\n<\/td>\n<\/tr>\n<tr>\n<td align=\"right\" valign=\"top\" width=\"16\"><span style=\"color: #000080\"><b>3<\/b><\/span><\/td>\n<td><\/td>\n<td>En la ventana <b>Texto <\/b>teclea el texto. En este caso es <b>\"Bienvenidos\".<\/b> En este cuadro de di\u00e1logo es posible definir previamente el tipo de fuente, tama\u00f1o, orientaci\u00f3n del texto, alineaci\u00f3n, color, etc.<\/td>\n<\/tr>\n<tr>\n<td align=\"right\" valign=\"top\" width=\"16\"><span style=\"color: #000080\"><b>4<\/b><\/span><\/td>\n<td><\/td>\n<td>Para insertar un efecto animado selecciona <b>Insertar &gt; Efectos <\/b>&gt; ... Prueba con un efecto cualquiera: <b>Giro 3D, V\u00f3rtice, Explosi\u00f3n, Onda<\/b>, etc. En la ventana que se despliega puedes definir ciertos par\u00e1metros de esta animaci\u00f3n. Clic en el bot\u00f3n <b>Cerrar <\/b>de la ventana para concluir.<\/td>\n<\/tr>\n<tr>\n<td align=\"right\" valign=\"top\" width=\"16\"><span style=\"color: #000080\"><b>5<\/b><\/span><\/td>\n<td><\/td>\n<td>Para visualizar el efecto haz clic en el bot\u00f3n <b>Reproducir <\/b>de la barra de herramientas.<\/p>\n<table width=\"100%\" border=\"0\">\n<tbody>\n<tr>\n<td>\n<p align=\"center\"><img loading=\"lazy\" decoding=\"async\" alt=\"\" src=\"http:\/\/www.ite.educacion.es\/formacion\/materiales\/34\/cd\/curso\/cap13\/images\/image1302.jpg\" width=\"443\" height=\"180\" border=\"0\" \/><\/p>\n<\/td>\n<\/tr>\n<tr>\n<td>\n<p class=\"imagen\" align=\"center\">Linea de tiempo de la animaci\u00f3n de texto realizada con Swish<\/p>\n<\/td>\n<\/tr>\n<tr>\n<td>\n<p align=\"center\">\n<\/td>\n<\/tr>\n<\/tbody>\n<\/table>\n<\/td>\n<\/tr>\n<tr>\n<td align=\"right\" valign=\"top\" width=\"16\"><span style=\"color: #000080\"><b>6<\/b><\/span><\/td>\n<td><\/td>\n<td><b>Archivo &gt; Exportar &gt; SWF <\/b>para guardar esta animaci\u00f3n en un archivo SWF en el disco. Por ejemplo en la carpeta <b>Mis documentos.\u00a0<\/b><\/td>\n<\/tr>\n<tr>\n<td align=\"right\" valign=\"top\" width=\"16\"><span style=\"color: #000080\"><b>7<\/b><\/span><\/td>\n<td><\/td>\n<td>Cerrar el programa <b>Swish <\/b>y abrir <b>Flash.<\/b><\/td>\n<\/tr>\n<tr>\n<td align=\"right\" valign=\"top\" width=\"16\"><span style=\"color: #000080\"><b>8<\/b><\/span><\/td>\n<td><\/td>\n<td>Desde Flash , <b>Archivo &gt; Importar &gt; Importar a escenario <\/b>para importar el archivo SWF que hemos creado con Swish. N\u00f3tese que los fotogramas de la animaci\u00f3n se insertan en la capa activa y en la biblioteca aparecen los s\u00edmbolos gr\u00e1ficos que contienen las letras animadas del r\u00f3tulo animado.<\/td>\n<\/tr>\n<tr>\n<td align=\"right\" valign=\"top\" width=\"16\"><\/td>\n<td><\/td>\n<td><\/td>\n<\/tr>\n<\/tbody>\n<\/table>\n<p>&nbsp;<\/p>\n","protected":false},"excerpt":{"rendered":"<p>Ejemplo pr\u00e1ctico de dise\u00f1o con Swish Swish es una herramienta f\u00e1cil de usar que permite producir en pocos minutos complejas animaciones con texto e im\u00e1genes. Contempla m\u00e1s de 150 efectos especiales: Aparecer, Desaparecer, Giro 3D, V\u00f3rtice, Onda, etc. que se &hellip; <a href=\"https:\/\/blog.espol.edu.ec\/vivianaliss\/swish\/\">Sigue leyendo <span class=\"meta-nav\">&rarr;<\/span><\/a><\/p>\n","protected":false},"author":8769,"featured_media":0,"parent":0,"menu_order":0,"comment_status":"open","ping_status":"open","template":"","meta":{"footnotes":""},"class_list":["post-298","page","type-page","status-publish","hentry"],"_links":{"self":[{"href":"https:\/\/blog.espol.edu.ec\/vivianaliss\/wp-json\/wp\/v2\/pages\/298","targetHints":{"allow":["GET"]}}],"collection":[{"href":"https:\/\/blog.espol.edu.ec\/vivianaliss\/wp-json\/wp\/v2\/pages"}],"about":[{"href":"https:\/\/blog.espol.edu.ec\/vivianaliss\/wp-json\/wp\/v2\/types\/page"}],"author":[{"embeddable":true,"href":"https:\/\/blog.espol.edu.ec\/vivianaliss\/wp-json\/wp\/v2\/users\/8769"}],"replies":[{"embeddable":true,"href":"https:\/\/blog.espol.edu.ec\/vivianaliss\/wp-json\/wp\/v2\/comments?post=298"}],"version-history":[{"count":1,"href":"https:\/\/blog.espol.edu.ec\/vivianaliss\/wp-json\/wp\/v2\/pages\/298\/revisions"}],"predecessor-version":[{"id":299,"href":"https:\/\/blog.espol.edu.ec\/vivianaliss\/wp-json\/wp\/v2\/pages\/298\/revisions\/299"}],"wp:attachment":[{"href":"https:\/\/blog.espol.edu.ec\/vivianaliss\/wp-json\/wp\/v2\/media?parent=298"}],"curies":[{"name":"wp","href":"https:\/\/api.w.org\/{rel}","templated":true}]}}