{"id":230,"date":"2010-08-08T19:04:41","date_gmt":"2010-08-08T19:04:41","guid":{"rendered":"http:\/\/blog.espol.edu.ec\/vivicalderon\/?page_id=230"},"modified":"2010-08-08T20:34:37","modified_gmt":"2010-08-08T20:34:37","slug":"5-emfermedades-mas-peligrosas","status":"publish","type":"page","link":"https:\/\/blog.espol.edu.ec\/vivicalderon\/5-emfermedades-mas-peligrosas\/","title":{"rendered":"Enfermedades m\u00e0s Peligrosas"},"content":{"rendered":"<h2 style=\"text-align: center\"><span style=\"color: #993300\"><strong>Las 5 Enfermedades m\u00e0s Peligrosas<\/strong><\/span><\/h2>\n<p style=\"text-align: justify\"><span style=\"color: #800000\">Me voy a permitir el lujo de ser yo quien decida cu\u00e1les son las 5 enfermedades m\u00e1s peligrosas para el ser humano. Evidentemente, t\u00fa pensar\u00e1s que son otras 5 las que deber\u00edan estar en esta lista. Pero eso es lo bueno de estas cosas, de la libertad de elecci\u00f3n. En definitiva,<strong> <\/strong>las 5 enfermedades m\u00e1s peligrosas para el ser humano son<strong>:<\/strong><\/span><\/p>\n<ul>\n<li><span style=\"color: #800000\"><strong>SIDA<\/strong>. Cient\u00edficamente llamado S\u00edndrome de Inmuno-<\/span><span style=\"color: #800000\">Deficiencia <\/span><span style=\"color: #800000\">Adquirida, <\/span><span style=\"color: #800000\">es una<\/span><span style=\"color: #800000\"> de las<\/span><span style=\"color: #800000\"> enfermedades de transmisi\u00f3n sexual m\u00e1s peligrosas y comunes. Adem\u00e1s, el SIDA se puede infectar por el consumo de drogas, sobretodo por compartir jeringuillas. Esta<\/span><span style=\"color: #800000\"> enfermedad va acabando con tus defensas.<\/span><\/li>\n<\/ul>\n<ul>\n<li><span style=\"color: #800000\"><strong>Alzheimer<\/strong>. Me parece una enfermedad terrible. No se si ser\u00e1 la m\u00e1s peligrosa, pero creo que es una a la que m\u00e1s miedo tenemos los seres humanos. Pensar que poco a poco vamos a ir perdiendo la memoria, hasta quedarnos casi como un vegetal\u2026 es un hecho que puede angustiar a m\u00e1s de uno. Adem\u00e1s, podemos considerarla como una enfermedad <\/span><span style=\"color: #800000\">misteriosa, ya que no se sabe muy bien su origen.<\/span><\/li>\n<\/ul>\n<p><a rel=\"attachment wp-att-231\" href=\"http:\/\/blog.espol.edu.ec\/vivicalderon\/5-emfermedades-mas-peligrosas\/1269574134_68243713_1-fotos-de-enfermedades-respiratorias-pulmonares-epoc\/\"><img loading=\"lazy\" decoding=\"async\" class=\"size-medium wp-image-231 alignright\" title=\"1269574134_68243713_1-Fotos-de--Enfermedades-respiratorias-pulmonares-epoc\" src=\"http:\/\/blog.espol.edu.ec\/vivicalderon\/files\/2010\/08\/1269574134_68243713_1-Fotos-de-Enfermedades-respiratorias-pulmonares-epoc-176x300.jpg\" alt=\"\" width=\"176\" height=\"300\" \/><\/a><\/p>\n<ul>\n<li><span style=\"color: #800000\"><strong>C\u00e1ncer<\/strong>. En este blog cont\u00e1bamos que el estr\u00e9s y la diabetes eran las epidemias del siglo<\/span><span style=\"color: #800000\"> <\/span><span style=\"color: #800000\">XXI. Pues bien, el c\u00e1ncer no se queda atr\u00e1s, y me atrever\u00eda a decir que incluso es la enfermedad que m\u00e1s preocupa a los <\/span><span style=\"color: #800000\">seres humanos.<\/span><\/li>\n<\/ul>\n<ul>\n<li><span style=\"color: #800000\"><strong>Hepatitis B<\/strong>. Es una enfermedad del h\u00edgado que hace que el h\u00edgado, poco a poco, deje de funcionar. Podemos entenderla como una enfermedad cr\u00f3nica, que precisamente al ser cr\u00f3nica, es complicada de llevar. Es decir, te va da\u00f1ando el h\u00edgado poco a poco.<\/span><\/li>\n<\/ul>\n<ul>\n<li><span style=\"color: #800000\"><strong>Osteoporosis<\/strong>. En general, cualquier enfermedad de los huesos es peligrosa, ya que los huesos son la estructura que nos tiene en pie. Podr\u00edamos haber inclu\u00eddo cualquier otra.<\/span><\/li>\n<\/ul>\n<p><span style=\"color: #999999\"><strong>MUJER.HOY.COM. <\/strong>(2010), <strong><em>\u201cMujer hoy\u201d<\/em><\/strong>, [en l\u00ednea], Obtenido el: 08 de agosto de 2010, desde http:\/\/www.cosasdesalud.es\/las-5-enfermedades-mas-peligrosas-para-los-humanos\/<\/span><\/p>\n","protected":false},"excerpt":{"rendered":"<p>Las 5 Enfermedades m\u00e0s Peligrosas Me voy a permitir el lujo de ser yo quien decida cu\u00e1les son las 5 enfermedades m\u00e1s peligrosas para el ser humano. Evidentemente, t\u00fa pensar\u00e1s que son otras 5 las que deber\u00edan estar en esta lista. Pero eso es lo bueno de estas cosas, de la libertad de elecci\u00f3n. En [&hellip;]<\/p>\n","protected":false},"author":3989,"featured_media":0,"parent":0,"menu_order":0,"comment_status":"open","ping_status":"open","template":"","meta":{"footnotes":""},"class_list":["post-230","page","type-page","status-publish","hentry"],"_links":{"self":[{"href":"https:\/\/blog.espol.edu.ec\/vivicalderon\/wp-json\/wp\/v2\/pages\/230","targetHints":{"allow":["GET"]}}],"collection":[{"href":"https:\/\/blog.espol.edu.ec\/vivicalderon\/wp-json\/wp\/v2\/pages"}],"about":[{"href":"https:\/\/blog.espol.edu.ec\/vivicalderon\/wp-json\/wp\/v2\/types\/page"}],"author":[{"embeddable":true,"href":"https:\/\/blog.espol.edu.ec\/vivicalderon\/wp-json\/wp\/v2\/users\/3989"}],"replies":[{"embeddable":true,"href":"https:\/\/blog.espol.edu.ec\/vivicalderon\/wp-json\/wp\/v2\/comments?post=230"}],"version-history":[{"count":11,"href":"https:\/\/blog.espol.edu.ec\/vivicalderon\/wp-json\/wp\/v2\/pages\/230\/revisions"}],"predecessor-version":[{"id":234,"href":"https:\/\/blog.espol.edu.ec\/vivicalderon\/wp-json\/wp\/v2\/pages\/230\/revisions\/234"}],"wp:attachment":[{"href":"https:\/\/blog.espol.edu.ec\/vivicalderon\/wp-json\/wp\/v2\/media?parent=230"}],"curies":[{"name":"wp","href":"https:\/\/api.w.org\/{rel}","templated":true}]}}