{"id":28,"date":"2010-08-05T18:55:37","date_gmt":"2010-08-05T18:55:37","guid":{"rendered":"http:\/\/blog.espol.edu.ec\/vivicalderon\/?page_id=28"},"modified":"2010-08-11T03:06:42","modified_gmt":"2010-08-11T03:06:42","slug":"acerca-de-mi","status":"publish","type":"page","link":"https:\/\/blog.espol.edu.ec\/vivicalderon\/acerca-de-mi\/","title":{"rendered":"Acerca de m\u00ed"},"content":{"rendered":"<h1 style=\"text-align: center\"><span style=\"color: #008000\"><strong>Acerca de m\u00ed<\/strong><\/span><\/h1>\n<p>Hola !<\/p>\n<p>Mi nombre es Viviana Calder\u00f2n Espinoza y los invito a explorar mi Blog.<\/p>\n<ul>\n<li><span style=\"color: #008000\"><strong>Datos Personales<\/strong><\/span><a rel=\"attachment wp-att-140\" href=\"http:\/\/blog.espol.edu.ec\/vivicalderon\/acerca-de-mi\/vivi-bella\/\"><img loading=\"lazy\" decoding=\"async\" class=\"alignright\" title=\"vivi bella\" src=\"..\/files\/2010\/08\/vivi-bella-217x300.jpg\" alt=\"\" width=\"102\" height=\"141\" \/><\/a><\/li>\n<\/ul>\n<p style=\"padding-left: 60px\"><span style=\"color: #0000ff\">Nombres:<\/span> Viviana Gianella<\/p>\n<p style=\"padding-left: 60px\"><span style=\"color: #0000ff\">Apellidos: <\/span>Calder\u00f2n Espinoza<\/p>\n<p style=\"padding-left: 60px\"><span style=\"color: #0000ff\">Fecha de Nacimiento:<\/span> 03\/04\/1992<\/p>\n<p style=\"padding-left: 60px\">\n<ul>\n<li><span style=\"color: #008000\"><strong>Formaci\u00f3n Acad\u00e9mica<\/strong><\/span><\/li>\n<\/ul>\n<p style=\"padding-left: 60px\"><span style=\"color: #0000ff\">Primaria: <\/span> Santo Domingo de Guzm\u00e0n (hasta el 4to grado)<\/p>\n<p style=\"padding-left: 120px\">Centro Educativo Bilingue Interamericano<\/p>\n<p style=\"padding-left: 60px\"><span style=\"color: #0000ff\">Secundaria: <\/span>Centro Educativo Bilingue Interamericano<\/p>\n<p style=\"padding-left: 60px\"><span style=\"color: #0000ff\">Superior: <\/span> Escuela Superior Polit\u00e9cnica del Litoral<\/p>\n<p style=\"padding-left: 60px\"><span style=\"color: #0000ff\">Facultad: <\/span> Instituto de Ciencias Matem\u00e1ticas<\/p>\n<p style=\"padding-left: 60px\"><span style=\"color: #0000ff\">Carrera: <\/span> Ingenier\u00eda en Auditor\u00eda y Contadur\u00eda P\u00fablica Autorizada<\/p>\n<p style=\"text-align: center\"><a rel=\"attachment wp-att-141\" href=\"http:\/\/blog.espol.edu.ec\/vivicalderon\/acerca-de-mi\/logo2\/\"><img loading=\"lazy\" decoding=\"async\" class=\"size-medium wp-image-141 alignnone\" title=\"logo2\" src=\"http:\/\/blog.espol.edu.ec\/vivicalderon\/files\/2010\/08\/logo2-300x287.gif\" alt=\"\" width=\"116\" height=\"110\" srcset=\"https:\/\/blog.espol.edu.ec\/vivicalderon\/files\/2010\/08\/logo2-300x287.gif 300w, https:\/\/blog.espol.edu.ec\/vivicalderon\/files\/2010\/08\/logo2.gif 454w\" sizes=\"auto, (max-width: 116px) 100vw, 116px\" \/><\/a><\/p>\n<p style=\"text-align: center\">\n<ul>\n<li><span style=\"color: #008000\"><strong>Mi Familia<\/strong><\/span><\/li>\n<\/ul>\n<p style=\"padding-left: 60px\"><span style=\"color: #0000ff\">Abuelito (pap\u00e0):<\/span> Moises Calder\u00f2n<a rel=\"attachment wp-att-142\" href=\"http:\/\/blog.espol.edu.ec\/vivicalderon\/acerca-de-mi\/dsc03790\/\"><img loading=\"lazy\" decoding=\"async\" class=\"size-medium wp-image-142 alignright\" title=\"DSC03790\" src=\"http:\/\/blog.espol.edu.ec\/vivicalderon\/files\/2010\/08\/DSC03790-225x300.jpg\" alt=\"\" width=\"211\" height=\"281\" srcset=\"https:\/\/blog.espol.edu.ec\/vivicalderon\/files\/2010\/08\/DSC03790-225x300.jpg 225w, https:\/\/blog.espol.edu.ec\/vivicalderon\/files\/2010\/08\/DSC03790-768x1024.jpg 768w, https:\/\/blog.espol.edu.ec\/vivicalderon\/files\/2010\/08\/DSC03790.jpg 1536w\" sizes=\"auto, (max-width: 211px) 100vw, 211px\" \/><\/a><\/p>\n<p style=\"padding-left: 60px\"><span style=\"color: #0000ff\">Abuelita (pap\u00e0):<\/span> Magdalena L\u00f2pez<\/p>\n<p style=\"padding-left: 60px\"><span style=\"color: #0000ff\">Abuelito (mam\u00e0): <\/span> Pedro Espinoza<\/p>\n<p style=\"padding-left: 60px\"><span style=\"color: #0000ff\">Abuelita (mam\u00e0):<\/span> Paquita Ulloa<\/p>\n<p style=\"padding-left: 60px\"><span style=\"color: #0000ff\">Pap\u00e1:<\/span> Fernando Calder\u00f2n L\u00f2pez<\/p>\n<p style=\"padding-left: 60px\"><span style=\"color: #0000ff\">Mam\u00e1:<\/span> Patricia Espinoza Ulloa<\/p>\n<p style=\"padding-left: 60px\"><span style=\"color: #0000ff\">Hermano:<\/span> Fernando Calder\u00f2n Amat<\/p>\n<p style=\"padding-left: 60px\"><span style=\"color: #0000ff\">Hermano:<\/span> Moises Calder\u00f2n Espinoza<\/p>\n<p style=\"padding-left: 60px\"><span style=\"color: #0000ff\">Hermano: <\/span> A\u00e0ron Calder\u00f2n Espinoza<\/p>\n<p style=\"padding-left: 60px\"><span style=\"color: #0000ff\">Enamorado:<\/span> Eduardo Andr\u00e8s Guzm\u00e0n Reyes<\/p>\n<ul>\n<li><span style=\"color: #008000\"><strong>Mis Amigas<\/strong><\/span><\/li>\n<\/ul>\n<p style=\"padding-left: 60px\"><span style=\"color: #0000ff\">Escuela:<\/span><\/p>\n<p style=\"padding-left: 120px\">Andrea Garc\u00eca<\/p>\n<p style=\"padding-left: 120px\">Luisa Castillo<\/p>\n<p style=\"padding-left: 120px\">Gabriela Almeida<\/p>\n<p style=\"padding-left: 60px\"><span style=\"color: #0000ff\">Colegio:<\/span><\/p>\n<p style=\"padding-left: 120px\">Ana Bel\u00e8n Idrovo<a rel=\"attachment wp-att-143\" href=\"http:\/\/blog.espol.edu.ec\/vivicalderon\/acerca-de-mi\/vivi016\/\"><img loading=\"lazy\" decoding=\"async\" class=\"size-medium wp-image-143 alignright\" title=\"vivi016\" src=\"http:\/\/blog.espol.edu.ec\/vivicalderon\/files\/2010\/08\/vivi016-300x225.jpg\" alt=\"\" width=\"149\" height=\"111\" srcset=\"https:\/\/blog.espol.edu.ec\/vivicalderon\/files\/2010\/08\/vivi016-300x225.jpg 300w, https:\/\/blog.espol.edu.ec\/vivicalderon\/files\/2010\/08\/vivi016.jpg 604w\" sizes=\"auto, (max-width: 149px) 100vw, 149px\" \/><\/a><\/p>\n<p style=\"padding-left: 120px\">Viviana Pazmi\u00f1o<\/p>\n<p style=\"padding-left: 120px\">Carol Henk<\/p>\n<p style=\"padding-left: 120px\">Gloria Ordo\u00f1ez<\/p>\n<p style=\"padding-left: 30px\">\n<p style=\"padding-left: 60px\"><span style=\"color: #0000ff\">Universidad:<\/span><img loading=\"lazy\" decoding=\"async\" class=\"size-medium wp-image-144 alignright\" title=\"35860_408373555278_644645278_4264976_1769490_n\" src=\"http:\/\/blog.espol.edu.ec\/vivicalderon\/files\/2010\/08\/35860_408373555278_644645278_4264976_1769490_n-225x300.jpg\" alt=\"\" width=\"126\" height=\"164\" \/><\/p>\n<p style=\"padding-left: 90px\">Virginia De La Torre<\/p>\n<p style=\"padding-left: 90px\">Joyce Cassagne<\/p>\n<p style=\"padding-left: 90px\">Joselin Benavidez<\/p>\n<p style=\"padding-left: 90px\">Bel\u00e9n Mora<\/p>\n<p style=\"padding-left: 30px\">\n<ul>\n<li><strong><span style=\"color: #008000\">Hobbies<\/span><\/strong><\/li>\n<\/ul>\n<p>Me encantan los deporte, mi deporte favorito es el basquet pero en estos ultimos tiempos me a dado por el futbol. Me gusta ver pel\u00ecculas con mi familia y mi enamorado. Me gusta viajar aunque ultimamente no lo he hecho pero es algo me gustar\u00eca seguir haciendo.<\/p>\n<ul>\n<li><span style=\"color: #008000\"><strong>Mis Gustos<\/strong><\/span><\/li>\n<\/ul>\n<p>Me gustan los paisajes, los lugares totalmente tranquilos. Me gusta la musica y peliculas rom\u00e0nticas. Mi comida favorita es la lasagna. Y me encanta la contabilidad por lo cual me llevo a cojer la carrera que ahora estoy estudiando Auditor\u00eca.<\/p>\n","protected":false},"excerpt":{"rendered":"<p>Acerca de m\u00ed Hola ! Mi nombre es Viviana Calder\u00f2n Espinoza y los invito a explorar mi Blog. Datos Personales Nombres: Viviana Gianella Apellidos: Calder\u00f2n Espinoza Fecha de Nacimiento: 03\/04\/1992 Formaci\u00f3n Acad\u00e9mica Primaria: Santo Domingo de Guzm\u00e0n (hasta el 4to grado) Centro Educativo Bilingue Interamericano Secundaria: Centro Educativo Bilingue Interamericano Superior: Escuela Superior Polit\u00e9cnica del [&hellip;]<\/p>\n","protected":false},"author":3989,"featured_media":0,"parent":0,"menu_order":0,"comment_status":"open","ping_status":"open","template":"","meta":{"footnotes":""},"class_list":["post-28","page","type-page","status-publish","hentry"],"_links":{"self":[{"href":"https:\/\/blog.espol.edu.ec\/vivicalderon\/wp-json\/wp\/v2\/pages\/28","targetHints":{"allow":["GET"]}}],"collection":[{"href":"https:\/\/blog.espol.edu.ec\/vivicalderon\/wp-json\/wp\/v2\/pages"}],"about":[{"href":"https:\/\/blog.espol.edu.ec\/vivicalderon\/wp-json\/wp\/v2\/types\/page"}],"author":[{"embeddable":true,"href":"https:\/\/blog.espol.edu.ec\/vivicalderon\/wp-json\/wp\/v2\/users\/3989"}],"replies":[{"embeddable":true,"href":"https:\/\/blog.espol.edu.ec\/vivicalderon\/wp-json\/wp\/v2\/comments?post=28"}],"version-history":[{"count":17,"href":"https:\/\/blog.espol.edu.ec\/vivicalderon\/wp-json\/wp\/v2\/pages\/28\/revisions"}],"predecessor-version":[{"id":138,"href":"https:\/\/blog.espol.edu.ec\/vivicalderon\/wp-json\/wp\/v2\/pages\/28\/revisions\/138"}],"wp:attachment":[{"href":"https:\/\/blog.espol.edu.ec\/vivicalderon\/wp-json\/wp\/v2\/media?parent=28"}],"curies":[{"name":"wp","href":"https:\/\/api.w.org\/{rel}","templated":true}]}}