{"id":33,"date":"2010-08-05T20:07:52","date_gmt":"2010-08-05T20:07:52","guid":{"rendered":"http:\/\/blog.espol.edu.ec\/vivicalderon\/bienvenidos\/"},"modified":"2010-08-08T20:26:26","modified_gmt":"2010-08-08T20:26:26","slug":"bienvenidos","status":"publish","type":"page","link":"https:\/\/blog.espol.edu.ec\/vivicalderon\/","title":{"rendered":"Bienvenidos"},"content":{"rendered":"<h1 style=\"text-align: center\"><span style=\"color: #000080\">BIENVENIDOS <span style=\"color: #ff0000\">A MI BLOG !<\/span><\/span><\/h1>\n<p><span style=\"color: #000080\"><span style=\"color: #ff0000\"><br \/>\n<\/span><\/span><\/p>\n<p style=\"text-align: justify\"><a rel=\"attachment wp-att-208\" href=\"http:\/\/blog.espol.edu.ec\/vivicalderon\/bienvenidos\/images\/\"><img loading=\"lazy\" decoding=\"async\" class=\"size-full wp-image-208 alignleft\" title=\"images\" src=\"http:\/\/blog.espol.edu.ec\/vivicalderon\/files\/2010\/08\/images.jpg\" alt=\"\" width=\"153\" height=\"121\" \/><\/a><span style=\"color: #008000\">Este Blog fue creado con el fin de que las personas controlen su alimentaci\u00f2n. Aqu\u00ec podr\u00e0n encontrar videos sobre como llevar una alimentaci\u00f2n adecuada, medidas para llevar una vida sana y m\u00e0s que nada si uno no lleva una buena y saludable alimentaci\u00f2n podr\u00e0n encontrar los tipos de enfermedades de pudiesen tener por una mala alimentaci\u00f2n.<\/span><\/p>\n<p style=\"text-align: justify\">\n<p style=\"text-align: justify\"><span style=\"color: #008000\">[1] Una buena alimentaci\u00f3n, ejercicio f\u00edsico y un modo de vida<\/span><span style=\"color: #008000\"><a rel=\"attachment wp-att-210\" href=\"http:\/\/blog.espol.edu.ec\/vivicalderon\/bienvenidos\/indice2\/\"><img loading=\"lazy\" decoding=\"async\" class=\"size-full wp-image-210 alignright\" title=\"\u00edndice2\" src=\"http:\/\/blog.espol.edu.ec\/vivicalderon\/files\/2010\/08\/\u00edndice2.jpg\" alt=\"\" width=\"167\" height=\"167\" srcset=\"https:\/\/blog.espol.edu.ec\/vivicalderon\/files\/2010\/08\/\u00edndice2.jpg 167w, https:\/\/blog.espol.edu.ec\/vivicalderon\/files\/2010\/08\/ndice2-150x150.jpg 150w\" sizes=\"auto, (max-width: 167px) 100vw, 167px\" \/><\/a><\/span><span style=\"color: #008000\"> saludable <\/span><span style=\"color: #008000\"> <\/span><span style=\"color: #008000\">previenen<\/span><span style=\"color: #008000\"> <\/span><span style=\"color: #008000\"> <\/span><span style=\"color: #008000\"> enfermedades y aseguran la calidad de vida.<strong> <\/strong>La educaci\u00f3n nutricional y el fomento del deporte debe iniciarse desde  la infancia. Y esto debe ser una prioridad para nuestra socie<\/span><span style=\"color: #008000\"> <\/span><span style=\"color: #008000\">dad. Los adultos deben dar buen ejemplo con h\u00e1bitos alimentarios saludables a los ni\u00f1os y adolescentes. Es <strong> <\/strong><\/span><span style=\"color: #008000\">responsabilidad de los educadores y de los padres establecer los  h\u00e1bitos de vida saludables sobre nutrici\u00f3n, fomentando a la vez la  pr\u00e1ctica deportiva y limitando las actividades ligadas al ocio  sedentario, como un exceso de horas ante el televisor, el ordenador o  los videojuegos.<\/span><span style=\"color: #008000\"> La situaci\u00f3n nutricional de ni\u00f1os y j\u00f3venes puede mejorarse dise\u00f1ando  una estrat<\/span><span style=\"color: #008000\">eg<\/span><span style=\"color: #008000\">ia que incida sobre el conocimiento, la actitud y la  conducta. La pr\u00e1ctica deportiva es conveniente, m\u00e1s all\u00e1 de sus  beneficios f\u00edsicos, por su contribuci\u00f3n a la formaci\u00f3n integral de la  persona y al desarrollo ps\u00edquico necesario para alcanzar la madurez.<\/span><\/p>\n<div style=\"text-align: justify\"><span style=\"color: #008000\"><br \/>\n<strong> <\/strong><\/span><\/div>\n<div><span style=\"color: #008000\"><strong> <\/strong><\/span><\/div>\n<p><span style=\"color: #999999\"><strong>[1] PE\u00d1A,K. <\/strong>(2010), <strong><em>\u201cVida Saludable\u201d<\/em><\/strong>, [en l\u00ednea], Obtenido el: 30 de julio de 2010, desde http:\/\/vidasaludablekarlept.blogspot.com\/.<\/span><\/p>\n","protected":false},"excerpt":{"rendered":"<p>BIENVENIDOS A MI BLOG ! Este Blog fue creado con el fin de que las personas controlen su alimentaci\u00f2n. Aqu\u00ec podr\u00e0n encontrar videos sobre como llevar una alimentaci\u00f2n adecuada, medidas para llevar una vida sana y m\u00e0s que nada si uno no lleva una buena y saludable alimentaci\u00f2n podr\u00e0n encontrar los tipos de enfermedades de [&hellip;]<\/p>\n","protected":false},"author":3989,"featured_media":0,"parent":0,"menu_order":0,"comment_status":"open","ping_status":"open","template":"","meta":{"footnotes":""},"class_list":["post-33","page","type-page","status-publish","hentry"],"_links":{"self":[{"href":"https:\/\/blog.espol.edu.ec\/vivicalderon\/wp-json\/wp\/v2\/pages\/33","targetHints":{"allow":["GET"]}}],"collection":[{"href":"https:\/\/blog.espol.edu.ec\/vivicalderon\/wp-json\/wp\/v2\/pages"}],"about":[{"href":"https:\/\/blog.espol.edu.ec\/vivicalderon\/wp-json\/wp\/v2\/types\/page"}],"author":[{"embeddable":true,"href":"https:\/\/blog.espol.edu.ec\/vivicalderon\/wp-json\/wp\/v2\/users\/3989"}],"replies":[{"embeddable":true,"href":"https:\/\/blog.espol.edu.ec\/vivicalderon\/wp-json\/wp\/v2\/comments?post=33"}],"version-history":[{"count":11,"href":"https:\/\/blog.espol.edu.ec\/vivicalderon\/wp-json\/wp\/v2\/pages\/33\/revisions"}],"predecessor-version":[{"id":246,"href":"https:\/\/blog.espol.edu.ec\/vivicalderon\/wp-json\/wp\/v2\/pages\/33\/revisions\/246"}],"wp:attachment":[{"href":"https:\/\/blog.espol.edu.ec\/vivicalderon\/wp-json\/wp\/v2\/media?parent=33"}],"curies":[{"name":"wp","href":"https:\/\/api.w.org\/{rel}","templated":true}]}}