{"id":1119,"date":"2016-03-13T03:31:57","date_gmt":"2016-03-13T03:31:57","guid":{"rendered":"http:\/\/blog.espol.edu.ec\/vivismor\/?page_id=1119"},"modified":"2016-10-18T04:33:02","modified_gmt":"2016-10-18T04:33:02","slug":"mi-portafolio","status":"publish","type":"page","link":"https:\/\/blog.espol.edu.ec\/vivismor\/mi-portafolio\/","title":{"rendered":"Mi Portafolio"},"content":{"rendered":"<p style=\"text-align:center\"><em>TRABAJO # 15 _ Proyecto \"kISMA\"<\/em><\/strong><\/p>\n<p style=\"text-align:center\">   <strong>Ejemplo de manejo de red social, desde la creaci\u00f3n del identificador de la empresa, creaci\u00f3n de la portada y artes para publicaci\u00f3n.<\/strong><\/p>\n<p><img loading=\"lazy\" decoding=\"async\" src=\"http:\/\/blog.espol.edu.ec\/vivismor\/files\/2016\/03\/Pagina-Facebook-Quizma.png\" alt=\"pagina-facebook-quizma\" width=\"1214\" height=\"1798\" class=\"aligncenter size-full wp-image-1188\" srcset=\"https:\/\/blog.espol.edu.ec\/vivismor\/files\/2016\/03\/Pagina-Facebook-Quizma.png 1214w, https:\/\/blog.espol.edu.ec\/vivismor\/files\/2016\/03\/Pagina-Facebook-Quizma-768x1137.png 768w\" sizes=\"auto, (max-width: 1214px) 100vw, 1214px\" \/><\/p>\n<p style=\"text-align:center\"><em>TRABAJO # 14<\/em><\/strong><\/p>\n<div style=\"text-align:center\">\n<div style=\"margin:8px 0px 4px\"><a href=\"http:\/\/www.calameo.com\/books\/001912178484093964c00\" target=\"_blank\">Brochure De Procesos<\/a><\/div>\n<p><iframe loading=\"lazy\" src=\"\/\/v.calameo.com\/?bkcode=001912178484093964c00&amp;mode=viewer&amp;view=book\" width=\"760\" height=\"550\" frameborder=\"0\" allowfullscreen><\/iframe><\/p>\n<div style=\"margin:4px 0px 8px\"><a href=\"http:\/\/www.calameo.com\/\" target=\"_blank\">Leer m\u00e1s publicaciones en Calam\u00e9o<\/a><\/div>\n<\/div>\n<p style=\"text-align:center\"><em>TRABAJO # 13<\/em><\/strong><\/p>\n<div style=\"text-align:center\">\n<div style=\"margin:8px 0px 4px\"><a href=\"http:\/\/www.calameo.com\/books\/001912178273119bd2f23\" target=\"_blank\">Manual de Marca CEDESA<\/a><\/div>\n<p><iframe loading=\"lazy\" src=\"\/\/v.calameo.com\/?bkcode=001912178273119bd2f23&amp;mode=viewer\" width=\"760\" height=\"550\" frameborder=\"0\" allowfullscreen><\/iframe><\/p>\n<div style=\"margin:4px 0px 8px\"><a href=\"http:\/\/www.calameo.com\/\" target=\"_blank\">Leer m\u00e1s publicaciones en Calam\u00e9o<\/a><\/div>\n<\/div>\n<p style=\"text-align:center\"><em>TRABAJO # 12 _ Proyecto \"kUSHI\"<\/em><\/strong><\/p>\n<p style=\"text-align:center\">   <strong>CONCEPTO CREATIVO<\/strong><\/p>\n<p style=\"text-align:center\"> Reflejar la alegr\u00eda de las fiestas populares de los ind\u00edgenas de la<br \/>\nSierra Ecuatoriana, mediante t\u00edteres coleccionables, pero lo m\u00e1s<br \/>\nimportante, es llegar a los ni\u00f1os con los dise\u00f1os llamativos, los<br \/>\nmismos que est\u00e1n basados en los disfraces m\u00e1s significativos,<br \/>\nelaborados con muchos colores, formas caracter\u00edsticas de cada<br \/>\nlugar y de cada fiesta a la que pertenecen.<\/p>\n<p><img loading=\"lazy\" decoding=\"async\" src=\"http:\/\/blog.espol.edu.ec\/vivismor\/files\/2016\/03\/ME\u00d1ECOS-UNIDOS-03.jpg\" alt=\"VIVIANA MORAN ANDRADEZ\" width=\"866\" height=\"3536\" class=\"aligncenter size-full wp-image-1173\" srcset=\"https:\/\/blog.espol.edu.ec\/vivismor\/files\/2016\/03\/ME\u00d1ECOS-UNIDOS-03.jpg 866w, https:\/\/blog.espol.edu.ec\/vivismor\/files\/2016\/03\/ME\u00d1ECOS-UNIDOS-03-768x3136.jpg 768w\" sizes=\"auto, (max-width: 866px) 100vw, 866px\" \/><br \/>\n<img loading=\"lazy\" decoding=\"async\" src=\"http:\/\/blog.espol.edu.ec\/vivismor\/files\/2016\/03\/ME\u00d1ECOS-UNIDOS-04.jpg\" alt=\"LIVIANA MORAN ANDRADEZ\" width=\"866\" height=\"4179\" class=\"aligncenter size-full wp-image-1172\" srcset=\"https:\/\/blog.espol.edu.ec\/vivismor\/files\/2016\/03\/ME\u00d1ECOS-UNIDOS-04.jpg 866w, https:\/\/blog.espol.edu.ec\/vivismor\/files\/2016\/03\/ME\u00d1ECOS-UNIDOS-04-768x3706.jpg 768w\" sizes=\"auto, (max-width: 866px) 100vw, 866px\" \/><\/p>\n<p style=\"text-align:center\"><em>TRABAJO # 11 _ Marca Personal<\/em><\/strong><\/p>\n<p><a href=\"http:\/\/blog.espol.edu.ec\/vivismor\/files\/2016\/03\/Viviana-Mor\u00e1n-Andradez_20.jpg\" rel=\"attachment wp-att-1153\"><img loading=\"lazy\" decoding=\"async\" src=\"http:\/\/blog.espol.edu.ec\/vivismor\/files\/2016\/03\/Viviana-Mor\u00e1n-Andradez_20-291x1024.jpg\" alt=\"Viviana Mor\u00e1n Andradez_20\" width=\"291\" height=\"1024\" class=\"aligncenter size-large wp-image-1153\" srcset=\"https:\/\/blog.espol.edu.ec\/vivismor\/files\/2016\/03\/Viviana-Mor\u00e1n-Andradez_20-291x1024.jpg 291w, https:\/\/blog.espol.edu.ec\/vivismor\/files\/2016\/03\/Viviana-Mor\u00e1n-Andradez_20-85x300.jpg 85w, https:\/\/blog.espol.edu.ec\/vivismor\/files\/2016\/03\/Viviana-Mor\u00e1n-Andradez_20-768x2701.jpg 768w, https:\/\/blog.espol.edu.ec\/vivismor\/files\/2016\/03\/Viviana-Mor\u00e1n-Andradez_20.jpg 843w\" sizes=\"auto, (max-width: 291px) 100vw, 291px\" \/><\/a><\/p>\n<p style=\"text-align:center\"><em>TRABAJO # 10 _ Aplicaciones de Marca <\/em><\/strong><\/p>\n<p><a href=\"http:\/\/blog.espol.edu.ec\/vivismor\/files\/2016\/03\/Viviana-Mor\u00e1n-Andradez_18.png\" rel=\"attachment wp-att-1148\"><img loading=\"lazy\" decoding=\"async\" src=\"http:\/\/blog.espol.edu.ec\/vivismor\/files\/2016\/03\/Viviana-Mor\u00e1n-Andradez_18-1024x724.png\" alt=\"Viviana Mor\u00e1n Andradez_18\" width=\"646\" height=\"457\" class=\"aligncenter size-large wp-image-1148\" srcset=\"https:\/\/blog.espol.edu.ec\/vivismor\/files\/2016\/03\/Viviana-Mor\u00e1n-Andradez_18-1024x724.png 1024w, https:\/\/blog.espol.edu.ec\/vivismor\/files\/2016\/03\/Viviana-Mor\u00e1n-Andradez_18-300x212.png 300w, https:\/\/blog.espol.edu.ec\/vivismor\/files\/2016\/03\/Viviana-Mor\u00e1n-Andradez_18-768x543.png 768w\" sizes=\"auto, (max-width: 646px) 100vw, 646px\" \/><\/a><\/p>\n<p><a href=\"http:\/\/blog.espol.edu.ec\/vivismor\/files\/2016\/03\/Viviana-Mor\u00e1n-Andradez_16.png\" rel=\"attachment wp-att-1147\"><img loading=\"lazy\" decoding=\"async\" src=\"http:\/\/blog.espol.edu.ec\/vivismor\/files\/2016\/03\/Viviana-Mor\u00e1n-Andradez_16-1024x724.png\" alt=\"Viviana Mor\u00e1n Andradez_16\" width=\"646\" height=\"457\" class=\"aligncenter size-large wp-image-1147\" srcset=\"https:\/\/blog.espol.edu.ec\/vivismor\/files\/2016\/03\/Viviana-Mor\u00e1n-Andradez_16-1024x724.png 1024w, https:\/\/blog.espol.edu.ec\/vivismor\/files\/2016\/03\/Viviana-Mor\u00e1n-Andradez_16-300x212.png 300w, https:\/\/blog.espol.edu.ec\/vivismor\/files\/2016\/03\/Viviana-Mor\u00e1n-Andradez_16-768x543.png 768w\" sizes=\"auto, (max-width: 646px) 100vw, 646px\" \/><\/a><\/p>\n<p><a href=\"http:\/\/blog.espol.edu.ec\/vivismor\/files\/2016\/03\/Viviana-Mor\u00e1n-Andradez_15.png\" rel=\"attachment wp-att-1146\"><img loading=\"lazy\" decoding=\"async\" src=\"http:\/\/blog.espol.edu.ec\/vivismor\/files\/2016\/03\/Viviana-Mor\u00e1n-Andradez_15-1024x724.png\" alt=\"Viviana Mor\u00e1n Andradez_15\" width=\"646\" height=\"457\" class=\"aligncenter size-large wp-image-1146\" srcset=\"https:\/\/blog.espol.edu.ec\/vivismor\/files\/2016\/03\/Viviana-Mor\u00e1n-Andradez_15-1024x724.png 1024w, https:\/\/blog.espol.edu.ec\/vivismor\/files\/2016\/03\/Viviana-Mor\u00e1n-Andradez_15-300x212.png 300w, https:\/\/blog.espol.edu.ec\/vivismor\/files\/2016\/03\/Viviana-Mor\u00e1n-Andradez_15-768x543.png 768w\" sizes=\"auto, (max-width: 646px) 100vw, 646px\" \/><\/a><\/p>\n<p><a href=\"http:\/\/blog.espol.edu.ec\/vivismor\/files\/2016\/03\/Viviana-Mor\u00e1n-Andradez_14.png\" rel=\"attachment wp-att-1145\"><img loading=\"lazy\" decoding=\"async\" src=\"http:\/\/blog.espol.edu.ec\/vivismor\/files\/2016\/03\/Viviana-Mor\u00e1n-Andradez_14-1024x724.png\" alt=\"Viviana Mor\u00e1n Andradez_14\" width=\"646\" height=\"457\" class=\"aligncenter size-large wp-image-1145\" srcset=\"https:\/\/blog.espol.edu.ec\/vivismor\/files\/2016\/03\/Viviana-Mor\u00e1n-Andradez_14-1024x724.png 1024w, https:\/\/blog.espol.edu.ec\/vivismor\/files\/2016\/03\/Viviana-Mor\u00e1n-Andradez_14-300x212.png 300w, https:\/\/blog.espol.edu.ec\/vivismor\/files\/2016\/03\/Viviana-Mor\u00e1n-Andradez_14-768x543.png 768w\" sizes=\"auto, (max-width: 646px) 100vw, 646px\" \/><\/a><\/p>\n<p style=\"text-align:center\"><em>TRABAJO # 9 <\/em><\/strong><\/p>\n<p><a href=\"http:\/\/blog.espol.edu.ec\/vivismor\/files\/2016\/03\/Viviana-Mor\u00e1n-Andradez_13.png\" rel=\"attachment wp-att-1143\"><img loading=\"lazy\" decoding=\"async\" src=\"http:\/\/blog.espol.edu.ec\/vivismor\/files\/2016\/03\/Viviana-Mor\u00e1n-Andradez_13-1024x724.png\" alt=\"Viviana Mor\u00e1n Andradez_13\" width=\"646\" height=\"457\" class=\"aligncenter size-large wp-image-1143\" srcset=\"https:\/\/blog.espol.edu.ec\/vivismor\/files\/2016\/03\/Viviana-Mor\u00e1n-Andradez_13-1024x724.png 1024w, https:\/\/blog.espol.edu.ec\/vivismor\/files\/2016\/03\/Viviana-Mor\u00e1n-Andradez_13-300x212.png 300w, https:\/\/blog.espol.edu.ec\/vivismor\/files\/2016\/03\/Viviana-Mor\u00e1n-Andradez_13-768x543.png 768w\" sizes=\"auto, (max-width: 646px) 100vw, 646px\" \/><\/a><\/p>\n<p><a href=\"http:\/\/blog.espol.edu.ec\/vivismor\/files\/2016\/03\/Viviana-Mor\u00e1n-Andradez_12.png\" rel=\"attachment wp-att-1142\"><img loading=\"lazy\" decoding=\"async\" src=\"http:\/\/blog.espol.edu.ec\/vivismor\/files\/2016\/03\/Viviana-Mor\u00e1n-Andradez_12-1024x724.png\" alt=\"Viviana Mor\u00e1n Andradez_12\" width=\"646\" height=\"457\" class=\"aligncenter size-large wp-image-1142\" srcset=\"https:\/\/blog.espol.edu.ec\/vivismor\/files\/2016\/03\/Viviana-Mor\u00e1n-Andradez_12-1024x724.png 1024w, https:\/\/blog.espol.edu.ec\/vivismor\/files\/2016\/03\/Viviana-Mor\u00e1n-Andradez_12-300x212.png 300w, https:\/\/blog.espol.edu.ec\/vivismor\/files\/2016\/03\/Viviana-Mor\u00e1n-Andradez_12-768x543.png 768w, https:\/\/blog.espol.edu.ec\/vivismor\/files\/2016\/03\/Viviana-Mor\u00e1n-Andradez_12.png 1191w\" sizes=\"auto, (max-width: 646px) 100vw, 646px\" \/><\/a><\/p>\n<p><a href=\"http:\/\/blog.espol.edu.ec\/vivismor\/files\/2016\/03\/Viviana-Mor\u00e1n-Andradez_11.png\" rel=\"attachment wp-att-1141\"><img loading=\"lazy\" decoding=\"async\" src=\"http:\/\/blog.espol.edu.ec\/vivismor\/files\/2016\/03\/Viviana-Mor\u00e1n-Andradez_11-1024x724.png\" alt=\"Viviana Mor\u00e1n Andradez_11\" width=\"646\" height=\"457\" class=\"aligncenter size-large wp-image-1141\" srcset=\"https:\/\/blog.espol.edu.ec\/vivismor\/files\/2016\/03\/Viviana-Mor\u00e1n-Andradez_11-1024x724.png 1024w, https:\/\/blog.espol.edu.ec\/vivismor\/files\/2016\/03\/Viviana-Mor\u00e1n-Andradez_11-300x212.png 300w, https:\/\/blog.espol.edu.ec\/vivismor\/files\/2016\/03\/Viviana-Mor\u00e1n-Andradez_11-768x543.png 768w\" sizes=\"auto, (max-width: 646px) 100vw, 646px\" \/><\/a><\/p>\n<p style=\"text-align:center\"><em>TRABAJO # 8 <\/em><\/strong><\/p>\n<p><a href=\"http:\/\/blog.espol.edu.ec\/vivismor\/files\/2016\/03\/Viviana-Mor\u00e1n-Andradez_10.png\" rel=\"attachment wp-att-1138\"><img loading=\"lazy\" decoding=\"async\" src=\"http:\/\/blog.espol.edu.ec\/vivismor\/files\/2016\/03\/Viviana-Mor\u00e1n-Andradez_10-1024x724.png\" alt=\"Viviana Mor\u00e1n Andradez_10\" width=\"646\" height=\"457\" class=\"aligncenter size-large wp-image-1138\" srcset=\"https:\/\/blog.espol.edu.ec\/vivismor\/files\/2016\/03\/Viviana-Mor\u00e1n-Andradez_10-1024x724.png 1024w, https:\/\/blog.espol.edu.ec\/vivismor\/files\/2016\/03\/Viviana-Mor\u00e1n-Andradez_10-300x212.png 300w, https:\/\/blog.espol.edu.ec\/vivismor\/files\/2016\/03\/Viviana-Mor\u00e1n-Andradez_10-768x543.png 768w\" sizes=\"auto, (max-width: 646px) 100vw, 646px\" \/><\/a><\/p>\n<p><a href=\"http:\/\/blog.espol.edu.ec\/vivismor\/files\/2016\/03\/Viviana-Mor\u00e1n-Andradez_09.png\" rel=\"attachment wp-att-1137\"><img loading=\"lazy\" decoding=\"async\" src=\"http:\/\/blog.espol.edu.ec\/vivismor\/files\/2016\/03\/Viviana-Mor\u00e1n-Andradez_09-1024x724.png\" alt=\"Viviana Mor\u00e1n Andradez_09\" width=\"646\" height=\"457\" class=\"aligncenter size-large wp-image-1137\" srcset=\"https:\/\/blog.espol.edu.ec\/vivismor\/files\/2016\/03\/Viviana-Mor\u00e1n-Andradez_09-1024x724.png 1024w, https:\/\/blog.espol.edu.ec\/vivismor\/files\/2016\/03\/Viviana-Mor\u00e1n-Andradez_09-300x212.png 300w, https:\/\/blog.espol.edu.ec\/vivismor\/files\/2016\/03\/Viviana-Mor\u00e1n-Andradez_09-768x543.png 768w\" sizes=\"auto, (max-width: 646px) 100vw, 646px\" \/><\/a><\/p>\n<p><a href=\"http:\/\/blog.espol.edu.ec\/vivismor\/files\/2016\/03\/Viviana-Mor\u00e1n-Andradez_08.png\" rel=\"attachment wp-att-1135\"><img loading=\"lazy\" decoding=\"async\" src=\"http:\/\/blog.espol.edu.ec\/vivismor\/files\/2016\/03\/Viviana-Mor\u00e1n-Andradez_08-1024x724.png\" alt=\"Viviana Mor\u00e1n Andradez_08\" width=\"646\" height=\"457\" class=\"aligncenter size-large wp-image-1135\" srcset=\"https:\/\/blog.espol.edu.ec\/vivismor\/files\/2016\/03\/Viviana-Mor\u00e1n-Andradez_08-1024x724.png 1024w, https:\/\/blog.espol.edu.ec\/vivismor\/files\/2016\/03\/Viviana-Mor\u00e1n-Andradez_08-300x212.png 300w, https:\/\/blog.espol.edu.ec\/vivismor\/files\/2016\/03\/Viviana-Mor\u00e1n-Andradez_08-768x543.png 768w\" sizes=\"auto, (max-width: 646px) 100vw, 646px\" \/><\/a><\/p>\n<p style=\"text-align:center\"><em>TRABAJO # 7 <\/em><\/strong><\/p>\n<p><a href=\"http:\/\/blog.espol.edu.ec\/vivismor\/files\/2016\/03\/Viviana-Mor\u00e1n-Andradez_07.png\" rel=\"attachment wp-att-1133\"><img loading=\"lazy\" decoding=\"async\" src=\"http:\/\/blog.espol.edu.ec\/vivismor\/files\/2016\/03\/Viviana-Mor\u00e1n-Andradez_07-1024x724.png\" alt=\"Viviana Mor\u00e1n Andradez_07\" width=\"646\" height=\"457\" class=\"aligncenter size-large wp-image-1133\" srcset=\"https:\/\/blog.espol.edu.ec\/vivismor\/files\/2016\/03\/Viviana-Mor\u00e1n-Andradez_07-1024x724.png 1024w, https:\/\/blog.espol.edu.ec\/vivismor\/files\/2016\/03\/Viviana-Mor\u00e1n-Andradez_07-300x212.png 300w, https:\/\/blog.espol.edu.ec\/vivismor\/files\/2016\/03\/Viviana-Mor\u00e1n-Andradez_07-768x543.png 768w\" sizes=\"auto, (max-width: 646px) 100vw, 646px\" \/><\/a><\/p>\n<p style=\"text-align:center\"><em>TRABAJO # 6 <\/em><\/strong><\/p>\n<p><a href=\"http:\/\/blog.espol.edu.ec\/vivismor\/files\/2016\/03\/Viviana-Mor\u00e1n-Andradez_06.png\" rel=\"attachment wp-att-1131\"><img loading=\"lazy\" decoding=\"async\" src=\"http:\/\/blog.espol.edu.ec\/vivismor\/files\/2016\/03\/Viviana-Mor\u00e1n-Andradez_06-1024x724.png\" alt=\"Viviana Mor\u00e1n Andradez_06\" width=\"646\" height=\"457\" class=\"aligncenter size-large wp-image-1131\" srcset=\"https:\/\/blog.espol.edu.ec\/vivismor\/files\/2016\/03\/Viviana-Mor\u00e1n-Andradez_06-1024x724.png 1024w, https:\/\/blog.espol.edu.ec\/vivismor\/files\/2016\/03\/Viviana-Mor\u00e1n-Andradez_06-300x212.png 300w, https:\/\/blog.espol.edu.ec\/vivismor\/files\/2016\/03\/Viviana-Mor\u00e1n-Andradez_06-768x543.png 768w\" sizes=\"auto, (max-width: 646px) 100vw, 646px\" \/><\/a><\/p>\n<p style=\"text-align:center\"><em>TRABAJO # 5 <\/em><\/strong><\/p>\n<p><a href=\"http:\/\/blog.espol.edu.ec\/vivismor\/files\/2016\/03\/Viviana-Mor\u00e1n-Andradez-_-05.png\" rel=\"attachment wp-att-1129\"><img loading=\"lazy\" decoding=\"async\" src=\"http:\/\/blog.espol.edu.ec\/vivismor\/files\/2016\/03\/Viviana-Mor\u00e1n-Andradez-_-05-1024x724.png\" alt=\"Viviana Mor\u00e1n Andradez _ 05\" width=\"646\" height=\"457\" class=\"aligncenter size-large wp-image-1129\" srcset=\"https:\/\/blog.espol.edu.ec\/vivismor\/files\/2016\/03\/Viviana-Mor\u00e1n-Andradez-_-05-1024x724.png 1024w, https:\/\/blog.espol.edu.ec\/vivismor\/files\/2016\/03\/Viviana-Mor\u00e1n-Andradez-_-05-300x212.png 300w, https:\/\/blog.espol.edu.ec\/vivismor\/files\/2016\/03\/Viviana-Mor\u00e1n-Andradez-_-05-768x543.png 768w\" sizes=\"auto, (max-width: 646px) 100vw, 646px\" \/><\/a><\/p>\n<p style=\"text-align:center\"><em>TRABAJO # 4 <\/em><\/strong><\/p>\n<p><a href=\"http:\/\/blog.espol.edu.ec\/vivismor\/files\/2016\/03\/Viviana-Mor\u00e1n-Andradez_04.png\" rel=\"attachment wp-att-1128\"><img loading=\"lazy\" decoding=\"async\" src=\"http:\/\/blog.espol.edu.ec\/vivismor\/files\/2016\/03\/Viviana-Mor\u00e1n-Andradez_04-1024x724.png\" alt=\"Viviana Mor\u00e1n Andradez_04\" width=\"646\" height=\"457\" class=\"aligncenter size-large wp-image-1128\" srcset=\"https:\/\/blog.espol.edu.ec\/vivismor\/files\/2016\/03\/Viviana-Mor\u00e1n-Andradez_04-1024x724.png 1024w, https:\/\/blog.espol.edu.ec\/vivismor\/files\/2016\/03\/Viviana-Mor\u00e1n-Andradez_04-300x212.png 300w, https:\/\/blog.espol.edu.ec\/vivismor\/files\/2016\/03\/Viviana-Mor\u00e1n-Andradez_04-768x543.png 768w\" sizes=\"auto, (max-width: 646px) 100vw, 646px\" \/><\/a><\/p>\n<p style=\"text-align:center\"><em>TRABAJO # 3 <\/em><\/strong><\/p>\n<p><a href=\"http:\/\/blog.espol.edu.ec\/vivismor\/files\/2016\/03\/Viviana-Mor\u00e1n-Andradez_03.png\" rel=\"attachment wp-att-1127\"><img loading=\"lazy\" decoding=\"async\" src=\"http:\/\/blog.espol.edu.ec\/vivismor\/files\/2016\/03\/Viviana-Mor\u00e1n-Andradez_03-1024x724.png\" alt=\"Viviana Mor\u00e1n Andradez_03\" width=\"646\" height=\"457\" class=\"aligncenter size-large wp-image-1127\" srcset=\"https:\/\/blog.espol.edu.ec\/vivismor\/files\/2016\/03\/Viviana-Mor\u00e1n-Andradez_03-1024x724.png 1024w, https:\/\/blog.espol.edu.ec\/vivismor\/files\/2016\/03\/Viviana-Mor\u00e1n-Andradez_03-300x212.png 300w, https:\/\/blog.espol.edu.ec\/vivismor\/files\/2016\/03\/Viviana-Mor\u00e1n-Andradez_03-768x543.png 768w\" sizes=\"auto, (max-width: 646px) 100vw, 646px\" \/><\/a><\/p>\n<p style=\"text-align:center\"><em>TRABAJO # 2 <\/em><\/strong><\/p>\n<p><a href=\"http:\/\/blog.espol.edu.ec\/vivismor\/files\/2016\/03\/Viviana-Mor\u00e1n-Andradez_02.png\" rel=\"attachment wp-att-1125\"><img loading=\"lazy\" decoding=\"async\" src=\"http:\/\/blog.espol.edu.ec\/vivismor\/files\/2016\/03\/Viviana-Mor\u00e1n-Andradez_02-1024x724.png\" alt=\"Viviana Mor\u00e1n Andradez_02\" width=\"646\" height=\"457\" class=\"aligncenter size-large wp-image-1125\" srcset=\"https:\/\/blog.espol.edu.ec\/vivismor\/files\/2016\/03\/Viviana-Mor\u00e1n-Andradez_02-1024x724.png 1024w, https:\/\/blog.espol.edu.ec\/vivismor\/files\/2016\/03\/Viviana-Mor\u00e1n-Andradez_02-300x212.png 300w, https:\/\/blog.espol.edu.ec\/vivismor\/files\/2016\/03\/Viviana-Mor\u00e1n-Andradez_02-768x543.png 768w\" sizes=\"auto, (max-width: 646px) 100vw, 646px\" \/><\/a><\/p>\n<p style=\"text-align:center\"><em>TRABAJO # 1 <\/em><\/strong><\/p>\n<p><a href=\"http:\/\/blog.espol.edu.ec\/vivismor\/files\/2016\/03\/viviana-mor\u00e1n-andradez-1.png\" rel=\"attachment wp-att-1121\"><img loading=\"lazy\" decoding=\"async\" src=\"http:\/\/blog.espol.edu.ec\/vivismor\/files\/2016\/03\/viviana-mor\u00e1n-andradez-1-1024x724.png\" alt=\"viviana mor\u00e1n andradez 1\" width=\"646\" height=\"457\" class=\"aligncenter size-large wp-image-1121\" srcset=\"https:\/\/blog.espol.edu.ec\/vivismor\/files\/2016\/03\/viviana-mor\u00e1n-andradez-1-1024x724.png 1024w, https:\/\/blog.espol.edu.ec\/vivismor\/files\/2016\/03\/viviana-mor\u00e1n-andradez-1-300x212.png 300w, https:\/\/blog.espol.edu.ec\/vivismor\/files\/2016\/03\/viviana-mor\u00e1n-andradez-1-768x543.png 768w\" sizes=\"auto, (max-width: 646px) 100vw, 646px\" \/><\/a><\/p>\n","protected":false},"excerpt":{"rendered":"<p>TRABAJO # 15 _ Proyecto \"kISMA\" Ejemplo de manejo de red social, desde la creaci\u00f3n del identificador de la empresa, creaci\u00f3n de la portada y artes para publicaci\u00f3n. TRABAJO # 14 Brochure De Procesos Leer m\u00e1s publicaciones en Calam\u00e9o TRABAJO # 13 Manual de Marca CEDESA Leer m\u00e1s publicaciones en Calam\u00e9o TRABAJO # 12 _ [&hellip;]<\/p>\n","protected":false},"author":6313,"featured_media":0,"parent":0,"menu_order":0,"comment_status":"closed","ping_status":"closed","template":"","meta":{"footnotes":""},"class_list":["post-1119","page","type-page","status-publish","hentry"],"_links":{"self":[{"href":"https:\/\/blog.espol.edu.ec\/vivismor\/wp-json\/wp\/v2\/pages\/1119","targetHints":{"allow":["GET"]}}],"collection":[{"href":"https:\/\/blog.espol.edu.ec\/vivismor\/wp-json\/wp\/v2\/pages"}],"about":[{"href":"https:\/\/blog.espol.edu.ec\/vivismor\/wp-json\/wp\/v2\/types\/page"}],"author":[{"embeddable":true,"href":"https:\/\/blog.espol.edu.ec\/vivismor\/wp-json\/wp\/v2\/users\/6313"}],"replies":[{"embeddable":true,"href":"https:\/\/blog.espol.edu.ec\/vivismor\/wp-json\/wp\/v2\/comments?post=1119"}],"version-history":[{"count":27,"href":"https:\/\/blog.espol.edu.ec\/vivismor\/wp-json\/wp\/v2\/pages\/1119\/revisions"}],"predecessor-version":[{"id":1190,"href":"https:\/\/blog.espol.edu.ec\/vivismor\/wp-json\/wp\/v2\/pages\/1119\/revisions\/1190"}],"wp:attachment":[{"href":"https:\/\/blog.espol.edu.ec\/vivismor\/wp-json\/wp\/v2\/media?parent=1119"}],"curies":[{"name":"wp","href":"https:\/\/api.w.org\/{rel}","templated":true}]}}