{"id":2,"date":"2015-03-07T00:21:27","date_gmt":"2015-03-07T00:21:27","guid":{"rendered":""},"modified":"2016-11-13T19:20:56","modified_gmt":"2016-11-13T19:20:56","slug":"about","status":"publish","type":"page","link":"https:\/\/blog.espol.edu.ec\/vivismor\/about\/","title":{"rendered":"\u00a1Bienvenid@!"},"content":{"rendered":"<p><img loading=\"lazy\" decoding=\"async\" src=\"http:\/\/blog.espol.edu.ec\/vivismor\/files\/2015\/03\/Viviana-Mor\u00e1n-Andradez.jpg\" alt=\"viviana-moran-andradez\" width=\"330\" height=\"440\" class=\"alignleft size-full wp-image-1192\" \/> <\/p>\n<p style=\"text-align:center\"><em>\u00a1HOLA!<\/em><\/strong><\/p>\n<p style=\"text-align: center\"><strong><em>\u00a0<\/em><\/strong><strong><em>TE SALUDA, VIVIANA ISABEL MOR\u00c1N ANDRADEZ, TENGO 25 A\u00d1OS,  SOY DISE\u00d1ADORA GR\u00c1FICA Y PUBLICITARIA.<br \/>\nESPERO QUE TE DIVIERTAS O SEA DE GRAN AYUDA EL CONTENIDO DEL BLOG.<br \/>\nGRACIAS POR TU VISITA.<\/em><\/strong><\/p>\n","protected":false},"excerpt":{"rendered":"<p>\u00a1HOLA! \u00a0TE SALUDA, VIVIANA ISABEL MOR\u00c1N ANDRADEZ, TENGO 25 A\u00d1OS, SOY DISE\u00d1ADORA GR\u00c1FICA Y PUBLICITARIA. ESPERO QUE TE DIVIERTAS O SEA DE GRAN AYUDA EL CONTENIDO DEL BLOG. GRACIAS POR TU VISITA.<\/p>\n","protected":false},"author":6313,"featured_media":0,"parent":0,"menu_order":1,"comment_status":"open","ping_status":"open","template":"","meta":{"footnotes":""},"class_list":["post-2","page","type-page","status-publish","hentry"],"_links":{"self":[{"href":"https:\/\/blog.espol.edu.ec\/vivismor\/wp-json\/wp\/v2\/pages\/2","targetHints":{"allow":["GET"]}}],"collection":[{"href":"https:\/\/blog.espol.edu.ec\/vivismor\/wp-json\/wp\/v2\/pages"}],"about":[{"href":"https:\/\/blog.espol.edu.ec\/vivismor\/wp-json\/wp\/v2\/types\/page"}],"author":[{"embeddable":true,"href":"https:\/\/blog.espol.edu.ec\/vivismor\/wp-json\/wp\/v2\/users\/6313"}],"replies":[{"embeddable":true,"href":"https:\/\/blog.espol.edu.ec\/vivismor\/wp-json\/wp\/v2\/comments?post=2"}],"version-history":[{"count":31,"href":"https:\/\/blog.espol.edu.ec\/vivismor\/wp-json\/wp\/v2\/pages\/2\/revisions"}],"predecessor-version":[{"id":1194,"href":"https:\/\/blog.espol.edu.ec\/vivismor\/wp-json\/wp\/v2\/pages\/2\/revisions\/1194"}],"wp:attachment":[{"href":"https:\/\/blog.espol.edu.ec\/vivismor\/wp-json\/wp\/v2\/media?parent=2"}],"curies":[{"name":"wp","href":"https:\/\/api.w.org\/{rel}","templated":true}]}}