{"id":836,"date":"2014-07-07T04:29:12","date_gmt":"2014-07-07T04:29:12","guid":{"rendered":"http:\/\/blog.espol.edu.ec\/vivismor\/?page_id=836"},"modified":"2015-03-07T06:06:14","modified_gmt":"2015-03-07T06:06:14","slug":"libros-de-diseno","status":"publish","type":"page","link":"https:\/\/blog.espol.edu.ec\/vivismor\/libros-de-diseno\/","title":{"rendered":"Libros y proyectos"},"content":{"rendered":"<p style=\"margin: 12px auto 6px auto;font-family: Helvetica,Arial,Sans-serif;font-style: normal;font-variant: normal;font-weight: normal;font-size: 14px;line-height: normal\">   <a title=\"View PRINCIPIOS DE PUBLICIDAD_DIRECCI\u00d3N DE ARTE on Scribd\" href=\"https:\/\/www.scribd.com\/doc\/257937044\/PRINCIPIOS-DE-PUBLICIDAD-DIRECCION-DE-ARTE\" style=\"text-decoration: underline\">PRINCIPIOS DE PUBLICIDAD_DIRECCI\u00d3N DE ARTE<\/a> by <a title=\"View Viviana Mor\u00e1n Andradez's profile on Scribd\" href=\"https:\/\/www.scribd.com\/viviana_moran_andradez\" style=\"text-decoration: underline\">Viviana Mor\u00e1n Andradez<\/a><\/p>\n<p><iframe loading=\"lazy\" class=\"scribd_iframe_embed\" src=\"https:\/\/www.scribd.com\/embeds\/257937044\/content?start_page=1&amp;view_mode=scroll&amp;access_key=key-mP8S5fWr6paUztWMQIVe&amp;show_recommendations=true\" width=\"600\" height=\"800\" frameborder=\"0\"><\/iframe><\/p>\n<p style=\"margin: 12px auto 6px auto;font-family: Helvetica,Arial,Sans-serif;font-style: normal;font-variant: normal;font-weight: normal;font-size: 14px;line-height: normal\">   <a title=\"View Estrategia de Comunicaci\u00f3n on Scribd\" href=\"https:\/\/es.scribd.com\/doc\/257936686\/Estrategia-de-Comunicacion\" style=\"text-decoration: underline\">Estrategia de Comunicaci\u00f3n<\/a> by <a title=\"View Viviana Mor\u00e1n Andradez's profile on Scribd\" href=\"https:\/\/www.scribd.com\/viviana_moran_andradez\" style=\"text-decoration: underline\">Viviana Mor\u00e1n Andradez<\/a><\/p>\n<p><iframe loading=\"lazy\" class=\"scribd_iframe_embed\" src=\"https:\/\/www.scribd.com\/embeds\/257936686\/content?start_page=1&amp;view_mode=scroll&amp;access_key=key-koXN0bbvgU0nzftLSdKX&amp;show_recommendations=true\" width=\"600\" height=\"800\" frameborder=\"0\"><\/iframe><\/p>\n<p style=\"margin: 12px auto 6px auto;font-family: Helvetica,Arial,Sans-serif;font-style: normal;font-variant: normal;font-weight: normal;font-size: 14px;line-height: normal\">   <a title=\"View Imagen de marca y product placement_Branding on Scribd\" href=\"https:\/\/www.scribd.com\/doc\/257934833\/Imagen-de-marca-y-product-placement-Branding\" style=\"text-decoration: underline\">Imagen de marca y product placement_Branding<\/a> by <a title=\"View Viviana Mor\u00e1n Andradez's profile on Scribd\" href=\"https:\/\/www.scribd.com\/viviana_moran_andradez\" style=\"text-decoration: underline\">Viviana Mor\u00e1n Andradez<\/a><\/p>\n<p><iframe loading=\"lazy\" class=\"scribd_iframe_embed\" src=\"https:\/\/www.scribd.com\/embeds\/257934833\/content?start_page=1&amp;view_mode=scroll&amp;access_key=key-8vQab1uCYRB06aLUTicb&amp;show_recommendations=true\" width=\"100%\" height=\"600\" frameborder=\"0\"><\/iframe><\/p>\n<p style=\"margin: 12px auto 6px auto;font-family: Helvetica,Arial,Sans-serif;font-style: normal;font-variant: normal;font-weight: normal;font-size: 14px;line-height: normal\">   <a title=\"View Estrategia Creativa_Fernando A. Roig on Scribd\" href=\"https:\/\/www.scribd.com\/doc\/257935841\/Estrategia-Creativa-Fernando-A-Roig\" style=\"text-decoration: underline\">Estrategia Creativa_Fernando A. Roig<\/a> by <a title=\"View Viviana Mor\u00e1n Andradez's profile on Scribd\" href=\"https:\/\/www.scribd.com\/viviana_moran_andradez\" style=\"text-decoration: underline\">Viviana Mor\u00e1n Andradez<\/a><\/p>\n<p><iframe loading=\"lazy\" class=\"scribd_iframe_embed\" src=\"https:\/\/www.scribd.com\/embeds\/257935841\/content?start_page=1&amp;view_mode=scroll&amp;access_key=key-EdyxdrbKh0OCgBzCnnHK&amp;show_recommendations=true\" width=\"600\" height=\"800\" frameborder=\"0\"><\/iframe><\/p>\n<p style=\"margin: 12px auto 6px auto;font-family: Helvetica,Arial,Sans-serif;font-style: normal;font-variant: normal;font-weight: normal;font-size: 14px;line-height: normal\">   <a title=\"View Estrategia de L\u00ednea Gr\u00e1fica on Scribd\" href=\"https:\/\/es.scribd.com\/doc\/257362028\/Estrategia-de-Linea-Grafica\" style=\"text-decoration: underline\">Estrategia de L\u00ednea Gr\u00e1fica<\/a> by <a title=\"View Viviana Mor\u00e1n Andradez's profile on Scribd\" href=\"https:\/\/www.scribd.com\/viviana_moran_andradez\" style=\"text-decoration: underline\">Viviana Mor\u00e1n Andradez<\/a><\/p>\n<p><iframe loading=\"lazy\" class=\"scribd_iframe_embed\" src=\"https:\/\/www.scribd.com\/embeds\/257362028\/content?start_page=1&amp;view_mode=scroll&amp;access_key=key-4dlihwomeSyFYhg2cWu9&amp;show_recommendations=true\" width=\"600\" height=\"800\" frameborder=\"0\"><\/iframe><\/p>\n<p style=\"margin: 12px auto 6px auto;font-family: Helvetica,Arial,Sans-serif;font-style: normal;font-variant: normal;font-weight: normal;font-size: 14px;line-height: normal\">   <a title=\"View Ramin Razani - Phantastische Papier Kirigami on Scribd\" href=\"https:\/\/it.scribd.com\/doc\/40869723\/Ramin-Razani-Phantastische-Papier-Kirigami\" style=\"text-decoration: underline\">Ramin Razani - Phantastische Papier Kirigami<\/a> by <a title=\"View Ana Maria Sanchez Acosta's profile on Scribd\" href=\"https:\/\/www.scribd.com\/aacosta_25\" style=\"text-decoration: underline\">Ana Maria Sanchez Acosta<\/a><\/p>\n<p><iframe loading=\"lazy\" class=\"scribd_iframe_embed\" src=\"https:\/\/www.scribd.com\/embeds\/43896194\/content?start_page=1&amp;view_mode=scroll&amp;access_key=key-2oaclikhm3l3v98ssg5j&amp;show_recommendations=true\" width=\"600\" height=\"800\" frameborder=\"0\"><\/iframe><\/p>\n<p style=\"margin: 12px auto 6px auto;font-family: Helvetica,Arial,Sans-serif;font-style: normal;font-variant: normal;font-weight: normal;font-size: 14px;line-height: normal\">   <a title=\"View BTL - GI BIKE on Scribd\" href=\"https:\/\/es.scribd.com\/doc\/256433709\/BTL-GI-BIKE\" style=\"text-decoration: underline\">BTL - GI BIKE<\/a> by <a title=\"View Viviana Mor\u00e1n Andradez's profile on Scribd\" href=\"https:\/\/www.scribd.com\/viviana_moran_andradez\" style=\"text-decoration: underline\">Viviana Mor\u00e1n Andradez<\/a><\/p>\n<p><iframe loading=\"lazy\" class=\"scribd_iframe_embed\" src=\"https:\/\/www.scribd.com\/embeds\/256433709\/content?start_page=1&amp;view_mode=scroll&amp;access_key=key-nJt3TmUPaxmYeRJBpTkg&amp;show_recommendations=true\" width=\"600\" height=\"800\" frameborder=\"0\"><\/iframe><\/p>\n<p style=\"margin: 12px auto 6px auto;font-family: Helvetica,Arial,Sans-serif;font-style: normal;font-variant: normal;font-weight: normal;font-size: 14px;line-height: normal\">   <a title=\"View PLAN DE MEDIOS - Volkswagen (ESPOL) on Scribd\" href=\"https:\/\/es.scribd.com\/doc\/249817087\/PLAN-DE-MEDIOS-Volkswagen-ESPOL\" style=\"text-decoration: underline\">PLAN DE MEDIOS - Volkswagen (ESPOL)<\/a> by <a title=\"View Viviana Mor\u00e1n Andradez's profile on Scribd\" href=\"https:\/\/www.scribd.com\/viviana_moran_andradez\" style=\"text-decoration: underline\">Viviana Mor\u00e1n Andradez<\/a><\/p>\n<p><iframe loading=\"lazy\" class=\"scribd_iframe_embed\" src=\"https:\/\/www.scribd.com\/embeds\/249817087\/content?start_page=1&amp;view_mode=scroll&amp;access_key=key-YwHx4dG11TUqtMWfpCs4&amp;show_recommendations=true\" width=\"100%\" height=\"600\" frameborder=\"0\"><\/iframe><\/p>\n<p style=\"margin: 12px auto 6px auto;font-family: Helvetica,Arial,Sans-serif;font-style: normal;font-variant: normal;font-weight: normal;font-size: 14px;line-height: normal\">   <a title=\"View CHEVRON TEXACO -ECUADOR on Scribd\" href=\"https:\/\/es.scribd.com\/doc\/249816292\/CHEVRON-TEXACO-ECUADOR\" style=\"text-decoration: underline\">CHEVRON TEXACO -ECUADOR<\/a> by <a title=\"View Viviana Mor\u00e1n Andradez's profile on Scribd\" href=\"https:\/\/www.scribd.com\/viviana_moran_andradez\" style=\"text-decoration: underline\">Viviana Mor\u00e1n Andradez<\/a><\/p>\n<p><iframe loading=\"lazy\" class=\"scribd_iframe_embed\" src=\"https:\/\/www.scribd.com\/embeds\/249816292\/content?start_page=1&amp;view_mode=scroll&amp;access_key=key-T4mswwgsdjGyDCFctqAJ&amp;show_recommendations=true\" width=\"100%\" height=\"600\" frameborder=\"0\"><\/iframe><\/p>\n<p style=\"margin: 12px auto 6px auto;font-family: Helvetica,Arial,Sans-serif;font-style: normal;font-variant: normal;font-weight: normal;font-size: 14px;line-height: normal\">   <a title=\"View Manual de Marca CEDICI on Scribd\" href=\"https:\/\/es.scribd.com\/doc\/247032207\/Manual-de-Marca-CEDICI\" style=\"text-decoration: underline\">Manual de Marca CEDICI<\/a> by <a title=\"View Viviana Mor\u00e1n Andradez's profile on Scribd\" href=\"https:\/\/www.scribd.com\/viviana_moran_andradez\" style=\"text-decoration: underline\">Viviana Mor\u00e1n Andradez<\/a><\/p>\n<p><iframe loading=\"lazy\" class=\"scribd_iframe_embed\" src=\"https:\/\/www.scribd.com\/embeds\/247032207\/content?start_page=1&amp;view_mode=scroll&amp;access_key=key-cKhl3DaDUrqgt9DqebQ5&amp;show_recommendations=true\" width=\"100%\" height=\"600\" frameborder=\"0\"><\/iframe><\/p>\n<p style=\"margin: 12px auto 6px auto;font-family: Helvetica,Arial,Sans-serif;font-style: normal;font-variant: normal;font-weight: normal;font-size: 14px;line-height: normal\">   <a title=\"View Sistema de Ret\u00edculas -by- Josef M\u00fcller Brockman on Scribd\" href=\"http:\/\/es.scribd.com\/doc\/207827757\/Sistema-de-Reticulas-by-Josef-Muller-Brockman\" style=\"text-decoration: underline\">Sistema de Ret\u00edculas -by- Josef M\u00fcller Brockman<\/a> by <a title=\"View Viviana Mor\u00e1n Andradez's profile on Scribd\" href=\"http:\/\/www.scribd.com\/viviana_moran_andradez\" style=\"text-decoration: underline\">Viviana Mor\u00e1n Andradez<\/a><\/p>\n<p><iframe loading=\"lazy\" class=\"scribd_iframe_embed\" src=\"\/\/www.scribd.com\/embeds\/207827757\/content?start_page=1&amp;view_mode=scroll&amp;access_key=key-srd1umjnygrkzgj0x1h&amp;show_recommendations=true\" width=\"100%\" height=\"600\" frameborder=\"0\"><\/iframe><\/p>\n<p style=\"margin: 12px auto 6px auto;font-family: Helvetica,Arial,Sans-serif;font-style: normal;font-variant: normal;font-weight: normal;font-size: 14px;line-height: normal\">   <a title=\"View Corporate Identity Design on Scribd\" href=\"http:\/\/es.scribd.com\/doc\/207825862\/Corporate-Identity-Design\" style=\"text-decoration: underline\">Corporate Identity Design<\/a> by <a title=\"View Viviana Mor\u00e1n Andradez's profile on Scribd\" href=\"http:\/\/www.scribd.com\/viviana_moran_andradez\" style=\"text-decoration: underline\">Viviana Mor\u00e1n Andradez<\/a><\/p>\n<p><iframe loading=\"lazy\" class=\"scribd_iframe_embed\" src=\"\/\/www.scribd.com\/embeds\/207825862\/content?start_page=1&amp;view_mode=scroll&amp;access_key=key-1fuxa8yiri9038m0o245&amp;show_recommendations=true\" width=\"100%\" height=\"600\" frameborder=\"0\"><\/iframe><\/p>\n<p style=\"margin: 12px auto 6px auto;font-family: Helvetica,Arial,Sans-serif;font-style: normal;font-variant: normal;font-weight: normal;font-size: 14px;line-height: normal\">   <a title=\"View Pure Design.pdf on Scribd\" href=\"http:\/\/es.scribd.com\/doc\/207833494\/Pure-Design-pdf\" style=\"text-decoration: underline\">Pure Design.pdf<\/a> by <a title=\"View Viviana Mor\u00e1n Andradez's profile on Scribd\" href=\"http:\/\/www.scribd.com\/viviana_moran_andradez\" style=\"text-decoration: underline\">Viviana Mor\u00e1n Andradez<\/a><\/p>\n<p><iframe loading=\"lazy\" class=\"scribd_iframe_embed\" src=\"\/\/www.scribd.com\/embeds\/207833494\/content?start_page=1&amp;view_mode=scroll&amp;access_key=key-gjwimwc95tyx2hc3unu&amp;show_recommendations=true\" width=\"100%\" height=\"600\" frameborder=\"0\"><\/iframe><\/p>\n<p style=\"margin: 12px auto 6px auto;font-family: Helvetica,Arial,Sans-serif;font-style: normal;font-variant: normal;font-weight: normal;font-size: 14px;line-height: normal\">   <a title=\"View Manual de Usuario &quot; PIXLR&quot; - pixlr.com on Scribd\" href=\"http:\/\/es.scribd.com\/doc\/219075940\/Manual-de-Usuario-PIXLR-pixlr-com\" style=\"text-decoration: underline\">Manual de Usuario &quot; PIXLR&quot; - pixlr.com<\/a> by <a title=\"View Viviana Mor\u00e1n Andradez's profile on Scribd\" href=\"http:\/\/www.scribd.com\/viviana_moran_andradez\" style=\"text-decoration: underline\">Viviana Mor\u00e1n Andradez<\/a><\/p>\n<p><iframe loading=\"lazy\" class=\"scribd_iframe_embed\" src=\"\/\/www.scribd.com\/embeds\/219075940\/content?start_page=1&amp;view_mode=scroll&amp;access_key=key-25vhs9bdanm8x6dn8spf&amp;show_recommendations=true\" width=\"100%\" height=\"600\" frameborder=\"0\"><\/iframe><\/p>\n<p style=\"margin: 12px auto 6px auto;font-family: Helvetica,Arial,Sans-serif;font-style: normal;font-variant: normal;font-weight: normal;font-size: 14px;line-height: normal\">   <a title=\"View Dise\u00f1ar con y sin ret\u00edcula - Timothy Samara on Scribd\" href=\"http:\/\/es.scribd.com\/doc\/207872741\/Disenar-con-y-sin-reticula-Timothy-Samara\" style=\"text-decoration: underline\">Dise\u00f1ar con y sin ret\u00edcula - Timothy Samara<\/a> by <a title=\"View Viviana Mor\u00e1n Andradez's profile on Scribd\" href=\"http:\/\/www.scribd.com\/viviana_moran_andradez\" style=\"text-decoration: underline\">Viviana Mor\u00e1n Andradez<\/a><\/p>\n<p><iframe loading=\"lazy\" class=\"scribd_iframe_embed\" src=\"\/\/www.scribd.com\/embeds\/207872741\/content?start_page=1&amp;view_mode=scroll&amp;access_key=key-2fkkln2vfny7d9errd14&amp;show_recommendations=true\" width=\"100%\" height=\"600\" frameborder=\"0\"><\/iframe><\/p>\n<p style=\"margin: 12px auto 6px auto;font-family: Helvetica,Arial,Sans-serif;font-style: normal;font-variant: normal;font-weight: normal;font-size: 14px;line-height: normal\">   <a title=\"View 114667849 Chaves Norberto y Belluccia Raul La Marca Corporativa Gestion y Diseno de Simbolos y Logotipos on Scribd\" href=\"http:\/\/es.scribd.com\/doc\/207825989\/114667849-Chaves-Norberto-y-Belluccia-Raul-La-Marca-Corporativa-Gestion-y-Diseno-de-Simbolos-y-Logotipos\" style=\"text-decoration: underline\">114667849 Chaves Norberto y Belluccia Raul La Marca Corporativa Gestion y Diseno de Simbolos y Logotipos<\/a> by <a title=\"View Viviana Mor\u00e1n Andradez's profile on Scribd\" href=\"http:\/\/www.scribd.com\/viviana_moran_andradez\" style=\"text-decoration: underline\">Viviana Mor\u00e1n Andradez<\/a><\/p>\n<p><iframe loading=\"lazy\" class=\"scribd_iframe_embed\" src=\"\/\/www.scribd.com\/embeds\/207825989\/content?start_page=1&amp;view_mode=scroll&amp;access_key=key-20eyo8ggchaexyryt148&amp;show_recommendations=true\" width=\"100%\" height=\"600\" frameborder=\"0\"><\/iframe><\/p>\n","protected":false},"excerpt":{"rendered":"<p>PRINCIPIOS DE PUBLICIDAD_DIRECCI\u00d3N DE ARTE by Viviana Mor\u00e1n Andradez Estrategia de Comunicaci\u00f3n by Viviana Mor\u00e1n Andradez Imagen de marca y product placement_Branding by Viviana Mor\u00e1n Andradez Estrategia Creativa_Fernando A. Roig by Viviana Mor\u00e1n Andradez Estrategia de L\u00ednea Gr\u00e1fica by Viviana Mor\u00e1n Andradez Ramin Razani - Phantastische Papier Kirigami by Ana Maria Sanchez Acosta BTL - [&hellip;]<\/p>\n","protected":false},"author":6313,"featured_media":0,"parent":0,"menu_order":2,"comment_status":"open","ping_status":"closed","template":"","meta":{"footnotes":""},"class_list":["post-836","page","type-page","status-publish","hentry"],"_links":{"self":[{"href":"https:\/\/blog.espol.edu.ec\/vivismor\/wp-json\/wp\/v2\/pages\/836","targetHints":{"allow":["GET"]}}],"collection":[{"href":"https:\/\/blog.espol.edu.ec\/vivismor\/wp-json\/wp\/v2\/pages"}],"about":[{"href":"https:\/\/blog.espol.edu.ec\/vivismor\/wp-json\/wp\/v2\/types\/page"}],"author":[{"embeddable":true,"href":"https:\/\/blog.espol.edu.ec\/vivismor\/wp-json\/wp\/v2\/users\/6313"}],"replies":[{"embeddable":true,"href":"https:\/\/blog.espol.edu.ec\/vivismor\/wp-json\/wp\/v2\/comments?post=836"}],"version-history":[{"count":20,"href":"https:\/\/blog.espol.edu.ec\/vivismor\/wp-json\/wp\/v2\/pages\/836\/revisions"}],"predecessor-version":[{"id":1078,"href":"https:\/\/blog.espol.edu.ec\/vivismor\/wp-json\/wp\/v2\/pages\/836\/revisions\/1078"}],"wp:attachment":[{"href":"https:\/\/blog.espol.edu.ec\/vivismor\/wp-json\/wp\/v2\/media?parent=836"}],"curies":[{"name":"wp","href":"https:\/\/api.w.org\/{rel}","templated":true}]}}