{"id":1,"date":"2009-05-22T14:03:05","date_gmt":"2009-05-22T18:03:05","guid":{"rendered":""},"modified":"2009-07-03T02:13:14","modified_gmt":"2009-07-03T06:13:14","slug":"vivi","status":"publish","type":"page","link":"https:\/\/blog.espol.edu.ec\/vkrivera\/vivi\/","title":{"rendered":"About Vivi"},"content":{"rendered":"<p><em>Hola amigos...qu\u00e9 tal?<br \/>\nSoy Vivi, estudiante del nivel 100, I t\u00e9rmino. Estudio la carrera Ing. en Alimentos en la FIMCP. Me gradu\u00e9 en la Unidad Educativa Biling\u00fce Mixta \"Sagrados Corazones\" de la especializaci\u00f3n F\u00edsico - Matem\u00e1ticas.<br \/>\nEspero que a todos les guste mucho el contenido de mi blog, especialmente a aquellos que les interesa las canciones rom\u00e1nticas y los artistas que las interpretan. Sepan que aqu\u00ed pueden encontrar de todo: m\u00fasica, informaci\u00f3n y m\u00e1s!!!<br \/>\nMe gustar\u00eda seguir mejorando mi p\u00e1gina, por lo que les agradecer\u00eda que me hicieran sugerencias acerca de las cosas que le hace falta. De antemano much\u00edsimas gracias y espero que disfruten en Vivi's.<br \/>\nSaludos a todos,<br \/>\nVivi<\/em><\/p>\n<p><em><\/em><\/p>\n<p style=\"text-align: center\"><img loading=\"lazy\" decoding=\"async\" class=\"aligncenter size-full wp-image-129\" src=\"http:\/\/blog.espol.edu.ec\/vkrivera\/files\/2009\/05\/separador.gif\" alt=\"separador\" width=\"346\" height=\"72\" srcset=\"https:\/\/blog.espol.edu.ec\/vkrivera\/files\/2009\/05\/separador.gif 577w, https:\/\/blog.espol.edu.ec\/vkrivera\/files\/2009\/05\/separador-300x62.gif 300w\" sizes=\"auto, (max-width: 346px) 100vw, 346px\" \/>\u00a0<\/p>\n<p class=\"MsoNormal\" style=\"margin: 0cm 0cm 0pt\"><span><em>Bueno s\u00f3lo para que sepan que sepan un poquito m\u00e1s de m\u00ed:<\/em><\/span><\/p>\n<p class=\"MsoNormal\" style=\"margin: 0cm 0cm 0pt 42.7pt\"><span><em><span>\u00b7<span style=\"font: 7pt &quot;Times New Roman&amp;quot\">\u00a0\u00a0\u00a0\u00a0 <\/span><\/span>Tengo 18 a\u00f1os<\/em><\/span><\/p>\n<p class=\"MsoNormal\" style=\"margin: 0cm 0cm 0pt 42.7pt\"><span><em><span>\u00b7<span style=\"font: 7pt &quot;Times New Roman&amp;quot\">\u00a0\u00a0\u00a0\u00a0 <\/span><\/span>Soy Cat\u00f3lica<\/em><\/span><\/p>\n<p class=\"MsoNormal\" style=\"margin: 0cm 0cm 0pt 42.7pt\"><span><em><span>\u00b7<span style=\"font: 7pt &quot;Times New Roman&amp;quot\">\u00a0\u00a0\u00a0\u00a0 <\/span><\/span>Creo que todas las cosas que nos suceden (incluso las malas) son\u00a0parte\u00a0de algo muy especial y bueno para nosotros, pero debemos ser pacientes y esperar a que\u00a0podamos apreciarlo.<\/em><\/span><\/p>\n<p class=\"MsoNormal\" style=\"margin: 0cm 0cm 0pt 42.7pt\"><span><em><span>\u00b7<span style=\"font: 7pt &quot;Times New Roman&amp;quot\">\u00a0\u00a0\u00a0\u00a0 <\/span><\/span>Soy una persona s\u00faper amigable (no\u00a0tan amiguera, pero bueno m\u00e1s o menos)<\/em><\/span><\/p>\n<p class=\"MsoNormal\" style=\"margin: 0cm 0cm 0pt 42.7pt\"><span><em><span>\u00b7<span style=\"font: 7pt &quot;Times New Roman&amp;quot\">\u00a0\u00a0\u00a0\u00a0 <\/span><\/span>Me encanta escuchar y ayudar a las personas (hubiera podido estudiar Psicolog\u00eda)<\/em><\/span><\/p>\n<p class=\"MsoNormal\" style=\"margin: 0cm 0cm 0pt 42.7pt\"><span><em><span>\u00b7<span style=\"font: 7pt &quot;Times New Roman&amp;quot\">\u00a0\u00a0\u00a0\u00a0 <\/span><\/span>Cuando no tengo mucha confianza con las personas no hablo mucho, pero despu\u00e9s...<\/em><\/span><\/p>\n<p class=\"MsoNormal\" style=\"margin: 0cm 0cm 0pt 42.7pt\">\u00a0<\/p>\n<p class=\"MsoNormal\" style=\"margin: 0cm 0cm 0pt 42.7pt\">\u00a0<\/p>\n<p class=\"MsoNormal\" style=\"margin: 0cm 0cm 0pt 42.7pt\"><span style=\"font-size: 10pt;color: black;font-family: Symbol\"><span><span style=\"font: 7pt &quot;Times New Roman&amp;quot\">\u00a0<\/span><\/span><\/span><em><span style=\"font-size: 8.5pt;color: black;font-family: Verdana\">Recientemente\u00a0hice un Quiz de personalidad en <a href=\"http:\/\/es.43things.com\/\">http:\/\/es.43things.com\/<\/a>\u00a0que es un sitio donde las personas publican sus metas y comentan si las cumplieron o no y bueno me sali\u00f3 un resultado s\u00faper interesante...creo que s\u00ed va conmigo...<\/span><\/em><\/p>\n<div style=\"padding-right: 0px;padding-left: 140px;font-size: 13px;padding-bottom: 0px;width: 500px;padding-top: 45px;height: 160px;text-align: center\">I took the 43 Things Personality Quiz and found out I'm a<\/div>\n<div style=\"text-align: center\"><strong>Self-Knowing Self-Improving Believer<\/strong><\/div>\n<div style=\"text-align: center\"><a href=\"http:\/\/www.43things.com\/book#quiz\"><img decoding=\"async\" src=\"http:\/\/static.43things.com\/images\/book\/take_quiz_small.gif\" alt=\"\" \/><\/a> <a href=\"http:\/\/www.amazon.com\/Dream-List-Do-Experts-43Things-com\/dp\/0761151265\"><img decoding=\"async\" src=\"http:\/\/static.43things.com\/images\/book\/buy_book_small.gif\" alt=\"\" \/><\/a><\/div>\n<div><em><\/em><\/div>\n<div style=\"text-align: center\"><em><img loading=\"lazy\" decoding=\"async\" class=\"aligncenter size-full wp-image-129\" src=\"http:\/\/blog.espol.edu.ec\/vkrivera\/files\/2009\/05\/separador.gif\" alt=\"separador\" width=\"346\" height=\"72\" srcset=\"https:\/\/blog.espol.edu.ec\/vkrivera\/files\/2009\/05\/separador.gif 577w, https:\/\/blog.espol.edu.ec\/vkrivera\/files\/2009\/05\/separador-300x62.gif 300w\" sizes=\"auto, (max-width: 346px) 100vw, 346px\" \/><\/em><\/div>\n<div><em><\/em><\/div>\n<div><em>Unas cuantas fotitos m\u00edas...<\/em><\/div>\n<div><em><\/em><\/div>\n<div><em><\/em><\/div>\n<div id=\"__ss_1665521\" style=\"width: 425px;text-align: left\"><a title=\"Algunos Momentos De Mi Vida\" href=\"http:\/\/www.slideshare.net\/vivirivera20\/algunos-momentos-de-mi-vida?type=powerpoint\">Algunos Momentos De Mi Vida<\/a><object width=\"425\" height=\"355\" data=\"http:\/\/static.slidesharecdn.com\/swf\/ssplayer2.swf?doc=algunosmomentosdemivida-090701005255-phpapp02&amp;stripped_title=algunos-momentos-de-mi-vida\" type=\"application\/x-shockwave-flash\"><param name=\"src\" value=\"http:\/\/static.slidesharecdn.com\/swf\/ssplayer2.swf?doc=algunosmomentosdemivida-090701005255-phpapp02&amp;stripped_title=algunos-momentos-de-mi-vida\" \/><\/object><\/p>\n<div style=\"font-size: 11px;padding-top: 2px;font-family: tahoma,arial;height: 26px\">View more <a href=\"http:\/\/www.slideshare.net\/\">documents<\/a> from <a href=\"http:\/\/www.slideshare.net\/vivirivera20\">vivirivera20<\/a>.<\/div>\n<\/div>\n","protected":false},"excerpt":{"rendered":"<p>Hola amigos...qu\u00e9 tal? Soy Vivi, estudiante del nivel 100, I t\u00e9rmino. Estudio la carrera Ing. en Alimentos en la FIMCP. Me gradu\u00e9 en la Unidad Educativa Biling\u00fce Mixta \"Sagrados Corazones\" de la especializaci\u00f3n F\u00edsico - Matem\u00e1ticas. Espero que a todos les guste mucho el contenido de mi blog, especialmente a aquellos que les interesa las [&hellip;]<\/p>\n","protected":false},"author":1635,"featured_media":0,"parent":0,"menu_order":0,"comment_status":"open","ping_status":"open","template":"","meta":{"footnotes":""},"class_list":["post-1","page","type-page","status-publish","hentry"],"_links":{"self":[{"href":"https:\/\/blog.espol.edu.ec\/vkrivera\/wp-json\/wp\/v2\/pages\/1","targetHints":{"allow":["GET"]}}],"collection":[{"href":"https:\/\/blog.espol.edu.ec\/vkrivera\/wp-json\/wp\/v2\/pages"}],"about":[{"href":"https:\/\/blog.espol.edu.ec\/vkrivera\/wp-json\/wp\/v2\/types\/page"}],"author":[{"embeddable":true,"href":"https:\/\/blog.espol.edu.ec\/vkrivera\/wp-json\/wp\/v2\/users\/1635"}],"replies":[{"embeddable":true,"href":"https:\/\/blog.espol.edu.ec\/vkrivera\/wp-json\/wp\/v2\/comments?post=1"}],"version-history":[{"count":9,"href":"https:\/\/blog.espol.edu.ec\/vkrivera\/wp-json\/wp\/v2\/pages\/1\/revisions"}],"predecessor-version":[{"id":42,"href":"https:\/\/blog.espol.edu.ec\/vkrivera\/wp-json\/wp\/v2\/pages\/1\/revisions\/42"}],"wp:attachment":[{"href":"https:\/\/blog.espol.edu.ec\/vkrivera\/wp-json\/wp\/v2\/media?parent=1"}],"curies":[{"name":"wp","href":"https:\/\/api.w.org\/{rel}","templated":true}]}}