{"id":138,"date":"2009-08-08T18:10:56","date_gmt":"2009-08-08T22:10:56","guid":{"rendered":"http:\/\/blog.espol.edu.ec\/vkrivera\/?page_id=138"},"modified":"2010-04-12T17:19:01","modified_gmt":"2010-04-12T21:19:01","slug":"fonseca","status":"publish","type":"page","link":"https:\/\/blog.espol.edu.ec\/vkrivera\/musica\/fonseca\/","title":{"rendered":"Fonseca"},"content":{"rendered":"<div><em>\u00a0<\/em><\/div>\n<div><em>\u00a0<\/em><\/div>\n<p><em>\u00a0<\/em>\u00a0<\/p>\n<div id=\"attachment_143\" style=\"width: 310px\" class=\"wp-caption aligncenter\"><em><img loading=\"lazy\" decoding=\"async\" aria-describedby=\"caption-attachment-143\" class=\"size-full wp-image-143\" src=\"http:\/\/blog.espol.edu.ec\/vkrivera\/files\/2009\/08\/fonseca.gif\" alt=\"Fonseca\" width=\"300\" height=\"400\" srcset=\"https:\/\/blog.espol.edu.ec\/vkrivera\/files\/2009\/08\/fonseca.gif 300w, https:\/\/blog.espol.edu.ec\/vkrivera\/files\/2009\/08\/fonseca-225x300.gif 225w\" sizes=\"auto, (max-width: 300px) 100vw, 300px\" \/><\/em><p id=\"caption-attachment-143\" class=\"wp-caption-text\">Fonseca<\/p><\/div>\n<p><em>Todos los artistas de los que he hablado hasta ahora tienen canciones suaves, tipo baladas;\u00a0pero en esta p\u00e1gina hablar\u00e9 de Fonseca. M\u00e1s\u00a0que nada por\u00a0su g\u00e9nero de tipo vallenato alegre que tienen sus canciones mezclado con unas letras preciosas.<\/em>\u00a0<\/p>\n<p><em>\u00a0<\/em>\u00a0<\/p>\n<p><em>Pronto vendr\u00e1 a dar un\u00a0concierto as\u00ed que me propuse saber m\u00e1s de\u00a0\u00e9l.\u00a0Espero que como a m\u00ed a ustedes tambi\u00e9n les\u00a0guste lo que encontr\u00e9 y sepan m\u00e1s de este s\u00faper artista.\u00a0<\/em>\u00a0<\/p>\n<p style=\"text-align: center\"><a href=\"http:\/\/s778.photobucket.com\/albums\/yy64\/Dulci_2010\/?action=view&amp;current=separador104.gif\" target=\"_blank\"><em><img loading=\"lazy\" decoding=\"async\" class=\"aligncenter\" style=\"border: 0px\" src=\"http:\/\/i778.photobucket.com\/albums\/yy64\/Dulci_2010\/separador104.gif\" border=\"0\" alt=\"separadores\" width=\"512\" height=\"114\" \/><\/em><\/a>\u00a0<\/p>\n<ul>\n<li>\n<div style=\"text-align: center\"><strong><em>Su vida<\/em><\/strong><\/div>\n<\/li>\n<\/ul>\n<p>\u00a0<\/p>\n<p><em>\u00a0<\/em>\u00a0<\/p>\n<p><em>Juan Fernando Fonseca, com\u00fanmente conocido como Fonseca es un <\/em><a title=\"Cantante\" href=\"http:\/\/es.wikipedia.org\/wiki\/Cantante\"><em>cantante<\/em><\/a><em> y compositor <\/em><a title=\"Colombia\" href=\"http:\/\/es.wikipedia.org\/wiki\/Colombia\"><em>colombiano<\/em><\/a><em> nacido en <\/em><a title=\"Bogot\u00e1\" href=\"http:\/\/es.wikipedia.org\/wiki\/Bogot%C3%A1\"><em>Bogot\u00e1<\/em><\/a><em> el <\/em><a title=\"29 de mayo\" href=\"http:\/\/es.wikipedia.org\/wiki\/29_de_mayo\"><em>29 de mayo<\/em><\/a><em> de <\/em><a title=\"1979\" href=\"http:\/\/es.wikipedia.org\/wiki\/1979\"><em>1979<\/em><\/a><em>. Con su m\u00fasica mezcla de pop y ritmos folcl\u00f3ricos colombianos, ha alcanzado \u00e9xito internacional y ha sido ganador del premio <\/em><a title=\"Grammy Latino\" href=\"http:\/\/es.wikipedia.org\/wiki\/Grammy_Latino\"><em>Grammy Latino<\/em><\/a><em>.<\/em>\u00a0<\/p>\n<p><em>Desde muy peque\u00f1o se inmiscuy\u00f3 en el mundo de la m\u00fasica y a la edad de 12 a\u00f1os elabora un trabajo musical, no muy fruct\u00edfero, pero su inclinaci\u00f3n por la m\u00fasica nunca se acab\u00f3 y por ello realiz\u00f3 estudios durante un largo tiempo en varias instituciones donde se resalta la <\/em><a title=\"Pontificia Universidad Javeriana\" href=\"http:\/\/es.wikipedia.org\/wiki\/Pontificia_Universidad_Javeriana\"><em>Pontificia Universidad Javeriana<\/em><\/a><em>, como consiguiente a todos sus estudios Fonseca logra obtener muchas m\u00e1s habilidades art\u00edsticas.<\/em>\u00a0<\/p>\n<p><em>En el <\/em><a title=\"2002\" href=\"http:\/\/es.wikipedia.org\/wiki\/2002\"><em>2002<\/em><\/a><em> Fonseca publica su \u00e1lbum hom\u00f3nimo, el cual tuvo una gran acogida en Colombia, debido a la mezcla de ritmos alegres y un tanto folkl\u00f3ricos. De esta manera sus canciones hicieron que Fonseca se diera a conocer debido al gran impacto en las emisoras del pa\u00eds.<\/em>\u00a0<\/p>\n<p><em>Ya en el <\/em><a title=\"2005\" href=\"http:\/\/es.wikipedia.org\/wiki\/2005\"><em>2005<\/em><\/a><em> Fonseca se hab\u00eda convertido en uno de los cantantes m\u00e1s importantes en Colombia y lanza su segundo \u00e1lbum formal con el respaldo de <\/em><a title=\"EMI Music Colombia (a\u00fan no redactado)\" href=\"http:\/\/es.wikipedia.org\/w\/index.php?title=EMI_Music_Colombia&amp;action=edit&amp;redlink=1\"><em>EMI Music Colombia<\/em><\/a><em>, este trabajo se llam\u00f3 Coraz\u00f3n, el cual hizo que Fonseca participara en muchos conciertos y se convirtiera en una estrella de la m\u00fasica colombiana.<\/em>\u00a0<\/p>\n<p><em>El primer sencillo promocional de su cuarto \u00e1lbum Gratitud Enr\u00e9dame, se lanz\u00f3 en el mes de marzo de <\/em><a title=\"2008\" href=\"http:\/\/es.wikipedia.org\/wiki\/2008\"><em>2008<\/em><\/a><em>. El \u00e1lbum completo fue lanzado en su versi\u00f3n digital el 13 de mayo. Este primer sencillo, Enr\u00e9dame, alcanz\u00f3 el n\u00famero uno en los principales conteos radiales de Colombia.<\/em>\u00a0<\/p>\n<p><em>Actualmente reside en la ciudad de Bogot\u00e1, Colombia.<\/em>\u00a0<\/p>\n<p><a href=\"http:\/\/s778.photobucket.com\/albums\/yy64\/Dulci_2010\/?action=view&amp;current=separador104.gif\" target=\"_blank\"><em><img loading=\"lazy\" decoding=\"async\" class=\"aligncenter\" style=\"border: 0px\" src=\"http:\/\/i778.photobucket.com\/albums\/yy64\/Dulci_2010\/separador104.gif\" border=\"0\" alt=\"separadores\" width=\"512\" height=\"114\" \/><\/em><\/a>\u00a0<\/p>\n<ul>\n<li>\n<div class=\"MsoNormal\" style=\"margin: 0cm 0cm 0pt;text-align: center\"><span style=\"font-size: small;font-family: Times New Roman\"><strong>Su Discograf\u00eda<\/strong><\/span><\/div>\n<\/li>\n<\/ul>\n<div class=\"MsoNormal\" style=\"margin: 0cm 0cm 0pt\"><span style=\"font-size: small;font-family: Times New Roman\">\u00a0<\/span><\/div>\n<p>. Fonseca (2002)<\/p>\n<p>.\u00a0Coraz\u00f3n (2005)<\/p>\n<p>. Coraz\u00f3n Edici\u00f3n Especial (2007)<\/p>\n<p>. Gratitud (2008)<\/p>\n<p>. Gratitud Edici\u00f3n Especial (2009)<\/p>\n<p class=\"MsoNormal\" style=\"margin: 0cm 0cm 0pt\"><img loading=\"lazy\" decoding=\"async\" class=\"aligncenter\" style=\"border: 0px\" src=\"http:\/\/i778.photobucket.com\/albums\/yy64\/Dulci_2010\/separador104.gif\" border=\"0\" alt=\"separadores\" width=\"512\" height=\"114\" \/><\/p>\n<p style=\"text-align: center\">\n<div style=\"text-align: center\">\n<ul>\n<li>\n<div style=\"text-align: center\"><strong>Reproductor de M\u00fasica<\/strong><\/div>\n<\/li>\n<\/ul>\n<p><img loading=\"lazy\" decoding=\"async\" style=\"width: 0px;height: 0px\" src=\"http:\/\/counters.gigya.com\/wildfire\/IMP\/CXNID=2000002.0NXC\/bT*xJmx*PTEyNzExMDY5MjY4NTkmcHQ9MTI3MTEwNjkzNjUwMCZwPTY5NDMwMSZkPSZnPTEmbz*wNGY2NDhjOTM2YjI*YmRjYTRh\/NjIzNGM5MDU4ZjZkZCZvZj*w.gif\" border=\"0\" alt=\"\" width=\"0\" height=\"0\" \/><\/p>\n<div style=\"margin-left: auto;width: 450px;margin-right: auto;text-align: center\"><object width=\"435\" height=\"270\"><param name=\"allowscriptaccess\" value=\"never\" \/><param name=\"wmode\" value=\"transparent\" \/><param name=\"flashvars\" value=\"config=http%3A%2F%2Fwww.indimusic.us%2Fext%2Fpc%2Fconfig_blue.xml&amp;mywidth=435&amp;myheight=270&amp;playlist_url=http%3A%2F%2Fwww.playlistproject.net%2Fpl.php%3Fplaylist%3D68361848%26t%3D1271106921&amp;wid=os\" \/><param name=\"src\" value=\"http:\/\/www.playlistproject.net\/mc\/mp3player_new.swf\" \/><param name=\"name\" value=\"mp3player\" \/><embed type=\"application\/x-shockwave-flash\" width=\"435\" height=\"270\" src=\"http:\/\/www.playlistproject.net\/mc\/mp3player_new.swf\"><\/embed><\/object><br \/>\n<a href=\"http:\/\/www.playlistproject.net\"><img decoding=\"async\" src=\"http:\/\/www.playlistproject.net\/mc\/images\/create_blue.jpg\" border=\"0\" alt=\"Get a playlist!\" \/><\/a> <a href=\"http:\/\/www.playlistproject.net\/playlist\/17500633099\/standalone\" target=\"_blank\"><img decoding=\"async\" src=\"http:\/\/www.playlistproject.net\/mc\/images\/launch_blue.jpg\" border=\"0\" alt=\"Standalone player\" \/><\/a> <a href=\"http:\/\/www.playlistproject.net\/playlist\/17500633099\/download\"><img decoding=\"async\" src=\"http:\/\/www.playlistproject.net\/mc\/images\/get_blue.jpg\" border=\"0\" alt=\"Get Ringtones\" \/><\/a><\/div>\n<\/div>\n","protected":false},"excerpt":{"rendered":"<p>\u00a0 \u00a0 \u00a0\u00a0 Todos los artistas de los que he hablado hasta ahora tienen canciones suaves, tipo baladas;\u00a0pero en esta p\u00e1gina hablar\u00e9 de Fonseca. M\u00e1s\u00a0que nada por\u00a0su g\u00e9nero de tipo vallenato alegre que tienen sus canciones mezclado con unas letras preciosas.\u00a0 \u00a0\u00a0 Pronto vendr\u00e1 a dar un\u00a0concierto as\u00ed que me propuse saber m\u00e1s de\u00a0\u00e9l.\u00a0Espero que [&hellip;]<\/p>\n","protected":false},"author":1635,"featured_media":0,"parent":53,"menu_order":3,"comment_status":"open","ping_status":"open","template":"","meta":{"footnotes":""},"class_list":["post-138","page","type-page","status-publish","hentry"],"_links":{"self":[{"href":"https:\/\/blog.espol.edu.ec\/vkrivera\/wp-json\/wp\/v2\/pages\/138","targetHints":{"allow":["GET"]}}],"collection":[{"href":"https:\/\/blog.espol.edu.ec\/vkrivera\/wp-json\/wp\/v2\/pages"}],"about":[{"href":"https:\/\/blog.espol.edu.ec\/vkrivera\/wp-json\/wp\/v2\/types\/page"}],"author":[{"embeddable":true,"href":"https:\/\/blog.espol.edu.ec\/vkrivera\/wp-json\/wp\/v2\/users\/1635"}],"replies":[{"embeddable":true,"href":"https:\/\/blog.espol.edu.ec\/vkrivera\/wp-json\/wp\/v2\/comments?post=138"}],"version-history":[{"count":13,"href":"https:\/\/blog.espol.edu.ec\/vkrivera\/wp-json\/wp\/v2\/pages\/138\/revisions"}],"predecessor-version":[{"id":140,"href":"https:\/\/blog.espol.edu.ec\/vkrivera\/wp-json\/wp\/v2\/pages\/138\/revisions\/140"}],"up":[{"embeddable":true,"href":"https:\/\/blog.espol.edu.ec\/vkrivera\/wp-json\/wp\/v2\/pages\/53"}],"wp:attachment":[{"href":"https:\/\/blog.espol.edu.ec\/vkrivera\/wp-json\/wp\/v2\/media?parent=138"}],"curies":[{"name":"wp","href":"https:\/\/api.w.org\/{rel}","templated":true}]}}