{"id":61,"date":"2009-06-27T15:44:13","date_gmt":"2009-06-27T19:44:13","guid":{"rendered":"http:\/\/blog.espol.edu.ec\/vkrivera\/?page_id=61"},"modified":"2009-06-29T20:20:59","modified_gmt":"2009-06-30T00:20:59","slug":"luis-fonsi","status":"publish","type":"page","link":"https:\/\/blog.espol.edu.ec\/vkrivera\/musica\/luis-fonsi\/","title":{"rendered":"Luis Fonsi"},"content":{"rendered":"<p style=\"text-align: justify\"><em><\/em><\/p>\n<p style=\"text-align: justify\"><em><\/em><\/p>\n<p><em><span style=\"font-size: 11pt;font-family: Arial\"><\/p>\n<div id=\"attachment_121\" style=\"width: 350px\" class=\"wp-caption aligncenter\"><img loading=\"lazy\" decoding=\"async\" aria-describedby=\"caption-attachment-121\" class=\"size-full wp-image-121\" src=\"http:\/\/blog.espol.edu.ec\/vkrivera\/files\/2009\/06\/luis-fonsi.jpg\" alt=\"Luis Fonsi\" width=\"340\" height=\"322\" srcset=\"https:\/\/blog.espol.edu.ec\/vkrivera\/files\/2009\/06\/luis-fonsi.jpg 340w, https:\/\/blog.espol.edu.ec\/vkrivera\/files\/2009\/06\/luis-fonsi-300x284.jpg 300w\" sizes=\"auto, (max-width: 340px) 100vw, 340px\" \/><p id=\"caption-attachment-121\" class=\"wp-caption-text\">Luis Fonsi<\/p><\/div>\n<p><\/span><\/em><\/p>\n<p style=\"text-align: justify\"><em><span style=\"font-size: 11pt;font-family: Arial\">Este gran artista es uno de mis favoritos, sus canciones son simplemente maravillosas y en esta p\u00e1gina podr\u00e1n leer un poco m\u00e1s acerca de su vida y su carrera musical. Disfr\u00fatenlo!!!<\/span><\/em><\/p>\n<p style=\"text-align: center\"><em><span style=\"font-size: 11pt;font-family: Arial\"><img loading=\"lazy\" decoding=\"async\" class=\"size-full wp-image-71      aligncenter\" src=\"http:\/\/blog.espol.edu.ec\/vkrivera\/files\/2009\/06\/separador.jpg\" alt=\"separador\" width=\"450\" height=\"61\" srcset=\"https:\/\/blog.espol.edu.ec\/vkrivera\/files\/2009\/06\/separador.jpg 450w, https:\/\/blog.espol.edu.ec\/vkrivera\/files\/2009\/06\/separador-300x40.jpg 300w\" sizes=\"auto, (max-width: 450px) 100vw, 450px\" \/><\/span><\/em><\/p>\n<ul>\n<li>\n<div style=\"text-align: center\"><span style=\"font-size: 11pt;font-family: Arial\"><strong><em>Su Biograf\u00eda<\/em><\/strong><\/span><\/div>\n<\/li>\n<\/ul>\n<div><\/div>\n<p><span style=\"font-size: 11pt;font-family: Arial\"><\/p>\n<p style=\"text-align: justify\"><strong><em><span style=\"font-size: 11pt;font-family: Arial\">Luis Alfonso Rodr\u00edguez L\u00f3pez<\/span><\/em><\/strong><em><span style=\"font-size: 11pt;font-family: Arial\"> naci\u00f3 el <a title=\"15 de abril\" href=\"http:\/\/es.wikipedia.org\/wiki\/15_de_abril\"><span style=\"color: windowtext\">15 de abril<\/span><\/a> de <a title=\"1978\" href=\"http:\/\/es.wikipedia.org\/wiki\/1978\"><span style=\"color: windowtext\">1978<\/span><\/a> en <a title=\"San Juan de Puerto Rico\" href=\"http:\/\/es.wikipedia.org\/wiki\/San_Juan_de_Puerto_Rico\"><span style=\"color: windowtext\">San Juan de Puerto Rico<\/span><\/a>, actualemnte casado y con 31 a\u00f1os de edad. Tiene dos hermanos: Jean y Tatiana. De peque\u00f1o, Luis Fonsi ya daba se\u00f1as de que la m\u00fasica iba a guiar su vida. Con 3 a\u00f1os imitaba a las estrellas del popular grupo <a title=\"Menudo\" href=\"http:\/\/es.wikipedia.org\/wiki\/Menudo\"><span style=\"color: windowtext\">Menudo<\/span><\/a>, y a corta edad ingres\u00f3 en el Coro de Ni\u00f1os de San Juan. Con apenas 10 a\u00f1os, se mud\u00f3 con toda su familia desde Puerto Rico a Orlando (Florida). All\u00ed ingres\u00f3 en una escuela, Dr. Phillips High School, donde form\u00f3 un grupo de m\u00fasica con compa\u00f1eros del instituto, como el famoso miembro del grupo <a title=\"N'SYNC (a\u00fan no redactado)\" href=\"http:\/\/es.wikipedia.org\/w\/index.php?title=N%27SYNC&amp;action=edit&amp;redlink=1\"><span style=\"color: #cc2200\">N'SYNC<\/span><\/a>, <a title=\"Joey Fatone\" href=\"http:\/\/es.wikipedia.org\/wiki\/Joey_Fatone\"><span style=\"color: windowtext\">Joey Fatone<\/span><\/a>. La m\u00fasica ya era pieza importante y vital en la vida de Fonsi. Tanto fue as\u00ed que estudi\u00f3 m\u00fasica en la <a title=\"Universidad Estatal de Florida\" href=\"http:\/\/es.wikipedia.org\/wiki\/Universidad_Estatal_de_Florida\"><span style=\"color: windowtext\">Universidad Estatal<\/span><span style=\"color: windowtext\"> de Florida<\/span><\/a> y se prepar\u00f3 a conciencia: estudi\u00f3 teor\u00eda, solfeo, apreciaci\u00f3n musical, canto y composici\u00f3n.<\/span><\/em><\/p>\n<p style=\"text-align: justify\"><em><span style=\"font-size: 11pt;font-family: Arial\">En 1998 lanz\u00f3 su primer disco <span>Comenzar\u00e9<\/span> que tuvo un gran reconocimiento por la revista <a title=\"Billboard\" href=\"http:\/\/es.wikipedia.org\/wiki\/Billboard\"><span style=\"color: windowtext\">Billboard<\/span><\/a>. Eso lo empuj\u00f3 a la grabaci\u00f3n de su segundo disco <span>Eterno<\/span> que se lanz\u00f3 internacionalmente gracias a la gran consolidaci\u00f3n en <a title=\"Puerto Rico\" href=\"http:\/\/es.wikipedia.org\/wiki\/Puerto_Rico\"><span style=\"color: windowtext\">Puerto Rico<\/span><\/a> y <a title=\"EE.\u00a0UU.\" href=\"http:\/\/es.wikipedia.org\/wiki\/EE.%C2%A0UU.\"><span style=\"color: windowtext\">EE.\u00a0UU.<\/span><\/a> y lleg\u00f3 a Espa\u00f1a con el single <span>Imag\u00edname sin ti<\/span>.<\/span><\/em><\/p>\n<p style=\"text-align: justify\"><em><span style=\"font-size: 11pt;font-family: Arial\">Adem\u00e1s en el a\u00f1o 2000 Fonsi particip\u00f3 en el Jubileo 2000 donde cant\u00f3 ante el papa cat\u00f3lico <a title=\"Juan Pablo II\" href=\"http:\/\/es.wikipedia.org\/wiki\/Juan_Pablo_II\"><span style=\"color: windowtext\">Juan Pablo II<\/span><\/a>. En ese mismo a\u00f1o <a title=\"Ednita Nazario\" href=\"http:\/\/es.wikipedia.org\/wiki\/Ednita_Nazario\"><span style=\"color: windowtext\">Ednita Nazario<\/span><\/a> se llevaba un <a title=\"Grammy Latino\" href=\"http:\/\/es.wikipedia.org\/wiki\/Grammy_Latino\"><span style=\"color: windowtext\">Grammy Latino<\/span><\/a> por una canci\u00f3n compuesta por Fonsi y tambi\u00e9n colabor\u00f3 en el homenaje de las v\u00edctimas del 11-S en la Casa Blanca junto a otros artistas.<\/span><\/em><\/p>\n<p style=\"text-align: justify\"><em><span style=\"font-size: 11pt;font-family: Arial\">En el 2002 sorprendi\u00f3 con el disco <span>Amor secreto<\/span> repleto de baladas \"corta-venas\". M\u00e1s tarde se lanz\u00f3 versionado en ingl\u00e9s con el t\u00edtulo de <span>Fight the Feeling<\/span> en EE.\u00a0UU. donde tuvo un gran \u00e9xito.<\/span><\/em><\/p>\n<p style=\"text-align: justify\"><em><span style=\"font-size: 11pt;font-family: Arial\">A finales de 2003 se lanz\u00f3 el disco de <span>Abrazar la vida<\/span> donde se mostraba una faceta de Fonsi m\u00e1s latina por sus ritmos y letras.<\/span><\/em><\/p>\n<p style=\"text-align: justify\"><em><span style=\"font-size: 11pt;font-family: Arial\">Despu\u00e9s de este disco apareci\u00f3 <span>Paso a paso<\/span> un disco mucho m\u00e1s maduro donde se muestra un Fonsi m\u00e1s aferrado a la vida que nunca y sobre todo, influenciado por la enfermedad de su actual esposa <a title=\"Adamari L\u00f3pez\" href=\"http:\/\/es.wikipedia.org\/wiki\/Adamari_L%C3%B3pez\"><span style=\"color: windowtext\">Adamari L\u00f3pez<\/span><\/a> a quien le dedica el tema de <span>Paso a Paso<\/span>, canci\u00f3n que da nombre al disco y con el que consigue disco de oro en Espa\u00f1a.<\/span><\/em><\/p>\n<p style=\"text-align: justify\"><em><span style=\"font-size: 11pt;font-family: Arial\">Finalmente culmina el a\u00f1o 2006 lanzando a la venta su primer disco de \u00e9xitos: <span>\u00c9xitos 98:06<\/span> donde recoge todos los \u00e9xitos m\u00e1s sonados en todas las radios internacionales, consiguiendo que el primer single de este disco <span>Tu amor<\/span> consiga el primer puesto de la revista Billboard.<\/span><\/em><\/p>\n<p style=\"text-align: justify\"><em><span style=\"font-size: 11pt;font-family: Arial\">En Abril de 2007 apareci\u00f3 el actual Fan Site de Luis Fonsi<\/span><\/em><\/p>\n<p style=\"text-align: left\"><em><span style=\"font-size: 11pt;font-family: Arial\">En Agosto de 2008 sali\u00f3 a la luz su nueva producci\u00f3n discogr\u00e1fica: <span>Palabras del silencio<\/span> que actualmente est\u00e1 teniendo mucho \u00e9xito gr\u00e1cias a su primer single <span>No me doy por vencido<\/span> y su segundo sencillo <span>Aqu\u00ed estoy yo<\/span> un cuarteto formado por David Bisbal, Noel Schajris, Aleks Syntek y, por supuesto, Luis Fonsi.<\/span><\/em><\/p>\n<p style=\"text-align: left\"><em><\/em><\/p>\n<p>\u00a0<\/p>\n<p>\u00a0<\/p>\n<p><\/span><\/p>\n<p style=\"text-align: center\"><img loading=\"lazy\" decoding=\"async\" class=\"size-full wp-image-71        aligncenter\" src=\"http:\/\/blog.espol.edu.ec\/vkrivera\/files\/2009\/06\/separador.jpg\" alt=\"separador\" width=\"450\" height=\"61\" srcset=\"https:\/\/blog.espol.edu.ec\/vkrivera\/files\/2009\/06\/separador.jpg 450w, https:\/\/blog.espol.edu.ec\/vkrivera\/files\/2009\/06\/separador-300x40.jpg 300w\" sizes=\"auto, (max-width: 450px) 100vw, 450px\" \/><\/p>\n<ul style=\"text-align: center\">\n<li><em><strong>Su Discograf\u00eda<\/strong><\/em><\/li>\n<\/ul>\n<ol>\n<li>\n<div style=\"text-align: justify\"><em><span style=\"font-size: 11pt;font-family: Arial\">Comenzar\u00e9 (1998)<\/span><\/em><\/div>\n<\/li>\n<li>\n<div style=\"text-align: justify\"><em><span style=\"font-size: 11pt;font-family: Arial\">Eterno (2000)<\/span><\/em><\/div>\n<\/li>\n<li>\n<div style=\"text-align: justify\"><em><span style=\"font-size: 11pt;font-family: Arial\">Amos Secreto (2002)<\/span><\/em><\/div>\n<\/li>\n<li>\n<div style=\"text-align: justify\"><em><span style=\"font-size: 11pt;font-family: Arial\">Fight the Feeling (2002)<\/span><\/em><\/div>\n<\/li>\n<li>\n<div style=\"text-align: justify\"><em><span style=\"font-size: 11pt;font-family: Arial\">Abrazar la Vida (2003)<\/span><\/em><\/div>\n<\/li>\n<li>\n<div style=\"text-align: justify\"><em><span style=\"font-size: 11pt;font-family: Arial\">Paso a Paso (2005)<\/span><\/em><\/div>\n<\/li>\n<li>\n<div style=\"text-align: justify\"><em><span style=\"font-size: 11pt;font-family: Arial\">\u00c9xitos 98:06 (2006)<\/span><\/em><\/div>\n<\/li>\n<li>\n<div style=\"text-align: justify\"><em><span style=\"font-size: 11pt;font-family: Arial\">Palabras del Silencio (2008)<\/span><\/em><\/div>\n<\/li>\n<\/ol>\n<p style=\"text-align: center\"><em><span style=\"font-size: 11pt;font-family: Arial\"><img loading=\"lazy\" decoding=\"async\" class=\"size-full wp-image-71      aligncenter\" src=\"http:\/\/blog.espol.edu.ec\/vkrivera\/files\/2009\/06\/separador.jpg\" alt=\"separador\" width=\"450\" height=\"61\" srcset=\"https:\/\/blog.espol.edu.ec\/vkrivera\/files\/2009\/06\/separador.jpg 450w, https:\/\/blog.espol.edu.ec\/vkrivera\/files\/2009\/06\/separador-300x40.jpg 300w\" sizes=\"auto, (max-width: 450px) 100vw, 450px\" \/><\/span><\/em><\/p>\n<ul>\n<li><span style=\"font-size: 11pt;font-family: Arial\"><strong><em>Reproductor de M\u00fasica<\/em><\/strong><\/span><\/li>\n<\/ul>\n<p style=\"text-align: center\"><span style=\"font-size: 11pt;font-family: Arial\"><strong><em><\/em><\/strong><\/span><\/p>\n<p style=\"text-align: center\">\u00a0<\/p>\n<div style=\"margin-left: auto;width: 450px;margin-right: auto;text-align: center\"><object width=\"435\" height=\"270\" data=\"http:\/\/www.profileplaylist.net\/mc\/mp3player_new.swf\" type=\"application\/x-shockwave-flash\"><param name=\"allowscriptaccess\" value=\"never\" \/><param name=\"wmode\" value=\"transparent\" \/><param name=\"flashvars\" value=\"config=http%3A%2F%2Fwww.indimusic.us%2Fext%2Fpc%2Fconfig_regular.xml&amp;mywidth=435&amp;myheight=270&amp;playlist_url=http%3A%2F%2Fwww.indimusic.us%2Floadplaylist.php%3Fplaylist%3D66029012%26t%3D1246144912&amp;wid=os\" \/><param name=\"src\" value=\"http:\/\/www.profileplaylist.net\/mc\/mp3player_new.swf\" \/><\/object><br \/>\n<a href=\"http:\/\/www.profileplaylist.net\"><img decoding=\"async\" src=\"http:\/\/www.profileplaylist.net\/mc\/images\/create_gray.jpg\" border=\"0\" alt=\"\" \/><\/a> <a href=\"http:\/\/www.mysocialgroup.com\/standalone\/66029012\" target=\"_blank\"><img decoding=\"async\" src=\"http:\/\/www.profileplaylist.net\/mc\/images\/launch_gray.jpg\" border=\"0\" alt=\"\" \/><\/a> <a href=\"http:\/\/www.mysocialgroup.com\/download\/66029012\"><img decoding=\"async\" src=\"http:\/\/www.profileplaylist.net\/mc\/images\/get_gray.jpg\" border=\"0\" alt=\"\" \/><\/a><\/div>\n<p>\u00a0<\/p>\n<p style=\"text-align: center\"><img loading=\"lazy\" decoding=\"async\" class=\"size-full wp-image-71        aligncenter\" src=\"http:\/\/blog.espol.edu.ec\/vkrivera\/files\/2009\/06\/separador.jpg\" alt=\"separador\" width=\"450\" height=\"61\" srcset=\"https:\/\/blog.espol.edu.ec\/vkrivera\/files\/2009\/06\/separador.jpg 450w, https:\/\/blog.espol.edu.ec\/vkrivera\/files\/2009\/06\/separador-300x40.jpg 300w\" sizes=\"auto, (max-width: 450px) 100vw, 450px\" \/><\/p>\n<p style=\"text-align: left\"><div id=\"polls-2\" class=\"wp-polls\">\n\t<form id=\"polls_form_2\" class=\"wp-polls-form\" action=\"\/index.php\" method=\"post\">\n\t\t<p style=\"display: none;\"><input type=\"hidden\" id=\"poll_2_nonce\" name=\"wp-polls-nonce\" value=\"c22c07bfc5\" \/><\/p>\n\t\t<p style=\"display: none;\"><input type=\"hidden\" name=\"poll_id\" value=\"2\" \/><\/p>\n\t\t<p style=\"text-align: center;\"><strong>\u00bfCu\u00e1l de estas canciones te gusta m\u00e1s?<\/strong><\/p><div id=\"polls-2-ans\" class=\"wp-polls-ans\"><ul class=\"wp-polls-ul\">\n\t\t<li><input type=\"radio\" id=\"poll-answer-3\" name=\"poll_2\" value=\"3\" \/> <label for=\"poll-answer-3\">No me doy por vencido<\/label><\/li>\n\t\t<li><input type=\"radio\" id=\"poll-answer-4\" name=\"poll_2\" value=\"4\" \/> <label for=\"poll-answer-4\">Aqu\u00ed estoy yo<\/label><\/li>\n\t\t<li><input type=\"radio\" id=\"poll-answer-5\" name=\"poll_2\" value=\"5\" \/> <label for=\"poll-answer-5\">Aunque est\u00e9s con \u00e9l<\/label><\/li>\n\t\t<\/ul><p style=\"text-align: center;\"><input type=\"button\" name=\"vote\" value=\"   Vote   \" class=\"Buttons\" onclick=\"poll_vote(2);\" onkeypress=\"poll_result(2);\" \/><\/p><p style=\"text-align: center;\"><a href=\"#ViewPollResults\" onclick=\"poll_result(2); return false;\" onkeypress=\"poll_result(2); return false;\" title=\"View Results Of This Poll\">View Results<\/a><\/p><\/div>\n\t<\/form>\n<\/div>\n<div id=\"polls-2-loading\" class=\"wp-polls-loading\"><img loading=\"lazy\" decoding=\"async\" src=\"https:\/\/blog.espol.edu.ec\/vkrivera\/wp-content\/plugins\/wp-polls\/images\/loading.gif\" width=\"16\" height=\"16\" alt=\"Cargando ...\" title=\"Cargando ...\" class=\"wp-polls-image\" \/>&nbsp;Cargando ...<\/div>\n<\/p>\n","protected":false},"excerpt":{"rendered":"<p>Este gran artista es uno de mis favoritos, sus canciones son simplemente maravillosas y en esta p\u00e1gina podr\u00e1n leer un poco m\u00e1s acerca de su vida y su carrera musical. Disfr\u00fatenlo!!! Su Biograf\u00eda Luis Alfonso Rodr\u00edguez L\u00f3pez naci\u00f3 el 15 de abril de 1978 en San Juan de Puerto Rico, actualemnte casado y con 31 [&hellip;]<\/p>\n","protected":false},"author":1635,"featured_media":0,"parent":53,"menu_order":1,"comment_status":"open","ping_status":"open","template":"","meta":{"footnotes":""},"class_list":["post-61","page","type-page","status-publish","hentry"],"_links":{"self":[{"href":"https:\/\/blog.espol.edu.ec\/vkrivera\/wp-json\/wp\/v2\/pages\/61","targetHints":{"allow":["GET"]}}],"collection":[{"href":"https:\/\/blog.espol.edu.ec\/vkrivera\/wp-json\/wp\/v2\/pages"}],"about":[{"href":"https:\/\/blog.espol.edu.ec\/vkrivera\/wp-json\/wp\/v2\/types\/page"}],"author":[{"embeddable":true,"href":"https:\/\/blog.espol.edu.ec\/vkrivera\/wp-json\/wp\/v2\/users\/1635"}],"replies":[{"embeddable":true,"href":"https:\/\/blog.espol.edu.ec\/vkrivera\/wp-json\/wp\/v2\/comments?post=61"}],"version-history":[{"count":9,"href":"https:\/\/blog.espol.edu.ec\/vkrivera\/wp-json\/wp\/v2\/pages\/61\/revisions"}],"predecessor-version":[{"id":91,"href":"https:\/\/blog.espol.edu.ec\/vkrivera\/wp-json\/wp\/v2\/pages\/61\/revisions\/91"}],"up":[{"embeddable":true,"href":"https:\/\/blog.espol.edu.ec\/vkrivera\/wp-json\/wp\/v2\/pages\/53"}],"wp:attachment":[{"href":"https:\/\/blog.espol.edu.ec\/vkrivera\/wp-json\/wp\/v2\/media?parent=61"}],"curies":[{"name":"wp","href":"https:\/\/api.w.org\/{rel}","templated":true}]}}