{"id":1,"date":"2009-04-06T12:26:26","date_gmt":"2009-04-06T16:26:26","guid":{"rendered":""},"modified":"2009-07-23T15:06:47","modified_gmt":"2009-07-23T20:06:47","slug":"about","status":"publish","type":"page","link":"https:\/\/blog.espol.edu.ec\/vlirtel\/","title":{"rendered":"Inicio"},"content":{"rendered":"<p style=\"text-align: center\"><span style=\"font-size: large\"><em>Bienvenidos al sitio web del Subcomponente de Telecomunicaciones del Componente 8 del Programa VLIR-ESPOL.<\/em><\/span><em><\/em><\/p>\n<h2>\u00c1reas de investigaci\u00f3n y desarrollo:<\/h2>\n<p>Comunicaciones inal\u00e1mbricas de banda ancha, <a rel=\"tag\" href=\"http:\/\/www.blogalaxia.com\/tags\/redes+de+datos\">redes de datos<\/a> , voz y multimedia sobre IP, teleservicios comunitarios, identificaci\u00f3n por radio frecuencia (<a rel=\"tag\" href=\"http:\/\/www.blogalaxia.com\/tags\/RFID\">RFID<\/a> ),\u00a0 modelamiento y simulaci\u00f3n de sistemas de telecomunicaciones.<\/p>\n<hr \/>\n<h2>Cont\u00e1ctenos:<\/h2>\n<p><strong>Telefono:<\/strong> +593 4 2269 954<\/p>\n<p><strong>Fax:<\/strong> +5934 2269 930<\/p>\n<p><strong>E-mail:<\/strong> <img loading=\"lazy\" decoding=\"async\" class=\"alignnone size-full wp-image-108\" src=\"http:\/\/blog.espol.edu.ec\/vlirtel\/files\/2009\/05\/email.gif\" alt=\"email\" width=\"139\" height=\"19\" \/><\/p>\n<p><strong>Campus Gustavo Galindo Velasco<\/strong><br \/>\nFacultad de Ingenier\u00eda en Electricidad y Computaci\u00f3n<br \/>\nAntiguo Laboratorio de Telecomunicaciones <em>\"Ing. Pedro Carl\u00f3 Paredes\"<\/em><br \/>\nKm. 30.5 Via Perimetral<br \/>\nApartado: 09-01-5863<br \/>\nGuayaquil - Ecuador<\/p>\n","protected":false},"excerpt":{"rendered":"<p>Bienvenidos al sitio web del Subcomponente de Telecomunicaciones del Componente 8 del Programa VLIR-ESPOL. \u00c1reas de investigaci\u00f3n y desarrollo: Comunicaciones inal\u00e1mbricas de banda ancha, redes de datos , voz y multimedia sobre IP, teleservicios comunitarios, identificaci\u00f3n por radio frecuencia (RFID ),\u00a0 modelamiento y simulaci\u00f3n de sistemas de telecomunicaciones. Cont\u00e1ctenos: Telefono: +593 4 2269 954 Fax: [&hellip;]<\/p>\n","protected":false},"author":1500,"featured_media":0,"parent":0,"menu_order":0,"comment_status":"open","ping_status":"open","template":"","meta":{"_monsterinsights_skip_tracking":false,"_monsterinsights_sitenote_active":false,"_monsterinsights_sitenote_note":"","_monsterinsights_sitenote_category":0,"footnotes":""},"class_list":["post-1","page","type-page","status-publish","hentry"],"aioseo_notices":[],"_links":{"self":[{"href":"https:\/\/blog.espol.edu.ec\/vlirtel\/wp-json\/wp\/v2\/pages\/1","targetHints":{"allow":["GET"]}}],"collection":[{"href":"https:\/\/blog.espol.edu.ec\/vlirtel\/wp-json\/wp\/v2\/pages"}],"about":[{"href":"https:\/\/blog.espol.edu.ec\/vlirtel\/wp-json\/wp\/v2\/types\/page"}],"author":[{"embeddable":true,"href":"https:\/\/blog.espol.edu.ec\/vlirtel\/wp-json\/wp\/v2\/users\/1500"}],"replies":[{"embeddable":true,"href":"https:\/\/blog.espol.edu.ec\/vlirtel\/wp-json\/wp\/v2\/comments?post=1"}],"version-history":[{"count":16,"href":"https:\/\/blog.espol.edu.ec\/vlirtel\/wp-json\/wp\/v2\/pages\/1\/revisions"}],"predecessor-version":[{"id":257,"href":"https:\/\/blog.espol.edu.ec\/vlirtel\/wp-json\/wp\/v2\/pages\/1\/revisions\/257"}],"wp:attachment":[{"href":"https:\/\/blog.espol.edu.ec\/vlirtel\/wp-json\/wp\/v2\/media?parent=1"}],"curies":[{"name":"wp","href":"https:\/\/api.w.org\/{rel}","templated":true}]}}