{"id":10,"date":"2009-04-06T15:48:14","date_gmt":"2009-04-06T20:48:14","guid":{"rendered":"http:\/\/blog.espol.edu.ec\/vlirtel\/?page_id=10"},"modified":"2009-05-07T21:18:59","modified_gmt":"2009-05-08T02:18:59","slug":"quienes-somos","status":"publish","type":"page","link":"https:\/\/blog.espol.edu.ec\/vlirtel\/quienes-somos\/","title":{"rendered":"\u00bfQui\u00e9nes somos?"},"content":{"rendered":"<p>Formamos parte de la ESPOL, para hacer parte del cumplimiento de su misi\u00f3n:\u00a0 <em>\"[...]hacer investigaci\u00f3n, transferencia de tecnolog\u00eda y extensi\u00f3n de calidad para servir a la sociedad.\" <\/em><\/p>\n<p><em><\/em>Nuestra labor de investigaci\u00f3n y desarrollo se lleva a cabo para complementar y transferir resultados hacia las carreras de la FIEC.<\/p>\n<p><a href=\"http:\/\/blog.espol.edu.ec\/vlirtel\/rebeca-estrada-pico\/\" target=\"_self\">Rebeca Estrada<\/a>, Copromotora del Subcomponente<\/p>\n<p>Investigadores:<\/p>\n<ul>\n<li><a href=\"http:\/\/blog.espol.edu.ec\/vlirtel\/gabriel-astudillo\/\" target=\"_self\">Gabriel Astudillo<\/a><\/li>\n<li><a href=\"http:\/\/blog.espol.edu.ec\/vlirtel\/jose-mauricio-vergara\/\" target=\"_self\">Jos\u00e9 Mauricio Vergara <\/a><\/li>\n<li><a href=\"http:\/\/blog.espol.edu.ec\/vlirtel\/jose-cordova-garcia\/\" target=\"_self\">Jos\u00e9 C\u00f3rdova Garc\u00eda<\/a><\/li>\n<\/ul>\n<p>Ayudantes y tesistas:<\/p>\n<ul>\n<li><a href=\"http:\/\/blog.espol.edu.ec\/vlirtel\/maria-isabel-mera\/\" target=\"_self\">Mar\u00eda Isabel Mera<\/a><\/li>\n<li><a href=\"http:\/\/blog.espol.edu.ec\/vlirtel\/jorge-luis-helguero\/\" target=\"_self\">Jorge Luis Helguero<\/a><\/li>\n<li><a href=\"http:\/\/blog.espol.edu.ec\/vlirtel\/juan-carlos-basurto\/\">Juan Carlos Basurto<\/a><\/li>\n<li>Evelyn Jim\u00e9nez<\/li>\n<\/ul>\n","protected":false},"excerpt":{"rendered":"<p>Formamos parte de la ESPOL, para hacer parte del cumplimiento de su misi\u00f3n:\u00a0 \"[...]hacer investigaci\u00f3n, transferencia de tecnolog\u00eda y extensi\u00f3n de calidad para servir a la sociedad.\" Nuestra labor de investigaci\u00f3n y desarrollo se lleva a cabo para complementar y transferir resultados hacia las carreras de la FIEC. Rebeca Estrada, Copromotora del Subcomponente Investigadores: Gabriel [&hellip;]<\/p>\n","protected":false},"author":1500,"featured_media":0,"parent":0,"menu_order":0,"comment_status":"open","ping_status":"open","template":"","meta":{"_monsterinsights_skip_tracking":false,"_monsterinsights_sitenote_active":false,"_monsterinsights_sitenote_note":"","_monsterinsights_sitenote_category":0,"footnotes":""},"class_list":["post-10","page","type-page","status-publish","hentry"],"aioseo_notices":[],"_links":{"self":[{"href":"https:\/\/blog.espol.edu.ec\/vlirtel\/wp-json\/wp\/v2\/pages\/10","targetHints":{"allow":["GET"]}}],"collection":[{"href":"https:\/\/blog.espol.edu.ec\/vlirtel\/wp-json\/wp\/v2\/pages"}],"about":[{"href":"https:\/\/blog.espol.edu.ec\/vlirtel\/wp-json\/wp\/v2\/types\/page"}],"author":[{"embeddable":true,"href":"https:\/\/blog.espol.edu.ec\/vlirtel\/wp-json\/wp\/v2\/users\/1500"}],"replies":[{"embeddable":true,"href":"https:\/\/blog.espol.edu.ec\/vlirtel\/wp-json\/wp\/v2\/comments?post=10"}],"version-history":[{"count":11,"href":"https:\/\/blog.espol.edu.ec\/vlirtel\/wp-json\/wp\/v2\/pages\/10\/revisions"}],"predecessor-version":[{"id":53,"href":"https:\/\/blog.espol.edu.ec\/vlirtel\/wp-json\/wp\/v2\/pages\/10\/revisions\/53"}],"wp:attachment":[{"href":"https:\/\/blog.espol.edu.ec\/vlirtel\/wp-json\/wp\/v2\/media?parent=10"}],"curies":[{"name":"wp","href":"https:\/\/api.w.org\/{rel}","templated":true}]}}