{"id":123,"date":"2009-05-06T20:28:44","date_gmt":"2009-05-07T01:28:44","guid":{"rendered":"http:\/\/blog.espol.edu.ec\/vlirtel\/?page_id=123"},"modified":"2009-05-08T07:03:33","modified_gmt":"2009-05-08T12:03:33","slug":"enlaces","status":"publish","type":"page","link":"https:\/\/blog.espol.edu.ec\/vlirtel\/enlaces\/","title":{"rendered":"Enlaces"},"content":{"rendered":"<table border=\"0\">\n<tbody>\n<tr>\n<td><a href=\"http:\/\/www.espol.edu.ec\" target=\"_blank\"><img loading=\"lazy\" decoding=\"async\" class=\"size-medium wp-image-128 alignnone\" src=\"http:\/\/blog.espol.edu.ec\/vlirtel\/files\/2009\/05\/espol1-300x299.png\" alt=\"Logo de la ESPOL\" width=\"114\" height=\"114\" srcset=\"https:\/\/blog.espol.edu.ec\/vlirtel\/files\/2009\/05\/espol1-300x299.png 300w, https:\/\/blog.espol.edu.ec\/vlirtel\/files\/2009\/05\/espol1-150x150.png 150w, https:\/\/blog.espol.edu.ec\/vlirtel\/files\/2009\/05\/espol1-1024x1022.png 1024w\" sizes=\"auto, (max-width: 114px) 100vw, 114px\" \/><\/a><\/p>\n<p><a href=\"http:\/\/fiec.espol.edu.ec\" target=\"_blank\"><img loading=\"lazy\" decoding=\"async\" class=\"alignnone size-full wp-image-136\" src=\"http:\/\/blog.espol.edu.ec\/vlirtel\/files\/2009\/05\/fiec.gif\" alt=\"Logo de la FIEC\" width=\"100\" height=\"41\" \/><\/a><\/td>\n<td><strong><a title=\"Escuela Superior Polit\u00e9cnica del Litoral\" href=\"http:\/\/www.espol.edu.ec\" target=\"_blank\">Escuela Superior Polit\u00e9cnica del Litoral (ESPOL)<\/a><\/strong><\/p>\n<ul>\n<li><a href=\"https:\/\/www.mail.espol.edu.ec\/horde\/imp\/login.php\" target=\"_blank\">Correo de la ESPOL<br \/>\n<\/a><\/li>\n<li><a href=\"http:\/\/www.calendario.espol.edu.ec\/\" target=\"_blank\">Calendario de la ESPOL<br \/>\n<\/a><\/li>\n<li><a href=\"http:\/\/www.youtube.com\/espol50\" target=\"_blank\">Canal en Youtube<\/a><\/li>\n<li><a href=\"http:\/\/www.focus.espol.edu.ec\/\" target=\"_blank\">Revista FOCUS<\/a><\/li>\n<li><a title=\"Facultad de Ingenier\u00eda en Electricidad y Computaci\u00f3n\" href=\"http:\/\/www.fiec.espol.edu.ec\" target=\"_blank\">Facultad de Ingenier\u00eda en Electricidad y Computaci\u00f3n (FIEC)<\/a><\/li>\n<li><a href=\"https:\/\/www.fiec.espol.edu.ec\/mail\/src\/login.php\" target=\"_blank\">Correo de la FIEC<\/a><\/li>\n<li><a href=\"https:\/\/nogal.fiec.espol.edu.ec\/\" target=\"_blank\">Sistema de Automatizaci\u00f3n de Tesis y Temarios (SATT)<\/a><\/li>\n<\/ul>\n<\/td>\n<\/tr>\n<tr>\n<td><a href=\"http:\/\/cicyt.espol.edu.ec\" target=\"_blank\"><\/a><\/p>\n<p style=\"text-align: center\"><a href=\"http:\/\/cicyt.espol.edu.ec\" target=\"_blank\"><img loading=\"lazy\" decoding=\"async\" class=\"alignnone size-full wp-image-133\" src=\"http:\/\/blog.espol.edu.ec\/vlirtel\/files\/2009\/05\/cicyt.gif\" alt=\"cicyt\" width=\"104\" height=\"114\" srcset=\"https:\/\/blog.espol.edu.ec\/vlirtel\/files\/2009\/05\/cicyt.gif 326w, https:\/\/blog.espol.edu.ec\/vlirtel\/files\/2009\/05\/cicyt-276x300.gif 276w\" sizes=\"auto, (max-width: 104px) 100vw, 104px\" \/><\/a><\/p>\n<\/td>\n<td><strong><a title=\"Centro de Investigaci\u00f3n Cient\u00edfica y Tecnol\u00f3gica\" href=\"http:\/\/www.cicyt.espol.edu.ec\" target=\"_blank\">Centro de Investigaci\u00f3n Cient\u00edfica y Tecnol\u00f3gica (CICYT)<\/a><\/strong><\/p>\n<p>Organismo encargado de promover, coordinar y evaluar la investigaci\u00f3n en la ESPOL.<\/p>\n<ul>\n<li><a href=\"http:\/\/www.rte.espol.edu.ec\/historialRevistas.php\" target=\"_blank\">Revista Tecnol\u00f3gica de la ESPOL<\/a><\/li>\n<li><a href=\"http:\/\/www.iyd.espol.edu.ec\/\" target=\"_blank\">Revista Investigaci\u00f3n y Desarrollo<\/a><\/li>\n<li><a href=\"http:\/\/www.cicyt.espol.edu.ec\/servletMenu?comando=formularios\" target=\"_blank\">Formularios<\/a><\/li>\n<\/ul>\n<\/td>\n<\/tr>\n<tr>\n<td>\n<p style=\"text-align: center\"><a href=\"http:\/\/www.ieee.org\" target=\"_blank\"><img loading=\"lazy\" decoding=\"async\" class=\"alignnone size-full wp-image-139\" src=\"http:\/\/blog.espol.edu.ec\/vlirtel\/files\/2009\/05\/ieee-logo.gif\" alt=\"ieee-logo\" width=\"113\" height=\"40\" srcset=\"https:\/\/blog.espol.edu.ec\/vlirtel\/files\/2009\/05\/ieee-logo.gif 478w, https:\/\/blog.espol.edu.ec\/vlirtel\/files\/2009\/05\/ieee-logo-300x106.gif 300w\" sizes=\"auto, (max-width: 113px) 100vw, 113px\" \/><\/a><\/p>\n<p style=\"text-align: center\"><a href=\"http:\/\/www.comsoc.org\" target=\"_blank\"><img loading=\"lazy\" decoding=\"async\" class=\"size-full wp-image-161 aligncenter\" src=\"http:\/\/blog.espol.edu.ec\/vlirtel\/files\/2009\/05\/comsoc_logo.gif\" alt=\"Logo de la COMSOC\" width=\"106\" height=\"27\" \/><\/a><\/p>\n<p style=\"text-align: center\"><a href=\"http:\/\/www.ieee.org\" target=\"_blank\"><br \/>\n<\/a><\/td>\n<td><strong><a title=\"Instituto de Ingenieros El\u00e9ctricos y Electr\u00f3nicos\" href=\"http:\/\/www.ieee.org\" target=\"_blank\">Instituto de Ingenieros El\u00e9ctricos y Electr\u00f3nicos (IEEE)<\/a><\/strong><\/p>\n<p>La asociaci\u00f3n profesional lider en el mundo para el avance de la tecnolog\u00eda, ofrece multiples herramientas y ventajas para los investigadores.<\/p>\n<ul>\n<li><a href=\"http:\/\/ieeexplore.ieee.org\/\" target=\"_blank\">IEEE Xplore (buscador especializado)<\/a><\/li>\n<li><a href=\"http:\/\/www.ieee.org\/portal\/myieee\/index.html\" target=\"_blank\">MyIEEE (p\u00e1gina de membres\u00eda)<\/a><\/li>\n<li><a href=\"https:\/\/www.ieeecommunities.org\/\" target=\"_blank\">IEEE Communities<\/a><\/li>\n<li><a href=\"http:\/\/www.comsoc.org\" target=\"_blank\">Sociedad de Comunicaciones del IEEE (COMSOC)<\/a><\/li>\n<li><a href=\"https:\/\/www.ieeecommunities.org\/\" target=\"_blank\">Sociedad de Computaci\u00f3n del IEEE (CS)<\/a><\/li>\n<li><a href=\"http:\/\/careers.ieee.org\/\" target=\"_blank\">IEEE Job Site<\/a><\/li>\n<\/ul>\n<\/td>\n<\/tr>\n<tr>\n<td>\n<p style=\"text-align: center\"><a href=\"http:\/\/www.istec.org\" target=\"_blank\"><img loading=\"lazy\" decoding=\"async\" class=\"size-full wp-image-149 aligncenter\" src=\"http:\/\/blog.espol.edu.ec\/vlirtel\/files\/2009\/05\/logo-istec-vertical.jpg\" alt=\"Logo del ISTEC\" width=\"100\" height=\"92\" \/><\/a><\/p>\n<\/td>\n<td><strong><a href=\"http:\/\/www.istec.org\" target=\"_blank\">Consorcio Iberoamericano de Educaci\u00f3n en Ciencia y Tecnolog\u00eda (ISTEC)<\/a><\/strong><\/p>\n<p>Organizaci\u00f3n internacional para fomentar la educaci\u00f3n en ciencia y tecnolog\u00eda en las Am\u00e9ricas y Pan\u00ednsula Ib\u00e9rica, proporcionando grandes beneficios para los miembros.<\/p>\n<ul>\n<li><a href=\"http:\/\/rdlabs.istec.org\/\" target=\"_blank\">R&amp;D Initiative<\/a><\/li>\n<li><a href=\"http:\/\/ictsd.istec.org\/Home.html\" target=\"_blank\">ICT for Social Development<\/a><\/li>\n<\/ul>\n<\/td>\n<\/tr>\n<tr>\n<td>\n<p style=\"text-align: center\"><a href=\"http:\/\/www.senacyt.gov.ec\/\" target=\"_blank\"><img loading=\"lazy\" decoding=\"async\" class=\"size-full wp-image-172 aligncenter\" src=\"http:\/\/blog.espol.edu.ec\/vlirtel\/files\/2009\/05\/logo_senacyt.jpg\" alt=\"Logo del Senacyt\" width=\"110\" height=\"47\" \/><br \/>\n<\/a><\/td>\n<td><strong><a href=\"http:\/\/www.senacyt.gov.ec\/\" target=\"_blank\">Secretar\u00eda Nacional de Ciencia y Tecnolog\u00eda (SENACYT)<\/a><\/strong><\/p>\n<p>El organismo estatal rector de la ciencia y la tecnolog\u00eda en el Ecuador.<\/p>\n<ul>\n<li><a href=\"http:\/\/cvlac.senacyt.gov.ec\/\" target=\"_self\">Cvlac (B\u00fasqueda de Investigadores)<\/a><\/li>\n<\/ul>\n<\/td>\n<\/tr>\n<\/tbody>\n<\/table>\n","protected":false},"excerpt":{"rendered":"<p>Escuela Superior Polit\u00e9cnica del Litoral (ESPOL) Correo de la ESPOL Calendario de la ESPOL Canal en Youtube Revista FOCUS Facultad de Ingenier\u00eda en Electricidad y Computaci\u00f3n (FIEC) Correo de la FIEC Sistema de Automatizaci\u00f3n de Tesis y Temarios (SATT) Centro de Investigaci\u00f3n Cient\u00edfica y Tecnol\u00f3gica (CICYT) Organismo encargado de promover, coordinar y evaluar la investigaci\u00f3n [&hellip;]<\/p>\n","protected":false},"author":15,"featured_media":0,"parent":0,"menu_order":5,"comment_status":"closed","ping_status":"open","template":"links.php","meta":{"_monsterinsights_skip_tracking":false,"_monsterinsights_sitenote_active":false,"_monsterinsights_sitenote_note":"","_monsterinsights_sitenote_category":0,"footnotes":""},"class_list":["post-123","page","type-page","status-publish","hentry"],"aioseo_notices":[],"_links":{"self":[{"href":"https:\/\/blog.espol.edu.ec\/vlirtel\/wp-json\/wp\/v2\/pages\/123","targetHints":{"allow":["GET"]}}],"collection":[{"href":"https:\/\/blog.espol.edu.ec\/vlirtel\/wp-json\/wp\/v2\/pages"}],"about":[{"href":"https:\/\/blog.espol.edu.ec\/vlirtel\/wp-json\/wp\/v2\/types\/page"}],"author":[{"embeddable":true,"href":"https:\/\/blog.espol.edu.ec\/vlirtel\/wp-json\/wp\/v2\/users\/15"}],"replies":[{"embeddable":true,"href":"https:\/\/blog.espol.edu.ec\/vlirtel\/wp-json\/wp\/v2\/comments?post=123"}],"version-history":[{"count":30,"href":"https:\/\/blog.espol.edu.ec\/vlirtel\/wp-json\/wp\/v2\/pages\/123\/revisions"}],"predecessor-version":[{"id":126,"href":"https:\/\/blog.espol.edu.ec\/vlirtel\/wp-json\/wp\/v2\/pages\/123\/revisions\/126"}],"wp:attachment":[{"href":"https:\/\/blog.espol.edu.ec\/vlirtel\/wp-json\/wp\/v2\/media?parent=123"}],"curies":[{"name":"wp","href":"https:\/\/api.w.org\/{rel}","templated":true}]}}