{"id":2,"date":"2011-06-09T17:24:52","date_gmt":"2011-06-09T17:24:52","guid":{"rendered":""},"modified":"2011-06-18T18:43:45","modified_gmt":"2011-06-18T18:43:45","slug":"about","status":"publish","type":"page","link":"https:\/\/blog.espol.edu.ec\/vvelarde\/about\/","title":{"rendered":"Qui\u00e9n soy"},"content":{"rendered":"<p style=\"text-align: center\">\ufeff\ufeff<a href=\"http:\/\/blog.espol.edu.ec\/vvelarde\/files\/2011\/06\/155222_1744108409391_1439167628_31861438_5887144_n.jpg\"><img loading=\"lazy\" decoding=\"async\" class=\"size-medium wp-image-13 aligncenter\" title=\"Iop\" src=\"http:\/\/blog.espol.edu.ec\/vvelarde\/files\/2011\/06\/155222_1744108409391_1439167628_31861438_5887144_n-300x266.jpg\" alt=\"\" width=\"300\" height=\"266\" srcset=\"https:\/\/blog.espol.edu.ec\/vvelarde\/files\/2011\/06\/155222_1744108409391_1439167628_31861438_5887144_n-300x266.jpg 300w, https:\/\/blog.espol.edu.ec\/vvelarde\/files\/2011\/06\/155222_1744108409391_1439167628_31861438_5887144_n.jpg 540w\" sizes=\"auto, (max-width: 300px) 100vw, 300px\" \/><\/a><\/p>\n<p style=\"text-align: left\">Mi nombre es Virginia Velarde, y podria empezar diciendoles k soy una persona que me rio de todooo o weno casi todo jejeje...!! Considero que una verdadera amistad es lo mejor que puede \u00a0cosechar y cultivar una persona, tolero muchas cosas pero lo que me desagrada son las personas \"que se creen 'EL ULTIMO BOLON DEL DESAYUNO' \" jejeje lo digo a manera de chiste pero la verdad es que es algo que me molesta bastante de alguien y bueno esto va ligado\u00a0tambi\u00e9n\u00a0a la falta de modestia.<\/p>\n<p style=\"text-align: left\">Mi deporte favorito es el volleyball, me encanta pasear y hacer comprar aunque en mucha de las ocasiones no puedo hacerlo realidad jejee<\/p>\n<p style=\"text-align: left\">Soy catolica y me gusta mucho hacer apostolado en estos momentos me estoy\u00a0dedicando a la gran labor de Catequesis de Primer Nivel de\u00a0Comuni\u00f3n\u00a0con \u00f1i\u00f1as de 8 y 9 a\u00f1os son un amor pero lo m\u00e1s bonito es servir a Cristo k fue el que dio su vida para salvarnos.<\/p>\n<p style=\"text-align: center\"><img loading=\"lazy\" decoding=\"async\" class=\"size-medium wp-image-14  aligncenter\" title=\"Grupo de Catequesis Primer Nivel de Comunion\" src=\"http:\/\/blog.espol.edu.ec\/vvelarde\/files\/2011\/06\/197488_1801796818586_1649801593_1786213_4334767_n-300x198.jpg\" alt=\"\" width=\"300\" height=\"198\" srcset=\"https:\/\/blog.espol.edu.ec\/vvelarde\/files\/2011\/06\/197488_1801796818586_1649801593_1786213_4334767_n-300x198.jpg 300w, https:\/\/blog.espol.edu.ec\/vvelarde\/files\/2011\/06\/197488_1801796818586_1649801593_1786213_4334767_n.jpg 720w\" sizes=\"auto, (max-width: 300px) 100vw, 300px\" \/><\/p>\n<p style=\"text-align: left\"><a href=\"http:\/\/blog.espol.edu.ec\/vvelarde\/files\/2011\/06\/the-big-bang-theory.jpg\"><img loading=\"lazy\" decoding=\"async\" class=\"alignleft size-medium wp-image-34\" title=\"the-big-bang-theory\" src=\"http:\/\/blog.espol.edu.ec\/vvelarde\/files\/2011\/06\/the-big-bang-theory-249x300.jpg\" alt=\"\" width=\"249\" height=\"300\" srcset=\"https:\/\/blog.espol.edu.ec\/vvelarde\/files\/2011\/06\/the-big-bang-theory-249x300.jpg 249w, https:\/\/blog.espol.edu.ec\/vvelarde\/files\/2011\/06\/the-big-bang-theory-851x1024.jpg 851w, https:\/\/blog.espol.edu.ec\/vvelarde\/files\/2011\/06\/the-big-bang-theory.jpg 1164w\" sizes=\"auto, (max-width: 249px) 100vw, 249px\" \/><\/a>Me gusta mucho la serie THE BING BANG THEORY\", \"THE SIMPSONS\",\u00a0\"DRAKE &amp; JOSH\" esta ultima en particular me encanta, \"RAVEN\", y bueno la mayoria de la serie OIE!! de Teleamazonas.<\/p>\n<p style=\"text-align: left\"><a href=\"http:\/\/blog.espol.edu.ec\/vvelarde\/files\/2011\/06\/5.jpg\"><img loading=\"lazy\" decoding=\"async\" class=\"alignright size-medium wp-image-35\" title=\"5\" src=\"http:\/\/blog.espol.edu.ec\/vvelarde\/files\/2011\/06\/5-258x300.jpg\" alt=\"\" width=\"258\" height=\"300\" srcset=\"https:\/\/blog.espol.edu.ec\/vvelarde\/files\/2011\/06\/5-258x300.jpg 258w, https:\/\/blog.espol.edu.ec\/vvelarde\/files\/2011\/06\/5.jpg 322w\" sizes=\"auto, (max-width: 258px) 100vw, 258px\" \/><\/a><\/p>\n<p style=\"text-align: left\">\n<p style=\"text-align: left\">\n<p style=\"text-align: left\">\n<p style=\"text-align: left\">\n<p style=\"text-align: left\">\n<p style=\"text-align: left\">\n<p style=\"text-align: left\">\n<p style=\"text-align: left\">Las pel\u00edculas son mi fascinaci\u00f3n siempre que puedo compro una pelicula o me voy al cine es por eso la finalidad de este blog para los fanaticos de ver peliculas se van a enterar de los ultimos detalles y acontecimientos de Hollywood, Peliculas de estreno.<\/p>\n<p style=\"text-align: left\">Un blog es es un\u00a0<a title=\"Sitio web\" href=\"http:\/\/es.wikipedia.org\/wiki\/Sitio_web\">sitio web<\/a> peri\u00f3dicamente actualizado que recopila cronol\u00f3gicamente\u00a0<a title=\"Texto\" href=\"http:\/\/es.wikipedia.org\/wiki\/Texto\">textos<\/a> o\u00a0<a title=\"Art\u00edculo\" href=\"http:\/\/es.wikipedia.org\/wiki\/Art%C3%ADculo\">art\u00edculos<\/a> de uno o varios autores, apareciendo primero el m\u00e1s reciente, donde el\u00a0<a title=\"Autor\" href=\"http:\/\/es.wikipedia.org\/wiki\/Autor\">autor<\/a> conserva siempre la libertad de dejar publicado lo que crea pertinente.<\/p>\n<p style=\"text-align: left\">Entonces para los faticos a las peliculas no dejen de visitar mi blog y hacer regar la noticia....<\/p>\n<p style=\"text-align: left\">Un saludo<\/p>\n<p style=\"text-align: left\">Besos a todos<\/p>\n","protected":false},"excerpt":{"rendered":"<p>\ufeff\ufeff Mi nombre es Virginia Velarde, y podria empezar diciendoles k soy una persona que me rio de todooo o weno casi todo jejeje...!! Considero que una verdadera amistad es lo mejor que puede \u00a0cosechar y cultivar una persona, tolero muchas cosas pero lo que me desagrada son las personas \"que se creen 'EL ULTIMO [&hellip;]<\/p>\n","protected":false},"author":6370,"featured_media":0,"parent":0,"menu_order":0,"comment_status":"open","ping_status":"open","template":"","meta":{"footnotes":""},"class_list":["post-2","page","type-page","status-publish","hentry"],"_links":{"self":[{"href":"https:\/\/blog.espol.edu.ec\/vvelarde\/wp-json\/wp\/v2\/pages\/2","targetHints":{"allow":["GET"]}}],"collection":[{"href":"https:\/\/blog.espol.edu.ec\/vvelarde\/wp-json\/wp\/v2\/pages"}],"about":[{"href":"https:\/\/blog.espol.edu.ec\/vvelarde\/wp-json\/wp\/v2\/types\/page"}],"author":[{"embeddable":true,"href":"https:\/\/blog.espol.edu.ec\/vvelarde\/wp-json\/wp\/v2\/users\/6370"}],"replies":[{"embeddable":true,"href":"https:\/\/blog.espol.edu.ec\/vvelarde\/wp-json\/wp\/v2\/comments?post=2"}],"version-history":[{"count":4,"href":"https:\/\/blog.espol.edu.ec\/vvelarde\/wp-json\/wp\/v2\/pages\/2\/revisions"}],"predecessor-version":[{"id":11,"href":"https:\/\/blog.espol.edu.ec\/vvelarde\/wp-json\/wp\/v2\/pages\/2\/revisions\/11"}],"wp:attachment":[{"href":"https:\/\/blog.espol.edu.ec\/vvelarde\/wp-json\/wp\/v2\/media?parent=2"}],"curies":[{"name":"wp","href":"https:\/\/api.w.org\/{rel}","templated":true}]}}