{"id":2,"date":"2010-05-25T19:09:25","date_gmt":"2010-05-25T19:09:25","guid":{"rendered":""},"modified":"2010-11-05T12:22:29","modified_gmt":"2010-11-05T17:22:29","slug":"about","status":"publish","type":"page","link":"https:\/\/blog.espol.edu.ec\/wasanlop2707\/about\/","title":{"rendered":"Sobre mi"},"content":{"rendered":"<p><a href=\"http:\/\/blog.espol.edu.ec\/wasanlop2707\/files\/2010\/11\/Imagen005.jpg\"><img loading=\"lazy\" decoding=\"async\" class=\"aligncenter size-medium wp-image-79\" title=\"Imagen005\" src=\"http:\/\/blog.espol.edu.ec\/wasanlop2707\/files\/2010\/11\/Imagen005-225x300.jpg\" alt=\"\" width=\"225\" height=\"300\" srcset=\"https:\/\/blog.espol.edu.ec\/wasanlop2707\/files\/2010\/11\/Imagen005-225x300.jpg 225w, https:\/\/blog.espol.edu.ec\/wasanlop2707\/files\/2010\/11\/Imagen005.jpg 240w\" sizes=\"auto, (max-width: 225px) 100vw, 225px\" \/><\/a><\/p>\n<p>Me llamo andres lopez tengo 21 a\u00f1os<br \/>\nSoltero<br \/>\nme gusta los videos juegos me gusta bailar tambien jugar la maquina de baile pump it up. Vivo en Guayaquil-Ecuador (en el centro de la ciudad) estudio en la Escuela Superior Politecnica, mi facultad es el Instituto de Ciencias Matem\u00e1ticas... la carrera de auditor\u00eda , vivo con mi mam\u00e1 y mi hermano mayor. Y mis intereses son\u00a0terminar mi carrera y hacer que la comunidad polit\u00e9cnica se interese en jugar\u00a0 pump it up.<\/p>\n<p><object width=\"480\" height=\"385\"><param name=\"movie\" value=\"http:\/\/www.youtube.com\/v\/kGVwWHFX01M?fs=1&amp;hl=es_ES&amp;color1=0x006699&amp;color2=0x54abd6\"><\/param><param name=\"allowFullScreen\" value=\"true\"><\/param><param name=\"allowscriptaccess\" value=\"always\"><\/param><embed src=\"http:\/\/www.youtube.com\/v\/kGVwWHFX01M?fs=1&amp;hl=es_ES&amp;color1=0x006699&amp;color2=0x54abd6\" type=\"application\/x-shockwave-flash\" allowscriptaccess=\"always\" allowfullscreen=\"true\" width=\"480\" height=\"385\"><\/embed><\/object><\/p>\n","protected":false},"excerpt":{"rendered":"<p>Me llamo andres lopez tengo 21 a\u00f1os Soltero me gusta los videos juegos me gusta bailar tambien jugar la maquina de baile pump it up. Vivo en Guayaquil-Ecuador (en el centro de la ciudad) estudio en la Escuela Superior Politecnica, mi facultad es el Instituto de Ciencias Matem\u00e1ticas... la carrera de auditor\u00eda , vivo con [&hellip;]<\/p>\n","protected":false},"author":3983,"featured_media":0,"parent":0,"menu_order":0,"comment_status":"open","ping_status":"open","template":"","meta":{"footnotes":""},"class_list":["post-2","page","type-page","status-publish","hentry"],"_links":{"self":[{"href":"https:\/\/blog.espol.edu.ec\/wasanlop2707\/wp-json\/wp\/v2\/pages\/2","targetHints":{"allow":["GET"]}}],"collection":[{"href":"https:\/\/blog.espol.edu.ec\/wasanlop2707\/wp-json\/wp\/v2\/pages"}],"about":[{"href":"https:\/\/blog.espol.edu.ec\/wasanlop2707\/wp-json\/wp\/v2\/types\/page"}],"author":[{"embeddable":true,"href":"https:\/\/blog.espol.edu.ec\/wasanlop2707\/wp-json\/wp\/v2\/users\/3983"}],"replies":[{"embeddable":true,"href":"https:\/\/blog.espol.edu.ec\/wasanlop2707\/wp-json\/wp\/v2\/comments?post=2"}],"version-history":[{"count":7,"href":"https:\/\/blog.espol.edu.ec\/wasanlop2707\/wp-json\/wp\/v2\/pages\/2\/revisions"}],"predecessor-version":[{"id":82,"href":"https:\/\/blog.espol.edu.ec\/wasanlop2707\/wp-json\/wp\/v2\/pages\/2\/revisions\/82"}],"wp:attachment":[{"href":"https:\/\/blog.espol.edu.ec\/wasanlop2707\/wp-json\/wp\/v2\/media?parent=2"}],"curies":[{"name":"wp","href":"https:\/\/api.w.org\/{rel}","templated":true}]}}