{"id":28,"date":"2010-08-09T14:55:46","date_gmt":"2010-08-09T19:55:46","guid":{"rendered":"http:\/\/blog.espol.edu.ec\/wasanlop2707\/?page_id=28"},"modified":"2010-08-09T14:55:57","modified_gmt":"2010-08-09T19:55:57","slug":"historia","status":"publish","type":"page","link":"https:\/\/blog.espol.edu.ec\/wasanlop2707\/historia\/","title":{"rendered":"Historia"},"content":{"rendered":"<p>Pump It Up es una serie de videojuegos arcade de simulaci\u00f3n de baile lanzado por Andamiro en 1999. Consta de una m\u00e1quina con una pantalla, altavoces y luces conectada a un tablero en el suelo. Este tablero tiene dos tubos en la parte trasera donde los jugadores pueden sujetarse y diez sensores con dibujos de flechas donde los jugadores ponen los pies al ritmo de la m\u00fasica siguiendo los pasos que se muestran en la pantalla.<\/p>\n<p>En la pantalla aparece un destellante ne\u00f3n con todas las flechas y adem\u00e1s, flechas de colores que se\u00f1alan que sensores son los que de deben pisar y el orden para pisarlos, incluyendo un video que sirve tanto como apoyo visual de la canci\u00f3n, como un medio de distraer al jugador.<\/p>\n<p>Modalidades de juego<\/p>\n<p>Las modalidades de juego en versi\u00f3n hasta \"The Prex\" son Normal, Hard, Crazy(que se llam\u00f3 Extra Expert en la versi\u00f3n EXTRA), Double, Battle y Non-Stop Remix. \u00c9sta \u00faltima incluye remixes de las canciones ya incluidas, las cuales son mucho m\u00e1s dif\u00edciles en relaci\u00f3n al original y duran aproximadamente el doble que una canci\u00f3n com\u00fan.<\/p>\n<p>Las modalidades de juego en versi\u00f3n \"The Prex\" en adelante son Normal, Hard, Crazy, Battle, Double o Freestyle, Nightmare y Half-Double. Normal, Hard y Crazy son distintas dificultades de juego ultilizando un solo lado del tablero. En Freestyle y Nightmare un s\u00f3lo jugador utiliza el tablero completo. La modalidad Battle aparece en vez de Freestyle o Nightmare si hay dos personas jugando, y consiste en un juego de enfrentamiento donde gana el jugador con mayor puntuaci\u00f3n. En las \u00faltimas versiones del juego, \u00e9sta modalidad ha sido sustituida por Combo Battle, donde gana el jugador que ejecute el mayor combo. Al finalizar cada ronda de juego, se muestran en la pantalla las estad\u00edsticas de cada jugador y sus calificaciones, que pueden ser F, D, C, B, A, S,S (siendo F la m\u00ednima calificaci\u00f3n y S la m\u00e1xima) dependiendo de los puntos adquiridos en la canci\u00f3n. Las modalidades de juego en versi\u00f3n \"Exceed\" en adelante ya no se basan en dificultades, sino en estaciones: Arcade Station: Aqu\u00ed est\u00e1n las canciones de siempre, subdivididas en 4 canales: BanYa Channel: Contiene todas las canciones compuestas por \"BanYa\" (Beethoven virus, Winter, Solitary 2, etc). Pop Channel: Contiene canciones del tipo hip hop, salsa y pop internacionales. K-Pop Channel: Contiene temas exclusivamente en Coreano New Tunnes:Conteniendo las canciones nuevas que han salido en esa versi\u00f3n de Pump It Up(Este canal hizo su primera aparici\u00f3n en la NX New Xenesis) . Siguiendo con las estaciones: Remix Station: Contiene muchos remixes de canciones, extremadamente dif\u00edciles y largas. Algunos temas duran hasta el cu\u00e1druple de una canci\u00f3n com\u00fan. Battle Station: S\u00f3lo disponible con 2 jugadores, contiene temas adaptados para batallas. Luego de esto, se elige la canci\u00f3n y reci\u00e9n luego se elige la dificultad: Normal, Hard, Crazy, (si se est\u00e1 jugando de a 2, y Freestyle y Nightmare si se juega de a 1).<\/p>\n<p>En la versi\u00f3n \"Zero\" desaparece el modo \"Battle Station\" y se a\u00f1aden las modalidades de \"Remix Station\" y \"Mission Station\", el cual consta en jugar canciones espec\u00edficas con ciertos objetivos, para as\u00ed, habilitar contenido adicional.<\/p>\n<p>En la versi\u00f3n \"New Xenesis\" existen el tradicional Arcade Station, un modo de juego similar a la versi\u00f3n \"The Prex 3\", el Special Zone, donde se pueden elegir canciones cuya duraci\u00f3n es m\u00e1s larga, y donde se pueden elegir \"another steps\", que son canciones elegibles en Arcade Station, con pasos distintos, el Training Station, donde el jugador puede mejorar sus habilidades con canciones dise\u00f1adas para ese prop\u00f3sito, y el World Tour, el equivalente al \"Mission Station\" en la versi\u00f3n Zero.<\/p>\n<p>En la versi\u00f3n \"Next Xenesis (NX2)\", desaparece el World Tour por el World Max, donde simula ser un mundo virtual de la Pump It Up, dividido en varios reinos, donde se encuentran las canciones seleccionadas para cada reino (Full Songs, Remixies y Canciones del Arcade Station), donde la misma m\u00e1quina escoje el modo en que debe bailar el jugador, y el mismo jugador obtiene puntos si logra pasar la misi\u00f3n.<\/p>\n<p>En la version \"Fiesta\", desaparece el World Tour por el Mision Zone y aparece el Skill Up Zone<br \/>\nVersiones del software de la m\u00e1quina<br \/>\nPump It Up 1st Dance Floor<\/p>\n<p>Fecha de Salida: Octubre de 1999 Disponible para: Sistema Arcade MKI<br \/>\nPump It Up 2nd Dance Floor<\/p>\n<p>Fecha de Salida: Diciembre de 1999 Disponible para: Sistema Arcade MKI<br \/>\nPump It Up 3rd Dance Floor : The O.B.G.<\/p>\n<p>Fecha de Salida: Mayo de 2000 Disponible para: Sistema Arcade MKI<br \/>\nO.B.G. SE (Season Evolution)<\/p>\n<p>Fecha de Salida: Septiembre de 2000 Disponible para: Sistema Arcade MK3<br \/>\nThe Collection<\/p>\n<p>Fecha de Salida: Noviembre de 2000 Disponible para: Sistema Arcade MK3<br \/>\nPerfect Collection<\/p>\n<p>Fecha de Salida: Diciembre de 2000 Disponible para: Sistema Arcade MK3\/Pc<br \/>\nExtra<\/p>\n<p>Fecha de Salida: Febrero de 2001 Disponible para: ssistema Arcade MK3 y UMB2<br \/>\nThe Premiere<\/p>\n<p>Fecha de Salida: Junio de 2001 Disponible para: Sistema Arcade MK3<br \/>\nThe Prex<\/p>\n<p>Fecha de Salida: Noviembre de 2001 Disponible para: Sistema Arcade MK3<br \/>\nRebirth<\/p>\n<p>Fecha de Salida: Enero de 2002 Disponible para: Sistema Arcade MK3<br \/>\nThe Premiere 2<\/p>\n<p>Fecha de Salida: Marzo de 2002 Disponible para: Sistema Arcade MK3<br \/>\nThe Prex 2<\/p>\n<p>Fecha de Salida: Noviembre de 2002 Disponible para: Sistema Arcade MK3<br \/>\nPremiere 3<\/p>\n<p>Fecha de Salida: Mayo de 2003 Disponible para: Sistema Arcade MK3<br \/>\nThe Prex 3<\/p>\n<p>Fecha de Salida: Octubre de 2003 Disponible para: Sistema Arcade MKIII\/MKV - PC<br \/>\nExceed<\/p>\n<p>Fecha de Salida: Abril de 2004 Disponible para: Sistema Arcade MK5<\/p>\n<p>La singularidad que presentaba esta nueva versi\u00f3n de la m\u00e1quina es esplendida.<br \/>\nExceed 2<\/p>\n<p>Fecha de Salida: Diciembre de 2004 Disponible para para: Sistema Arcade MK5<br \/>\nPump It Up Exceed S.E.<\/p>\n<p>Fecha de Salida: Agosto de 2005 Disponible para: Xbox y Playstation 2 Con 99 canciones y se pod\u00eda desbloquear el tema Canon D<br \/>\nZero<\/p>\n<p>Fecha de Salida: Febrero de 2006 Disponible para: Sistema Arcade MK5\/MK6<br \/>\nExceed Portable<\/p>\n<p>Fecha de Salida 2006 Disponible para PSP<br \/>\nNew Xenesis\/NX<\/p>\n<p>Fecha de salida: Febrero de 2007 Disponible para: Sistema Arcade MK6\/MK5<br \/>\nZero Portable<\/p>\n<p>Fecha de salida 24 octubre de 2007 Disponible para PSP<br \/>\nNX2\/Next Xenesis<\/p>\n<p>Fecha de salida: Diciembre de 2007 Disponible para: Sistema Arcade MK6<br \/>\nNA\/Absolute<\/p>\n<p>Fecha de salida: Diciembre de 2008 Disponible para: Sistema Arcade MK6\/9<br \/>\nFiesta<\/p>\n<p>Fecha de salida: 5 de Marzo de 2010 Disponible para: Sistema Arcade MK6\/9<br \/>\nLista de nuevas canciones en modo Arcade Station en la Fiesta<\/p>\n<p>    * X-Tree - Yahpp<\/p>\n<p>    * Sorceress Elise - Yahpp<\/p>\n<p>    * Xenesis - BanYa Production<\/p>\n<p>    * Airiang - BanYa Production<\/p>\n<p>    * Do It Reggae Style - BanYa Production<\/p>\n<p>    * Turkey March Minimal Tunes - BanYa Production<\/p>\n<p>    * Hello William - BanYa Production<\/p>\n<p>    * Mission Possible -Blowback- - BanYa Production<\/p>\n<p>    * Pumping Jumping - BanYa Production<\/p>\n<p>    * Get Up And Go! - BanYa Production<\/p>\n<p>    * TEK: Club Copenhagen - BanYa Production<\/p>\n<p>    * Phantom Intermezzo - BanYa Production<\/p>\n<p>    * Betrayer - Act. 2- - Msgoon<\/p>\n<p>    * Fire - 2NE1<\/p>\n<p>    * By Chance - Baby V.O.X<\/p>\n<p>    * Good Life - Drunken Tiger<\/p>\n<p>    * Superfine - Drunken Tiger<\/p>\n<p>    * Exciting - Dinamic Duo<\/p>\n<p>    * Wanna - Kara<\/p>\n<p>    * Innocent - Koyote<\/p>\n<p>    * To The Sky - Lexy<\/p>\n<p>    * Enjoy! Enjoy! - Mugadang<\/p>\n<p>    * Big Beat - NOW!<\/p>\n<p>    * The Angel Who Lost Wings - Roo'ra<\/p>\n<p>    * Twist King - Turbo<\/p>\n<p>    * Vacuum - Doin<\/p>\n<p>    * U Got 2 Know - Max<\/p>\n<p>    * Destination - SHK<\/p>\n<p>    * 80's Pop - Energy Present<\/p>\n<p>    * No Rhyme No Reason - LTJ X-Perience<\/p>\n<p>    * Narcisista Por Excelencia - PXNDX<\/p>\n<p>FULL SONGS AND REMIX STYLE<\/p>\n<p>    * Fire - 2NE1<\/p>\n<p>    * Wanna - Kara<\/p>\n<p>    * Deja Vu- Som2<\/p>\n<p>    * Dawn Of The Apocalypse - Vassline<\/p>\n<p>    * Narcisista Por Excelencia - PXNDX<\/p>\n<p>    * History: We Are The Zest - Msgoon (enter the dragon + we are + miztake + don,t bother me)<\/p>\n<p>    * B.P Classic Remix 1 - BanYa Production (hello william + get up and go + xenesis<\/p>\n<p>    * B.P Classic Remix 2 - BanYa Production ( xenesis + csikos post + moonlight)<\/p>\n<p>    * BanYa Production Hard Core Rock Remix - BanYa Production (dawn of the apocalypse + dignity)<\/p>\n<p>    * PaPa HelloIzing - BanYa Production (papa gonzalez + blazing + hello)<\/p>\n<p>    * Set Me Up2 Mix - BanYa Production (dance with me + set me up)<\/p>\n<p>    * Msgoon RMX Pt. 5 - Msgoon (toccata + pump jump + top city + maria )<\/p>\n<p>    * Msgoon RMX Pt. 7 - Msgoon (do it + chocolate)<\/p>\n<p>    * K-Pop Old&amp;New Remix - BanYa Production (innocent + starian + go)<\/p>\n<p>    * Pump It Up With You - Msgoon (nx2 next xenesis opening + the exceed 2 opening Raw + the prex 3 opening + zero opening + rebith opening + the exceed opening + nx new xenesis opening)<\/p>\n<p> Listado Oficial de Todas las Canciones de las Versiones Anteriores<\/p>\n<p>From 1st Dance Floor:<\/p>\n<p>    * Clon - Funky Tonight<\/p>\n<p>    * Novasonic - Another Truth<\/p>\n<p>    * Novasonic - Hatred<\/p>\n<p>From 2nd Dance Floor:<\/p>\n<p>    * BanYa - Extravaganza<\/p>\n<p>    * BanYa - Final Audition<\/p>\n<p>    * Sechskies - Com'Back<\/p>\n<p>    * Sechskies - Mobius Strip<\/p>\n<p>From The OBG:<\/p>\n<p>    * BanYa - Close Your Eyes<\/p>\n<p>    * BanYa - Final Audition 2<\/p>\n<p>    * BanYa - Free Style<\/p>\n<p>    * BanYa - Naissance<\/p>\n<p>    * BanYa - Nightmare<\/p>\n<p>    * BanYa - Pumping Up<\/p>\n<p>    * BanYa - She Likes Pizza<\/p>\n<p>    * BanYa - Turkey March<\/p>\n<p>    * Deux - We Are<\/p>\n<p>    * Tashannie - Don't Bother Me<\/p>\n<p>From The OBG: Season Evolution:<\/p>\n<p>    * BanYa - Betrayer<\/p>\n<p>    * BanYa - First Love<\/p>\n<p>    * BanYa - Mr. Larpus<\/p>\n<p>    * BanYa - Oh! Rosa<\/p>\n<p>    * BanYa - Solitary<\/p>\n<p>    * Novasonic - Run!<\/p>\n<p>From The Perfect Collection:<\/p>\n<p>    * BanYa - Beethoven Virus<\/p>\n<p>    * BanYa - N<\/p>\n<p>    * BanYa - Pump Jump<\/p>\n<p>    * BanYa - Rolling Christmas<\/p>\n<p>    * Novasonic - Slam<\/p>\n<p>From Extra:<\/p>\n<p>    * BanYa - Chicken Wing<\/p>\n<p>    * BanYa - Final Audition Episode 1<\/p>\n<p>    * Duke - Starian<\/p>\n<p>    * U'Two - Mistake<\/p>\n<p>From The Premiere 2\/Rebirth:<\/p>\n<p>    * BanYa - Csikos Post<\/p>\n<p>    * BanYa - Dance With Me<\/p>\n<p>    * BanYa - Dr. M<\/p>\n<p>    * BanYa - Emperor<\/p>\n<p>    * BanYa - My Way<\/p>\n<p>    * BanYa - Love is a Danger Zone<\/p>\n<p>    * BanYa - Maria<\/p>\n<p>    * BanYa - Miss's Story<\/p>\n<p>    * BanYa - My Way<\/p>\n<p>    * BanYa - Oy Oy Oy<\/p>\n<p>    * BanYa - Point Break<\/p>\n<p>    * BanYa - Set Me Up<\/p>\n<p>    * BanYa - Street Showdown<\/p>\n<p>    * BanYa - Till the End of Time<\/p>\n<p>    * BanYa - Vook<\/p>\n<p>    * BanYa - We Will Meet Again<\/p>\n<p>    * BanYa - Will O The Wisp<\/p>\n<p>    * BanYa - Winter<\/p>\n<p>From The Premiere 3:<\/p>\n<p>    * BanYa - Beat of the War<\/p>\n<p>    * BanYa - Bee<\/p>\n<p>    * BanYa - D Gang<\/p>\n<p>    * BanYa - Hello<\/p>\n<p>From The Prex 3:<\/p>\n<p>    * BanYa - Come to Me<\/p>\n<p>    * Novasonic - Empire of the Sun<\/p>\n<p>From Exceed:<\/p>\n<p>    * BanYa - Blazing<\/p>\n<p>    * BanYa - Final Audition 3 U.F<\/p>\n<p>    * BanYa - Get Up!<\/p>\n<p>    * BanYa - Monkey Fingers<\/p>\n<p>    * BanYa - Naissance 2<\/p>\n<p>    * BanYa - Pump Me Amadeus<\/p>\n<p>    * BanYa - X-Treme<\/p>\n<p>    * Crash - Dignity<\/p>\n<p>    * Crash - What Do U Really Want?<\/p>\n<p>    * U;Nee - Go<\/p>\n<p>From Exceed 2:<\/p>\n<p>    * 1TYM - Hot<\/p>\n<p>    * BanYa - Canon-D<\/p>\n<p>    * BanYa - Hi-Bi<\/p>\n<p>    * BanYa - J-Bong<\/p>\n<p>    * BanYa - Solitary 2<\/p>\n<p>    * Lee Hyun Do - Sajahu<\/p>\n<p>    * Som2 - Deja-Vu<\/p>\n<p>    * Wax - I'll Give You All My Love<\/p>\n<p>From Zero:<\/p>\n<p>    * BanYa - Beat of the War 2<\/p>\n<p>    * BanYa - Love is a Danger Zone 2<\/p>\n<p>    * BanYa - Moonlight<\/p>\n<p>    * BanYa - Papa Gonzales<\/p>\n<p>    * BanYa - Phantom<\/p>\n<p>    * BanYa - Witch Doctor<\/p>\n<p>    * Cho PD - My Friend<\/p>\n<p>    * JTL - Enter the Dragon<\/p>\n<p>    * Perry - Storm<\/p>\n<p>    * Spooky Banana - Mr. Fire Fighter<\/p>\n<p>From Next Xenesis:<\/p>\n<p>    * BanYa Production - Gun Rock<\/p>\n<p>    * BanYa Production - Ugly Dee<\/p>\n<p>    * DJ DOC - One Night<\/p>\n<p>    * DJ Dookie - Hybs<\/p>\n<p>    * Epik High - Fly<\/p>\n<p>    * Gyfted - We Goin' Fly Remix<\/p>\n<p>    * Sam-I-Am - Haley<\/p>\n<p>    * Yahpp - Chimera<\/p>\n<p>    * Yahpp - Final Audition Episode 2-1<\/p>\n<p>    * Yahpp - Final Audition Episode 2-2<\/p>\n<p>From Next Xenesis 2:<\/p>\n<p>    * 015B - Very Old Couples<\/p>\n<p>    * BanYa Production - Beat the Ghost<\/p>\n<p>    * BanYa Production - Caprice of Otada<\/p>\n<p>    * BanYa Production - Higgledy Piggledy<\/p>\n<p>    * BanYa Production - Jam O Beat<\/p>\n<p>    * Elpis - Dance Vibrations<\/p>\n<p>    * HEaDTriP - Beat # No. 4<\/p>\n<p>    * Oscillator X - Dance Vibrations<\/p>\n<p>    * Sonic Dimension - Chopstix<\/p>\n<p>    * Sonic Dimension - Groovin' Motion<\/p>\n<p>    * Yahpp - Faster Z<\/p>\n<p>    * Yahpp - Pumptris Quattro<\/p>\n<p>    * Yahpp - Solitary 1.5<\/p>\n<p>    * ZiGZaG - Energizer<\/p>\n<p>From NX Absolute:<\/p>\n<p>    * 45RPM - Slightly<\/p>\n<p>    * Banana Girl - Chocolate<\/p>\n<p>    * BanYa Production - DJ Otada<\/p>\n<p>    * BanYa Production - K.O.A ~Alice in Wonderland~<\/p>\n<p>    * BanYa Production - My Dreams<\/p>\n<p>    * BanYa Production - The People Didn't Know<\/p>\n<p>    * BanYa Production - Toccata<\/p>\n<p>    * Big Bang - La La La<\/p>\n<p>    * Big Metra - Panuelito Rojo<\/p>\n<p>    * DJ Missill - Forward<\/p>\n<p>    * Eun Ji Won - Adios<\/p>\n<p>    * Gyfted - Crazy<\/p>\n<p>    * House Rulez - Do It!<\/p>\n<p>    * Jang Na Ra - Bad Character<\/p>\n<p>    * Lee Jeong Hyun - Come On!<\/p>\n<p>    * Namola Family - Only You<\/p>\n<p>    * Nina Pilots - Digan lo que Digan<\/p>\n<p>    * Pxndx - Procedimientos Para Llegar a un Acuerdo<\/p>\n<p>    * Sam-I-Am - Uprock<\/p>\n<p>    * S.E.S - I Am Your Girl<\/p>\n<p>    * Super Junior M - U<\/p>\n<p>    * Thaide &amp; Lil V - Pump Breakers<\/p>\n<p>    * Vassline - Dawn of the Apocalypse<\/p>\n<p>    * Wang Lee Hom - Change Myself<\/p>\n<p>    * Yahpp - Blaze Emotion<\/p>\n<p>    * Yahpp - Cannon X.1<\/p>\n<p>    * Yahpp - Chopsticks Challenge<\/p>\n<p>    * Yahpp - Final Audition Episode 2-X<\/p>\n<p>    * Yoo Seung Jun - Breakin' Love<\/p>\n<p>Special Songs<\/p>\n<p>Remix<\/p>\n<p>    * Faep1 &amp; Chicken Wing Remix (final audition episode 1 + chicken wing)<\/p>\n<p>    * Treme-Vook of the War Remix (x-treme + vook + beat of the war)<\/p>\n<p>    * Banya Hip-hop Remix (hate + free style + midnight blue)<\/p>\n<p>    * Love is a danger zone - Try to B.P.M (love is a danger zone 2)<\/p>\n<p>    * K-Pop Dance Remix (one night + fly)<\/p>\n<p>    * Groove Party Remix (funky tonight + don't bother me)<\/p>\n<p>    * Wi-Ex Doc-Va (witch doctor + extravaganza)<\/p>\n<p>    * Bemera (bee + chimera)<\/p>\n<p>    * BanYa-P Guitar Remix (gun rock + phantom + beat the ghost + guitar man)<\/p>\n<p>    * Money Fingers (monkey fingers + money)<\/p>\n<p>    * 45rpm &amp; Eun Ji Won Remix (adios + slightly)<\/p>\n<p>    * The People Didn't Know \"Pumping Up\" (the people didn't know + pumping up)<\/p>\n<p>    * Caprice of DJ Otada (caprice of otada + dj otada)<\/p>\n<p>    * Nina Pxndx Remix (digan lo que digan + procedimientos para llegar a un comun acuerdo)<\/p>\n<p>    * Big Metra Remix (panuelito rojo + trato de no trabarme)<\/p>\n<p>    * Novasonic Mix ver. 3 (another truth + slam)<\/p>\n<p>    * Turkey Virus (turkey march + beethoven virus)<\/p>\n<p>    * msgoon RMX pt. 1 (jam o beat + beat # no. 4)<\/p>\n<p>    * msgoon RMX pt. 3 (winter + beethoven virus)<\/p>\n<p>Full Songs<\/p>\n<p>    * Dignity<\/p>\n<p>    * Canon-D<\/p>\n<p>    * Love is a Danger Zone 2<\/p>\n<p>    * Beat of the War 2<\/p>\n<p>    * Fly<\/p>\n<p>    * Chopsticks Challenge<\/p>\n<p>    * La La La<\/p>\n<p>    * Panuelito Rojo<\/p>\n<p>    * Procedimientos Para Llegar A Un Comun Acuerdo<\/p>\n<p>    * Forward<\/p>\n<p>    * Slightly<\/p>\n<p>    * Digan Lo Que Digan<\/p>\n<p>*Trato De No trabarme<\/p>\n<p>    * Enter the Dragon<\/p>\n<p>    * Beat # No. 4<\/p>\n<p>Nuevo sistema de juego Fiesta<\/p>\n<p>Estilo de step de PUMP IT UP FIESTA esta dise\u00f1ada con dos modalidades: principiantes(Modo B\u00e1sico) y los jugadores habituales(Modo \"Full\").<\/p>\n<p>Hay 4 dificultades como Modo B\u00e1sico, EASY, NORMAL, HARD Y VERY HARD.<\/p>\n<p>[ EASY ] Es para los principiantes con dificultad de 1~2 [ NORMAL ] Es para los jugadores intermedios con dificultad de 3~4. [ HARD ] Es para los jugadores que quieren jugar m\u00e1s con steps dificiles con dificultad de 5~7. [ VERY HARD ] Es para los jugadores que quieren jugar con step el nivel m\u00e1s alto.<\/p>\n<p>Hay 4 estilos como Single, Double, Single Performance y Double Performance y se puede jugar con varias dificultades de steps.<\/p>\n<p>[ SINGLE ] Se juega en un solo panel. [ DOUBLE ] Se juega en dos paneles con steps m\u00e1s dificiles. [ SINGLE PERFORMANCE ] Se juega con steps adecuados en un solo panel para freestyle. [ DOUBLE PERFORMANCE ] Se juega con steps adecuados en dos paneles, los pasos intercalan entren ambos como en el modo Single Performance (freestyle) pero esta pensado para dos jugadores simultaneos debido a la exigencia de los pasos.<\/p>\n<p>Sistema<\/p>\n<p>Basic Mode<\/p>\n<p>Inventado para disfrutar varios metodos para jugadores principiantes y avanzados. La interfaz general de FIESTA est\u00e1 compuesta de 50 canciones con niveles razonables para jugadores principiantes. Est\u00e1 dise\u00f1ado para jugar como si fuera la primera vez en PIU.<\/p>\n<p>El metodo de la interfaz general est\u00e1 compuesto de 3 etapas, la de selecci\u00f3n de canci\u00f3n, la de dificultad y la de velocidad. Estas pueden ser regresadas a la anterior presionando las flechas \u2196 o \u2197.<\/p>\n<p>Full Mode<\/p>\n<p>El uso de USB permite disfrutar de la totalidad de las modalidades en PIU FIESTA, as\u00ed como guardar puntajes. Al jugar, se obtiene EXPERIENCE POINTS, los que cada cierta cantidad otorgan un \"LEVEL UP\" al USB (Actualmente se puede llegar como m\u00e1ximo hasta Lv.5, para subir de ese l\u00edmite se espera una actualizaci\u00f3n del Piu USB Manager -PumBi-). Se espera que con mayores niveles se obtengan recompensas como nuevas canciones, nuevos efectos, etc.<\/p>\n<p>Los modos habilitados con USB, son los siguientes :<\/p>\n<p>    * Skill Up! Zone : Misiones clasificadas seg\u00fan el tipo de pasos (Ej : Twists, Drill, Stairs, etc.)<\/p>\n<p>    * Mission! Zone : Una interface distinta, vendr\u00eda reemplazando al World Max(NX2-NXA). Algunas misiones tienen \"Floors\", y cada floor superior agrega dificultad a la condici\u00f3n del piso anterior<\/p>\n<p>Ejemplo-&gt;(Floor1 : Complete con A --- Floor 2 : Complete con A, Complete con 300+ de Combo).<\/p>\n<p>    * Music Train : \"Packs\" de canciones que se juegan una tras otra. Antes de escoger se puede escuchar las canciones que los packs traen (llevan nombres independientes a las canciones).<\/p>\n<p>Comando para cambiar a Full Mode: \u2199\u2196\u25a1\u2197\u2198\u2197\u25a1\u2196\u2199 (175939571). La conexi\u00f3n previa de un USB libera autom\u00e1ticamente el Full Mode.<br \/>\n[editar] WPF<\/p>\n<p>El WPF (World Pump It Up Festival) es un Evento Mundial en el cual se reunen los mejores jugadores del mundo con el fin de competir. El pase al WPF se da despu\u00e9s de que en cada pa\u00eds se haya realizado un Nacional. De este evento nacional salen los representantes a las diferentes categor\u00edas oficiales para el WPF\/Mundial (Speed Masculino, Speed Femenino, y Freestyle \u00f3 Performance).<\/p>\n<p>Los ganadores del WPF2007 celebrado en M\u00e9xico fueron:<\/p>\n<p>Categor\u00eda Speed Masculino<\/p>\n<p>   1. Alejandro R\u00edos, Chile \"Xuma\"<br \/>\n   2. Carlos Enrique Monar Orme\u00f1o, Ecuador \"Kike\"<br \/>\n   3. Clubb Dredd ,USA<\/p>\n<p>Categor\u00eda Speed Femenino<\/p>\n<p>   1. Shien Shio Sua, Taiwan - \"AMY\"<br \/>\n   2. Nayeli Garc\u00eda Arag\u00f3n, M\u00e9xico - \"Naiie\"<br \/>\n   3. Celia Escudero, Chile - \"Celia\"<\/p>\n<p>Categor\u00eda Freestyle<\/p>\n<p>   1. Kim Dae Cheon y Kim Gi Seok, Korea<br \/>\n   2. Lee Cein y Suo Kyoung Suk, Korea<br \/>\n   3. Andres y Sofia Rivadeneira, Ecuador - \"Garotos\"<\/p>\n<p>Jueces Freestyle<\/p>\n<p>   1. Overdeath, Corea<br \/>\n   2. Wity, Argentina<br \/>\n   3. Korel, Colombia<br \/>\n   4. Jinzo (Fabricio Gil), Ecuador<br \/>\n   5. Chanklas, M\u00e9xico<br \/>\n   6. Miu, Brazil<br \/>\n   7. Janice, Corea<\/p>\n<p>Lamentablemente no se realiz\u00f3 en 2008, pero se realizaron eventos regionales &amp; nacionales de cada pa\u00eds participante. Tampoco se realizo en el 2009, ni habr\u00e1 en el 2010, el WPF del 2011 esta asegurado<\/p>\n","protected":false},"excerpt":{"rendered":"<p>Pump It Up es una serie de videojuegos arcade de simulaci\u00f3n de baile lanzado por Andamiro en 1999. Consta de una m\u00e1quina con una pantalla, altavoces y luces conectada a un tablero en el suelo. Este tablero tiene dos tubos en la parte trasera donde los jugadores pueden sujetarse y diez sensores con dibujos de [&hellip;]<\/p>\n","protected":false},"author":3983,"featured_media":0,"parent":0,"menu_order":0,"comment_status":"open","ping_status":"open","template":"","meta":{"footnotes":""},"class_list":["post-28","page","type-page","status-publish","hentry"],"_links":{"self":[{"href":"https:\/\/blog.espol.edu.ec\/wasanlop2707\/wp-json\/wp\/v2\/pages\/28","targetHints":{"allow":["GET"]}}],"collection":[{"href":"https:\/\/blog.espol.edu.ec\/wasanlop2707\/wp-json\/wp\/v2\/pages"}],"about":[{"href":"https:\/\/blog.espol.edu.ec\/wasanlop2707\/wp-json\/wp\/v2\/types\/page"}],"author":[{"embeddable":true,"href":"https:\/\/blog.espol.edu.ec\/wasanlop2707\/wp-json\/wp\/v2\/users\/3983"}],"replies":[{"embeddable":true,"href":"https:\/\/blog.espol.edu.ec\/wasanlop2707\/wp-json\/wp\/v2\/comments?post=28"}],"version-history":[{"count":2,"href":"https:\/\/blog.espol.edu.ec\/wasanlop2707\/wp-json\/wp\/v2\/pages\/28\/revisions"}],"predecessor-version":[{"id":30,"href":"https:\/\/blog.espol.edu.ec\/wasanlop2707\/wp-json\/wp\/v2\/pages\/28\/revisions\/30"}],"wp:attachment":[{"href":"https:\/\/blog.espol.edu.ec\/wasanlop2707\/wp-json\/wp\/v2\/media?parent=28"}],"curies":[{"name":"wp","href":"https:\/\/api.w.org\/{rel}","templated":true}]}}