{"id":48,"date":"2011-11-01T15:57:41","date_gmt":"2011-11-01T15:57:41","guid":{"rendered":"http:\/\/blog.espol.edu.ec\/wavila\/?page_id=48"},"modified":"2011-11-08T16:30:45","modified_gmt":"2011-11-08T16:30:45","slug":"tabu","status":"publish","type":"page","link":"https:\/\/blog.espol.edu.ec\/wavila\/tabu\/","title":{"rendered":"TABOO NAT GEO."},"content":{"rendered":"<p><a href=\"http:\/\/www.natgeo.tv\/ec\/especiales\/taboo\/\" target=\"_blank\">Natgeo Taboo<\/a> es uno de los programas en el cual se basan en algunos temas sobre tabues.<\/p>\n<p>Taboo es una que se estren\u00f3 en 2002 en el programa National geographic. El programa es una mirada educativa en Tabu los rituales y las tradiciones se practican en algunas sociedades, sin embargo, prohibidas e ilegales en otros.<\/p>\n<p>Cada hora detalles episodio largo de un tema espec\u00edfico, como el matrimonio o los ritos de iniciaci\u00f3n, y explora c\u00f3mo estos temas son vistos en todo el mundo en general.<\/p>\n<p><a href=\"http:\/\/blog.espol.edu.ec\/wavila\/files\/2011\/11\/taboo1.jpg\"><img loading=\"lazy\" decoding=\"async\" class=\"aligncenter size-full wp-image-76\" title=\"taboo1\" src=\"http:\/\/blog.espol.edu.ec\/wavila\/files\/2011\/11\/taboo1.jpg\" alt=\"\" width=\"205\" height=\"288\" \/><\/a><\/p>\n<p>Aqui en mi blog he hablado acerca de algunos taboos, espero que les guste!!!<\/p>\n<p><a href=\"http:\/\/blog.espol.edu.ec\/wavila\/files\/2011\/11\/taboo2.jpg\"><img loading=\"lazy\" decoding=\"async\" class=\"aligncenter size-medium wp-image-77\" title=\"taboo2\" src=\"http:\/\/blog.espol.edu.ec\/wavila\/files\/2011\/11\/taboo2-208x300.jpg\" alt=\"\" width=\"208\" height=\"300\" srcset=\"https:\/\/blog.espol.edu.ec\/wavila\/files\/2011\/11\/taboo2-208x300.jpg 208w, https:\/\/blog.espol.edu.ec\/wavila\/files\/2011\/11\/taboo2.jpg 404w\" sizes=\"auto, (max-width: 208px) 100vw, 208px\" \/><\/a><\/p>\n<p><a href=\"http:\/\/blog.espol.edu.ec\/wavila\/files\/2011\/11\/taboo3.jpg\"><img loading=\"lazy\" decoding=\"async\" class=\"aligncenter size-medium wp-image-78\" title=\"taboo3\" src=\"http:\/\/blog.espol.edu.ec\/wavila\/files\/2011\/11\/taboo3-300x168.jpg\" alt=\"\" width=\"300\" height=\"168\" srcset=\"https:\/\/blog.espol.edu.ec\/wavila\/files\/2011\/11\/taboo3-300x168.jpg 300w, https:\/\/blog.espol.edu.ec\/wavila\/files\/2011\/11\/taboo3.jpg 530w\" sizes=\"auto, (max-width: 300px) 100vw, 300px\" \/><\/a><\/p>\n<p><a href=\"http:\/\/blog.espol.edu.ec\/wavila\/files\/2011\/11\/taboo4.jpg\"><img loading=\"lazy\" decoding=\"async\" class=\"aligncenter size-full wp-image-79\" title=\"taboo4\" src=\"http:\/\/blog.espol.edu.ec\/wavila\/files\/2011\/11\/taboo4.jpg\" alt=\"\" width=\"200\" height=\"200\" srcset=\"https:\/\/blog.espol.edu.ec\/wavila\/files\/2011\/11\/taboo4.jpg 200w, https:\/\/blog.espol.edu.ec\/wavila\/files\/2011\/11\/taboo4-150x150.jpg 150w\" sizes=\"auto, (max-width: 200px) 100vw, 200px\" \/><\/a><\/p>\n","protected":false},"excerpt":{"rendered":"<p>Natgeo Taboo es uno de los programas en el cual se basan en algunos temas sobre tabues. Taboo es una que se estren\u00f3 en 2002 en el programa National geographic. El programa es una mirada educativa en Tabu los rituales y las tradiciones se practican en algunas sociedades, sin embargo, prohibidas e ilegales en otros. [&hellip;]<\/p>\n","protected":false},"author":6898,"featured_media":0,"parent":0,"menu_order":0,"comment_status":"open","ping_status":"open","template":"","meta":{"footnotes":""},"class_list":["post-48","page","type-page","status-publish","hentry"],"_links":{"self":[{"href":"https:\/\/blog.espol.edu.ec\/wavila\/wp-json\/wp\/v2\/pages\/48","targetHints":{"allow":["GET"]}}],"collection":[{"href":"https:\/\/blog.espol.edu.ec\/wavila\/wp-json\/wp\/v2\/pages"}],"about":[{"href":"https:\/\/blog.espol.edu.ec\/wavila\/wp-json\/wp\/v2\/types\/page"}],"author":[{"embeddable":true,"href":"https:\/\/blog.espol.edu.ec\/wavila\/wp-json\/wp\/v2\/users\/6898"}],"replies":[{"embeddable":true,"href":"https:\/\/blog.espol.edu.ec\/wavila\/wp-json\/wp\/v2\/comments?post=48"}],"version-history":[{"count":6,"href":"https:\/\/blog.espol.edu.ec\/wavila\/wp-json\/wp\/v2\/pages\/48\/revisions"}],"predecessor-version":[{"id":63,"href":"https:\/\/blog.espol.edu.ec\/wavila\/wp-json\/wp\/v2\/pages\/48\/revisions\/63"}],"wp:attachment":[{"href":"https:\/\/blog.espol.edu.ec\/wavila\/wp-json\/wp\/v2\/media?parent=48"}],"curies":[{"name":"wp","href":"https:\/\/api.w.org\/{rel}","templated":true}]}}