{"id":81,"date":"2011-11-08T17:51:48","date_gmt":"2011-11-08T17:51:48","guid":{"rendered":"http:\/\/blog.espol.edu.ec\/wavila\/?page_id=81"},"modified":"2011-11-08T17:59:37","modified_gmt":"2011-11-08T17:59:37","slug":"%c2%bfque-es-un-tabue","status":"publish","type":"page","link":"https:\/\/blog.espol.edu.ec\/wavila\/%c2%bfque-es-un-tabue\/","title":{"rendered":"\u00bfQUE ES UN TABUE?"},"content":{"rendered":"<p>\u009eDesigna a una conducta, actividad o costumbre prohibida por una sociedad, grupo humano o religi\u00f3n, es decir, es la prohibici\u00f3n de algo natural, de contenido religioso, econ\u00f3mico, pol\u00edtico, social o cultural por una raz\u00f3n no justificada o injustificable. Romper un tab\u00fa es considerado como una falta imperdonable por la sociedad que lo impone. Algunos tab\u00faes son, en efecto, delitos castigados por la\u00a0ley, en este sentido, los tab\u00faes son antecedentes directos del\u00a0derecho. Hay tab\u00faes fuertemente incorporados a las tradiciones de ciertas culturas, mientras otros responden a intereses pol\u00edticos.<\/p>\n<p><a href=\"http:\/\/blog.espol.edu.ec\/wavila\/files\/2011\/11\/taboo5.jpg\"><img loading=\"lazy\" decoding=\"async\" class=\"aligncenter size-medium wp-image-82\" title=\"taboo5\" src=\"http:\/\/blog.espol.edu.ec\/wavila\/files\/2011\/11\/taboo5-257x300.jpg\" alt=\"\" width=\"257\" height=\"300\" srcset=\"https:\/\/blog.espol.edu.ec\/wavila\/files\/2011\/11\/taboo5-257x300.jpg 257w, https:\/\/blog.espol.edu.ec\/wavila\/files\/2011\/11\/taboo5.jpg 300w\" sizes=\"auto, (max-width: 257px) 100vw, 257px\" \/><\/a>En las agrupaciones primitivas los comportamientos causativos de una reacci\u00f3n tribal eran aquellos que ofend\u00edan el tab\u00fa m\u00e1gico, esto es, las prohibiciones vigentes en la tribu oriundas de supersticiones, hechicer\u00edas y costumbres ancestrales, en las que los magos o sacerdotes -siempre al servicio de los poderosos- eran sus veladores. No hay en estas agrupaciones humanas primitivas un concepto destacado de lo que hoy estimamos como delito, pues las violaciones de los tab\u00faes m\u00e1gicos ten\u00edan m\u00e1s bien la naturaleza de lo que las religiones positivas han considerado pecado. Las sanciones que segu\u00edan a la violaci\u00f3n del tab\u00fa ten\u00edan tambi\u00e9n car\u00e1cter religioso, ya que consist\u00edan en la privaci\u00f3n de los poderes protectores de los dioses de la comunidad. Empero, en aquellos primitivos tiempos, se observa ya que lo que hoy denominamos delito era un hecho efectuado individualmente y que por implicar una violaci\u00f3n de las costumbres lesionaba las normas prohibitivas de la comunidad tribal constitutivas del tab\u00fa.<\/p>\n<p><a href=\"http:\/\/blog.espol.edu.ec\/wavila\/files\/2011\/11\/taboo61.jpg\"><img loading=\"lazy\" decoding=\"async\" class=\"aligncenter size-medium wp-image-84\" title=\"taboo6\" src=\"http:\/\/blog.espol.edu.ec\/wavila\/files\/2011\/11\/taboo61-300x199.jpg\" alt=\"\" width=\"300\" height=\"199\" srcset=\"https:\/\/blog.espol.edu.ec\/wavila\/files\/2011\/11\/taboo61-300x199.jpg 300w, https:\/\/blog.espol.edu.ec\/wavila\/files\/2011\/11\/taboo61.jpg 560w\" sizes=\"auto, (max-width: 300px) 100vw, 300px\" \/><\/a>El comportamiento punible era oriundo de h\u00e1bitos y supersticiones, usanzas y ritos; estaba considerado como una ruptura de la paz interna o externa del clan; e imperaba en su concepci\u00f3n un acusado de car\u00e1cter religioso sacerdotal de colectiva defensa f\u00edsica, objetiva y ciega de los principios ancestrales en que se fundaba la propia existencia de cada tribu o colectividad.<\/p>\n<p><a href=\"http:\/\/blog.espol.edu.ec\/wavila\/files\/2011\/11\/taboo9.jpg\"><img loading=\"lazy\" decoding=\"async\" class=\"aligncenter size-medium wp-image-85\" title=\"taboo9\" src=\"http:\/\/blog.espol.edu.ec\/wavila\/files\/2011\/11\/taboo9-300x168.jpg\" alt=\"\" width=\"300\" height=\"168\" srcset=\"https:\/\/blog.espol.edu.ec\/wavila\/files\/2011\/11\/taboo9-300x168.jpg 300w, https:\/\/blog.espol.edu.ec\/wavila\/files\/2011\/11\/taboo9.jpg 578w\" sizes=\"auto, (max-width: 300px) 100vw, 300px\" \/><\/a><\/p>\n<p>Bueno para terminar les dejo aqui una presentacion de power point sobre TABUES:<\/p>\n<div style=\"width:425px\" id=\"__ss_10074686\"> <strong><a href=\"http:\/\/www.slideshare.net\/williamavilaaguilar\/tabues\" title=\"Tabues\" target=\"_blank\">Tabues<\/a><\/strong> <iframe loading=\"lazy\" src=\"http:\/\/www.slideshare.net\/slideshow\/embed_code\/10074686\" width=\"425\" height=\"355\" frameborder=\"0\"><\/iframe> <\/p>\n<div style=\"padding:5px 0 12px\"> View more <a href=\"http:\/\/www.slideshare.net\/\" target=\"_blank\">presentations<\/a> from <a href=\"http:\/\/www.slideshare.net\/williamavilaaguilar\" target=\"_blank\">William Aguilar<\/a> <\/div>\n<\/p><\/div>\n","protected":false},"excerpt":{"rendered":"<p>\u009eDesigna a una conducta, actividad o costumbre prohibida por una sociedad, grupo humano o religi\u00f3n, es decir, es la prohibici\u00f3n de algo natural, de contenido religioso, econ\u00f3mico, pol\u00edtico, social o cultural por una raz\u00f3n no justificada o injustificable. Romper un tab\u00fa es considerado como una falta imperdonable por la sociedad que lo impone. Algunos tab\u00faes [&hellip;]<\/p>\n","protected":false},"author":6898,"featured_media":0,"parent":0,"menu_order":0,"comment_status":"open","ping_status":"open","template":"","meta":{"footnotes":""},"class_list":["post-81","page","type-page","status-publish","hentry"],"_links":{"self":[{"href":"https:\/\/blog.espol.edu.ec\/wavila\/wp-json\/wp\/v2\/pages\/81","targetHints":{"allow":["GET"]}}],"collection":[{"href":"https:\/\/blog.espol.edu.ec\/wavila\/wp-json\/wp\/v2\/pages"}],"about":[{"href":"https:\/\/blog.espol.edu.ec\/wavila\/wp-json\/wp\/v2\/types\/page"}],"author":[{"embeddable":true,"href":"https:\/\/blog.espol.edu.ec\/wavila\/wp-json\/wp\/v2\/users\/6898"}],"replies":[{"embeddable":true,"href":"https:\/\/blog.espol.edu.ec\/wavila\/wp-json\/wp\/v2\/comments?post=81"}],"version-history":[{"count":2,"href":"https:\/\/blog.espol.edu.ec\/wavila\/wp-json\/wp\/v2\/pages\/81\/revisions"}],"predecessor-version":[{"id":87,"href":"https:\/\/blog.espol.edu.ec\/wavila\/wp-json\/wp\/v2\/pages\/81\/revisions\/87"}],"wp:attachment":[{"href":"https:\/\/blog.espol.edu.ec\/wavila\/wp-json\/wp\/v2\/media?parent=81"}],"curies":[{"name":"wp","href":"https:\/\/api.w.org\/{rel}","templated":true}]}}