{"id":86,"date":"2009-11-21T11:26:16","date_gmt":"2009-11-21T16:26:16","guid":{"rendered":"http:\/\/blog.espol.edu.ec\/wcarofil\/?page_id=86"},"modified":"2009-11-22T12:02:31","modified_gmt":"2009-11-22T17:02:31","slug":"recetas-de-mariscos","status":"publish","type":"page","link":"https:\/\/blog.espol.edu.ec\/wcarofil\/recetas-de-mariscos\/","title":{"rendered":"REcetAS DE MAriscOS"},"content":{"rendered":"<h3><span style=\"color: #0000ff\"><span style=\"text-decoration: underline\">CEVICHE DE CAMARON<\/span><\/span><\/h3>\n<h3><span style=\"color: #0000ff\"><\/p>\n<p class=\"MsoNormal\" style=\"margin: 0cm 0cm 10pt\"><span style=\"font-size: 20pt;font-family: Amienne\"><span style=\"color: #0000ff\">\u00a0Ingredientes<\/span><\/span><\/p>\n<p class=\"MsoNormal\" style=\"margin: 0cm 0cm 10pt\"><span style=\"font-size: 20pt;font-family: Amienne\"><span style=\"color: #0000ff\">1 libra de\u00a0 camar\u00f3n<br \/>\n1 cebolla grande perla<br \/>\n1 tomate grande<br \/>\n1 lata peque\u00f1a de pasta de tomate (si no tienes usa salsa de tomate)<br \/>\n1 lim\u00f3n grande<br \/>\n2\u00a0 naranjas<br \/>\nAceite 2 cucharadas<\/span><\/span><\/p>\n<p class=\"MsoNormal\" style=\"margin: 0cm 0cm 10pt\"><span style=\"font-size: 20pt;font-family: Amienne\"><span style=\"color: #0000ff\">Preparaci\u00f3n<\/span><\/span><\/p>\n<p class=\"MsoNormal\" style=\"margin: 0cm 0cm 10pt\"><span style=\"color: #0000ff\"><span style=\"font-size: 20pt;font-family: Amienne\">Poner en una olla los camarones despu\u00e9s de haberlos lavado y calentarlos al fuego hasta que se tornen medio rojitos, para luego poner en un taz\u00f3n. Despu\u00e9s debes preparar la cebolla perla con el tomate , agregar el lim\u00f3n, cuando ya est\u00e9 preparado\u00a0 agregarlos a los camarones y luego poner el jugo de naranja, la pasta de tomate, 3 cucharaditas, la sal, el aceite\u00a0 y un poco de cilantro picado revolverlo bien\u00a0 dejar en reposo un momento para luego servir, con canguil, tostado, o chifles.<\/span><\/span><\/p>\n<p>\u00a0<\/p>\n<p>\u00a0<\/p>\n<div>\n<h3><img loading=\"lazy\" decoding=\"async\" class=\"alignnone size-full wp-image-87\" src=\"http:\/\/blog.espol.edu.ec\/wcarofil\/files\/2009\/11\/ceviche1.jpg\" alt=\"ceviche1\" width=\"421\" height=\"300\" srcset=\"https:\/\/blog.espol.edu.ec\/wcarofil\/files\/2009\/11\/ceviche1.jpg 421w, https:\/\/blog.espol.edu.ec\/wcarofil\/files\/2009\/11\/ceviche1-300x213.jpg 300w\" sizes=\"auto, (max-width: 421px) 100vw, 421px\" \/><\/h3>\n<\/div>\n<p>\u00a0<\/p>\n<p>\u00a0<\/p>\n<p><\/span><\/h3>\n<h3><span style=\"color: #0000ff\"><span style=\"text-decoration: underline\"><span style=\"color: #33cccc\">SOPA DE MARISCOS<\/span><\/span><\/span><\/p>\n<div><span style=\"color: #0000ff\"><span style=\"font-size: 18pt;font-family: Amienne\"><span style=\"color: #33cccc\">Ingredientes <\/span><\/span><\/span><\/div>\n<div>\n<div><span style=\"color: #0000ff\"><span style=\"font-size: 18pt;font-family: Amienne\"><span style=\"color: #33cccc\">\u2022 150 g de camarones<\/span><\/span><\/span><\/div>\n<\/div>\n<div><span style=\"color: #0000ff\"><span style=\"font-size: 18pt;font-family: Amienne\"><span style=\"color: #33cccc\">\u2022 250 g de almejas<\/span><\/span><\/span><\/div>\n<p>\u00a0<\/p>\n<p>\u00a0<\/p>\n<div><span style=\"color: #0000ff\"><span style=\"font-size: 18pt;font-family: Amienne\"><span style=\"color: #33cccc\">\u2022 250 g de mejillones<\/span><\/span><\/span><\/div>\n<div><span style=\"color: #0000ff\"><span style=\"font-size: 18pt;font-family: Amienne\"><\/span><\/span><span style=\"font-size: 18pt;font-family: Amienne\"><span style=\"color: #33cccc\">\u2022 150 g de calamar troceado<\/span><\/span><\/div>\n<p class=\"MsoNormal\" style=\"margin: 0cm 0cm 6pt\"><span style=\"font-size: 18pt;font-family: Amienne\"><span style=\"color: #33cccc\">\u2022 150 g de rape(preparado de tabaco molido, lo puedes sustituir con un poco de man\u00ed)<\/span><\/span><\/p>\n<p class=\"MsoNormal\" style=\"margin: 0cm 0cm 6pt\"><span style=\"font-size: 18pt;font-family: Amienne\"><span style=\"color: #33cccc\">\u2022 1 cebolla mediana<\/span><\/span><\/p>\n<p class=\"MsoNormal\" style=\"margin: 0cm 0cm 6pt\"><span style=\"font-size: 18pt;font-family: Amienne\"><span style=\"color: #33cccc\">\u2022 1 tomate rojo maduro<\/span><\/span><\/p>\n<p class=\"MsoNormal\" style=\"margin: 0cm 0cm 6pt\"><span style=\"font-size: 18pt;font-family: Amienne\"><span style=\"color: #33cccc\">\u2022 1 zanahoria<\/span><\/span><\/p>\n<p class=\"MsoNormal\" style=\"margin: 0cm 0cm 6pt\"><span style=\"font-size: 18pt;font-family: Amienne\"><span style=\"color: #33cccc\">\u2022 1 cucharadita de piment\u00f3n dulce<\/span><\/span><\/p>\n<p class=\"MsoNormal\" style=\"margin: 0cm 0cm 6pt\"><span style=\"font-size: 18pt;font-family: Amienne\"><span style=\"color: #33cccc\">\u2022 2 l de agua o caldo de pescado<\/span><\/span><\/p>\n<p class=\"MsoNormal\" style=\"margin: 0cm 0cm 6pt\"><span style=\"font-size: 18pt;font-family: Amienne\"><span style=\"color: #33cccc\">\u2022 6 cucharadas de aceite de oliva<\/span><\/span><\/p>\n<p class=\"MsoNormal\" style=\"margin: 0cm 0cm 6pt\"><span style=\"font-size: 18pt;font-family: Amienne\"><span style=\"color: #33cccc\">\u2022 Sal<\/span><\/span><\/p>\n<p>\u00a0<\/p>\n<p><span style=\"color: #0000ff\"><span style=\"font-size: 18pt;font-family: Amienne\"><\/span><\/p>\n<p><span style=\"font-size: 18pt;font-family: Amienne\"><span style=\"color: #33cccc\">Preparaci\u00f3n<\/span><\/span><\/p>\n<p><span style=\"font-size: 18pt;font-family: Amienne\"><span style=\"color: #33cccc\">Limpiamos y enjuagamos el pescado y los mariscos.<\/span><\/span><\/p>\n<p><span style=\"font-size: 18pt;font-family: Amienne\"><span style=\"color: #33cccc\">Ponemos el agua en una olla al fuego y cocemos el trozo de rape, el calamar, los camarones, las almejas y los mejillones hasta que abran. Luego colamos el caldo, quitamos los caparazones de los camarones y las conchas de los mejillones. Reservamos.<\/span><\/span><\/p>\n<p><span style=\"font-size: 18pt;font-family: Amienne\"><span style=\"color: #33cccc\">Aparte, sofre\u00edmos en una cacerola con seis cucharadas de aceite la cebolla, el tomate y la zanahoria cortada. A\u00f1adimos sal al gusto y el piment\u00f3n. Agregamos entonces al sofrito el caldo donde hervimos los mariscos, y dejamos cocer unos minutos.<\/span><\/span><\/p>\n<p><span style=\"font-size: 18pt;font-family: Amienne\"><span style=\"color: #33cccc\">Por \u00faltimo, a\u00f1adimos el rape y el calamar troceados, los mejillones y gambas peladas y las almejas abiertas ya cocidas antes. Cocemos todo unos 10 minutos m\u00e1s y apartamos para servir caliente. <\/span><\/span><\/p>\n<p><img loading=\"lazy\" decoding=\"async\" class=\"alignnone size-full wp-image-88\" src=\"http:\/\/blog.espol.edu.ec\/wcarofil\/files\/2009\/11\/sopa-de-mariscos.jpg\" alt=\"sopa-de-mariscos\" width=\"641\" height=\"481\" srcset=\"https:\/\/blog.espol.edu.ec\/wcarofil\/files\/2009\/11\/sopa-de-mariscos.jpg 641w, https:\/\/blog.espol.edu.ec\/wcarofil\/files\/2009\/11\/sopa-de-mariscos-300x225.jpg 300w\" sizes=\"auto, (max-width: 641px) 100vw, 641px\" \/><\/p>\n<p>\u00a0<\/p>\n<p>\u00a0<\/p>\n<p>\u00a0<\/p>\n<p>\u00a0<\/p>\n<p><\/span><\/h3>\n","protected":false},"excerpt":{"rendered":"<p>CEVICHE DE CAMARON \u00a0Ingredientes 1 libra de\u00a0 camar\u00f3n 1 cebolla grande perla 1 tomate grande 1 lata peque\u00f1a de pasta de tomate (si no tienes usa salsa de tomate) 1 lim\u00f3n grande 2\u00a0 naranjas Aceite 2 cucharadas Preparaci\u00f3n Poner en una olla los camarones despu\u00e9s de haberlos lavado y calentarlos al fuego hasta que se [&hellip;]<\/p>\n","protected":false},"author":3015,"featured_media":0,"parent":0,"menu_order":0,"comment_status":"open","ping_status":"open","template":"","meta":{"footnotes":""},"class_list":["post-86","page","type-page","status-publish","hentry"],"_links":{"self":[{"href":"https:\/\/blog.espol.edu.ec\/wcarofil\/wp-json\/wp\/v2\/pages\/86","targetHints":{"allow":["GET"]}}],"collection":[{"href":"https:\/\/blog.espol.edu.ec\/wcarofil\/wp-json\/wp\/v2\/pages"}],"about":[{"href":"https:\/\/blog.espol.edu.ec\/wcarofil\/wp-json\/wp\/v2\/types\/page"}],"author":[{"embeddable":true,"href":"https:\/\/blog.espol.edu.ec\/wcarofil\/wp-json\/wp\/v2\/users\/3015"}],"replies":[{"embeddable":true,"href":"https:\/\/blog.espol.edu.ec\/wcarofil\/wp-json\/wp\/v2\/comments?post=86"}],"version-history":[{"count":8,"href":"https:\/\/blog.espol.edu.ec\/wcarofil\/wp-json\/wp\/v2\/pages\/86\/revisions"}],"predecessor-version":[{"id":106,"href":"https:\/\/blog.espol.edu.ec\/wcarofil\/wp-json\/wp\/v2\/pages\/86\/revisions\/106"}],"wp:attachment":[{"href":"https:\/\/blog.espol.edu.ec\/wcarofil\/wp-json\/wp\/v2\/media?parent=86"}],"curies":[{"name":"wp","href":"https:\/\/api.w.org\/{rel}","templated":true}]}}