{"id":18,"date":"2009-03-04T11:56:11","date_gmt":"2009-03-04T16:56:11","guid":{"rendered":"http:\/\/blog.espol.edu.ec\/wendycita\/?page_id=18"},"modified":"2009-03-06T18:21:58","modified_gmt":"2009-03-06T23:21:58","slug":"18","status":"publish","type":"page","link":"https:\/\/blog.espol.edu.ec\/wendycita\/18\/","title":{"rendered":"AbOuT mE"},"content":{"rendered":"<p>\u00a0<\/p>\n<p>\u00a0<\/p>\n<p>\u00a0<\/p>\n<p><span style=\"font-size: 7.5pt;color: #000000;font-family: Verdana\"><\/p>\n<h3 class=\"mceTemp mceIEcenter\">\n<dl>\n<dt><a href=\"http:\/\/blog.espol.edu.ec\/wendycita\/files\/2009\/03\/principal.jpg\"><img loading=\"lazy\" decoding=\"async\" class=\"size-medium wp-image-25\" src=\"http:\/\/blog.espol.edu.ec\/wendycita\/files\/2009\/03\/principal-210x300.jpg\" alt=\"yo y mi persona je je\" width=\"210\" height=\"300\" \/><\/a><\/dt>\n<dd>yo y mi persona je je<\/dd>\n<\/dl>\n<\/h3>\n<p><a href=\"http:\/\/blog.espol.edu.ec\/yunie\/espiritu-politecnico\/\"><img loading=\"lazy\" decoding=\"async\" class=\"aligncenter\" src=\"http:\/\/blog.espol.edu.ec\/yunie\/files\/2008\/12\/banner31.jpg\" alt=\"Espol\" width=\"200\" height=\"50\" \/><\/a><br \/>\n\u00a0<\/p>\n<p>\u00a0<\/p>\n<p><\/span><\/p>\n<p>\u00a0<\/p>\n<p style=\"text-align: center\" align=\"center\">\u00a0<\/p>\n<p style=\"text-align: center\" align=\"center\"><span style=\"font-size: 7.5pt;color: #000000;font-family: Verdana\">Hola a todos!!!!...\u00a0 soy Wendy, tengo 18 a\u00f1os.\u00a0 Nac\u00ed en Guayaquil\u00a0 un 24 de Mayo.....<\/span><\/p>\n<div style=\"text-align: center\"><span style=\"font-size: 7.5pt;color: #000000;font-family: Verdana\">\u00a0<\/span><\/div>\n<p>\u00a0<\/p>\n<p><span style=\"font-size: 7.5pt;color: #000000;font-family: Verdana\">\u00a0<\/span><\/p>\n<p>\u00a0<\/p>\n<p><span style=\"font-size: 7.5pt;color: #000000;font-family: Verdana\">\u00a0<\/p>\n<p><\/span><\/p>\n<p>\u00a0<\/p>\n<h4 style=\"text-align: center\">En realidad no tengo hobbies porque no me gusta enfrascarme en una sola actividad, solo considero que dia a dia debo entregar lo mejor de mi actuando de buena manera y tratando de no perjudicar a nadie basandome en la frase:<\/h4>\n<h4>\"Si quer\u00e9is igualar a muchos, procura superar a todos en pureza de conducta y buenas formas.\"\u00a0 Autor: Lord Chesterfield.<\/h4>\n<h4 style=\"text-align: center\">Actualmente vivo con mi mami, mi hermano y mis\u00a0mascotas...\u00a0yo soy la hermana mayor y me siento con una gran responsabilidad para con mi hermano porque lo que m\u00e1s deseo es darle un buen ejemplo.. lo quiero tanto aunque a veces no lo demuestre porque creo que soy\u00a0muy\u00a0poco expresiva con mis sentimientos...<\/h4>\n<p style=\"text-align: center\" align=\"center\"><span style=\"font-size: 7.5pt;color: #000000;font-family: Verdana\"><img loading=\"lazy\" decoding=\"async\" class=\"size-medium wp-image-20 aligncenter\" src=\"http:\/\/blog.espol.edu.ec\/wendycita\/files\/2009\/03\/herm-y-yo1-258x300.jpg\" alt=\"MI HERMANO Y YOP!!!!!!!\" width=\"258\" height=\"300\" \/><\/span><\/p>\n<p>\u00a0<\/p>\n<p>\u00a0<\/p>\n<p>\u00a0<\/p>\n<p><span style=\"font-size: 7.5pt;color: #000000;font-family: Verdana\"><\/p>\n<div class=\"mceTemp\"><a href=\"http:\/\/blog.espol.edu.ec\/wendycita\/files\/2009\/03\/herm-y-yo1.jpg\"><\/a><\/div>\n<p>\u00a0<\/p>\n<p>\u00a0<\/p>\n<p>\u00a0<\/p>\n<p>\u00a0<\/p>\n<p>\u00a0<\/p>\n<p><\/span><\/p>\n<p>\u00a0<\/p>\n<h4 style=\"text-align: center\">Detallando m\u00e1s sobre mi vida les puedo contar que inicie mi etapa estudiantil en el Jardin de Infantes De la Universidad Cat\u00f3lica...\u00a0<\/h4>\n<h4 style=\"text-align: center\">Mis estudios \u00a0primarios \u00a0y secundarios los realice en\u00a0la Unidad Educativa Particular \"Baltasara \u00a0Calder\u00f3n de\u00a0Rocafuerte \", fue una etapa en mi vida muy linda, ya que aparte de educarme\u00a0academicamente y en \u00a0valores, \u00a0pude crear grandes\u00a0y fuertes\u00a0amistades......<\/h4>\n<h4 style=\"text-align: center\">Y ahora la etapa universitaria ha llegado, y la decisi\u00f3n ya estaba tomada con anticipaci\u00f3n... Yo debia estudiar en la ESPOL... y gracias a Dios, mi mam\u00e1 estuvo siempre dispuesta a apoyarme..\u00a0<\/h4>\n<h4 style=\"text-align: center\">Mi carrera es\u00a0 Ingenieria en\u00a0Auditoria y\u00a0Control de\u00a0Gestion, y me siento conforme en el desempe\u00f1o que\u00a0he tenido hasta ahora, pero eso si, siempre buscando ser mejor que ayer....\u00a0<\/h4>\n<h4 style=\"text-align: center\"><a title=\"Mi sitio web\" href=\"http:\/\/www.icm.espol.edu.ec\/estudiantes\/2008\/200808509\" target=\"_blank\">VISITA MI SITIO WEB<\/a><\/h4>\n","protected":false},"excerpt":{"rendered":"<p>\u00a0 \u00a0 \u00a0 yo y mi persona je je \u00a0 \u00a0 \u00a0 \u00a0 Hola a todos!!!!...\u00a0 soy Wendy, tengo 18 a\u00f1os.\u00a0 Nac\u00ed en Guayaquil\u00a0 un 24 de Mayo..... \u00a0 \u00a0 \u00a0 \u00a0 \u00a0 \u00a0 En realidad no tengo hobbies porque no me gusta enfrascarme en una sola actividad, solo considero que dia a dia debo [&hellip;]<\/p>\n","protected":false},"author":1344,"featured_media":0,"parent":0,"menu_order":0,"comment_status":"open","ping_status":"open","template":"","meta":{"footnotes":""},"class_list":["post-18","page","type-page","status-publish","hentry"],"_links":{"self":[{"href":"https:\/\/blog.espol.edu.ec\/wendycita\/wp-json\/wp\/v2\/pages\/18","targetHints":{"allow":["GET"]}}],"collection":[{"href":"https:\/\/blog.espol.edu.ec\/wendycita\/wp-json\/wp\/v2\/pages"}],"about":[{"href":"https:\/\/blog.espol.edu.ec\/wendycita\/wp-json\/wp\/v2\/types\/page"}],"author":[{"embeddable":true,"href":"https:\/\/blog.espol.edu.ec\/wendycita\/wp-json\/wp\/v2\/users\/1344"}],"replies":[{"embeddable":true,"href":"https:\/\/blog.espol.edu.ec\/wendycita\/wp-json\/wp\/v2\/comments?post=18"}],"version-history":[{"count":7,"href":"https:\/\/blog.espol.edu.ec\/wendycita\/wp-json\/wp\/v2\/pages\/18\/revisions"}],"predecessor-version":[{"id":23,"href":"https:\/\/blog.espol.edu.ec\/wendycita\/wp-json\/wp\/v2\/pages\/18\/revisions\/23"}],"wp:attachment":[{"href":"https:\/\/blog.espol.edu.ec\/wendycita\/wp-json\/wp\/v2\/media?parent=18"}],"curies":[{"name":"wp","href":"https:\/\/api.w.org\/{rel}","templated":true}]}}