{"id":55,"date":"2009-03-07T10:08:08","date_gmt":"2009-03-07T15:08:08","guid":{"rendered":"http:\/\/blog.espol.edu.ec\/wendycita\/?page_id=55"},"modified":"2009-03-07T10:08:08","modified_gmt":"2009-03-07T15:08:08","slug":"mi-vida-universitaria%e2%80%a6","status":"publish","type":"page","link":"https:\/\/blog.espol.edu.ec\/wendycita\/mi-vida-universitaria%e2%80%a6\/","title":{"rendered":"MI VIDA UNIVERSITARIA\u2026."},"content":{"rendered":"<p><a href=\"http:\/\/www.trikool.com.pe\/\" target=\"_blank\"><img decoding=\"async\" src=\"http:\/\/www.trikool.com.pe\/hi5s\/images\/trueredw.gif\" border=\"0\" alt=\"WwW.tRiKOoL.CoM.Pe\" \/><\/a><a href=\"http:\/\/www.trikool.com.pe\/\" target=\"_blank\"><img decoding=\"async\" src=\"http:\/\/www.trikool.com.pe\/hi5s\/images\/truerede.gif\" border=\"0\" alt=\"WwW.tRiKOoL.CoM.Pe\" \/><\/a><a href=\"http:\/\/www.trikool.com.pe\/\" target=\"_blank\"><img decoding=\"async\" src=\"http:\/\/www.trikool.com.pe\/hi5s\/images\/trueredn.gif\" border=\"0\" alt=\"WwW.tRiKOoL.CoM.Pe\" \/><\/a><a href=\"http:\/\/www.trikool.com.pe\/\" target=\"_blank\"><img decoding=\"async\" src=\"http:\/\/www.trikool.com.pe\/hi5s\/images\/trueredc.gif\" border=\"0\" alt=\"WwW.tRiKOoL.CoM.Pe\" \/><\/a><a href=\"http:\/\/www.trikool.com.pe\/\" target=\"_blank\"><img decoding=\"async\" src=\"http:\/\/www.trikool.com.pe\/hi5s\/images\/trueredh.gif\" border=\"0\" alt=\"WwW.tRiKOoL.CoM.Pe\" \/><\/a><a href=\"http:\/\/www.trikool.com.pe\/\" target=\"_blank\"><img decoding=\"async\" src=\"http:\/\/www.trikool.com.pe\/hi5s\/images\/trueredi.gif\" border=\"0\" alt=\"WwW.tRiKOoL.CoM.Pe\" \/><\/a><a href=\"http:\/\/www.trikool.com.pe\/\" target=\"_blank\"><img decoding=\"async\" src=\"http:\/\/www.trikool.com.pe\/hi5s\/images\/truereds.gif\" border=\"0\" alt=\"WwW.tRiKOoL.CoM.Pe\" \/><\/a><\/p>\n<p><a href=\"http:\/\/blog.espol.edu.ec\/yunie\/espiritu-politecnico\/\"><img decoding=\"async\" src=\"http:\/\/blog.espol.edu.ec\/yunie\/files\/2008\/12\/banner1.png\" alt=\"Espol\" \/><\/a><\/p>\n<p class=\"MsoNormal\">\u00a0<\/p>\n<p class=\"MsoNormal\"><span lang=\"ES-TRAD\"><span style=\"font-size: small;font-family: Calibri\">Era mi sue\u00f1o realizado.. <span>\u00a0<\/span>Cuando en febrero del 2008 empec\u00e9 las clases en el prepo\u2026 <span>\u00a0<\/span>yo llegu\u00e9 llena de expectativas, <span>\u00a0<\/span>esperanzas <span>\u00a0<\/span>y un poquito de miedo <span>\u00a0<\/span>porque me hab\u00edan dicho que era muy dif\u00edcil pero la decisi\u00f3n ya estaba tomada y ten\u00eda que enfrentarla y como todos sabemos, con la ayuda de Dios todo es posible\u2026<\/span><\/span><\/p>\n<p class=\"MsoNormal\"><span lang=\"ES-TRAD\"><span style=\"font-size: small;font-family: Calibri\">Y as\u00ed iban pasando la semanas, el primer parcial se me hizo s\u00faper f\u00e1cil porque absolutamente toda la materia que me dieron ya la hab\u00eda visto en el cole, por eso recuerdo a mi profe de matem\u00e1tica de sexto curso el Lcdo. Humberto Torres quien tambi\u00e9n fue docente de la Espol, si alg\u00fan d\u00eda llega a leer \u00e9l esto sepa que le guardo una inmensa gratitud, bueno y as\u00ed, <span>\u00a0<\/span>no hab\u00eda un d\u00eda de clase en el cole que \u00e9l no hablara de la Espol\u2026 <\/span><\/span><\/p>\n<p class=\"MsoNormal\"><span lang=\"ES-TRAD\"><span style=\"font-size: small;font-family: Calibri\">Aparte del estudiar, comenzaron a<span>\u00a0 <\/span>surgir las amistades, y sin darnos cuenta ya \u00e9ramos el grupo m\u00e1s numeroso en el curso, recuerdo que la primera persona con quien entabl\u00e9 conversaci\u00f3n fue con Andrea S\u00e1nchez a quien quiero mucho.<\/span><\/span><\/p>\n<p class=\"MsoNormal\"><span lang=\"ES-TRAD\"><span style=\"font-size: small;font-family: Calibri\">El segundo parcial transcurri\u00f3 y las malas noticias se iban acercando, parec\u00eda que nuestro grupo de amigos iba a disminuir y lamentablemente as\u00ed fue\u2026. Solo un poco m\u00e1s de la mitad de nuestro grupo pudimos aprobar<span>\u00a0 <\/span>pero con quienes no aprobaron igualmente nos comunicamos continuamente.<\/span><\/span><\/p>\n<p class=\"MsoNormal\"><span lang=\"ES-TRAD\"><span style=\"font-size: small;font-family: Calibri\">Eso me hizo aprender que debemos esforzarnos diariamente ya que despu\u00e9s nos podemos ir quedando estancados en el camino que uno mismo escoge.. y eso si es lamentable porque uno como persona se fija una meta y el m\u00e1ximo sue\u00f1o es alcanzarla pero cuando tratamos de avanzar y nos damos cuenta, <span>\u00a0<\/span>cuando ya es tarde, que nuestro esfuerzo fue poco o nulo <span>\u00a0<\/span>nos sobreviene ese cargo de conciencia que para nada sirve\u2026.<\/span><\/span><\/p>\n<p class=\"MsoNormal\"><span lang=\"ES-TRAD\"><span style=\"font-size: small;font-family: Calibri\">Ya por fin hab\u00eda aprobado el prepo, fue como si hubiera puesto la primera piedra para formar una gran construcci\u00f3n.<span>\u00a0 <\/span>Despu\u00e9s empez\u00f3 el primer t\u00e9rmino, si que tuve que esforzarme pero gracias a Dios todo me fue bien y ahora que me encuentro finalizando el segundo <span>\u00a0<\/span>t\u00e9rmino espero tambi\u00e9n obtener buenos resultados...<\/span><\/span><\/p>\n<p class=\"MsoNormal\"><span lang=\"ES-TRAD\"><span style=\"font-size: small;font-family: Calibri\">Pero aparte del estudio, aqu\u00ed <span>\u00a0<\/span>en la Espol si que he tenido unas an\u00e9cdotas y la que nunca pero nunca en mi vida olvidar\u00e9 fue una que nos pas\u00f3 recientemente, a mi y<span>\u00a0 <\/span>a mis compa\u00f1eros en biolog\u00eda.. para ser breves solo i<\/span><\/span><span lang=\"ES-TRAD\"><span style=\"font-size: small;font-family: Calibri\">mag\u00ednennos caminando sin zapatos por el lodo durante casi 3 horas ja ja ja mortal cierto...... bueno ahi les dejo una fotito que no es nada comparado con la odisea que pasamos pero bueno fue chevere aunque las caidas que tuvimos no tanto... ja ja <\/span><\/span><\/p>\n<p>\u00a0<\/p>\n<p>\u00a0<\/p>\n<p><span lang=\"ES-TRAD\"><\/p>\n<div id=\"attachment_56\" style=\"width: 310px\" class=\"wp-caption aligncenter\"><a href=\"http:\/\/blog.espol.edu.ec\/wendycita\/files\/2009\/03\/s63006061.jpg\"><img loading=\"lazy\" decoding=\"async\" aria-describedby=\"caption-attachment-56\" class=\"size-medium wp-image-56\" src=\"http:\/\/blog.espol.edu.ec\/wendycita\/files\/2009\/03\/s63006061-300x225.jpg\" alt=\")\" width=\"300\" height=\"225\" \/><\/a><p id=\"caption-attachment-56\" class=\"wp-caption-text\">antes de ir al lodo : )<\/p><\/div>\n<p>\u00a0<\/p>\n<p>\u00a0<\/p>\n<p><\/span><\/p>\n","protected":false},"excerpt":{"rendered":"<p>\u00a0 Era mi sue\u00f1o realizado.. \u00a0Cuando en febrero del 2008 empec\u00e9 las clases en el prepo\u2026 \u00a0yo llegu\u00e9 llena de expectativas, \u00a0esperanzas \u00a0y un poquito de miedo \u00a0porque me hab\u00edan dicho que era muy dif\u00edcil pero la decisi\u00f3n ya estaba tomada y ten\u00eda que enfrentarla y como todos sabemos, con la ayuda de Dios todo [&hellip;]<\/p>\n","protected":false},"author":1344,"featured_media":0,"parent":0,"menu_order":0,"comment_status":"open","ping_status":"open","template":"","meta":{"footnotes":""},"class_list":["post-55","page","type-page","status-publish","hentry"],"_links":{"self":[{"href":"https:\/\/blog.espol.edu.ec\/wendycita\/wp-json\/wp\/v2\/pages\/55","targetHints":{"allow":["GET"]}}],"collection":[{"href":"https:\/\/blog.espol.edu.ec\/wendycita\/wp-json\/wp\/v2\/pages"}],"about":[{"href":"https:\/\/blog.espol.edu.ec\/wendycita\/wp-json\/wp\/v2\/types\/page"}],"author":[{"embeddable":true,"href":"https:\/\/blog.espol.edu.ec\/wendycita\/wp-json\/wp\/v2\/users\/1344"}],"replies":[{"embeddable":true,"href":"https:\/\/blog.espol.edu.ec\/wendycita\/wp-json\/wp\/v2\/comments?post=55"}],"version-history":[{"count":1,"href":"https:\/\/blog.espol.edu.ec\/wendycita\/wp-json\/wp\/v2\/pages\/55\/revisions"}],"predecessor-version":[{"id":57,"href":"https:\/\/blog.espol.edu.ec\/wendycita\/wp-json\/wp\/v2\/pages\/55\/revisions\/57"}],"wp:attachment":[{"href":"https:\/\/blog.espol.edu.ec\/wendycita\/wp-json\/wp\/v2\/media?parent=55"}],"curies":[{"name":"wp","href":"https:\/\/api.w.org\/{rel}","templated":true}]}}