{"id":9,"date":"2009-02-18T15:46:42","date_gmt":"2009-02-18T20:46:42","guid":{"rendered":"http:\/\/blog.espol.edu.ec\/wendycita\/?page_id=9"},"modified":"2009-03-04T15:31:59","modified_gmt":"2009-03-04T20:31:59","slug":"mis-estudios","status":"publish","type":"page","link":"https:\/\/blog.espol.edu.ec\/wendycita\/mis-estudios\/","title":{"rendered":"\u00bfQU\u00c9 ES LA AMISTAD?....."},"content":{"rendered":"<h2><a href=\"http:\/\/blog.espol.edu.ec\/wendycita\/files\/2009\/03\/imagen206.jpg\"><\/a><\/h2>\n<h2>\u00a0<\/h2>\n<h2><a href=\"http:\/\/blog.espol.edu.ec\/wendycita\/files\/2009\/03\/sllxf0ysg5lv.jpg\"><img loading=\"lazy\" decoding=\"async\" class=\"aligncenter size-medium wp-image-38\" src=\"http:\/\/blog.espol.edu.ec\/wendycita\/files\/2009\/03\/sllxf0ysg5lv-300x216.jpg\" alt=\"\" width=\"300\" height=\"216\" \/><\/a><\/h2>\n<h2>\u00a0<\/h2>\n<h2>La amistad es un sentimiento puro que Dios no ha regalado aunque varias veces se ve ensuciado por falsos amigos quienes nos tracionan y enga\u00f1an ... bueno estos casos aunque no son aislados, no los tratar\u00e9 en mi p\u00e1gina....<\/h2>\n<h2>Esta p\u00e1gina est\u00e1 dise\u00f1ada para tratar sobre la verdadera amistad.. sobre esas personitas que siempre estan a\u00a0mi lado brindandome su apoyo incondicional y muchas veces corrigiendo mis errores.. MIL GRACIAS A TODOS ELLOS.....\u00a0<\/h2>\n<h2>Bueno a mi me gusta tener much@s \u00a0amig@s,\u00a0\u00a0\u00a0ya que\u00a0por ejemplo es bonito pasar por el Instituto y saber que hay gente que\u00a0se te acerca\u00a0a saludar, te abrazan y te preguntan como est\u00e1s... pero esto no significa que mis amigos solo hacen eso y despu\u00e9s se olvidan de mi.. noooooooooo.. siempre estamos pendientes de lo que nos sucede y tratando de apoyarnos mutuamente.....\u00a0\u00a0<\/h2>\n<h2>recuerden que :<\/h2>\n<h2>\u00a0Todo mundo quiere tener un amigo, pocos se toman la molestia de ser uno.<\/h2>\n<h2>Un Amigo nunca te dice lo que T\u00fa quieres escuchar, te dice la verdad y lo que es mejor para ti.<\/h2>\n<p>\u00a0\u00a0\u00a0\u00a0<\/p>\n<p><img loading=\"lazy\" decoding=\"async\" class=\"size-medium wp-image-39 aligncenter\" src=\"http:\/\/blog.espol.edu.ec\/wendycita\/files\/2009\/03\/imagen206-300x225.jpg\" alt=\"\" width=\"300\" height=\"225\" \/><\/p>\n","protected":false},"excerpt":{"rendered":"<p>\u00a0 \u00a0 La amistad es un sentimiento puro que Dios no ha regalado aunque varias veces se ve ensuciado por falsos amigos quienes nos tracionan y enga\u00f1an ... bueno estos casos aunque no son aislados, no los tratar\u00e9 en mi p\u00e1gina.... Esta p\u00e1gina est\u00e1 dise\u00f1ada para tratar sobre la verdadera amistad.. sobre esas personitas que [&hellip;]<\/p>\n","protected":false},"author":1344,"featured_media":0,"parent":0,"menu_order":0,"comment_status":"open","ping_status":"open","template":"","meta":{"footnotes":""},"class_list":["post-9","page","type-page","status-publish","hentry"],"_links":{"self":[{"href":"https:\/\/blog.espol.edu.ec\/wendycita\/wp-json\/wp\/v2\/pages\/9","targetHints":{"allow":["GET"]}}],"collection":[{"href":"https:\/\/blog.espol.edu.ec\/wendycita\/wp-json\/wp\/v2\/pages"}],"about":[{"href":"https:\/\/blog.espol.edu.ec\/wendycita\/wp-json\/wp\/v2\/types\/page"}],"author":[{"embeddable":true,"href":"https:\/\/blog.espol.edu.ec\/wendycita\/wp-json\/wp\/v2\/users\/1344"}],"replies":[{"embeddable":true,"href":"https:\/\/blog.espol.edu.ec\/wendycita\/wp-json\/wp\/v2\/comments?post=9"}],"version-history":[{"count":5,"href":"https:\/\/blog.espol.edu.ec\/wendycita\/wp-json\/wp\/v2\/pages\/9\/revisions"}],"predecessor-version":[{"id":41,"href":"https:\/\/blog.espol.edu.ec\/wendycita\/wp-json\/wp\/v2\/pages\/9\/revisions\/41"}],"wp:attachment":[{"href":"https:\/\/blog.espol.edu.ec\/wendycita\/wp-json\/wp\/v2\/media?parent=9"}],"curies":[{"name":"wp","href":"https:\/\/api.w.org\/{rel}","templated":true}]}}