{"id":119,"date":"2011-10-18T05:43:51","date_gmt":"2011-10-18T05:43:51","guid":{"rendered":"http:\/\/blog.espol.edu.ec\/wifamont\/?page_id=119"},"modified":"2011-11-19T05:16:11","modified_gmt":"2011-11-19T05:16:11","slug":"autocad","status":"publish","type":"page","link":"https:\/\/blog.espol.edu.ec\/wifamont\/autocad\/","title":{"rendered":"AUTOCAD"},"content":{"rendered":"<p style=\"text-align: left\"><strong>Autodesk AutoCAD<\/strong> es un\u00a0programa de\u00a0dise\u00f1o asistido por computadora para dibujo en dos y tres dimensiones.Actualmente es desarrollado y comercializado por la empresa\u00a0Autodesk.El t\u00e9rmino AutoCAD surge como creaci\u00f3n de la compa\u00f1\u00eda Autodesk, teniendo su primera aparici\u00f3n en 1982. AutoCAD es un software reconocido a nivel internacional por sus amplias capacidades de edici\u00f3n, que hacen posible el dibujo digital de planos de edificios o la recreaci\u00f3n de im\u00e1genes en 3D.<\/p>\n<p style=\"text-align: left\">AutoCAD es uno de los programas m\u00e1s usados, elegido por arquitectos, Ingenieros y dise\u00f1adores industriales. Desglosando su nombre, se encuentra que\u00a0<strong>Auto<\/strong> hace referencia a la empresa creadora del software, Autodesk y\u00a0<strong>CAD<\/strong> a Dise\u00f1o Asistido por Computadora (por sus siglas en ingl\u00e9s).<\/p>\n<p style=\"text-align: left\">\n<p style=\"text-align: left\">\n<p style=\"text-align: center\"><a rel=\"attachment wp-att-128\" href=\"http:\/\/blog.espol.edu.ec\/wifamont\/autocad\/autodesk_logo_software\/\"><img loading=\"lazy\" decoding=\"async\" class=\"aligncenter size-full wp-image-128\" title=\"Autodesk_Logo_Software\" src=\"http:\/\/blog.espol.edu.ec\/wifamont\/files\/2011\/10\/Autodesk_Logo_Software.jpg\" alt=\"\" width=\"575\" height=\"284\" srcset=\"https:\/\/blog.espol.edu.ec\/wifamont\/files\/2011\/10\/Autodesk_Logo_Software.jpg 575w, https:\/\/blog.espol.edu.ec\/wifamont\/files\/2011\/10\/Autodesk_Logo_Software-300x148.jpg 300w\" sizes=\"auto, (max-width: 575px) 100vw, 575px\" \/><\/a><\/p>\n<p style=\"text-align: left\">Aqu\u00ed\u00a0el link de la pagina oficial de Autodesk:<\/p>\n<p style=\"text-align: left\"><a href=\"http:\/\/www.autodesk.es\/adsk\/servlet\/home?siteID=455755&amp;id=458320\" target=\"_blank\">http:\/\/www.autodesk.es\/adsk\/servlet\/home?siteID=455755&amp;id=458320<\/a><\/p>\n<p style=\"text-align: left\">\n<p>O si lo prefieren pueden descargarlo por megaupload<\/p>\n<p><span style=\"color: #ff0000\">Autocad 32 bits <\/span><br \/>\nhttp:\/\/www.megaupload.com\/?d=HUGRNXKP<br \/>\nhttp:\/\/www.megaupload.com\/?d=YEZ1W5N3<br \/>\nhttp:\/\/www.megaupload.com\/?d=YFCDI0NT<br \/>\nhttp:\/\/www.megaupload.com\/?d=SRG5KS0V<br \/>\nhttp:\/\/www.megaupload.com\/?d=E3M0PVOU<br \/>\nhttp:\/\/www.megaupload.com\/?d=YU6RY2FJ<br \/>\nhttp:\/\/www.megaupload.com\/?d=WNPAPVDI<br \/>\nhttp:\/\/www.megaupload.com\/?d=GCVSR5PE<br \/>\nhttp:\/\/www.megaupload.com\/?d=V304XW9D<br \/>\nhttp:\/\/www.megaupload.com\/?d=XEVS53OS<br \/>\nhttp:\/\/www.megaupload.com\/?d=K6FH7LQO<br \/>\nhttp:\/\/www.megaupload.com\/?d=ZI0GJ0QE<br \/>\nhttp:\/\/www.megaupload.com\/?d=5YL74R4R<br \/>\nhttp:\/\/www.megaupload.com\/?d=DRO4MRN7<br \/>\nhttp:\/\/www.megaupload.com\/?d=0D9O9A8C<br \/>\nhttp:\/\/www.megaupload.com\/?d=HOQJ34QB<br \/>\nhttp:\/\/www.megaupload.com\/?d=1PR7S969<br \/>\nhttp:\/\/www.megaupload.com\/?d=5TR1LZM0<br \/>\nhttp:\/\/www.megaupload.com\/?d=I8CSCKZ4<br \/>\nhttp:\/\/www.megaupload.com\/?d=OJKZX5Z8<br \/>\nhttp:\/\/www.megaupload.com\/?d=Y2CCCJG4<br \/>\nhttp:\/\/www.megaupload.com\/?d=UFRW92VI<br \/>\nhttp:\/\/www.megaupload.com\/?d=B1EWKLXE<br \/>\nhttp:\/\/www.megaupload.com\/?d=JSQWFCXM<br \/>\nhttp:\/\/www.megaupload.com\/?d=C95K4AJ0<br \/>\nhttp:\/\/www.megaupload.com\/?d=FAZD9TOX<br \/>\nhttp:\/\/www.megaupload.com\/?d=G5RPA20W<br \/>\nhttp:\/\/www.megaupload.com\/?d=QLQWLHRR<br \/>\nhttp:\/\/www.megaupload.com\/?d=ADJMEXWT<br \/>\nhttp:\/\/www.megaupload.com\/?d=NL4CZPD0<br \/>\nhttp:\/\/www.megaupload.com\/?d=L9GNJ670<br \/>\nhttp:\/\/www.megaupload.com\/?d=XCPNDL6U<br \/>\nhttp:\/\/www.megaupload.com\/?d=WRAVJYT6<br \/>\nhttp:\/\/www.megaupload.com\/?d=THJ5EIJJ<br \/>\nhttp:\/\/www.megaupload.com\/?d=O079NIGW<br \/>\nhttp:\/\/www.megaupload.com\/?d=U6QS1MFM<br \/>\nhttp:\/\/www.megaupload.com\/?d=KY1SS41F<br \/>\nhttp:\/\/www.megaupload.com\/?d=JJR3WJPX<br \/>\nhttp:\/\/www.megaupload.com\/?d=8A6TJDUL<br \/>\nhttp:\/\/www.megaupload.com\/?d=N493802A<br \/>\nhttp:\/\/www.megaupload.com\/?d=DGGW66YL<br \/>\nhttp:\/\/www.megaupload.com\/?d=ASA2LESW<br \/>\nhttp:\/\/www.megaupload.com\/?d=75IUWOL3<br \/>\nhttp:\/\/www.megaupload.com\/?d=9HDBKYCL<br \/>\nhttp:\/\/www.megaupload.com\/?d=4STXFB2Y<br \/>\nhttp:\/\/www.megaupload.com\/?d=FRSVAMXO<br \/>\n<span style=\"color: #ff0000\"> Descargar AutoCAD 2011 64 Bits por Megaupload<\/span><\/p>\n<p>http:\/\/www.megaupload.com\/?d=GDIQA868<\/p>\n<p>http:\/\/www.megaupload.com\/?d=P8KLPQKY<\/p>\n<p>http:\/\/www.megaupload.com\/?d=49KPO216<br \/>\nhttp:\/\/www.megaupload.com\/?d=ASEZCOI2<br \/>\nhttp:\/\/www.megaupload.com\/?d=6215S2KJ<br \/>\nhttp:\/\/www.megaupload.com\/?d=7LJSR698<br \/>\nhttp:\/\/www.megaupload.com\/?d=EQNMUVC7<br \/>\nhttp:\/\/www.megaupload.com\/?d=FZIEQCPI<br \/>\nhttp:\/\/www.megaupload.com\/?d=5GFGNNI1<br \/>\nhttp:\/\/www.megaupload.com\/?d=716XZ1Z0<br \/>\nhttp:\/\/www.megaupload.com\/?d=8WML2O80<br \/>\nhttp:\/\/www.megaupload.com\/?d=ZWNHAWBJ<br \/>\nhttp:\/\/www.megaupload.com\/?d=34G5E3YX<br \/>\nhttp:\/\/www.megaupload.com\/?d=9WFY7Y3C<br \/>\nhttp:\/\/www.megaupload.com\/?d=1JY147CW<br \/>\nhttp:\/\/www.megaupload.com\/?d=VSFKWBN0<br \/>\nhttp:\/\/www.megaupload.com\/?d=BYNNVSB7<br \/>\nhttp:\/\/www.megaupload.com\/?d=8A9GRMY4<br \/>\nhttp:\/\/www.megaupload.com\/?d=2VV3D4LS<br \/>\nhttp:\/\/www.megaupload.com\/?d=8Z69AMI4<br \/>\nhttp:\/\/www.megaupload.com\/?d=Z12TB6E9<br \/>\nhttp:\/\/www.megaupload.com\/?d=EJKIKJ9J<br \/>\nhttp:\/\/www.megaupload.com\/?d=KMUHQSAT<br \/>\nhttp:\/\/www.megaupload.com\/?d=NEYVT50K<br \/>\nhttp:\/\/www.megaupload.com\/?d=LKDVZ92K<br \/>\nhttp:\/\/www.megaupload.com\/?d=EUWZ8A6L<br \/>\nhttp:\/\/www.megaupload.com\/?d=LBY57CUS<br \/>\nhttp:\/\/www.megaupload.com\/?d=D6RWBRW2<br \/>\nhttp:\/\/www.megaupload.com\/?d=IOX2387F<br \/>\nhttp:\/\/www.megaupload.com\/?d=ZY3H7QJA<br \/>\nhttp:\/\/www.megaupload.com\/?d=6GA2JUBU<br \/>\nhttp:\/\/www.megaupload.com\/?d=TIX6GW4R<br \/>\nhttp:\/\/www.megaupload.com\/?d=5O22609M<br \/>\nhttp:\/\/www.megaupload.com\/?d=XS5AYH47<br \/>\nhttp:\/\/www.megaupload.com\/?d=JTKMNZI0<br \/>\nhttp:\/\/www.megaupload.com\/?d=OYWF4O0R<br \/>\nhttp:\/\/www.megaupload.com\/?d=AHHXA3AD<br \/>\nhttp:\/\/www.megaupload.com\/?d=GHGIIDQU<br \/>\nhttp:\/\/www.megaupload.com\/?d=6UFD6ROH<br \/>\nhttp:\/\/www.megaupload.com\/?d=C3FBHTY5<br \/>\nhttp:\/\/www.megaupload.com\/?d=VSV91KDP<br \/>\nhttp:\/\/www.megaupload.com\/?d=18ED3CUF<br \/>\nhttp:\/\/www.megaupload.com\/?d=C8UZD5CW<br \/>\nhttp:\/\/www.megaupload.com\/?d=HL4EC3BW<br \/>\nhttp:\/\/www.megaupload.com\/?d=ODMGYRGA<br \/>\nhttp:\/\/www.megaupload.com\/?d=G6D2KSYF<br \/>\nhttp:\/\/www.megaupload.com\/?d=D6YVQVLT<br \/>\nhttp:\/\/www.megaupload.com\/?d=2VNKJDPH<br \/>\nhttp:\/\/www.megaupload.com\/?d=HBSI7YO8<\/p>\n<p><span style=\"color: #000000\"><br \/>\n<span style=\"color: #ff0000\"> Descargar Instrucciones y Crack AutoCAD 2011 32 bits <\/span><\/span><\/p>\n<p><span style=\"color: #ffffff\">http:\/\/www.megaupload.com\/?d=COSB4RE1 <\/span><\/p>\n<p><span style=\"color: #ff0000\">Descargar Instrucciones y Crack AutoCAD 2011 64 bits<\/span><\/p>\n<p><span style=\"color: #ffffff\">http:\/\/www.megaupload.com\/?d=MWJJKJJ8 <\/span><\/p>\n<p style=\"text-align: left\">\n<p style=\"text-align: left\">\n<p style=\"text-align: left\">\n","protected":false},"excerpt":{"rendered":"<p>Autodesk AutoCAD es un\u00a0programa de\u00a0dise\u00f1o asistido por computadora para dibujo en dos y tres dimensiones.Actualmente es desarrollado y comercializado por la empresa\u00a0Autodesk.El t\u00e9rmino AutoCAD surge como creaci\u00f3n de la compa\u00f1\u00eda Autodesk, teniendo su primera aparici\u00f3n en 1982. AutoCAD es un software reconocido a nivel internacional por sus amplias capacidades de edici\u00f3n, que hacen posible el [&hellip;]<\/p>\n","protected":false},"author":3717,"featured_media":0,"parent":0,"menu_order":0,"comment_status":"open","ping_status":"open","template":"","meta":{"footnotes":""},"class_list":["post-119","page","type-page","status-publish","hentry"],"aioseo_notices":[],"_links":{"self":[{"href":"https:\/\/blog.espol.edu.ec\/wifamont\/wp-json\/wp\/v2\/pages\/119","targetHints":{"allow":["GET"]}}],"collection":[{"href":"https:\/\/blog.espol.edu.ec\/wifamont\/wp-json\/wp\/v2\/pages"}],"about":[{"href":"https:\/\/blog.espol.edu.ec\/wifamont\/wp-json\/wp\/v2\/types\/page"}],"author":[{"embeddable":true,"href":"https:\/\/blog.espol.edu.ec\/wifamont\/wp-json\/wp\/v2\/users\/3717"}],"replies":[{"embeddable":true,"href":"https:\/\/blog.espol.edu.ec\/wifamont\/wp-json\/wp\/v2\/comments?post=119"}],"version-history":[{"count":23,"href":"https:\/\/blog.espol.edu.ec\/wifamont\/wp-json\/wp\/v2\/pages\/119\/revisions"}],"predecessor-version":[{"id":193,"href":"https:\/\/blog.espol.edu.ec\/wifamont\/wp-json\/wp\/v2\/pages\/119\/revisions\/193"}],"wp:attachment":[{"href":"https:\/\/blog.espol.edu.ec\/wifamont\/wp-json\/wp\/v2\/media?parent=119"}],"curies":[{"name":"wp","href":"https:\/\/api.w.org\/{rel}","templated":true}]}}