{"id":131,"date":"2011-10-18T06:29:33","date_gmt":"2011-10-18T06:29:33","guid":{"rendered":"http:\/\/blog.espol.edu.ec\/wifamont\/?page_id=131"},"modified":"2011-10-19T03:15:10","modified_gmt":"2011-10-19T03:15:10","slug":"autodesk-inventor","status":"publish","type":"page","link":"https:\/\/blog.espol.edu.ec\/wifamont\/autodesk-inventor\/","title":{"rendered":"AUTODESK INVENTOR"},"content":{"rendered":"<p style=\"text-align: left\"><strong>Autodesk Inventor <\/strong>se basa en t\u00e9cnicas de\u00a0modelado param\u00e9trico. Los usuarios comienzan dise\u00f1ando\u00a0<em>piezas<\/em> que se pueden combinar en\u00a0<em>ensamblajes.<\/em>Corrigiendo piezas y ensamblajes pueden obtenerse diversas variantes.<\/p>\n<p style=\"text-align: center\"><a rel=\"attachment wp-att-137\" href=\"http:\/\/blog.espol.edu.ec\/wifamont\/autodesk-inventor\/inventor_autodesk_inventor__92789\/\"><img loading=\"lazy\" decoding=\"async\" class=\"aligncenter size-full wp-image-137\" title=\"inventor_autodesk_inventor__92789\" src=\"http:\/\/blog.espol.edu.ec\/wifamont\/files\/2011\/10\/inventor_autodesk_inventor__92789.jpg\" alt=\"\" width=\"512\" height=\"384\" srcset=\"https:\/\/blog.espol.edu.ec\/wifamont\/files\/2011\/10\/inventor_autodesk_inventor__92789.jpg 640w, https:\/\/blog.espol.edu.ec\/wifamont\/files\/2011\/10\/inventor_autodesk_inventor__92789-300x225.jpg 300w\" sizes=\"auto, (max-width: 512px) 100vw, 512px\" \/><\/a><\/p>\n<p style=\"text-align: left\">Como modelador param\u00e9trico, no debe ser confundido con los programas tradicionales de CAD. Inventor se utiliza en dise\u00f1o de ingenier\u00eda para producir y perfeccionar productos nuevos, mientras que en programas como\u00a0Autocad se conducen solo las dimensiones. Un modelador param\u00e9trico permite modelar la\u00a0geometr\u00eda, dimensi\u00f3n y material de manera que si se alteran las dimensiones, la geometr\u00eda actualiza autom\u00e1ticamente bas\u00e1ndose en las nuevas dimensiones. Esto permite que el dise\u00f1ador almacene sus conocimientos de c\u00e1lculo dentro del modelo, a diferencia del modelado no param\u00e9trico, que est\u00e1 m\u00e1s relacionado con un \u201ctablero de bocetos digitales\u201d. Inventor tambi\u00e9n tiene herramientas para la creaci\u00f3n de piezas met\u00e1licas.<\/p>\n<p style=\"text-align: left\">Los bloques de construcci\u00f3n cruciales de Inventor son las\u00a0<em>piezas<\/em>. Se crean definiendo las\u00a0<em>caracter\u00edsticas<\/em> , que a su vez se basan en bocetos (dibujos en 2D). Por ejemplo, para hacer un\u00a0cubo simple, un usuario primero har\u00eda un boceto con forma de cuadrado y despu\u00e9s utilizar\u00eda la herramienta\u00a0<em>extrusi\u00f3n<\/em> para levantar el cuadrado y darle volumen, convirti\u00e9ndolo en el cubo. Si un usuario desea entonces agregar un eje que salga del cubo, podr\u00eda agregar un boceto en la cara deseada, dibujar un c\u00edrculo y despu\u00e9s\u00a0<em>extruirlo<\/em> para crear un\u00a0eje. Tambi\u00e9n pueden utilizarse los planos de trabajo para producir los bocetos que se pueden compensar de los planos \u00fatiles de la partici\u00f3n. La ventaja de este dise\u00f1o es que todos los bocetos y las caracter\u00edsticas se pueden corregir m\u00e1s adelante, sin tener que hacer de nuevo la partici\u00f3n entera. Este sistema de modelado es mucho m\u00e1s\u00a0intuitivo que en ambientes antiguos de modelado, en los que para cambiar dimensiones b\u00e1sicas era necesario generalmente suprimir el archivo entero y comenzar de cero.<\/p>\n<p style=\"text-align: left\">Como parte final del proceso, las partes se conectan para hacer ensamblajes. Los ensamblajes pueden consistir en piezas u otros ensamblajes. Las piezas son ensambladas agregando\u00a0restricciones entre las superficies, bordes, planos, puntos y\u00a0ejes. Por ejemplo, si uno coloca un\u00a0pi\u00f1\u00f3n sobre un eje, una restricci\u00f3n insertada podr\u00eda agregarse al eje y el pi\u00f1\u00f3n haciendo que el centro del eje sea el centro del pi\u00f1\u00f3n. La distancia entre la\u00a0superficie del pi\u00f1\u00f3n y del extremo del eje se puede tambi\u00e9n especificar con la restricci\u00f3n insertada. Otras restricciones incluyen\u00a0<em>flush<\/em>,\u00a0<em>mate<\/em> (acoplar),\u00a0<em>insert<\/em> (insertar),\u00a0<em>angle<\/em> (\u00e1ngulo) y<em>tangent<\/em> (tangente).<\/p>\n<p style=\"text-align: left\">Este m\u00e9todo de modelado permite la creaci\u00f3n de ensamblajes muy grandes y complejos, especialmente porque los sistemas de piezas pueden ser puestos juntos antes de que se ensamblen en el ensamblaje principal; algunos proyectos pueden tener muchos sub-ensamblajes parciales.<\/p>\n<p style=\"text-align: left\">Inventor utiliza formatos espec\u00edficos de archivo para las piezas (.IPT), ensamblajes (.IAM) y vista del dibujo (.IDW), pero el formato del archivo de AutoCAD.DWG puede ser importado\/exportado como boceto.<\/p>\n<p style=\"text-align: left\">Las \u00faltimas versiones de Inventor incluyen funcionalidades que pose\u00edan muchos modeladores 3D de mediano y alto nivel. Utiliza el Gestor de Formas (<em>Shape Manager<\/em>) como su kernel de modelaje geom\u00e9trico, el cual pertenece a Autodesk y fue derivado del kernel de modelaje\u00a0ACIS.<\/p>\n<p style=\"text-align: center\"><a rel=\"attachment wp-att-133\" href=\"http:\/\/blog.espol.edu.ec\/wifamont\/autodesk-inventor\/new_autodesk_inventor_2010\/\"><img loading=\"lazy\" decoding=\"async\" class=\"aligncenter size-full wp-image-133\" title=\"NEW_AUTODESK_INVENTOR_2010\" src=\"http:\/\/blog.espol.edu.ec\/wifamont\/files\/2011\/10\/NEW_AUTODESK_INVENTOR_2010.jpg\" alt=\"\" width=\"430\" height=\"553\" srcset=\"https:\/\/blog.espol.edu.ec\/wifamont\/files\/2011\/10\/NEW_AUTODESK_INVENTOR_2010.jpg 614w, https:\/\/blog.espol.edu.ec\/wifamont\/files\/2011\/10\/NEW_AUTODESK_INVENTOR_2010-233x300.jpg 233w\" sizes=\"auto, (max-width: 430px) 100vw, 430px\" \/><\/a><\/p>\n<p style=\"text-align: left\">Aqu\u00ed\u00a0el Link de la pagina oficial:<\/p>\n<p style=\"text-align: left\"><a href=\"http:\/\/www.autodesk.es\/adsk\/servlet\/pc\/index?id=14569016&amp;siteID=455755\" target=\"_blank\">http:\/\/www.autodesk.es\/adsk\/servlet\/pc\/index?id=14569016&amp;siteID=455755<\/a><\/p>\n","protected":false},"excerpt":{"rendered":"<p>Autodesk Inventor se basa en t\u00e9cnicas de\u00a0modelado param\u00e9trico. Los usuarios comienzan dise\u00f1ando\u00a0piezas que se pueden combinar en\u00a0ensamblajes.Corrigiendo piezas y ensamblajes pueden obtenerse diversas variantes. Como modelador param\u00e9trico, no debe ser confundido con los programas tradicionales de CAD. Inventor se utiliza en dise\u00f1o de ingenier\u00eda para producir y perfeccionar productos nuevos, mientras que en programas como\u00a0Autocad [&hellip;]<\/p>\n","protected":false},"author":3717,"featured_media":0,"parent":0,"menu_order":0,"comment_status":"open","ping_status":"open","template":"","meta":{"footnotes":""},"class_list":["post-131","page","type-page","status-publish","hentry"],"aioseo_notices":[],"_links":{"self":[{"href":"https:\/\/blog.espol.edu.ec\/wifamont\/wp-json\/wp\/v2\/pages\/131","targetHints":{"allow":["GET"]}}],"collection":[{"href":"https:\/\/blog.espol.edu.ec\/wifamont\/wp-json\/wp\/v2\/pages"}],"about":[{"href":"https:\/\/blog.espol.edu.ec\/wifamont\/wp-json\/wp\/v2\/types\/page"}],"author":[{"embeddable":true,"href":"https:\/\/blog.espol.edu.ec\/wifamont\/wp-json\/wp\/v2\/users\/3717"}],"replies":[{"embeddable":true,"href":"https:\/\/blog.espol.edu.ec\/wifamont\/wp-json\/wp\/v2\/comments?post=131"}],"version-history":[{"count":9,"href":"https:\/\/blog.espol.edu.ec\/wifamont\/wp-json\/wp\/v2\/pages\/131\/revisions"}],"predecessor-version":[{"id":136,"href":"https:\/\/blog.espol.edu.ec\/wifamont\/wp-json\/wp\/v2\/pages\/131\/revisions\/136"}],"wp:attachment":[{"href":"https:\/\/blog.espol.edu.ec\/wifamont\/wp-json\/wp\/v2\/media?parent=131"}],"curies":[{"name":"wp","href":"https:\/\/api.w.org\/{rel}","templated":true}]}}