{"id":140,"date":"2011-10-19T03:09:52","date_gmt":"2011-10-19T03:09:52","guid":{"rendered":"http:\/\/blog.espol.edu.ec\/wifamont\/?page_id=140"},"modified":"2011-10-19T03:11:55","modified_gmt":"2011-10-19T03:11:55","slug":"solidworks","status":"publish","type":"page","link":"https:\/\/blog.espol.edu.ec\/wifamont\/solidworks\/","title":{"rendered":"SOLIDWORKS"},"content":{"rendered":"<p><strong>SolidWorks<\/strong> es un programa de\u00a0dise\u00f1o asistido por computadora para modelado mec\u00e1nico desarrollado en la actualidad por SolidWorks Corp., una subsidiaria de\u00a0Dassault Syst\u00e8mes (Suresnes,\u00a0Francia), para elsistema operativo Microsoft Windows. Es un modelador de s\u00f3lidos param\u00e9trico, que usa el kernel de modelado geom\u00e9trico Parasolid (Nucleo que pertenece a Siemens PLM Software, desarrollador de\u00a0Solid Edge y de\u00a0NX). Fue introducido en el mercado en 1995 para competir con otros programas CAD comoPro\/ENGINEER,\u00a0NX,\u00a0Solid Edge,\u00a0CATIA, y\u00a0Autodesk Mechanical Desktop.<\/p>\n<p><a rel=\"attachment wp-att-141\" href=\"http:\/\/blog.espol.edu.ec\/wifamont\/solidworks\/036b5c\/\"><img loading=\"lazy\" decoding=\"async\" class=\"aligncenter size-full wp-image-141\" title=\"036b5c\" src=\"http:\/\/blog.espol.edu.ec\/wifamont\/files\/2011\/10\/036b5c.jpg\" alt=\"\" width=\"450\" height=\"285\" srcset=\"https:\/\/blog.espol.edu.ec\/wifamont\/files\/2011\/10\/036b5c.jpg 450w, https:\/\/blog.espol.edu.ec\/wifamont\/files\/2011\/10\/036b5c-300x190.jpg 300w\" sizes=\"auto, (max-width: 450px) 100vw, 450px\" \/><\/a><\/p>\n<p>El programa permite modelar piezas y conjuntos y extraer de ellos tanto planos como otro tipo de informaci\u00f3n necesaria para la producci\u00f3n. Es un programa que funciona con base en las nuevas t\u00e9cnicas de modelado con sistemas CAD. El proceso consiste en trasvasar la idea mental del dise\u00f1ador al sistema CAD, \"construyendo virtualmente\" la pieza o conjunto. Posteriormente todas las extracciones (planos y ficheros de intercambio) se realizan de manera bastante automatizada.<\/p>\n<p style=\"text-align: center\"><a rel=\"attachment wp-att-142\" href=\"http:\/\/blog.espol.edu.ec\/wifamont\/solidworks\/3dm-import-for-solidworks\/\"><img loading=\"lazy\" decoding=\"async\" class=\"aligncenter size-full wp-image-142\" title=\"3DM-Import-for-SolidWorks\" src=\"http:\/\/blog.espol.edu.ec\/wifamont\/files\/2011\/10\/3DM-Import-for-SolidWorks.gif\" alt=\"\" width=\"530\" height=\"376\" srcset=\"https:\/\/blog.espol.edu.ec\/wifamont\/files\/2011\/10\/3DM-Import-for-SolidWorks.gif 757w, https:\/\/blog.espol.edu.ec\/wifamont\/files\/2011\/10\/3DM-Import-for-SolidWorks-300x212.gif 300w\" sizes=\"auto, (max-width: 530px) 100vw, 530px\" \/><\/a><\/p>\n<p>Aqu\u00ed el link de su pagina oficial:<\/p>\n<p><a href=\"http:\/\/www.solidworks.es\/\" target=\"_blank\">http:\/\/www.solidworks.es\/ <\/a><\/p>\n","protected":false},"excerpt":{"rendered":"<p>SolidWorks es un programa de\u00a0dise\u00f1o asistido por computadora para modelado mec\u00e1nico desarrollado en la actualidad por SolidWorks Corp., una subsidiaria de\u00a0Dassault Syst\u00e8mes (Suresnes,\u00a0Francia), para elsistema operativo Microsoft Windows. Es un modelador de s\u00f3lidos param\u00e9trico, que usa el kernel de modelado geom\u00e9trico Parasolid (Nucleo que pertenece a Siemens PLM Software, desarrollador de\u00a0Solid Edge y de\u00a0NX). Fue [&hellip;]<\/p>\n","protected":false},"author":3717,"featured_media":0,"parent":0,"menu_order":0,"comment_status":"open","ping_status":"open","template":"","meta":{"footnotes":""},"class_list":["post-140","page","type-page","status-publish","hentry"],"aioseo_notices":[],"_links":{"self":[{"href":"https:\/\/blog.espol.edu.ec\/wifamont\/wp-json\/wp\/v2\/pages\/140","targetHints":{"allow":["GET"]}}],"collection":[{"href":"https:\/\/blog.espol.edu.ec\/wifamont\/wp-json\/wp\/v2\/pages"}],"about":[{"href":"https:\/\/blog.espol.edu.ec\/wifamont\/wp-json\/wp\/v2\/types\/page"}],"author":[{"embeddable":true,"href":"https:\/\/blog.espol.edu.ec\/wifamont\/wp-json\/wp\/v2\/users\/3717"}],"replies":[{"embeddable":true,"href":"https:\/\/blog.espol.edu.ec\/wifamont\/wp-json\/wp\/v2\/comments?post=140"}],"version-history":[{"count":5,"href":"https:\/\/blog.espol.edu.ec\/wifamont\/wp-json\/wp\/v2\/pages\/140\/revisions"}],"predecessor-version":[{"id":145,"href":"https:\/\/blog.espol.edu.ec\/wifamont\/wp-json\/wp\/v2\/pages\/140\/revisions\/145"}],"wp:attachment":[{"href":"https:\/\/blog.espol.edu.ec\/wifamont\/wp-json\/wp\/v2\/media?parent=140"}],"curies":[{"name":"wp","href":"https:\/\/api.w.org\/{rel}","templated":true}]}}