{"id":36,"date":"2014-11-08T16:49:18","date_gmt":"2014-11-08T16:49:18","guid":{"rendered":"http:\/\/blog.espol.edu.ec\/wiladd\/?page_id=36"},"modified":"2014-11-08T17:28:44","modified_gmt":"2014-11-08T17:28:44","slug":"home-2","status":"publish","type":"page","link":"https:\/\/blog.espol.edu.ec\/wiladd\/home-2\/","title":{"rendered":"Home"},"content":{"rendered":"<p><em><strong>Acerca de nosotros.<\/strong><\/em><\/p>\n<p><a href=\"http:\/\/blog.espol.edu.ec\/wiladd\/files\/2014\/11\/acerca-de-nosotros.jpg\"><img loading=\"lazy\" decoding=\"async\" width=\"300\" height=\"225\" class=\"size-medium wp-image-41 aligncenter\" src=\"http:\/\/blog.espol.edu.ec\/wiladd\/files\/2014\/11\/acerca-de-nosotros-300x225.jpg\" alt=\"acerca de nosotros\" srcset=\"https:\/\/blog.espol.edu.ec\/wiladd\/files\/2014\/11\/acerca-de-nosotros-300x225.jpg 300w, https:\/\/blog.espol.edu.ec\/wiladd\/files\/2014\/11\/acerca-de-nosotros.jpg 400w\" sizes=\"auto, (max-width: 300px) 100vw, 300px\" \/><\/a><\/p>\n<p style=\"text-align: left\">\n<p>Somos una empresa radicada en Salinas, que busca ofrecer a los turistas un servicio personalizado y completo de tours.<br \/>\nContamos con experiencia como gu\u00edas de turistas, adem\u00e1s de tener much\u00edsimas actividades que ofrecer a nuestros clientes. Todo con el fin de proporcionar un viaje placentero. Cont\u00e1ctenos y haga de sus vacaciones en Salinas una experiecia inolvidable.<\/p>\n<p>&nbsp;<\/p>\n<p><em><strong>Paquetes Tur\u00edsticos:<\/strong><\/em><\/p>\n<p align=\"justify\"><a href=\"http:\/\/blog.espol.edu.ec\/wiladd\/files\/2014\/11\/paquetes-turistico.jpg\"><img loading=\"lazy\" decoding=\"async\" width=\"300\" height=\"268\" class=\"size-medium wp-image-42 aligncenter\" src=\"http:\/\/blog.espol.edu.ec\/wiladd\/files\/2014\/11\/paquetes-turistico-300x268.jpg\" alt=\"paquetes turistico\" srcset=\"https:\/\/blog.espol.edu.ec\/wiladd\/files\/2014\/11\/paquetes-turistico-300x268.jpg 300w, https:\/\/blog.espol.edu.ec\/wiladd\/files\/2014\/11\/paquetes-turistico.jpg 376w\" sizes=\"auto, (max-width: 300px) 100vw, 300px\" \/><\/a><\/p>\n<p>Le invitamos a conocer las actividades que se realizan en cada uno de los paquetes que ofrecemos:<\/p>\n<p>-Tour Ruta Spondylus<br \/>\n-Servicio de transporte<br \/>\n-Renta de autos<br \/>\n-Pesca Deportiva<br \/>\n-PASEO EN YATE<br \/>\n-Deportes y Diversas Actividades<br \/>\n-City Tour Salinas<br \/>\n-City Tour Guayaquil<\/p>\n<p>Contamos con una amplia lista de actividades que usted puede realizar en su estad\u00eda en la provincia de Santa Elena en la rep\u00fablica del Ecuador.<\/p>\n<p>&nbsp;<\/p>\n<p><em><strong>Conozca Santa Elena<\/strong><\/em><\/p>\n<div align=\"justify\">\n<p style=\"text-align: center\"><a href=\"http:\/\/blog.espol.edu.ec\/wiladd\/files\/2014\/11\/conozca-santa-elena.jpg\"><img loading=\"lazy\" decoding=\"async\" width=\"300\" height=\"225\" class=\"alignnone size-medium wp-image-43\" src=\"http:\/\/blog.espol.edu.ec\/wiladd\/files\/2014\/11\/conozca-santa-elena-300x225.jpg\" alt=\"conozca santa elena\" srcset=\"https:\/\/blog.espol.edu.ec\/wiladd\/files\/2014\/11\/conozca-santa-elena-300x225.jpg 300w, https:\/\/blog.espol.edu.ec\/wiladd\/files\/2014\/11\/conozca-santa-elena.jpg 400w\" sizes=\"auto, (max-width: 300px) 100vw, 300px\" \/><\/a><\/p>\n<p>Santa Elena es la provincia m\u00e1s j\u00f3ven del Ecuador, su clima es c\u00e1lido a lo largo de todo el a\u00f1o, con excepciones en los meses de agosto a octubre. Cuenta con 3 cantones, Salinas, La Libertad y Santa Elena. Llena de atractivos tur\u00edsticos que atraen a nacionales y extranjeros.<\/p>\n<p><span class=\"style7\">-Valdivia<\/span><br \/>\n<span class=\"style7\">-Monta\u00f1ita<\/span><br \/>\n<span class=\"style7\">-La Libertad<\/span><\/p>\n<p>A trav\u00e9s de nuestra p\u00e1gina le invitamos a conocer un poco m\u00e1s acerca de los destinos tur\u00edsticos de la provincia de Santa Elena y Ecuador.<\/p>\n<\/div>\n<p>&nbsp;<\/p>\n<p>&nbsp;<\/p>\n<p>&nbsp;<\/p>\n<p>&nbsp;<\/p>\n<p>&nbsp;<\/p>\n<p>&nbsp;<\/p>\n<p>&nbsp;<\/p>\n<p>&nbsp;<\/p>\n<p><!--more--><!--more--><\/p>\n<p>&nbsp;<\/p>\n<p>&nbsp;<\/p>\n<p>&nbsp;<\/p>\n<p>&nbsp;<\/p>\n<p>&nbsp;<\/p>\n<p>&nbsp;<\/p>\n<div id=\"__if72ru4rkjahiuyi_once\"><\/div>\n<div id=\"__if72ru4rkjahiuyi_once\"><\/div>\n<div id=\"__if72ru4sdfsdfruh7fewui_once\"><\/div>\n<div id=\"__hggasdgjhsagd_once\"><\/div>\n<div id=\"__if72ru4rkjahiuyi_once\"><\/div>\n","protected":false},"excerpt":{"rendered":"<p>Acerca de nosotros. Somos una empresa radicada en Salinas, que busca ofrecer a los turistas un servicio personalizado y completo de tours. Contamos con experiencia como gu\u00edas de turistas, adem\u00e1s de tener much\u00edsimas actividades que ofrecer a nuestros clientes. Todo con el fin de proporcionar un viaje placentero. Cont\u00e1ctenos y haga de sus vacaciones en [&hellip;]<\/p>\n","protected":false},"author":9401,"featured_media":0,"parent":0,"menu_order":0,"comment_status":"open","ping_status":"open","template":"","meta":{"footnotes":""},"class_list":["post-36","page","type-page","status-publish","hentry"],"_links":{"self":[{"href":"https:\/\/blog.espol.edu.ec\/wiladd\/wp-json\/wp\/v2\/pages\/36","targetHints":{"allow":["GET"]}}],"collection":[{"href":"https:\/\/blog.espol.edu.ec\/wiladd\/wp-json\/wp\/v2\/pages"}],"about":[{"href":"https:\/\/blog.espol.edu.ec\/wiladd\/wp-json\/wp\/v2\/types\/page"}],"author":[{"embeddable":true,"href":"https:\/\/blog.espol.edu.ec\/wiladd\/wp-json\/wp\/v2\/users\/9401"}],"replies":[{"embeddable":true,"href":"https:\/\/blog.espol.edu.ec\/wiladd\/wp-json\/wp\/v2\/comments?post=36"}],"version-history":[{"count":4,"href":"https:\/\/blog.espol.edu.ec\/wiladd\/wp-json\/wp\/v2\/pages\/36\/revisions"}],"predecessor-version":[{"id":45,"href":"https:\/\/blog.espol.edu.ec\/wiladd\/wp-json\/wp\/v2\/pages\/36\/revisions\/45"}],"wp:attachment":[{"href":"https:\/\/blog.espol.edu.ec\/wiladd\/wp-json\/wp\/v2\/media?parent=36"}],"curies":[{"name":"wp","href":"https:\/\/api.w.org\/{rel}","templated":true}]}}