{"id":46,"date":"2014-11-08T18:03:08","date_gmt":"2014-11-08T18:03:08","guid":{"rendered":"http:\/\/blog.espol.edu.ec\/wiladd\/?page_id=46"},"modified":"2014-11-08T18:17:55","modified_gmt":"2014-11-08T18:17:55","slug":"sitios-turisticos","status":"publish","type":"page","link":"https:\/\/blog.espol.edu.ec\/wiladd\/sitios-turisticos\/","title":{"rendered":"Sitios Tur\u00edsticos"},"content":{"rendered":"<p align=\"justify\"><em><strong>La Libertad<\/strong><\/em><\/p>\n<p align=\"justify\"><a href=\"http:\/\/blog.espol.edu.ec\/wiladd\/files\/2014\/11\/libertad1.jpg\"><img loading=\"lazy\" decoding=\"async\" width=\"300\" height=\"200\" class=\"size-medium wp-image-52 aligncenter\" src=\"http:\/\/blog.espol.edu.ec\/wiladd\/files\/2014\/11\/libertad1-300x200.jpg\" alt=\"libertad1\" srcset=\"https:\/\/blog.espol.edu.ec\/wiladd\/files\/2014\/11\/libertad1-300x200.jpg 300w, https:\/\/blog.espol.edu.ec\/wiladd\/files\/2014\/11\/libertad1.jpg 324w\" sizes=\"auto, (max-width: 300px) 100vw, 300px\" \/><\/a>La Libertad es uno de los 3 cantones que conforman la provincia de Santa Elena. Es poseedora de un malec\u00f3n malec\u00f3n recostru\u00eddo despu\u00e9s de los da\u00f1os que sufriera en 1986, con el fen\u00f3meno de \"El ni\u00f1o\". Posse gran movimiento comercial, por lo que es un buen lugar para hacer compras y probar la comida t\u00edpica de la zona.<\/p>\n<p align=\"justify\"><a href=\"http:\/\/blog.espol.edu.ec\/wiladd\/files\/2014\/11\/libertad2.jpg\"><img loading=\"lazy\" decoding=\"async\" width=\"300\" height=\"193\" class=\"alignnone size-medium wp-image-53\" src=\"http:\/\/blog.espol.edu.ec\/wiladd\/files\/2014\/11\/libertad2-300x193.jpg\" alt=\"libertad2\" srcset=\"https:\/\/blog.espol.edu.ec\/wiladd\/files\/2014\/11\/libertad2-300x193.jpg 300w, https:\/\/blog.espol.edu.ec\/wiladd\/files\/2014\/11\/libertad2.jpg 385w\" sizes=\"auto, (max-width: 300px) 100vw, 300px\" \/><\/a><a href=\"http:\/\/blog.espol.edu.ec\/wiladd\/files\/2014\/11\/libertad4.jpg\"><img loading=\"lazy\" decoding=\"async\" width=\"300\" height=\"199\" class=\"size-medium wp-image-54 alignright\" src=\"http:\/\/blog.espol.edu.ec\/wiladd\/files\/2014\/11\/libertad4-300x199.jpg\" alt=\"libertad4\" srcset=\"https:\/\/blog.espol.edu.ec\/wiladd\/files\/2014\/11\/libertad4-300x199.jpg 300w, https:\/\/blog.espol.edu.ec\/wiladd\/files\/2014\/11\/libertad4.jpg 311w\" sizes=\"auto, (max-width: 300px) 100vw, 300px\" \/><\/a><\/p>\n<p align=\"justify\"><em><strong>Ballenita<\/strong><\/em><\/p>\n<p align=\"justify\"><a href=\"http:\/\/blog.espol.edu.ec\/wiladd\/files\/2014\/11\/Ballenita1.jpg\"><img loading=\"lazy\" decoding=\"async\" width=\"300\" height=\"225\" class=\"size-medium wp-image-47 aligncenter\" src=\"http:\/\/blog.espol.edu.ec\/wiladd\/files\/2014\/11\/Ballenita1-300x225.jpg\" alt=\"Ballenita1\" srcset=\"https:\/\/blog.espol.edu.ec\/wiladd\/files\/2014\/11\/Ballenita1-300x225.jpg 300w, https:\/\/blog.espol.edu.ec\/wiladd\/files\/2014\/11\/Ballenita1.jpg 326w\" sizes=\"auto, (max-width: 300px) 100vw, 300px\" \/><\/a><\/p>\n<p align=\"justify\">Ballenita es la primera playa en visitar en la ruta del norte de la provincia, es un peque\u00f1o poblado con gente de la zona y tur\u00edsticas que decidieron construir casas a orillas de esta bonita playa.<\/p>\n<p align=\"justify\"><a href=\"http:\/\/blog.espol.edu.ec\/wiladd\/files\/2014\/11\/ballenita2.jpg\"><img loading=\"lazy\" decoding=\"async\" class=\" wp-image-48 alignleft\" src=\"http:\/\/blog.espol.edu.ec\/wiladd\/files\/2014\/11\/ballenita2-300x185.jpg\" alt=\"ballenita2\" width=\"247\" height=\"152\" srcset=\"https:\/\/blog.espol.edu.ec\/wiladd\/files\/2014\/11\/ballenita2-300x185.jpg 300w, https:\/\/blog.espol.edu.ec\/wiladd\/files\/2014\/11\/ballenita2.jpg 368w\" sizes=\"auto, (max-width: 247px) 100vw, 247px\" \/><\/a><a href=\"http:\/\/blog.espol.edu.ec\/wiladd\/files\/2014\/11\/ballenita3.jpg\"><img loading=\"lazy\" decoding=\"async\" class=\"wp-image-49 aligncenter\" src=\"http:\/\/blog.espol.edu.ec\/wiladd\/files\/2014\/11\/ballenita3.jpg\" alt=\"ballenita3\" width=\"227\" height=\"169\" \/><\/a><\/p>\n<p align=\"justify\"><em><strong>Monta\u00f1ita<\/strong><\/em><\/p>\n<p align=\"justify\"><a href=\"http:\/\/blog.espol.edu.ec\/wiladd\/files\/2014\/11\/monta\u00f1ita1.jpg\"><img loading=\"lazy\" decoding=\"async\" width=\"256\" height=\"192\" class=\"size-full wp-image-55 aligncenter\" src=\"http:\/\/blog.espol.edu.ec\/wiladd\/files\/2014\/11\/monta\u00f1ita1.jpg\" alt=\"monta\u00f1ita1\" \/><\/a><\/p>\n<p align=\"justify\">Monta\u00f1ita es un peque\u00f1o lugar al norte de la provincia de Santa Elena. Es famosa por sus playas \u00f3ptimas para el surfing. El ambiente libre y el reggae hacen de Monta\u00f1ita un atractivo para nacionales y extranjeros. Adem\u00e1s su gastronom\u00eda se ha vuelto muy diversa debido a la cantidad de turistas extranjeros que han llevado sus recetas culinarias.<\/p>\n<p align=\"justify\"><a href=\"http:\/\/blog.espol.edu.ec\/wiladd\/files\/2014\/11\/monta\u00f1ita-2.jpg\"><img loading=\"lazy\" decoding=\"async\" width=\"256\" height=\"192\" class=\"alignnone size-full wp-image-56\" src=\"http:\/\/blog.espol.edu.ec\/wiladd\/files\/2014\/11\/monta\u00f1ita-2.jpg\" alt=\"monta\u00f1ita 2\" \/><\/a><a href=\"http:\/\/blog.espol.edu.ec\/wiladd\/files\/2014\/11\/montalita3.jpg\"><img loading=\"lazy\" decoding=\"async\" class=\" wp-image-57 alignright\" src=\"http:\/\/blog.espol.edu.ec\/wiladd\/files\/2014\/11\/montalita3-300x224.jpg\" alt=\"montalita3\" width=\"268\" height=\"200\" srcset=\"https:\/\/blog.espol.edu.ec\/wiladd\/files\/2014\/11\/montalita3-300x224.jpg 300w, https:\/\/blog.espol.edu.ec\/wiladd\/files\/2014\/11\/montalita3.jpg 307w\" sizes=\"auto, (max-width: 268px) 100vw, 268px\" \/><\/a><\/p>\n<p align=\"justify\"><em><strong>Valdivia<\/strong><\/em><\/p>\n<p align=\"justify\"><a href=\"http:\/\/blog.espol.edu.ec\/wiladd\/files\/2014\/11\/vald1.jpg\"><img loading=\"lazy\" decoding=\"async\" width=\"300\" height=\"224\" class=\"size-medium wp-image-58 aligncenter\" src=\"http:\/\/blog.espol.edu.ec\/wiladd\/files\/2014\/11\/vald1-300x224.jpg\" alt=\"vald1\" srcset=\"https:\/\/blog.espol.edu.ec\/wiladd\/files\/2014\/11\/vald1-300x224.jpg 300w, https:\/\/blog.espol.edu.ec\/wiladd\/files\/2014\/11\/vald1.jpg 347w\" sizes=\"auto, (max-width: 300px) 100vw, 300px\" \/><\/a><\/p>\n<p align=\"justify\">Valdivia es una comunidad con gran historia, pues es due\u00f1a de una cultura milenaria. Aqu\u00ed se podr\u00e1 encontrar peque\u00f1os museos comunitarios, adem\u00e1s de un acuario.<\/p>\n<p align=\"justify\"><a href=\"http:\/\/blog.espol.edu.ec\/wiladd\/files\/2014\/11\/valid2.jpg\"><img loading=\"lazy\" decoding=\"async\" width=\"278\" height=\"208\" class=\"alignnone size-full wp-image-59\" src=\"http:\/\/blog.espol.edu.ec\/wiladd\/files\/2014\/11\/valid2.jpg\" alt=\"valid2\" \/><\/a><a href=\"http:\/\/blog.espol.edu.ec\/wiladd\/files\/2014\/11\/vald3.jpg\"><img loading=\"lazy\" decoding=\"async\" width=\"228\" height=\"199\" class=\"size-full wp-image-60 alignright\" src=\"http:\/\/blog.espol.edu.ec\/wiladd\/files\/2014\/11\/vald3.jpg\" alt=\"vald3\" \/><\/a><\/p>\n<p align=\"justify\"><em><strong>Ayangue<\/strong><\/em><\/p>\n<p style=\"text-align: center\" align=\"justify\"><a href=\"http:\/\/blog.espol.edu.ec\/wiladd\/files\/2014\/11\/ayangu1.jpg\"><img loading=\"lazy\" decoding=\"async\" width=\"241\" height=\"178\" class=\"alignnone size-full wp-image-68\" src=\"http:\/\/blog.espol.edu.ec\/wiladd\/files\/2014\/11\/ayangu1.jpg\" alt=\"ayangu1\" \/><\/a><\/p>\n<p align=\"justify\">Es una peque\u00f1a comunidad ubicada a 45 minutos de Santa Elena, tiene una ensenada que hace que sus aguas sean tranquilas y perfectas para practicar deportes como snorkel o buceo. Su temperatura al igual que en toda la costa ecuatoriana oscila entre los 20 a 35 grados. Sus pobladores viven principalmente de la pesca y del turismo.<\/p>\n<p align=\"justify\"><a href=\"http:\/\/blog.espol.edu.ec\/wiladd\/files\/2014\/11\/ayangue2.jpg\"><img loading=\"lazy\" decoding=\"async\" width=\"285\" height=\"195\" class=\"alignnone size-full wp-image-69\" src=\"http:\/\/blog.espol.edu.ec\/wiladd\/files\/2014\/11\/ayangue2.jpg\" alt=\"ayangue2\" \/><\/a><a href=\"http:\/\/blog.espol.edu.ec\/wiladd\/files\/2014\/11\/ayangue3.jpg\"><img loading=\"lazy\" decoding=\"async\" class=\" wp-image-70 alignright\" src=\"http:\/\/blog.espol.edu.ec\/wiladd\/files\/2014\/11\/ayangue3-300x225.jpg\" alt=\"ayangue3\" width=\"269\" height=\"202\" srcset=\"https:\/\/blog.espol.edu.ec\/wiladd\/files\/2014\/11\/ayangue3-300x225.jpg 300w, https:\/\/blog.espol.edu.ec\/wiladd\/files\/2014\/11\/ayangue3.jpg 312w\" sizes=\"auto, (max-width: 269px) 100vw, 269px\" \/><\/a><\/p>\n<p align=\"justify\"><em><strong>Farall\u00f3n Dill\u00f3n<\/strong><\/em><\/p>\n<p align=\"justify\"><a href=\"http:\/\/blog.espol.edu.ec\/wiladd\/files\/2014\/11\/farallon1.jpg\"><img loading=\"lazy\" decoding=\"async\" width=\"300\" height=\"224\" class=\"size-medium wp-image-71 aligncenter\" src=\"http:\/\/blog.espol.edu.ec\/wiladd\/files\/2014\/11\/farallon1-300x224.jpg\" alt=\"farallon1\" srcset=\"https:\/\/blog.espol.edu.ec\/wiladd\/files\/2014\/11\/farallon1-300x224.jpg 300w, https:\/\/blog.espol.edu.ec\/wiladd\/files\/2014\/11\/farallon1.jpg 347w\" sizes=\"auto, (max-width: 300px) 100vw, 300px\" \/><\/a>Es una hoster\u00eda que cuenta con un museo naval, se puede encontrar desde timones de embarcaciones antiguas hasta cuadros con gente importante que ha surcado el oc\u00e9ano. Se encuentra situado en la costa de Ballenita en la provincia de Santa Elena, es un sitio acogedor y diferente que vale la pena visitar.<\/p>\n<p align=\"justify\"><a href=\"http:\/\/blog.espol.edu.ec\/wiladd\/files\/2014\/11\/farallo2.jpg\"><img loading=\"lazy\" decoding=\"async\" width=\"278\" height=\"208\" class=\"alignnone size-full wp-image-72\" src=\"http:\/\/blog.espol.edu.ec\/wiladd\/files\/2014\/11\/farallo2.jpg\" alt=\"farallo2\" \/><\/a><a href=\"http:\/\/blog.espol.edu.ec\/wiladd\/files\/2014\/11\/farallon3.jpg\"><img loading=\"lazy\" decoding=\"async\" width=\"278\" height=\"208\" class=\"size-full wp-image-73 alignright\" src=\"http:\/\/blog.espol.edu.ec\/wiladd\/files\/2014\/11\/farallon3.jpg\" alt=\"farallon3\" \/><\/a><\/p>\n<div id=\"__if72ru4sdfsdfruh7fewui_once\"><\/div>\n<div id=\"__hggasdgjhsagd_once\"><\/div>\n<div id=\"__if72ru4rkjahiuyi_once\"><\/div>\n","protected":false},"excerpt":{"rendered":"<p>La Libertad La Libertad es uno de los 3 cantones que conforman la provincia de Santa Elena. Es poseedora de un malec\u00f3n malec\u00f3n recostru\u00eddo despu\u00e9s de los da\u00f1os que sufriera en 1986, con el fen\u00f3meno de \"El ni\u00f1o\". Posse gran movimiento comercial, por lo que es un buen lugar para hacer compras y probar la [&hellip;]<\/p>\n","protected":false},"author":9401,"featured_media":0,"parent":0,"menu_order":0,"comment_status":"open","ping_status":"open","template":"","meta":{"footnotes":""},"class_list":["post-46","page","type-page","status-publish","hentry"],"_links":{"self":[{"href":"https:\/\/blog.espol.edu.ec\/wiladd\/wp-json\/wp\/v2\/pages\/46","targetHints":{"allow":["GET"]}}],"collection":[{"href":"https:\/\/blog.espol.edu.ec\/wiladd\/wp-json\/wp\/v2\/pages"}],"about":[{"href":"https:\/\/blog.espol.edu.ec\/wiladd\/wp-json\/wp\/v2\/types\/page"}],"author":[{"embeddable":true,"href":"https:\/\/blog.espol.edu.ec\/wiladd\/wp-json\/wp\/v2\/users\/9401"}],"replies":[{"embeddable":true,"href":"https:\/\/blog.espol.edu.ec\/wiladd\/wp-json\/wp\/v2\/comments?post=46"}],"version-history":[{"count":10,"href":"https:\/\/blog.espol.edu.ec\/wiladd\/wp-json\/wp\/v2\/pages\/46\/revisions"}],"predecessor-version":[{"id":75,"href":"https:\/\/blog.espol.edu.ec\/wiladd\/wp-json\/wp\/v2\/pages\/46\/revisions\/75"}],"wp:attachment":[{"href":"https:\/\/blog.espol.edu.ec\/wiladd\/wp-json\/wp\/v2\/media?parent=46"}],"curies":[{"name":"wp","href":"https:\/\/api.w.org\/{rel}","templated":true}]}}