{"id":116,"date":"2009-04-09T13:07:28","date_gmt":"2009-04-09T17:07:28","guid":{"rendered":"http:\/\/blog.espol.edu.ec\/wirelez\/?page_id=116"},"modified":"2009-04-30T03:39:40","modified_gmt":"2009-04-30T07:39:40","slug":"116","status":"publish","type":"page","link":"https:\/\/blog.espol.edu.ec\/wirelez\/?page_id=116","title":{"rendered":"Mini-Wiki"},"content":{"rendered":"<p>\n<font size=\"2\"><br \/>\nQue tal!<br \/>\nEsta es una secci\u00f3n de nociones b\u00e1sicas de c\u00f3mo funcionan las comunicaciones inal\u00e1mbricas. Poco a poco, ir\u00e9 a\u00f1adiendo conceptos nuevos a esta entrada.<br \/>\n<\/br><br \/>\n<\/br><\/p>\n<table>\n<tr>\n<td>\n<img decoding=\"async\" src=\"http:\/\/g-images.amazon.com\/images\/G\/01\/askville\/651580_2234142_mywrite\/home-network.jpg\" width=\"200\" \/>\n<\/td>\n<td>\n<font size=\"2\"><br \/>\n<strong>Qu\u00e9 es Port Forwarding?<\/strong><br \/>\nSi tienes un Router que se conecta a un M\u00f3dem y da Internet a toda tu casa (lo cual es 100% recomendable tener), lo que sucede es que el Router delimita dos redes diferentes: una WAN (la que viene del proveedor de Internet) y una LAN (la Red dentro de tu casa).<br \/>\nCuando el \"mundo externo\" quiere comunicarse con tu computadora, primero pasa por el Router. Para ello, el proveedor de internet te asigna una direcci\u00f3n p\u00fablica para que pueda accesar a tu casa. Pero el \"representante\" de tu casa, es tu Router.<br \/>\nNo obstante, el Router necesita saber qu\u00e9 Puertos puede activar para permitir que la informaci\u00f3n de esos Puertos fluya sin problema. Un \"Puerto\" es simplemente un n\u00famero que se asigna a los paquetes IP para saber qu\u00e9 aplicaci\u00f3n se encarga de qu\u00e9 (por ejemplo, navegar por internet es el puerto 80, el puerto para enviar correos es el 25, etc).<br \/>\n<\/br><br \/>\nWarcraft, por ejemplo, trabaja en el puerto 6112, por lo que tiene un serio problema en el momento en que intentan entrar paquetes con peticiones de personas que quieren unirse a tu partida. Para que la gente pueda entrar a jugar contigo, le tienes que decir al Router que esos puertos son \"buenos\" y que los dejen pasar no m\u00e1s.\n<\/td>\n<\/tr>\n<\/table>\n<p><\/br><br \/>\n<\/br><br \/>\n<strong><a name=\"#bt\">Bluetooth<\/a><\/strong><br \/>\n<\/br><\/p>\n<table>\n<tr>\n<td>\n<img decoding=\"async\" src=\"http:\/\/www.h3hardware.com.ar\/productos\/accesorios\/microsoft%20bluetooth%20wireless%20laser%20notebook%205000\/bluetooth1.jpg\" alt=\"Bluetooth\" width=\"180\" \/>\n<\/td>\n<td>\n<font size=\"3\"><br \/>\nBluetooth (en espa\u00f1ol, &#8220;diente azul&#8221;), es una tecnolog\u00eda inal\u00e1mbrica para la transferencia de datos en una <a href=\"http:\/\/es.wikipedia.org\/wiki\/Personal_area_network\">PAN<\/a> (Persona Area Network). Soporta velocidades de hasta 3Mbps y 54Mbps en la nueva propuesta de Ultra Wideband Bluetooth.<br \/>\n<\/font>\n<\/td>\n<\/table>\n<p align=\"center\">\n<table align=\"center\" border=\"1\">\n<tr>\n<td>\n<p align=\"center\"><strong>Nombre<\/strong><\/p>\n<\/td>\n<td>\n<p align=\"center\"><strong>Frecuencia<\/strong><\/p>\n<\/td>\n<td>\n<p align=\"center\"><strong>Alcance<\/strong><\/p>\n<\/td>\n<td>\n<p align=\"center\"><strong>Velocidad Maxima<\/strong><\/p>\n<\/td>\n<td>\n<p align=\"center\"><strong>Tecnica Modulacion<\/strong><\/p>\n<\/td>\n<\/tr>\n<tr>\n<td>\n<p align=\"center\">Bluetooth<\/p>\n<\/td>\n<td>\n<p align=\"center\">2.4 Ghz<\/p>\n<\/td>\n<td>\n<p align=\"center\">Medio - Bajo<\/p>\n<\/td>\n<td>\n<p align=\"center\">1 Mbps V1.0, 3 Mbps V2.0<\/p>\n<\/td>\n<td>\n<p align=\"center\">FHSS, OFDM (UWBluetooth)<\/p>\n<\/td>\n<\/tr>\n<\/table>\n<p><\/br><br \/>\nTodas las tecnolog\u00edas y especificaciones inal\u00e1mbricas tienen un prop\u00f3sito espec\u00edfico desde el momento en el que se las dise\u00f1a. En el caso de Bluetooth, es una tecnolog\u00eda creada para dispositivos m\u00f3viles de bajo consumo de potencia.<br \/>\nUna baja potencia implica poca cobertura, por lo que alcanza unos pocos metros, aunque hay dispositivos hechos para mayor alcance. Aqu\u00ed una tabla explicativa:<br \/>\n<\/br><\/p>\n<table class=\"wikitable\" align=\"center\" border=\"1\">\n<tr>\n<th>Clase<\/th>\n<p align=\"center\">\n<th abbr=\"Potencia m\u00e1xima en milivatios\">Potencia m\u00e1xima permitida<br \/>\n(<a href=\"\/wiki\/MW\" title=\"MW\" class=\"mw-redirect\">mW<\/a>)<\/th>\n<th abbr=\"Potencia m\u00e1xima en dBm\">Potencia m\u00e1xima permitida<\/p>\n<p>(<a href=\"\/wiki\/DBm\" title=\"DBm\">dBm<\/a>)<\/th>\n<th abbr=\"Rango\">Rango<br \/>\n(aproximado)<\/th>\n<\/p>\n<\/tr>\n<tr>\n<th>Clase 1<\/th>\n<td>\n<p align=\"center\">100&#160;mW<\/p>\n<\/td>\n<td>\n<p align=\"center\">20&#160;dBm<\/p>\n<\/td>\n<td>\n<p align=\"center\">~100 metros<\/p>\n<\/td>\n<\/tr>\n<tr>\n<p align=\"center\">\n<th>Clase 2<\/th>\n<td>\n<p align=\"center\">2.5&#160;mW<\/p>\n<\/td>\n<td>\n<p align=\"center\">4&#160;dBm<\/p>\n<\/td>\n<td>\n<p align=\"center\">~10 metros<\/p>\n<\/td>\n<\/tr>\n<tr>\n<p align=\"center\">\n<th>Clase 3<\/th>\n<td>\n<p align=\"center\">1&#160;mW<\/p>\n<\/td>\n<td>\n<p align=\"center\">0&#160;dBm<\/p>\n<\/td>\n<td>\n<p align=\"center\">~1 metro<\/p>\n<\/td>\n<\/tr>\n<\/table>\n<p align=\"center\"><\/br><br \/>\nA continuaci\u00f3n, una tabla con las velocidades que alcanza\n<\/p>\n<table class=\"wikitable\" border=\"1\" align=\"center\">\n<tr>\n<th>Versi\u00f3n<\/th>\n<th abbr=\"BW\">\n<p align=\"center\">Ancho de banda<\/p>\n<p><\/th>\n<\/tr>\n<tr>\n<th>Versi\u00f3n 1.2<\/th>\n<td>\n<p align=\"center\">1 <a href=\"\/wiki\/Mbit\/s\" title=\"Mbit\/s\" class=\"mw-redirect\">Mbit\/s<\/a><\/p>\n<\/td>\n<\/tr>\n<tr>\n<th>Versi\u00f3n 2.0 + EDR<\/th>\n<td>\n<p align=\"center\">3 <a href=\"\/wiki\/Mbit\/s\" title=\"Mbit\/s\" class=\"mw-redirect\">Mbit\/s<\/a><\/p>\n<\/td>\n<\/tr>\n<tr>\n<th><a href=\"\/wiki\/Bluetooth#Ultra_Wide_Band_Bluetooth\" title=\"Bluetooth\">UWB Bluetooth<\/a><br \/>\n(propuesto)<\/th>\n<td>\n<p align=\"center\">53 - 480 <a href=\"\/wiki\/Mbit\/s\" title=\"Mbit\/s\" class=\"mw-redirect\">Mbit\/s<\/a><\/p>\n<\/td>\n<\/tr>\n<\/table>\n<p><\/br>Bluetooth es sin duda una tecnolog\u00eda que ha tenido mucha acogida en aplicaciones como env\u00edo de archivos entre celulares, conexi\u00f3n inal\u00e1mbrica del mouse, hands free (celulares), entre otros.<\/p>\n<p><\/font><\/p>\n","protected":false},"excerpt":{"rendered":"<p>Que tal! Esta es una secci\u00f3n de nociones b\u00e1sicas de c\u00f3mo funcionan las comunicaciones inal\u00e1mbricas. Poco a poco, ir\u00e9 a\u00f1adiendo conceptos nuevos a esta entrada. Qu\u00e9 es Port Forwarding? Si tienes un Router que se conecta a un M\u00f3dem y da Internet a toda tu casa (lo cual es 100% recomendable tener), lo que sucede [&hellip;]<\/p>\n","protected":false},"author":13,"featured_media":0,"parent":0,"menu_order":0,"comment_status":"open","ping_status":"open","template":"","meta":{"_monsterinsights_skip_tracking":false,"_monsterinsights_sitenote_active":false,"_monsterinsights_sitenote_note":"","_monsterinsights_sitenote_category":0,"footnotes":""},"class_list":["post-116","page","type-page","status-publish","hentry"],"_links":{"self":[{"href":"https:\/\/blog.espol.edu.ec\/wirelez\/index.php?rest_route=\/wp\/v2\/pages\/116","targetHints":{"allow":["GET"]}}],"collection":[{"href":"https:\/\/blog.espol.edu.ec\/wirelez\/index.php?rest_route=\/wp\/v2\/pages"}],"about":[{"href":"https:\/\/blog.espol.edu.ec\/wirelez\/index.php?rest_route=\/wp\/v2\/types\/page"}],"author":[{"embeddable":true,"href":"https:\/\/blog.espol.edu.ec\/wirelez\/index.php?rest_route=\/wp\/v2\/users\/13"}],"replies":[{"embeddable":true,"href":"https:\/\/blog.espol.edu.ec\/wirelez\/index.php?rest_route=%2Fwp%2Fv2%2Fcomments&post=116"}],"version-history":[{"count":24,"href":"https:\/\/blog.espol.edu.ec\/wirelez\/index.php?rest_route=\/wp\/v2\/pages\/116\/revisions"}],"predecessor-version":[{"id":139,"href":"https:\/\/blog.espol.edu.ec\/wirelez\/index.php?rest_route=\/wp\/v2\/pages\/116\/revisions\/139"}],"wp:attachment":[{"href":"https:\/\/blog.espol.edu.ec\/wirelez\/index.php?rest_route=%2Fwp%2Fv2%2Fmedia&parent=116"}],"curies":[{"name":"wp","href":"https:\/\/api.w.org\/{rel}","templated":true}]}}