{"id":398,"date":"2009-04-29T03:23:48","date_gmt":"2009-04-29T07:23:48","guid":{"rendered":"http:\/\/blog.espol.edu.ec\/wirelez\/?page_id=398"},"modified":"2009-05-26T00:21:44","modified_gmt":"2009-05-26T05:21:44","slug":"downloads","status":"publish","type":"page","link":"https:\/\/blog.espol.edu.ec\/wirelez\/?page_id=398","title":{"rendered":"Downloads"},"content":{"rendered":"<p>\n<font size=\"3\"><br \/>\nQue tal! Esta es la zona de descargas. Conforme vaya publicando nuevas entradas ir\u00e9 aumentando! Visita regularmente ;P<\/p>\n<p><\/br><br \/>\n<\/br><\/p>\n<table align=\"center\">\n<tr>\n<td>\n<a href=\"http:\/\/blog.espol.edu.ec\/wirelez\/files\/2009\/04\/subnetter.jpg\"><img decoding=\"async\" src=\"http:\/\/blog.espol.edu.ec\/wirelez\/files\/2009\/04\/subnetter.jpg\" width=\"170\" \/><\/a><br \/>\n<\/br><br \/>\n<\/br>\n<\/td>\n<td>\n<font size=\"3\"><br \/>\n<strong><a href=\"http:\/\/juanito.9f.com\/files\">Subnetter<\/a><\/strong> <font size=\"2\">&lt;&lt;&lt; Click Para descargar!! <\/a><\/font><br \/>\n<\/br><br \/>\nSubnetter es una aplicaci\u00f3n que permite, a partir de una Direcci\u00f3n de Red y un n\u00famero dado de subredes deseadas, una lista de posibles combinaciones de subredes, siendo posible visualizarlas seccionadas y guardarlas en un archivo de texto.<br \/>\n<\/br><br \/>\nDebido a que est\u00e1 programado en Java, es necesario descargar e instalar el JRE <a href=\"https:\/\/cds.sun.com\/is-bin\/INTERSHOP.enfinity\/WFS\/CDS-CDS_Developer-Site\/en_US\/-\/USD\/ViewProductDetail-Start?ProductRef=jre-6u13-oth-JPR@CDS-CDS_Developer\">dando click aqu\u00ed<\/a>.<br \/>\n<\/br><br \/>\n<\/br><br \/>\n<\/font>\n<\/td>\n<\/tr>\n<tr>\n<td>\n<a href=\"http:\/\/blog.espol.edu.ec\/wirelez\/files\/2009\/04\/mobilesubnetter.png\"><img decoding=\"async\" src=\"http:\/\/blog.espol.edu.ec\/wirelez\/files\/2009\/04\/mobilesubnetter.png\" width=\"170\" \/><\/a><br \/>\n<\/br><br \/>\n<\/br>\n<\/td>\n<td>\n<p><font size=\"3\"><br \/>\n<a href=\"http:\/\/juanito.9f.com\/files\"><\/strong><strong>Mobile Subnetter<\/strong><\/a>  <font size=\"2\">&lt;&lt;&lt; Click Para descargar!! <\/font><br \/>\n<\/br><br \/>\nMobile Subnetter es la versi\u00f3n de Subnetter para dispositivos m\u00f3viles (como tel\u00e9fonos celulares). Tiene las mismas funcionalidades, excepto guardar en un archivo de texto o visualizar las combinaciones posibles. Pero prometo agregar eso despues =P.<br \/>\n<\/br><br \/>\nEst\u00e1 programado en J2ME, es decir, Java para dispositivos m\u00f3viles. Pru\u00e9balo en tu m\u00f3vil, escr\u00edbeme si tienes alg\u00fan problema instal\u00e1ndolo para corregirlo. P\u00e1salo a tu m\u00f3vil por Bluetooth o utilizando un programa del celular (como Desktop Manager de Blackberry, o Nokia PC Suite de... Nokia!!).<br \/>\n<\/br><br \/>\n<\/br><br \/>\n<\/font><\/p>\n<\/td>\n<\/tr>\n<\/table>\n<p><\/br><br \/>\n<\/br><br \/>\n<strong>NOTA:<\/strong> Tanto Subnetter como Mobile Subnetter son libres de utilizar, pero NO de modificar. Tambi\u00e9n doy libertad de mostrarlas en sus p\u00e1ginas, pero con los debidos cr\u00e9ditos. Gracias ;D<br \/>\n<\/font><\/p>\n","protected":false},"excerpt":{"rendered":"<p>Que tal! Esta es la zona de descargas. Conforme vaya publicando nuevas entradas ir\u00e9 aumentando! Visita regularmente ;P Subnetter &lt;&lt;&lt; Click Para descargar!! Subnetter es una aplicaci\u00f3n que permite, a partir de una Direcci\u00f3n de Red y un n\u00famero dado de subredes deseadas, una lista de posibles combinaciones de subredes, siendo posible visualizarlas seccionadas y [&hellip;]<\/p>\n","protected":false},"author":13,"featured_media":0,"parent":0,"menu_order":0,"comment_status":"open","ping_status":"open","template":"","meta":{"_monsterinsights_skip_tracking":false,"_monsterinsights_sitenote_active":false,"_monsterinsights_sitenote_note":"","_monsterinsights_sitenote_category":0,"footnotes":""},"class_list":["post-398","page","type-page","status-publish","hentry"],"_links":{"self":[{"href":"https:\/\/blog.espol.edu.ec\/wirelez\/index.php?rest_route=\/wp\/v2\/pages\/398","targetHints":{"allow":["GET"]}}],"collection":[{"href":"https:\/\/blog.espol.edu.ec\/wirelez\/index.php?rest_route=\/wp\/v2\/pages"}],"about":[{"href":"https:\/\/blog.espol.edu.ec\/wirelez\/index.php?rest_route=\/wp\/v2\/types\/page"}],"author":[{"embeddable":true,"href":"https:\/\/blog.espol.edu.ec\/wirelez\/index.php?rest_route=\/wp\/v2\/users\/13"}],"replies":[{"embeddable":true,"href":"https:\/\/blog.espol.edu.ec\/wirelez\/index.php?rest_route=%2Fwp%2Fv2%2Fcomments&post=398"}],"version-history":[{"count":9,"href":"https:\/\/blog.espol.edu.ec\/wirelez\/index.php?rest_route=\/wp\/v2\/pages\/398\/revisions"}],"predecessor-version":[{"id":635,"href":"https:\/\/blog.espol.edu.ec\/wirelez\/index.php?rest_route=\/wp\/v2\/pages\/398\/revisions\/635"}],"wp:attachment":[{"href":"https:\/\/blog.espol.edu.ec\/wirelez\/index.php?rest_route=%2Fwp%2Fv2%2Fmedia&parent=398"}],"curies":[{"name":"wp","href":"https:\/\/api.w.org\/{rel}","templated":true}]}}