{"id":701,"date":"2009-06-13T01:39:10","date_gmt":"2009-06-13T06:39:10","guid":{"rendered":"http:\/\/blog.espol.edu.ec\/wirelez\/?page_id=701"},"modified":"2009-06-13T01:43:45","modified_gmt":"2009-06-13T06:43:45","slug":"linksys-wrt54g","status":"publish","type":"page","link":"https:\/\/blog.espol.edu.ec\/wirelez\/?page_id=701","title":{"rendered":"Linksys WRT54G"},"content":{"rendered":"<p>\n<font size=\"2\"><\/p>\n<p align=\"center\">\n<img decoding=\"async\" src=\"http:\/\/img518.imageshack.us\/img518\/5772\/wrt54ghr5.png\" width=\"300\" \/>\n<\/p>\n<p>Esta es la secci\u00f3n de Tutoriales de Linksys, a medida que vaya Posteando nuevos Tutoriales, los ir\u00e9 a\u00f1adiendo a esta p\u00e1gina.<br \/>\n<\/br><br \/>\n<strong>Instalaci\u00f3n de Firmware<\/strong><br \/>\n<\/br><br \/>\nModelo:<br \/>\n<em>WRT54G (Pr\u00f3ximamente)<br \/>\nWRT54GS (Pr\u00f3ximamente)<br \/>\nWRT54GL (Pr\u00f3ximamente)<\/em><br \/>\n<a href=\"http:\/\/blog.espol.edu.ec\/wirelez\/?p=686\">WRT54G-TM<\/a><br \/>\n<\/br><br \/>\n<strong>Otros Temas<\/strong><\/p>\n<p><a href=\"http:\/\/blog.espol.edu.ec\/wirelez\/?p=640\">C\u00f3mo Revivir un Linksys WRT54G<\/a><\/p>\n<p><\/font><\/p>\n","protected":false},"excerpt":{"rendered":"<p>Esta es la secci\u00f3n de Tutoriales de Linksys, a medida que vaya Posteando nuevos Tutoriales, los ir\u00e9 a\u00f1adiendo a esta p\u00e1gina. Instalaci\u00f3n de Firmware Modelo: WRT54G (Pr\u00f3ximamente) WRT54GS (Pr\u00f3ximamente) WRT54GL (Pr\u00f3ximamente) WRT54G-TM Otros Temas C\u00f3mo Revivir un Linksys WRT54G<\/p>\n","protected":false},"author":13,"featured_media":0,"parent":698,"menu_order":1,"comment_status":"open","ping_status":"open","template":"","meta":{"_monsterinsights_skip_tracking":false,"_monsterinsights_sitenote_active":false,"_monsterinsights_sitenote_note":"","_monsterinsights_sitenote_category":0,"footnotes":""},"class_list":["post-701","page","type-page","status-publish","hentry"],"_links":{"self":[{"href":"https:\/\/blog.espol.edu.ec\/wirelez\/index.php?rest_route=\/wp\/v2\/pages\/701","targetHints":{"allow":["GET"]}}],"collection":[{"href":"https:\/\/blog.espol.edu.ec\/wirelez\/index.php?rest_route=\/wp\/v2\/pages"}],"about":[{"href":"https:\/\/blog.espol.edu.ec\/wirelez\/index.php?rest_route=\/wp\/v2\/types\/page"}],"author":[{"embeddable":true,"href":"https:\/\/blog.espol.edu.ec\/wirelez\/index.php?rest_route=\/wp\/v2\/users\/13"}],"replies":[{"embeddable":true,"href":"https:\/\/blog.espol.edu.ec\/wirelez\/index.php?rest_route=%2Fwp%2Fv2%2Fcomments&post=701"}],"version-history":[{"count":6,"href":"https:\/\/blog.espol.edu.ec\/wirelez\/index.php?rest_route=\/wp\/v2\/pages\/701\/revisions"}],"predecessor-version":[{"id":710,"href":"https:\/\/blog.espol.edu.ec\/wirelez\/index.php?rest_route=\/wp\/v2\/pages\/701\/revisions\/710"}],"up":[{"embeddable":true,"href":"https:\/\/blog.espol.edu.ec\/wirelez\/index.php?rest_route=\/wp\/v2\/pages\/698"}],"wp:attachment":[{"href":"https:\/\/blog.espol.edu.ec\/wirelez\/index.php?rest_route=%2Fwp%2Fv2%2Fmedia&parent=701"}],"curies":[{"name":"wp","href":"https:\/\/api.w.org\/{rel}","templated":true}]}}