{"id":215,"date":"2011-11-22T17:18:33","date_gmt":"2011-11-22T17:18:33","guid":{"rendered":"http:\/\/blog.espol.edu.ec\/wmartine\/?page_id=215"},"modified":"2011-11-22T17:45:54","modified_gmt":"2011-11-22T17:45:54","slug":"215","status":"publish","type":"page","link":"https:\/\/blog.espol.edu.ec\/wmartine\/215\/","title":{"rendered":"AMBIENE"},"content":{"rendered":"<h1 style=\"text-align: center\"><span style=\"color: #3366ff\">FLORA Y FAUNA DE ECUADOR<\/span><\/h1>\n<p style=\"text-align: center\"><span style=\"color: #3366ff\"><img loading=\"lazy\" decoding=\"async\" class=\"aligncenter\" title=\"Flora de Ecuador\" src=\"http:\/\/blog.espol.edu.ec\/lelizald\/files\/2011\/02\/yasun%C3%AD9.jpg\" alt=\"\" width=\"500\" height=\"375\" \/><\/span><\/p>\n<p style=\"text-align: center\"><span style=\"color: #3366ff\"> <\/span><\/p>\n<p style=\"text-align: justify\"><span style=\"color: #3366ff\"><strong>Ecuador posee una rica fauna y flora por lo que se encuentra dentro de la lista de pa\u00edses megadiversos.23 En efecto, el bioma de selva o bosque tropical se extiende por la mayor parte de su territorio, mientras que en el occidente, adyacente a la costa, se encuentra tambi\u00e9n el bioma del bosque seco y de los manglares.<\/strong><\/span><\/p>\n<p style=\"text-align: center\"><span style=\"color: #3366ff\"><img loading=\"lazy\" decoding=\"async\" class=\"aligncenter\" title=\"Flora de Ecuador\" src=\"http:\/\/digilander.libero.it\/ecuadorgenova\/FLORA%20ECUADOR.jpg\" alt=\"\" width=\"500\" height=\"375\" \/><\/span><\/p>\n<p style=\"text-align: justify\"><span style=\"color: #3366ff\"><strong>Al Norte de la provincia de Esmeraldas en un lugar conocido como Majagual, se encuentran los manglares m\u00e1s altos del mundo.\u00a0Adem\u00e1s tenemos,<strong> EL PARQUE NACIONAL YASUNI.<\/strong><\/strong><\/span><\/p>\n<p style=\"text-align: center\"><span style=\"color: #3366ff\"><strong><img loading=\"lazy\" decoding=\"async\" class=\"aligncenter\" title=\"Heliconia Stricta\" src=\"http:\/\/www.morley-read.com\/flora\/musaceae\/image\/dscn6710.jpg\" alt=\"\" width=\"494\" height=\"480\" \/><\/strong><\/span><\/p>\n<p style=\"text-align: justify\"><span style=\"color: #3366ff\"><strong>Ecuador tambi\u00e9n posee un 10% de todas las especies de plantas que existen en el planeta, las cuales crecen en su mayor\u00eda en LA CORDILLERA DE LOS ANDES. El n\u00famero de especies de plantas tambi\u00e9n es alto en LA REGI\u00d3N AMAZ\u00d3NICA.<\/strong><\/span><\/p>\n<p style=\"text-align: center\"><img loading=\"lazy\" decoding=\"async\" class=\"aligncenter\" title=\"Parque Nacional Yasuni ITT\" src=\"http:\/\/www.jamesnava.com\/wp-content\/uploads\/2010\/01\/yasun%C3%AD2.jpg\" alt=\"\" width=\"500\" height=\"375\" \/><\/p>\n<p style=\"text-align: justify\"><span style=\"color: #3366ff\"><strong>El t\u00e9rmino Yasuni, significa<strong> \"TIERRA SAGRADA\"<\/strong> como es interpretado de manera general por comunidades de la zona; el parque se extiende sobre un \u00e1rea de 9820 kil\u00f3metros cuadrados en las provincias de Pastaza, de Napo y Orellana entre el r\u00edo Napo y el r\u00edo Curaray en plena cuenca amaz\u00f3nica a unos 250 kil\u00f3metros al sureste de Quito.<\/strong><\/span><\/p>\n<p style=\"text-align: justify\"><span style=\"color: #3366ff\"><strong><br \/>\n<\/strong><\/span><\/p>\n<p><img loading=\"lazy\" decoding=\"async\" class=\"alignleft\" style=\"border-style: initial;border-color: initial;color: #3366ff;text-align: justify\" title=\"Alpine Flora\" src=\"http:\/\/media-cdn.tripadvisor.com\/media\/photo-s\/01\/3e\/06\/7b\/alpine-flora.jpg\" alt=\"\" width=\"200\" height=\"290\" \/><img loading=\"lazy\" decoding=\"async\" class=\"alignright\" title=\"Terra Inc\u00f3gnita\" src=\"http:\/\/www.terraecuador.net\/revista_6\/6_foto_nuestra_flora.jpg\" alt=\"\" width=\"200\" height=\"290\" \/><br \/>\n<span style=\"color: #3366ff\"><br \/>\n<\/span><\/p>\n<div>\n<div style=\"text-align: justify\"><span style=\"color: #3366ff\"><br \/>\n<\/span><\/div>\n<div>\n<p style=\"text-align: justify\">\n<p style=\"text-align: justify\">\n<p style=\"text-align: justify\">\n<p style=\"text-align: justify\">\n<p style=\"text-align: justify\">\n<p style=\"text-align: justify\">\n<p style=\"text-align: justify\">\n<p style=\"text-align: justify\">\n<p style=\"text-align: justify\">\n<p style=\"text-align: justify\">\n<p style=\"text-align: justify\">\n<p style=\"text-align: justify\">\n<p style=\"text-align: justify\">\n<p style=\"text-align: justify\">\n<p style=\"text-align: justify\">\n<p style=\"text-align: justify\"><strong><span style=\"color: #3366ff\">Ecuador cuenta con el 8% de las especies de animales y el 18% de las especies de aves del mundo, se han identificado cerca de 3.800 especies de vertebrados, 1.550 especies de mam\u00edferos, 375 anfibios, 800 especies de peces de agua dulce y 450 de agua salada, las especies de insectos sobrepasan el mill\u00f3n y las especies de mariposas llegan a las 4.500.<\/span><\/strong><\/p>\n<p style=\"text-align: justify\"><strong><span style=\"color: #3366ff\"><br \/>\n<\/span><\/strong><\/p>\n<p style=\"text-align: left\"><span style=\"color: #3366ff\"><strong><img loading=\"lazy\" decoding=\"async\" class=\"alignnone\" title=\"Rana Ecuatoriana\" src=\"http:\/\/library.thinkquest.org\/26293\/images\/photos\/ra7.jpg\" alt=\"\" width=\"210\" height=\"210\" \/><img loading=\"lazy\" decoding=\"async\" class=\"alignright\" title=\"Rana Ecuatoriana\" src=\"http:\/\/www.lavozdelsandinismo.com\/img\/info\/salamandra-2009-06-18-13776.jpg\" alt=\"\" width=\"210\" height=\"210\" \/><\/strong><\/span><\/p>\n<p style=\"text-align: justify\">\n<p style=\"text-align: justify\"><span style=\"color: #3366ff\"><img loading=\"lazy\" decoding=\"async\" class=\"alignleft\" title=\"Guacamayo Verde\" src=\"http:\/\/www.animalesextincion.es\/images\/noticias\/1111080835_guacamayoverde4.gif\" alt=\"\" width=\"210\" height=\"210\" \/><img loading=\"lazy\" decoding=\"async\" class=\"alignright\" title=\"Guacamayo Verde Mayor\" src=\"http:\/\/www.animalesextincion.es\/images\/noticias\/2605101232_lapa_verde-guacamayo_3.jpg\" alt=\"\" width=\"210\" height=\"210\" \/><\/span><\/p>\n<\/div>\n<\/div>\n<p style=\"text-align: justify\">\n<p style=\"text-align: justify\">\n<p style=\"text-align: justify\">\n<p style=\"text-align: justify\">\n<p style=\"text-align: justify\">\n<p style=\"text-align: justify\">\n<p style=\"text-align: justify\">\n<p style=\"text-align: justify\">\n<p style=\"text-align: justify\">\n<p style=\"text-align: justify\">\n<p style=\"text-align: justify\">\n<p style=\"text-align: justify\">\n<p style=\"text-align: justify\">\n<p style=\"text-align: justify\">\n<p style=\"text-align: justify\">\n<p style=\"text-align: justify\">\n<p style=\"text-align: justify\"><strong><span style=\"color: #3366ff\">A las diversas condiciones del ambiente corresponde tambi\u00e9n una fauna multiforme, cuyas especies var\u00edan desde la Costa hasta el Oriente. Menos ampliamente representada en las zonas andinas, donde desde hace siglos se domestic\u00f3 a la llama y se la utiliz\u00f3 como animal de tiro.<\/span><\/strong><\/p>\n<p style=\"text-align: justify\"><strong><span style=\"color: #3366ff\"><br \/>\n<\/span><\/strong><\/p>\n<p style=\"text-align: justify\"><span style=\"color: #3366ff\"><strong><img loading=\"lazy\" decoding=\"async\" class=\"alignnone\" title=\"Dynastes H\u00e9rcules \" src=\"http:\/\/www.dibam.cl\/upload\/i6940-1.jpg\" alt=\"\" width=\"210\" height=\"180\" \/><img loading=\"lazy\" decoding=\"async\" class=\"alignright\" title=\"Mantis Religiosa\" src=\"http:\/\/recursos.cnice.mec.es\/biosfera\/alumno\/4ESO\/evolucion\/image\/insectos.jpg\" alt=\"\" width=\"210\" height=\"180\" \/><\/strong><\/span><\/p>\n<p style=\"text-align: justify\">\n<p style=\"text-align: justify\"><img loading=\"lazy\" decoding=\"async\" class=\"alignnone\" title=\"Insectos Descubiertos Hace Poco\" src=\"http:\/\/farm4.static.flickr.com\/3100\/2658393886_f6c77da3ea.jpg\" alt=\"\" width=\"210\" height=\"180\" \/><img loading=\"lazy\" decoding=\"async\" class=\"alignright\" title=\"Insectos Desconocidos\" src=\"http:\/\/farm3.static.flickr.com\/2166\/2169757536_cfbf8d7bd9.jpg\" alt=\"\" width=\"210\" height=\"180\" \/><\/p>\n<p style=\"text-align: justify\"><span style=\"color: #3366ff\"><strong>La fauna es m\u00e1s rica en la selva, lo que vale decir en las tierras bajas de la Costa y en la jungla perteneciente a la cuenca amaz\u00f3nica.<\/strong><\/span><\/p>\n<div style=\"text-align: center\"><strong><img loading=\"lazy\" decoding=\"async\" class=\"alignnone\" title=\"Aves del Ecuador\" src=\"http:\/\/www.ecuaworld.com.ec\/images\/bird.jpg\" alt=\"\" width=\"500\" height=\"375\" \/><\/strong><\/div>\n<p style=\"text-align: center\"><img loading=\"lazy\" decoding=\"async\" class=\"aligncenter\" title=\"Tuc\u00e1n\" src=\"http:\/\/www.intltravelnews.com\/images\/2009\/07\/big\/ecuadorToucan-San-Martin-Zoo.jpg\" alt=\"\" width=\"500\" height=\"375\" \/><\/p>\n<p style=\"text-align: justify\"><span style=\"color: #3366ff\"><strong>Son numerosas las variedades de aras multicolores y de papagayos, mientras que la fauna carn\u00edvora est\u00e1 representada por pumas y gatos monteses. En la Costa se encuentra una fauna de tipo ecuatorial, comparable, aunque menos rica, a la amaz\u00f3nica, incluyendo el jaguar o tigre americano, los perezosos o \"pericos ligeros\", osos hormigueros, guacamayos, loros, tucanes, gallinetas, piqueros, golondrinas de mar, lagartos, serpientes venenosas, ganado ceb\u00fa y m\u00e1s.<\/strong><\/span><\/p>\n<p><object style=\"height: 390px;width: 640px\" classid=\"clsid:d27cdb6e-ae6d-11cf-96b8-444553540000\" width=\"100\" height=\"100\"><param name=\"allowFullScreen\" value=\"true\" \/><param name=\"allowScriptAccess\" value=\"always\" \/><param name=\"src\" value=\"http:\/\/www.youtube.com\/v\/hJBJnvOx-ps?version=3&amp;feature=player_detailpage\" \/><param name=\"allowfullscreen\" value=\"true\" \/><embed style=\"height: 390px;width: 640px\" type=\"application\/x-shockwave-flash\" width=\"100\" height=\"100\" src=\"http:\/\/www.youtube.com\/v\/hJBJnvOx-ps?version=3&amp;feature=player_detailpage\" allowscriptaccess=\"always\" allowfullscreen=\"true\"><\/embed><\/object><\/p>\n","protected":false},"excerpt":{"rendered":"<p>FLORA Y FAUNA DE ECUADOR Ecuador posee una rica fauna y flora por lo que se encuentra dentro de la lista de pa\u00edses megadiversos.23 En efecto, el bioma de selva o bosque tropical se extiende por la mayor parte de su territorio, mientras que en el occidente, adyacente a la costa, se encuentra tambi\u00e9n el [&hellip;]<\/p>\n","protected":false},"author":6944,"featured_media":0,"parent":0,"menu_order":1,"comment_status":"open","ping_status":"open","template":"","meta":{"footnotes":""},"class_list":["post-215","page","type-page","status-publish","hentry"],"_links":{"self":[{"href":"https:\/\/blog.espol.edu.ec\/wmartine\/wp-json\/wp\/v2\/pages\/215","targetHints":{"allow":["GET"]}}],"collection":[{"href":"https:\/\/blog.espol.edu.ec\/wmartine\/wp-json\/wp\/v2\/pages"}],"about":[{"href":"https:\/\/blog.espol.edu.ec\/wmartine\/wp-json\/wp\/v2\/types\/page"}],"author":[{"embeddable":true,"href":"https:\/\/blog.espol.edu.ec\/wmartine\/wp-json\/wp\/v2\/users\/6944"}],"replies":[{"embeddable":true,"href":"https:\/\/blog.espol.edu.ec\/wmartine\/wp-json\/wp\/v2\/comments?post=215"}],"version-history":[{"count":8,"href":"https:\/\/blog.espol.edu.ec\/wmartine\/wp-json\/wp\/v2\/pages\/215\/revisions"}],"predecessor-version":[{"id":235,"href":"https:\/\/blog.espol.edu.ec\/wmartine\/wp-json\/wp\/v2\/pages\/215\/revisions\/235"}],"wp:attachment":[{"href":"https:\/\/blog.espol.edu.ec\/wmartine\/wp-json\/wp\/v2\/media?parent=215"}],"curies":[{"name":"wp","href":"https:\/\/api.w.org\/{rel}","templated":true}]}}