{"id":23,"date":"2011-10-25T17:14:24","date_gmt":"2011-10-25T17:14:24","guid":{"rendered":"http:\/\/blog.espol.edu.ec\/wmartine\/?page_id=23"},"modified":"2011-11-22T17:43:46","modified_gmt":"2011-11-22T17:43:46","slug":"23","status":"publish","type":"page","link":"https:\/\/blog.espol.edu.ec\/wmartine\/23\/","title":{"rendered":"PATRIMONIO"},"content":{"rendered":"<h1 style=\"text-align: center\"><span style=\"color: #99cc00\">LAS ISLAS GAL\u00c1PAGOS<\/span><\/h1>\n<p style=\"text-align: center\"><img loading=\"lazy\" decoding=\"async\" class=\"aligncenter\" title=\"Las Islas Gal\u00e1pagos\" src=\"http:\/\/www.playasycosta.com\/images\/islas-galapagos2.jpg\" alt=\"\" width=\"500\" height=\"385\" \/><\/p>\n<p style=\"text-align: center\">\n<p style=\"text-align: justify\"><span style=\"color: #3366ff\"><strong><span style=\"color: #99cc00\">Las <strong>Islas Gal\u00e1pagos <\/strong>son una tierra profunda y muy hermosa, habitadas por especies inimaginables, imposibles de ver en otros lugares, cuya majestuosidad no se compara con otras especies.<\/span><\/strong><\/span><\/p>\n<p><img loading=\"lazy\" decoding=\"async\" class=\"alignright\" style=\"border-style: initial;border-color: initial\" title=\"Costas de Gal\u00e1pagos\" src=\"http:\/\/livingviajes.com\/wp-content\/uploads\/2009\/08\/Galapagos.jpg\" alt=\"\" width=\"200\" height=\"160\" \/><\/p>\n<div>\n<p><img loading=\"lazy\" decoding=\"async\" class=\"alignnone\" style=\"border-style: initial;border-color: initial\" title=\"Las tortugas Gal\u00e1pagos\" src=\"http:\/\/2.bp.blogspot.com\/-m4Nob3h63HA\/TbDbCBRRpwI\/AAAAAAAAAAY\/Dg6y6Li9yUs\/s1600\/g%255B1%255D.jpg\" alt=\"\" width=\"200\" height=\"160\" \/><\/p>\n<div>\n<div>\n<div>\n<div>\n<div>\n<p style=\"text-align: justify\"><span style=\"color: #99cc00\"><strong>Las tortugas Gal\u00e1pagos son uno de los animales emblem\u00e1ticos que caracterizan esta tierra, por su tama\u00f1o forma y rareza son una especie muy aclamada pero tambi\u00e9n protegida.<\/strong><\/span><\/p>\n<p style=\"text-align: center\"><span style=\"color: #99cc00\"><strong><img loading=\"lazy\" decoding=\"async\" class=\"aligncenter\" title=\"Iguanas Marinas de Las Gal\u00e1pagos\" src=\"http:\/\/www.naturalecuador.net\/imagenes\/eg.jpg\" alt=\"\" width=\"500\" height=\"375\" \/><\/strong><\/span><\/p>\n<p style=\"text-align: center\"><span style=\"color: #99cc00\"><strong><img loading=\"lazy\" decoding=\"async\" class=\"aligncenter\" title=\"Iguanas Terrestres de Las Gal\u00e1pagos\" src=\"http:\/\/livingviajes.com\/wp-content\/uploads\/2009\/08\/Galapagos-2.jpg\" alt=\"\" width=\"500\" height=\"375\" \/><\/strong><\/span><\/p>\n<p style=\"text-align: justify\"><span style=\"color: #99cc00\"><strong>La Tierra es un lugar incre\u00edble, y a buen seguro que las Islas Gal\u00e1pagos son uno de los mejores lugares del mundo para ver animales. Est\u00e1n situadas en el oc\u00e9ano Pac\u00edfico, a casi mil kil\u00f3metros de Ecuador, el pa\u00eds al que pertenecen. A caballo sobre el ecuador, las islas se hallan en el hemisferio norte y el hemisferio sur.<\/strong><\/span><\/p>\n<p style=\"text-align: center\"><span style=\"color: #99cc00\"><strong><img loading=\"lazy\" decoding=\"async\" class=\"aligncenter\" title=\"Tortugas Marinaz\" src=\"http:\/\/www.galapagos-ecuador.com\/images\/020gal4.jpg\" alt=\"\" width=\"350\" height=\"235\" \/><\/strong><\/span><\/p>\n<p style=\"text-align: justify\"><strong><span style=\"color: #99cc00\">Las Islas Gal\u00e1pagos est\u00e1n compuestas por trece islas principales y seis m\u00e1s peque\u00f1as. La mejor manera de verlas, con mucho, es a trav\u00e9s de un crucero. <\/span><\/strong><\/p>\n<p style=\"text-align: center\"><strong><span style=\"color: #99cc00\"><img loading=\"lazy\" decoding=\"async\" class=\"aligncenter\" title=\"Focas de Las Gal\u00e1pagos\" src=\"http:\/\/www.jamesnava.com\/wp-content\/uploads\/2010\/10\/islas-galapagos6.jpg\" alt=\"\" width=\"400\" height=\"295\" \/><\/span><\/strong><\/p>\n<p style=\"text-align: justify\"><strong><span style=\"color: #99cc00\">Las Islas Gal\u00e1pagos se dejaron pr\u00e1cticamente sin tocar hasta su descubrimiento por los europeos en 1535. La ausencia de presencia humana en las islas se conserva desde hace miles de a\u00f1os. Puesto que no hay seres humanos que cacen a los animales, \u00e9stos no tienen miedo de las personas y apenas notan su presencia cuando caminamos cerca de ellos. <\/span><\/strong><\/p>\n<h3><span style=\"color: #99cc00\"><\/p>\n<p><\/span><\/h3>\n<p style=\"text-align: center\"><strong><span style=\"color: #99cc00\"><img loading=\"lazy\" decoding=\"async\" class=\"aligncenter\" title=\"Fauna de Las Islas Gal\u00e1pagos\" src=\"http:\/\/3.bp.blogspot.com\/_Onf3OTr1X5Y\/TJ5rZ42n-lI\/AAAAAAAAMOU\/6MLX0-OEuVc\/s1600\/islas-galapagos-ecuador.jpg\" alt=\"\" width=\"500\" height=\"250\" \/><\/span><\/strong><\/p>\n<h3 style=\"text-align: justify\"><span style=\"color: #99cc00\"><strong>Los invito a todos a visitar \u00a0LAS ISLAS GAL\u00c1PAGOS, tengan presente no tocar a los animales que moran\u00a0all\u00ed\u00a0si no quieren acabar\u00a0devorados.<\/strong><\/span><\/h3>\n<p style=\"text-align: justify\"><span style=\"color: #99cc00\"><strong><br \/>\n<\/strong><\/span><\/p>\n<\/div>\n<\/div>\n<\/div>\n<\/div>\n<\/div>\n<\/div>\n<p><object style=\"height: 390px;width: 640px\" classid=\"clsid:d27cdb6e-ae6d-11cf-96b8-444553540000\" width=\"100\" height=\"100\"><param name=\"allowFullScreen\" value=\"true\" \/><param name=\"allowScriptAccess\" value=\"always\" \/><param name=\"src\" value=\"http:\/\/www.youtube.com\/v\/L8IiUF08ppA?version=3&amp;feature=player_detailpage\" \/><param name=\"allowfullscreen\" value=\"true\" \/><embed style=\"height: 390px;width: 640px\" type=\"application\/x-shockwave-flash\" width=\"100\" height=\"100\" src=\"http:\/\/www.youtube.com\/v\/L8IiUF08ppA?version=3&amp;feature=player_detailpage\" allowscriptaccess=\"always\" allowfullscreen=\"true\"><\/embed><\/object><\/p>\n","protected":false},"excerpt":{"rendered":"<p>LAS ISLAS GAL\u00c1PAGOS Las Islas Gal\u00e1pagos son una tierra profunda y muy hermosa, habitadas por especies inimaginables, imposibles de ver en otros lugares, cuya majestuosidad no se compara con otras especies. Las tortugas Gal\u00e1pagos son uno de los animales emblem\u00e1ticos que caracterizan esta tierra, por su tama\u00f1o forma y rareza son una especie muy aclamada [&hellip;]<\/p>\n","protected":false},"author":6944,"featured_media":0,"parent":0,"menu_order":3,"comment_status":"open","ping_status":"open","template":"","meta":{"footnotes":""},"class_list":["post-23","page","type-page","status-publish","hentry"],"_links":{"self":[{"href":"https:\/\/blog.espol.edu.ec\/wmartine\/wp-json\/wp\/v2\/pages\/23","targetHints":{"allow":["GET"]}}],"collection":[{"href":"https:\/\/blog.espol.edu.ec\/wmartine\/wp-json\/wp\/v2\/pages"}],"about":[{"href":"https:\/\/blog.espol.edu.ec\/wmartine\/wp-json\/wp\/v2\/types\/page"}],"author":[{"embeddable":true,"href":"https:\/\/blog.espol.edu.ec\/wmartine\/wp-json\/wp\/v2\/users\/6944"}],"replies":[{"embeddable":true,"href":"https:\/\/blog.espol.edu.ec\/wmartine\/wp-json\/wp\/v2\/comments?post=23"}],"version-history":[{"count":6,"href":"https:\/\/blog.espol.edu.ec\/wmartine\/wp-json\/wp\/v2\/pages\/23\/revisions"}],"predecessor-version":[{"id":232,"href":"https:\/\/blog.espol.edu.ec\/wmartine\/wp-json\/wp\/v2\/pages\/23\/revisions\/232"}],"wp:attachment":[{"href":"https:\/\/blog.espol.edu.ec\/wmartine\/wp-json\/wp\/v2\/media?parent=23"}],"curies":[{"name":"wp","href":"https:\/\/api.w.org\/{rel}","templated":true}]}}