{"id":239,"date":"2011-12-31T05:42:27","date_gmt":"2011-12-31T05:42:27","guid":{"rendered":"http:\/\/blog.espol.edu.ec\/wmartine\/?page_id=239"},"modified":"2011-12-31T05:42:27","modified_gmt":"2011-12-31T05:42:27","slug":"hidrofarmmer","status":"publish","type":"page","link":"https:\/\/blog.espol.edu.ec\/wmartine\/hidrofarmmer\/","title":{"rendered":"HIDROFARMMER"},"content":{"rendered":"<p>Objetivo<\/p>\n<p>El presente trabajo tiene como objetivo proponer una respuesta inmediata al actaul problema por el cual toda la poblaci\u00f3n humana esta pasando, La falta de alimentos debido al inmenso crecimiento de la poblaci\u00f3n humana.<\/p>\n<p>Historial<\/p>\n<p>El proyecto \"Hidrofarmmer\" tuvo su origen como sugerencia para la respuesta de la falta de alimentaci\u00f3n en el mundo, donde la Ing. Mariana Paznino y el Sr. Wellington Mart\u00ednez fueron bases clave que contribulleron a la idealizaci\u00f3n de dicho proyecto.<\/p>\n","protected":false},"excerpt":{"rendered":"<p>Objetivo El presente trabajo tiene como objetivo proponer una respuesta inmediata al actaul problema por el cual toda la poblaci\u00f3n humana esta pasando, La falta de alimentos debido al inmenso crecimiento de la poblaci\u00f3n humana. Historial El proyecto \"Hidrofarmmer\" tuvo su origen como sugerencia para la respuesta de la falta de alimentaci\u00f3n en el mundo, [&hellip;]<\/p>\n","protected":false},"author":6944,"featured_media":0,"parent":0,"menu_order":0,"comment_status":"open","ping_status":"open","template":"","meta":{"footnotes":""},"class_list":["post-239","page","type-page","status-publish","hentry"],"_links":{"self":[{"href":"https:\/\/blog.espol.edu.ec\/wmartine\/wp-json\/wp\/v2\/pages\/239","targetHints":{"allow":["GET"]}}],"collection":[{"href":"https:\/\/blog.espol.edu.ec\/wmartine\/wp-json\/wp\/v2\/pages"}],"about":[{"href":"https:\/\/blog.espol.edu.ec\/wmartine\/wp-json\/wp\/v2\/types\/page"}],"author":[{"embeddable":true,"href":"https:\/\/blog.espol.edu.ec\/wmartine\/wp-json\/wp\/v2\/users\/6944"}],"replies":[{"embeddable":true,"href":"https:\/\/blog.espol.edu.ec\/wmartine\/wp-json\/wp\/v2\/comments?post=239"}],"version-history":[{"count":1,"href":"https:\/\/blog.espol.edu.ec\/wmartine\/wp-json\/wp\/v2\/pages\/239\/revisions"}],"predecessor-version":[{"id":240,"href":"https:\/\/blog.espol.edu.ec\/wmartine\/wp-json\/wp\/v2\/pages\/239\/revisions\/240"}],"wp:attachment":[{"href":"https:\/\/blog.espol.edu.ec\/wmartine\/wp-json\/wp\/v2\/media?parent=239"}],"curies":[{"name":"wp","href":"https:\/\/api.w.org\/{rel}","templated":true}]}}