{"id":58,"date":"2010-06-08T13:52:22","date_gmt":"2010-06-08T13:52:22","guid":{"rendered":"http:\/\/blog.espol.edu.ec\/wmurriet\/?page_id=58"},"modified":"2010-06-08T13:55:45","modified_gmt":"2010-06-08T13:55:45","slug":"los-simpsons","status":"publish","type":"page","link":"https:\/\/blog.espol.edu.ec\/wmurriet\/los-simpsons\/","title":{"rendered":"LOS SIMPSONS..."},"content":{"rendered":"<p><strong>Los Simpson<\/strong> (en ingl\u00e9s, <em><strong>The Simpsons<\/strong><\/em>) es una serie animada de televisi\u00f3n. De origen estadounidense y tem\u00e1tica adulta, Los Simpson fueron creados por Matt Groening, y narra la vida y el d\u00eda a d\u00eda de una familia de clase media estadounidense que vive en un pueblo ficticio llamado Springfield (uno de los motivos de que el pueblo se llame as\u00ed es que en EEUU existen numerosos pueblos denominados de esa forma, lo que hace imposible su ubicaci\u00f3n). En palabras de Groening, la serie es una s\u00e1tira y cr\u00edtica hacia la sociedad estadounidense.<\/p>\n<p><a href=\"http:\/\/blog.espol.edu.ec\/wmurriet\/files\/2010\/06\/series_415_IMAGEN1.jpg\"><img loading=\"lazy\" decoding=\"async\" class=\"aligncenter size-full wp-image-62\" title=\"series_415_IMAGEN1\" src=\"http:\/\/blog.espol.edu.ec\/wmurriet\/files\/2010\/06\/series_415_IMAGEN1.jpg\" alt=\"\" width=\"441\" height=\"318\" srcset=\"https:\/\/blog.espol.edu.ec\/wmurriet\/files\/2010\/06\/series_415_IMAGEN1.jpg 441w, https:\/\/blog.espol.edu.ec\/wmurriet\/files\/2010\/06\/series_415_IMAGEN1-300x216.jpg 300w\" sizes=\"auto, (max-width: 441px) 100vw, 441px\" \/><\/a><\/p>\n","protected":false},"excerpt":{"rendered":"<p>Los Simpson (en ingl\u00e9s, The Simpsons) es una serie animada de televisi\u00f3n. De origen estadounidense y tem\u00e1tica adulta, Los Simpson fueron creados por Matt Groening, y narra la vida y el d\u00eda a d\u00eda de una familia de clase media estadounidense que vive en un pueblo ficticio llamado Springfield (uno de los motivos de que [&hellip;]<\/p>\n","protected":false},"author":3866,"featured_media":0,"parent":0,"menu_order":0,"comment_status":"open","ping_status":"open","template":"","meta":{"footnotes":""},"class_list":["post-58","page","type-page","status-publish","hentry"],"_links":{"self":[{"href":"https:\/\/blog.espol.edu.ec\/wmurriet\/wp-json\/wp\/v2\/pages\/58","targetHints":{"allow":["GET"]}}],"collection":[{"href":"https:\/\/blog.espol.edu.ec\/wmurriet\/wp-json\/wp\/v2\/pages"}],"about":[{"href":"https:\/\/blog.espol.edu.ec\/wmurriet\/wp-json\/wp\/v2\/types\/page"}],"author":[{"embeddable":true,"href":"https:\/\/blog.espol.edu.ec\/wmurriet\/wp-json\/wp\/v2\/users\/3866"}],"replies":[{"embeddable":true,"href":"https:\/\/blog.espol.edu.ec\/wmurriet\/wp-json\/wp\/v2\/comments?post=58"}],"version-history":[{"count":4,"href":"https:\/\/blog.espol.edu.ec\/wmurriet\/wp-json\/wp\/v2\/pages\/58\/revisions"}],"predecessor-version":[{"id":61,"href":"https:\/\/blog.espol.edu.ec\/wmurriet\/wp-json\/wp\/v2\/pages\/58\/revisions\/61"}],"wp:attachment":[{"href":"https:\/\/blog.espol.edu.ec\/wmurriet\/wp-json\/wp\/v2\/media?parent=58"}],"curies":[{"name":"wp","href":"https:\/\/api.w.org\/{rel}","templated":true}]}}