{"id":174,"date":"2009-08-04T22:52:53","date_gmt":"2009-08-05T03:52:53","guid":{"rendered":"http:\/\/blog.espol.edu.ec\/woody\/?page_id=174"},"modified":"2009-08-04T23:02:41","modified_gmt":"2009-08-05T04:02:41","slug":"curiosidades","status":"publish","type":"page","link":"https:\/\/blog.espol.edu.ec\/woody\/curiosidades\/","title":{"rendered":"Curiosidades"},"content":{"rendered":"<div class=\"entry\">\n<div class=\"img\">GA_googleCreateDomIframe('google_ads_div_adtop' ,'adtop');<\/p>\n<h2><a title=\"Se casan despu\u00e9s de que una carta perdida los separ\u00f3 \u00a1durante 10 a\u00f1os!\" rel=\"bookmark\" href=\"http:\/\/www.planetacurioso.com\/2009\/07\/21\/se-casan-despues-de-que-una-carta-perdida-los-separo-%c2%a1durante-10-anos\/\">Se casan despu\u00e9s de que una carta perdida los separ\u00f3 \u00a1durante 10 a\u00f1os! <\/a><\/h2>\n<div class=\"fecha\">21 de Julio, 2009 | Categor\u00eda(s): <a title=\"Ver todas las entradas en Noticias Curiosas-Ins\u00f3litas\" rel=\"category tag\" href=\"http:\/\/www.planetacurioso.com\/categoria\/noticias-curiosas-insolitas\/\">Noticias Curiosas-Ins\u00f3litas<\/a><\/div>\n<p>Steve Smith y Carmen Ruiz P\u00e9rez son los protagonistas de una historia de amor con final feliz -se casaron el pasado viernes-, que se vio interrumpida durante 10 a\u00f1os por culpa de una carta que se perdi\u00f3 detr\u00e1s de una chimenea.<\/p>\n<div class=\"img\"><img loading=\"lazy\" decoding=\"async\" class=\"size-full wp-image-9649 alignright\" src=\"http:\/\/www.planetacurioso.com\/wp-content\/uploads\/2009\/07\/steve-carmen-ruiz-carta-10.jpg\" alt=\"steve-carmen-ruiz-carta-10\" width=\"468\" height=\"388\" \/><\/div>\n<p>Smith, brit\u00e1nico, y Ruiz P\u00e9rez, espa\u00f1ola, se conocieron en el a\u00f1o 1992 cuando ambos ten\u00edan 25 a\u00f1os y ella pas\u00f3 una temporada en Devon (en el suroeste de Inglaterra) para aprender ingl\u00e9s. Como muchas otras parejas, se enamoraron y pasaron un a\u00f1o juntos hasta que la espa\u00f1ola se mud\u00f3 a trabajar a Par\u00eds para trabajar en una tienda.<\/p><\/div>\n<div class=\"img\">En una \u00e9poca en la que a\u00fan no era tan habitual manejar tel\u00e9fonos m\u00f3viles ni correos electr\u00f3nicos, perdieron el contacto. Seis a\u00f1os despu\u00e9s y con la esperanza de reanudar la relaci\u00f3n, Steve opt\u00f3 por la v\u00eda tradicional y envi\u00f3 a Carmen una carta a la direcci\u00f3n postal de su madre en Espa\u00f1a.<\/div>\n<div class=\"img\">\n<p>GA_googleCreateDomIframe('google_ads_div_adtop' ,'adtop');<\/p>\n<h1><a title=\"\u00bfSab\u00edas que hay seres que habitan en las nubes?\" rel=\"bookmark\" href=\"http:\/\/www.planetacurioso.com\/2009\/07\/21\/sabias-que-hay-seres-que-habitan-en-las-nubes\/\">\u00bfSab\u00edas que hay seres que habitan en las nubes? <\/a><\/h1>\n<\/div>\n<div class=\"img\">\n<p>GA_googleCreateDomIframe('google_ads_div_adtop' ,'adtop');<a title=\"Ver todas las entradas en Curiosidades Cient\u00edficas\" rel=\"category tag\" href=\"http:\/\/www.planetacurioso.com\/categoria\/ciencia-naturaleza\/curiosidades-cientificas\/\"><\/a><a title=\"Ver todas las entradas en \u00bfSabias que...?\" rel=\"category tag\" href=\"http:\/\/www.planetacurioso.com\/categoria\/sabias-que\/\"><\/a><\/p>\n<div class=\"img\"><img decoding=\"async\" src=\"http:\/\/www.planetacurioso.com\/wp-content\/uploads\/2009\/07\/nubes-seres-habitan.jpg\" alt=\"nubes-seres-habitan\" \/><\/div>\n<p>De acuerdo a un equipo de California en San Diego y el Instituto de Oceanograf\u00eda Scripps, de Estados Unidos, se ha comprobado vida en las nubes y esto fue gracias a que tomaron muestras de gotas de lluvia y residuos de cristales de hielo obtenidos a una alta velocidad durante un vuelo a trav\u00e9s de las nubes.<\/p>\n<p>El an\u00e1lisis revel\u00f3 que las part\u00edculas a su alrededor estaban compuestas por polvo y material biol\u00f3gico, tales como bacterias, esporas de hongos y residuos de plantas. Aunque se sabe que es el primer intento por descifrar c\u00f3mo es que influyen en la formaci\u00f3n de nubes.<\/p>\n<p>GA_googleCreateDomIframe('google_ads_div_adtop' ,'adtop');<\/p>\n<h1><a title=\"Mas Nubes curiosas en fotografia II - \u00a1\u00a1reales!!\" rel=\"bookmark\" href=\"http:\/\/www.planetacurioso.com\/2007\/09\/19\/mas-nubes-curiosas-en-fotografia-ii-reales\/\">Mas Nubes curiosas en fotografia II - \u00a1\u00a1reales!! <\/a><\/h1>\n<p>Ahora tenemos otras fotografias mas, por supuesto igual de curiosas y \u00a1reales!<\/p>\n<p><img decoding=\"async\" src=\"http:\/\/www.planetacurioso.com\/wp-content\/uploads\/2007\/09\/nube-explosion-bomba.jpg\" alt=\"Nube explosi\u00f3n nuclear\" \/> <img decoding=\"async\" src=\"http:\/\/www.planetacurioso.com\/wp-content\/uploads\/2007\/09\/nube-curiosa-anillo.jpg\" alt=\"Nube Curiosa\" \/><\/p>\n<p><img decoding=\"async\" src=\"http:\/\/www.planetacurioso.com\/wp-content\/uploads\/2007\/09\/nube-curiosa-meteoro.jpg\" alt=\"Nube Curiosa\" \/> <img decoding=\"async\" src=\"http:\/\/www.planetacurioso.com\/wp-content\/uploads\/2007\/09\/nube-curiosa-ondas.jpg\" alt=\"Nube Curiosa\" \/> <img decoding=\"async\" src=\"http:\/\/www.planetacurioso.com\/wp-content\/uploads\/2007\/09\/nube-curiosa-olas.jpg\" alt=\"Nube Curiosa\" \/><\/p>\n<p><span style=\"text-decoration: underline\"><strong><span style=\"color: #ff0000\">EFECTOS OPTICOS<br \/>\n<\/span><\/strong><\/span><\/div>\n<p align=\"center\"><img decoding=\"async\" src=\"http:\/\/www.psicoactiva.com\/ilu\/colacoca1.gif\" border=\"0\" alt=\"\" \/><\/p>\n<p>Aparentemente es un anuncio de Coca-Cola normal, pero... \u00bflo has \tle\u00eddo bien? Si a simple vista cre\u00edas ver el nombre de la marca y no te has dado cuenta de que est\u00e1 trucada, es debido al efecto \tSTROOP, que es como se llama la clase de interferencia sem\u00e1ntica producida como consecuencia de la automaticidad de la lectura. \tCreemos saber lo que pone y ya no leemos con atenci\u00f3n, lo damos por hecho.<\/p>\n<p align=\"center\"><img decoding=\"async\" src=\"http:\/\/www.psicoactiva.com\/ilu\/obra.jpg\" border=\"0\" alt=\"\" \/><\/p>\n<p>Aqu\u00ed podemos ver unos obreros\u00a0 trabajando en una casa. Lo que no est\u00e1 claro es si est\u00e1n haciendo una \tterraza, el tejado o el suelo. Adem\u00e1s hay alguien mirando desde arriba para ver como lo hacen.<\/p>\n<p align=\"center\"><img decoding=\"async\" src=\"http:\/\/www.psicoactiva.com\/ilu\/camino.jpg\" border=\"0\" alt=\"\" \/><\/p>\n<p>Este camino es aparentemente plano, pero parece que lleva al primer piso, \u00bfc\u00f3mo es posible?. Est\u00e1 claro que \testa es una construcci\u00f3n que no puede darse en la realidad, nuestra vista nos vuelve a enga\u00f1ar.<\/p>\n<p><a class=\"more-link\" href=\"http:\/\/www.planetacurioso.com\/2009\/08\/04\/insolito-salvada-por-una-ballena-beluga\/#more-9909\"> <\/a><\/div>\n","protected":false},"excerpt":{"rendered":"<p>GA_googleCreateDomIframe('google_ads_div_adtop' ,'adtop'); Se casan despu\u00e9s de que una carta perdida los separ\u00f3 \u00a1durante 10 a\u00f1os! 21 de Julio, 2009 | Categor\u00eda(s): Noticias Curiosas-Ins\u00f3litas Steve Smith y Carmen Ruiz P\u00e9rez son los protagonistas de una historia de amor con final feliz -se casaron el pasado viernes-, que se vio interrumpida durante 10 a\u00f1os por culpa de [&hellip;]<\/p>\n","protected":false},"author":2123,"featured_media":0,"parent":0,"menu_order":0,"comment_status":"open","ping_status":"open","template":"","meta":{"footnotes":""},"class_list":["post-174","page","type-page","status-publish","hentry"],"_links":{"self":[{"href":"https:\/\/blog.espol.edu.ec\/woody\/wp-json\/wp\/v2\/pages\/174","targetHints":{"allow":["GET"]}}],"collection":[{"href":"https:\/\/blog.espol.edu.ec\/woody\/wp-json\/wp\/v2\/pages"}],"about":[{"href":"https:\/\/blog.espol.edu.ec\/woody\/wp-json\/wp\/v2\/types\/page"}],"author":[{"embeddable":true,"href":"https:\/\/blog.espol.edu.ec\/woody\/wp-json\/wp\/v2\/users\/2123"}],"replies":[{"embeddable":true,"href":"https:\/\/blog.espol.edu.ec\/woody\/wp-json\/wp\/v2\/comments?post=174"}],"version-history":[{"count":4,"href":"https:\/\/blog.espol.edu.ec\/woody\/wp-json\/wp\/v2\/pages\/174\/revisions"}],"predecessor-version":[{"id":177,"href":"https:\/\/blog.espol.edu.ec\/woody\/wp-json\/wp\/v2\/pages\/174\/revisions\/177"}],"wp:attachment":[{"href":"https:\/\/blog.espol.edu.ec\/woody\/wp-json\/wp\/v2\/media?parent=174"}],"curies":[{"name":"wp","href":"https:\/\/api.w.org\/{rel}","templated":true}]}}