{"id":67,"date":"2009-06-20T19:52:19","date_gmt":"2009-06-21T00:52:19","guid":{"rendered":"http:\/\/blog.espol.edu.ec\/woody\/?page_id=67"},"modified":"2009-06-20T21:38:47","modified_gmt":"2009-06-21T02:38:47","slug":"farandula","status":"publish","type":"page","link":"https:\/\/blog.espol.edu.ec\/woody\/farandula\/","title":{"rendered":"Far\u00e1ndula"},"content":{"rendered":"<div class=\"imgbox\">\n<div class=\"relatedlinks\"><span style=\"color: #3366ff\"><strong><span style=\"text-decoration: underline\">Wisin acaba de tener un nuevo bebe<\/span><\/strong><\/span><\/div>\n<div class=\"relatedlinks\"><span style=\"color: #3366ff\"><strong><\/strong><\/span>\u00a0<\/div>\n<p class=\"MsoNormal\"><strong><\/strong><span style=\"font-size: small\">El reguetonero Wisin se convirti\u00f3 esta ma\u00f1ana en padre de un ni\u00f1o al cual llamaraa Dylan.\u00a0\u00a0\u00a0\u00a0\u00a0\u00a0\u00a0\u00a0\u00a0\u00a0\u00a0\u00a0\u00a0\u00a0\u00a0\u00a0\u00a0\u00a0\u00a0\u00a0\u00a0 <\/span><\/p>\n<div class=\"MsoNormal\"><span style=\"font-size: small\"><img loading=\"lazy\" decoding=\"async\" src=\"http:\/\/img220.imageshack.us\/img220\/6398\/1189779490fex3.jpg\" alt=\"\" width=\"227\" height=\"186\" \/><span style=\"font-size: small\">El bebito <\/span>pes\u00f3 7 libras con 7 onzas y midi\u00f3 21 pulgadas, y se encuentra en perfecto estado de salud.<\/span><\/div>\n<div><span style=\"font-size: small\">Wisin y su esposa Yomaira ya son padres de una ni\u00f1a, Yelena, quien naci\u00f3 el 26 de septiembre de 2007.<\/span><\/div>\n<div>\n<div style=\"text-align: center\"><span style=\"font-size: small\">!!!!!Felicidades para ti y tu espeosa!!!!<\/span><\/div>\n<\/div>\n<div><\/div>\n<p><span style=\"font-size: small\"><\/p>\n<p style=\"text-align: center\"><span style=\"text-decoration: underline\"><span style=\"color: #888888\"><strong>\u00a0CRISTIANO RONALDO SER\u00c1 EL FUTBOLISTA MEJOR PAGADO DEL MUNDO<\/strong><\/span><\/span><\/p>\n<div><span style=\"color: #888888\">Las negociaciones que el Madrid mantiene con el representante del portugu\u00e9s Cristiano Ronaldo, Jorge Mendes, siguen abiertas, aunque poco a poco las posturas se van aproximando. El peri\u00f3dico portugu\u00e9s \"Di\u00e1rio de Not\u00edcias\" informaba en su edici\u00f3n de ayer que ambas partes esperan poder cerrarlas entre hoy y ma\u00f1ana, aunque el principal escollo sigue siendo el reparto de los derechos de imagen del futbolista.<\/span><\/div>\n<div style=\"text-align: center\"><span style=\"color: #888888\"><img decoding=\"async\" src=\"http:\/\/mm.ligadecampeones.com\/%2FEspa%C3%B1ol%2FDeportes%2FF%C3%BAtbol%2FLiga%5Fde%5FCampeones%2F44956\/cristianoronaldo-blog.jpg\" alt=\"Cristiano Ronaldo\" \/><\/span><\/div>\n<div><span style=\"color: #888888\">Cristiano Ronaldo podr\u00eda cobrar en el Real Madrid un salario bruto anual de <strong>13 millones de euros<\/strong> por temporada, convirti\u00e9ndose en el futbolista mejor pagado del mundo, seg\u00fan el rotativo deportivo Marca de este mi\u00e9rcoles. Cuando su traspaso fue anunciado la semana pasada, la prensa espa\u00f1ola calculaba un salario neto (deducidos los impuestos) para \u00e9l de unos 9 millones anuales.<\/span><\/div>\n<p><span style=\"color: #888888\"><span style=\"color: #ff6600\"><strong><span style=\"color: #333333\"><\/p>\n<h2 style=\"text-align: center\"><a title=\"La ONU uni\u00f3 a los hijos de John Lennon\" rel=\"bookmark\" href=\"http:\/\/www.farandula.org\/general\/la-onu-unio-a-los-hijos-de-john-lennon\/\">La ONU uni\u00f3 a los hijos de John Lennon<\/a><\/h2>\n<p><strong>La Organizaci\u00f3n de Naciones Unidas (ONU)<\/strong> logr\u00f3 hacer lo que el tiempo no hab\u00eda conseguido hasta ahora, <strong>que los hijos de John Lennon se reconcilien<\/strong> y act\u00faen en el mismo escenario. <strong>John Charles Julian Lennon, de 45 a\u00f1os, y Sean Taro Ono Lennon, de 33 a\u00f1os<\/strong>, actuar\u00e1n juntos por primera vez en los UN-Millennium Goal Awards, un concierto que se celebrar\u00e1 en Manhattan el pr\u00f3ximo 26 de febrero.<\/p>\n<p>Julian Lennon es hijo del primer matrimonio del ex Beatle con Cynthia Lennon, mientras que Sean Lennon es hijo de Yoko Ono. Ambos han llevado carreras musicales por separado y nunca han tenido una relaci\u00f3n especialmente buena, aunque, seg\u00fan informaciones de \u2018Music News\u2019 parece que en los \u00faltimos a\u00f1os han logrado limar sus asperezas.<\/p>\n<p style=\"text-align: center\"><img decoding=\"async\" class=\"aligncenter\" src=\"http:\/\/www.nypost.com\/seven\/06242007\/photos\/news004.jpg\" alt=\"\" \/><\/p>\n<p>El fallecimiento de John Lennon el 8 de diciembre de 1980 en Nueva York provoc\u00f3 un enfrentamiento entre Cynthia Lennon y Yoko Ono por la herencia y los derechos art\u00edsticos del artista que llevo a ambas mujeres a los juzgados. Un problema familiar que heredaron sus dos hijos y que provoc\u00f3 que su relaci\u00f3n no haya buena.<\/p>\n<p>Pero el amor por la m\u00fasica parece haber arreglado parte de los problemas que separaban a los hermanos Lennon, al punto que el pr\u00f3ximo 26 de febrero se les podr\u00e1 ver juntos en Manhattan, en los UN-Millennium Goal Awards.<\/p>\n<p><\/span><\/strong><\/span><\/p>\n<p style=\"text-align: center\"><span style=\"color: #ff6600\"><strong><\/strong><\/span><\/p>\n<p>\u00a0<\/p>\n<p>\u00a0<\/p>\n<p><\/span><\/span><\/div>\n","protected":false},"excerpt":{"rendered":"<p>Wisin acaba de tener un nuevo bebe \u00a0 El reguetonero Wisin se convirti\u00f3 esta ma\u00f1ana en padre de un ni\u00f1o al cual llamaraa Dylan.\u00a0\u00a0\u00a0\u00a0\u00a0\u00a0\u00a0\u00a0\u00a0\u00a0\u00a0\u00a0\u00a0\u00a0\u00a0\u00a0\u00a0\u00a0\u00a0\u00a0\u00a0 El bebito pes\u00f3 7 libras con 7 onzas y midi\u00f3 21 pulgadas, y se encuentra en perfecto estado de salud. Wisin y su esposa Yomaira ya son padres de una ni\u00f1a, [&hellip;]<\/p>\n","protected":false},"author":2123,"featured_media":0,"parent":0,"menu_order":0,"comment_status":"open","ping_status":"open","template":"","meta":{"footnotes":""},"class_list":["post-67","page","type-page","status-publish","hentry"],"_links":{"self":[{"href":"https:\/\/blog.espol.edu.ec\/woody\/wp-json\/wp\/v2\/pages\/67","targetHints":{"allow":["GET"]}}],"collection":[{"href":"https:\/\/blog.espol.edu.ec\/woody\/wp-json\/wp\/v2\/pages"}],"about":[{"href":"https:\/\/blog.espol.edu.ec\/woody\/wp-json\/wp\/v2\/types\/page"}],"author":[{"embeddable":true,"href":"https:\/\/blog.espol.edu.ec\/woody\/wp-json\/wp\/v2\/users\/2123"}],"replies":[{"embeddable":true,"href":"https:\/\/blog.espol.edu.ec\/woody\/wp-json\/wp\/v2\/comments?post=67"}],"version-history":[{"count":8,"href":"https:\/\/blog.espol.edu.ec\/woody\/wp-json\/wp\/v2\/pages\/67\/revisions"}],"predecessor-version":[{"id":69,"href":"https:\/\/blog.espol.edu.ec\/woody\/wp-json\/wp\/v2\/pages\/67\/revisions\/69"}],"wp:attachment":[{"href":"https:\/\/blog.espol.edu.ec\/woody\/wp-json\/wp\/v2\/media?parent=67"}],"curies":[{"name":"wp","href":"https:\/\/api.w.org\/{rel}","templated":true}]}}