{"id":41,"date":"2012-10-22T18:33:40","date_gmt":"2012-10-22T23:33:40","guid":{"rendered":"http:\/\/blog.espol.edu.ec\/xavierjimenez\/?page_id=41"},"modified":"2012-10-22T18:47:03","modified_gmt":"2012-10-22T23:47:03","slug":"benemerito-cuerpo-de-bomberos-de-guayaquil","status":"publish","type":"page","link":"https:\/\/blog.espol.edu.ec\/xavierjimenez\/benemerito-cuerpo-de-bomberos-de-guayaquil\/","title":{"rendered":"Benem\u00e9rito Cuerpo de Bomberos de Guayaquil"},"content":{"rendered":"<h3><strong>Misi\u00f3n<\/strong><\/h3>\n<p align=\"justify\">El Benem\u00e9rito Cuerpo de Bomberos de la Guayaquil es una entidad que tiene como misi\u00f3n brindar a la comunidad una atenci\u00f3n efectiva en los casos emergentes de incendios, rescates u otros, para ello cuenta con un recurso humano permanentemente capacitado, a fin de proporcionar un excelente servicio en pos de salvaguardar las vidas y propiedades de la ciudadan\u00eda en general.<\/p>\n<p align=\"justify\">El BCBG cuenta con servicios, implementos y programas de prevenci\u00f3n de incendios destinados a informar, orientar y crear conciencia en la ciudadan\u00eda de que es necesario prevenir sucesos lamentables, siendo nuestro objetivo principal reducir el n\u00famero de actos y pr\u00e1cticas inseguras que puedan provocar siniestros.<\/p>\n<h3><strong>Visi\u00f3n<\/strong><\/h3>\n<p align=\"justify\">Esta instituci\u00f3n tiene como visi\u00f3n ser una entidad altamente eficiente, con colaboradores competentes y capaces de promover una aut\u00e9ntica participaci\u00f3n ciudadana en la prevenci\u00f3n y lucha contra incendios, revalorizando la conciencia individual y colectiva, marco en el cual aspira disminuir los \u00edndices de flagelos.<\/p>\n<p align=\"justify\"><strong>\u00a0Valores<\/strong><\/p>\n<h3><\/h3>\n<ul>\n<li>Honestidad<\/li>\n<li>Compromiso<\/li>\n<li>Disciplina<\/li>\n<li>Respeto<\/li>\n<li>Cortes\u00eda<\/li>\n<li>Lealtad<\/li>\n<li>Tradici\u00f3n<\/li>\n<li>Abnegaci\u00f3n<\/li>\n<li>Integridad<\/li>\n<li>Trabajo en equipo<\/li>\n<li>Puntualidad<\/li>\n<li>Perseverancia<\/li>\n<li>Trabajo en equipo<\/li>\n<li>Solidaridad<\/li>\n<\/ul>\n<p style=\"text-align: left\" align=\"right\"><strong>Historia del BCBG<\/strong><\/p>\n<p><img loading=\"lazy\" decoding=\"async\" src=\"http:\/\/www.bomberosguayaquil.gob.ec\/images\/default\/bomberos-antiguos.jpg\" alt=\"\" width=\"364\" height=\"262\" align=\"left\" border=\"0\" hspace=\"8\" \/><\/p>\n<p align=\"justify\">Por historia se conoce que la valent\u00eda de toda la comunidad guayaquile\u00f1a permiti\u00f3 hacerle frente a los grandes flagelos que por varias ocasiones destruyeron la ciudad. Estas acciones dieron origen a la Instituci\u00f3n que hoy conocemos como el Benem\u00e9rito Cuerpo de Bomberos de Guayaquil, que manteniendo su lema \u201cAbnegaci\u00f3n y Disciplina\u201d ha luchado por muchos a\u00f1os para seguir unida y as\u00ed ser parte del orgullo de la ciudad a la que sirve por 175 a\u00f1os.<\/p>\n<p align=\"justify\">Esta Entidad di\u00f3 inicio a sus actividades desde la \u00e9poca de la conquista, inicialmente se denomin\u00f3 \"APAGA FUEGOS\" y era integrado por personas voluntarias que ten\u00edan como fin combatir los tantos incendios que afectaban a la comunidad. Sin embargo, se precis\u00f3 con el tiempo, crear una verdadera Instituci\u00f3n bomberil organizada y dotada de recurso humano capacitado para tan loable y sin igual tarea. Fue el entonces Presidente de la Rep\u00fablica, Vicente Rocafuerte, el 17 de Agosto de 1835 quien creara esta Instituci\u00f3n a la que denomin\u00f3 CUERPO DE BOMBEROS DE GUAYAQUIL. El 10 de Octubre de 1926 se declar\u00f3 \"El D\u00eda del Bombero\". El 25 de octubre de 1930, el Honorable Congreso Nacional concedi\u00f3 al Cuerpo de Bomberos el t\u00edtulo de Benem\u00e9rito como homenaje a \u00e9sta singular especie de varones que de forma decidida est\u00e1n siempre dispuestos a prestar sus servicios a la comunidad.<\/p>\n<p align=\"justify\">Actualmente el BENEM\u00c9RITO CUERPO DE BOMBEROS DE GUAYAQUIL, conformado por personal Voluntario y Rentado se encuentra bajo la direcci\u00f3n de su Primer Jefe, el Crnl. Mart\u00edn Cucal\u00f3n de Ycaza; cuenta adem\u00e1s con una infraestructura organizacional dotada de instalaciones funcionales. Departamentos Administrativos, 6 Brigadas con 28 Dependencias: Cuarteles y Compa\u00f1\u00edas distribuidas en toda la ciudad para extinguir los incendios, salvar vidas y propiedades, garantizar a los ciudadanos en general una protecci\u00f3n adecuada y desarrollar conciencia sobre la necesidad de prevenir los fuegos. El Benem\u00e9rito Cuerpo de Bomberos de Guayaquil, adem\u00e1s cuenta con el servicio de Ambulancias, Rescate, Divisi\u00f3n de Materiales Peligrosos, Fluvial para optimizar su abnegada y valiente labor.<\/p>\n<p style=\"text-align: left\" align=\"right\">\n<div><strong><br \/>\n<\/strong><\/div>\n","protected":false},"excerpt":{"rendered":"<p>Misi\u00f3n El Benem\u00e9rito Cuerpo de Bomberos de la Guayaquil es una entidad que tiene como misi\u00f3n brindar a la comunidad una atenci\u00f3n efectiva en los casos emergentes de incendios, rescates u otros, para ello cuenta con un recurso humano permanentemente capacitado, a fin de proporcionar un excelente servicio en pos de salvaguardar las vidas y [&hellip;]<\/p>\n","protected":false},"author":8118,"featured_media":0,"parent":0,"menu_order":2,"comment_status":"open","ping_status":"open","template":"","meta":{"footnotes":""},"class_list":["post-41","page","type-page","status-publish","hentry"],"_links":{"self":[{"href":"https:\/\/blog.espol.edu.ec\/xavierjimenez\/wp-json\/wp\/v2\/pages\/41","targetHints":{"allow":["GET"]}}],"collection":[{"href":"https:\/\/blog.espol.edu.ec\/xavierjimenez\/wp-json\/wp\/v2\/pages"}],"about":[{"href":"https:\/\/blog.espol.edu.ec\/xavierjimenez\/wp-json\/wp\/v2\/types\/page"}],"author":[{"embeddable":true,"href":"https:\/\/blog.espol.edu.ec\/xavierjimenez\/wp-json\/wp\/v2\/users\/8118"}],"replies":[{"embeddable":true,"href":"https:\/\/blog.espol.edu.ec\/xavierjimenez\/wp-json\/wp\/v2\/comments?post=41"}],"version-history":[{"count":4,"href":"https:\/\/blog.espol.edu.ec\/xavierjimenez\/wp-json\/wp\/v2\/pages\/41\/revisions"}],"predecessor-version":[{"id":47,"href":"https:\/\/blog.espol.edu.ec\/xavierjimenez\/wp-json\/wp\/v2\/pages\/41\/revisions\/47"}],"wp:attachment":[{"href":"https:\/\/blog.espol.edu.ec\/xavierjimenez\/wp-json\/wp\/v2\/media?parent=41"}],"curies":[{"name":"wp","href":"https:\/\/api.w.org\/{rel}","templated":true}]}}