{"id":13,"date":"2012-01-25T20:18:05","date_gmt":"2012-01-25T20:18:05","guid":{"rendered":"http:\/\/blog.espol.edu.ec\/ximendez\/?page_id=13"},"modified":"2012-01-25T20:18:23","modified_gmt":"2012-01-25T20:18:23","slug":"%c2%bfcomo-tildar-y-no-morir-en-el-intento","status":"publish","type":"page","link":"https:\/\/blog.espol.edu.ec\/ximendez\/%c2%bfcomo-tildar-y-no-morir-en-el-intento\/","title":{"rendered":"\u00bfComo tildar y no morir en el intento?"},"content":{"rendered":"<p dir=\"ltr\">Otra vez yo, tray\u00e9ndoles algunos consejos f\u00e1ciles para tildar. S\u00e9 que algunos conocedores de la Lengua se reir\u00e1n de lo lindo con esta nota, pero si eres como yo, que no entiende qu\u00e9 es un diptongo o una tilde diacr\u00edtica, esto te puede ser de gran ayuda.<\/p>\n<p><strong><strong><br \/>\n<\/strong><\/strong><\/p>\n<p dir=\"ltr\">Iniciemos.<\/p>\n<p><strong><strong><br \/>\n<\/strong><\/strong><\/p>\n<p dir=\"ltr\">La tilde, esa peque\u00f1a marca que se coloca en las vocales y de cuya existencia normalmente nos olvidamos cuando escribimos, es de gran importancia, ya que le da el significado a lo que estamos escribiendo. \u00a0Porque entonces \u00bfC\u00f3mo diferenciamos entre pasado, presente y futuro? o \u00bfC\u00f3mo sabemos si lo que suena en nuestra mente es realmente lo que estamos escribiendo?<\/p>\n<p><strong><strong><br \/>\n<\/strong><\/strong><\/p>\n<p dir=\"ltr\">Simple, esa marca arriba de la vocal.<\/p>\n<p><strong><strong><br \/>\n<\/strong><\/strong><\/p>\n<p dir=\"ltr\">Aqu\u00ed te dejo algunos tips para aplicar la tilde, los cuales te ayudar\u00e1n a que no recibas una visita nuestra en futuras ocasiones. Pero recuerda, estos son tips, no son normas de la RAE, por lo que puede aplicar en la mayor\u00eda de casos, pero existen excepciones.<\/p>\n<p><strong><strong><br \/>\n<\/strong><\/strong><\/p>\n<p dir=\"ltr\">Tilde en tiempos verbales.<\/p>\n<p dir=\"ltr\">Word muchas veces nos juega malas pasadas. No es 100% confiable, por lo que, el hecho que no hayan rayitas rojas no implica que todo est\u00e9 correcto. El programa es bueno, pero no inteligente, por lo que para \u00e9l, si no colocas tilde, todo est\u00e1 en presente. Palabras tales como:<\/p>\n<p><strong><strong><br \/>\n<\/strong><\/strong><\/p>\n<p dir=\"ltr\"><em>camino, salto, grito, comento, pregunto, etc. <\/em><\/p>\n<p><strong><strong><br \/>\n<\/strong><\/strong><\/p>\n<p dir=\"ltr\">Jam\u00e1sestar\u00e1n mal escritas para nuestro amigo word (y para todos los procesadores de palabras que conozcamos, si vamos a los hechos) ya que para \u00e9l, eso es presente.<\/p>\n<p><strong><strong><br \/>\n<\/strong><\/strong><\/p>\n<p dir=\"ltr\">En casos como <em>'No baile en el escenario<\/em>' o '<em>No bail\u00e9 en el escenario<\/em>' en el primero le doy a alguien la orden de no bailar en el escenario mientras que en el segundo digo que no he bailado. Se tilda solamente el segundo ejemplo, cuando el verbo est\u00e1 en pasado.<\/p>\n<p><strong><strong><br \/>\n<\/strong><\/strong><\/p>\n<p dir=\"ltr\">Palabras que se escriben igual en pasado y en presente, se tilda el pasado en su \u00faltima s\u00edlaba.<\/p>\n<p><strong><strong><br \/>\n<\/strong><\/strong><\/p>\n<p dir=\"ltr\">Palabras terminadas en \"r\u00eda\"<\/p>\n<p dir=\"ltr\">Seg\u00fan la RAE, se les conoce como \"Pospret\u00e9rito, condicional o potencial\", algo que har\u00edamos en el futuro, pero no estamos seguros de hacerlo. Mayormente utilizado con verbos, pero tambi\u00e9n existe otro tipo de palabras que se incluyen en este tip.<\/p>\n<p><strong><strong><br \/>\n<\/strong><\/strong><\/p>\n<p dir=\"ltr\">Se trata de sustantivos cuyo significado remite al lugar en donde se vende o fabrica un determinado producto. Por ejemplo: factor\u00eda, lavander\u00eda, helader\u00eda, verduler\u00eda, etc.<\/p>\n<p><strong><strong><br \/>\n<\/strong><\/strong><\/p>\n<p dir=\"ltr\">Cuando encuentres una palabra terminada en \"r\u00eda\" preg\u00fantate \u00bfEs un verbo? \u00bfEs una f\u00e1brica o venta? si la respuesta es \"s\u00ed\", entonces t\u00edldala.<\/p>\n<p><strong><strong><br \/>\n<\/strong><\/strong><\/p>\n<p dir=\"ltr\">\u00bfSe o s\u00e9, de o d\u00e9?<\/p>\n<p dir=\"ltr\">La pregunta \u00bfEs un verbo? tambi\u00e9n puede servirte para distinguir otro caso de palabras que se escriben de la misma manera cuya \u00fanica diferencia es la presencia o ausencia de una tilde. Es el caso de \"se\" y \"s\u00e9\", o \"de\" y \"d\u00e9\".<\/p>\n<p><strong><strong><br \/>\n<\/strong><\/strong><\/p>\n<p dir=\"ltr\">Si escribo:<\/p>\n<p><strong><strong><br \/>\n<\/strong><\/strong><\/p>\n<p dir=\"ltr\">-<em> Quiero dos bolsas <\/em><em>de caramelos.<\/em><\/p>\n<p><strong><strong><br \/>\n<\/strong><\/strong><\/p>\n<p dir=\"ltr\">Ese \"de\" no lleva tilde porque no es un verbo. En cambio, si digo:<\/p>\n<p><strong><strong><br \/>\n<\/strong><\/strong><\/p>\n<p dir=\"ltr\">- <em>No me <\/em><em>d\u00e9<\/em><em> caramelos.<\/em><\/p>\n<p><strong><strong><br \/>\n<\/strong><\/strong><\/p>\n<p dir=\"ltr\">Ese \"d\u00e9\" lleva tilde porque es del verbo \"dar\", estoy diciendo que no quiero que me den caramelos.<\/p>\n<p><strong><strong><br \/>\n<\/strong><\/strong><\/p>\n<p dir=\"ltr\">Lo mismo ocurre con \"se\" y \"s\u00e9\" en los siguientes ejemplos:<\/p>\n<p><strong><strong><br \/>\n<\/strong><\/strong><\/p>\n<p dir=\"ltr\">- <em>Se fue ayer a la noche.<\/em><\/p>\n<p><strong><strong><em><br \/>\n<\/em><\/strong><\/strong><\/p>\n<p dir=\"ltr\"><em>- S\u00e9 que est\u00e1s mintiendo.<\/em><\/p>\n<p dir=\"ltr\">En el segundo caso, el \"s\u00e9\" es del verbo \"saber\". Estoy diciendo que conozco que el otro miente.<\/p>\n<p><strong><strong><br \/>\n<\/strong><\/strong><\/p>\n<p dir=\"ltr\">Por lo tanto, ante las palabras se y de, preg\u00fantate si es un verbo. Si lo es, debes tildarla.<\/p>\n<p><strong><strong><br \/>\n<\/strong><\/strong><\/p>\n<p dir=\"ltr\">\u00bfPreguntas o no preguntas?<\/p>\n<p dir=\"ltr\">Cuando haces preguntas, aparte de que debes colocar los signos de interrogaci\u00f3n (\u00bf?), tambi\u00e9n debes tildar la palabra que act\u00faa como interrogante. Sin los signos y sin las tildes, lo que escribes no es una pregunta. Recuerda que nosotros respondemos al lenguaje espa\u00f1ol, por lo que los signos de interrogaci\u00f3n deben ser bilaterales, es decir, uno al inicio y uno al final.<\/p>\n<p><strong><strong><br \/>\n<\/strong><\/strong><\/p>\n<p dir=\"ltr\">As\u00ed tambi\u00e9n, cuando est\u00e1s indicando o quieres transmitir una pregunta, debes tildar dicha palabra, aunque esta no vaya entre signos de interrogaci\u00f3n.<\/p>\n<p><strong><strong><br \/>\n<\/strong><\/strong><\/p>\n<p dir=\"ltr\">Palabras del tipo c\u00f3mo, cu\u00e1ndo, qui\u00e9n, qu\u00e9, cu\u00e1l, entre algunas, son utilizadas para hacer preguntas, as\u00ed que el tip es simple. \u00bfEst\u00e1s haciendo una pregunta? Entonces va tildado.<\/p>\n<p><strong><strong><br \/>\n<\/strong><\/strong><\/p>\n<p dir=\"ltr\"><em>\"Algo le molestaba, pero no sab\u00eda el qu\u00e9, \u00bfpor qu\u00e9 le molestaba eso? \u00bfCu\u00e1ndo se molest\u00f3? \u00bfD\u00f3nde<\/em><em> estar\u00eda ahora?<\/em>\"<\/p>\n<p><strong><strong><br \/>\n<\/strong><\/strong><\/p>\n<p dir=\"ltr\">Y recuerda la norma simple, \"porque\" junto, se refiere a respuesta, y \"por qu\u00e9\" separado a una pregunta.<\/p>\n<p><strong><strong><br \/>\n<\/strong><\/strong><\/p>\n<p dir=\"ltr\">\u00bfSi o s\u00ed?<\/p>\n<p><strong><strong><br \/>\n<\/strong><\/strong><\/p>\n<p dir=\"ltr\">La palabra \"s\u00ed\" se puede escribir con y sin tilde y puede llegar a tener hasta tres significados diferentes dependiendo de c\u00f3mo est\u00e9 empleada.<\/p>\n<p><strong><strong><br \/>\n<\/strong><\/strong><\/p>\n<p dir=\"ltr\">\"Si\", sin tilde, indica una condici\u00f3n. Por ejemplo:<\/p>\n<p><strong><strong><br \/>\n<\/strong><\/strong><\/p>\n<p dir=\"ltr\"><em>\"Si sales, vuelve temprano\".<\/em><\/p>\n<p><strong><strong><br \/>\n<\/strong><\/strong><\/p>\n<p dir=\"ltr\">\"S\u00ed\", con tilde, en la mayor\u00eda de los casos se refiere a una afirmaci\u00f3n o la respuesta a una pregunta. Por ejemplo:<\/p>\n<p><strong><strong><br \/>\n<\/strong><\/strong><\/p>\n<p dir=\"ltr\"><em>\"- \u00bfLlevas las llaves?<\/em><\/p>\n<p dir=\"ltr\"><em><br \/>\n<\/em><\/p>\n<p dir=\"ltr\"><em>- S\u00ed, las llevo\".<\/em><\/p>\n<p><strong><strong><br \/>\n<\/strong><\/strong><\/p>\n<p dir=\"ltr\">Pero \"s\u00ed\" tambi\u00e9n puede referirse a una persona. Tal es el caso de:<\/p>\n<p><strong><strong><br \/>\n<\/strong><\/strong><\/p>\n<p dir=\"ltr\"><em>\"Estaba fuera de s\u00ed\"<\/em><\/p>\n<p><strong><strong><em><br \/>\n<\/em><\/strong><\/strong><\/p>\n<p dir=\"ltr\"><em>\"Se pregunt\u00f3 a s\u00ed mismo\"<\/em><\/p>\n<p><strong><strong><br \/>\n<\/strong><\/strong><\/p>\n<p dir=\"ltr\">As\u00ed que el \"s\u00ed\" \u00fanicamente se tilda cuando est\u00e1s afirmando o est\u00e1s refiri\u00e9ndote a una persona. En cambio, si indica una condici\u00f3n, nunca debes tildarlo.<\/p>\n<p><strong><strong><br \/>\n<\/strong><\/strong><\/p>\n<p dir=\"ltr\">Y el \u00faltimo consejo de hoy.<\/p>\n<p><strong><strong><br \/>\n<\/strong><\/strong><\/p>\n<p dir=\"ltr\">Lee en voz alta<\/p>\n<p dir=\"ltr\">Una de las formas m\u00e1s sencillas de descubrir qu\u00e9 palabra lleva o no tilde, es dici\u00e9ndola. No es lo mismo decir:<\/p>\n<p dir=\"ltr\">\"<em>Pregunto con picard\u00eda y observo a la chica, desvio la mirada, significa que no le gusto\"<\/em><\/p>\n<p dir=\"ltr\">Que:<\/p>\n<p dir=\"ltr\">\"<em>Pregunt<\/em><em>\u00f3 con picard\u00eda y observ\u00f3 a la chica, desvi\u00f3 la mirada, significa que no le gust\u00f3<\/em>\"<\/p>\n<p><strong><strong><br \/>\n<\/strong><\/strong><\/p>\n<p dir=\"ltr\">En la primera oraci\u00f3n, estoy hablando en primera persona, en tiempo presente, mientras en la segunda, me estoy refiriendo a otra persona en tiempo pasado, puede que est\u00e9 narrando en primera persona, o puede que sea tercera persona, pero al final, la frase indica que otra persona ha hecho una pregunta.<\/p>\n<p><strong><strong><br \/>\n<\/strong><\/strong><\/p>\n<p dir=\"ltr\">Ambas frases pueden verse exactamente igual, pero tienen significados diferentes. Al leerla en voz alta, sabremos si lo que escribimos es correcto, ya que nosotros s\u00ed sabemos en qu\u00e9 tiempo y desde qu\u00e9 punto de vista se est\u00e1 hablando, pero quien lee, entender\u00e1 todo al rev\u00e9s.<\/p>\n<p><strong><strong><br \/>\n<\/strong><\/strong><\/p>\n<p dir=\"ltr\">Recuerda que al escribir, puede que t\u00fa sepas c\u00f3mo sucede todo dentro de tu imaginaci\u00f3n, pero tus lectores no est\u00e1n dentro de tu mente, por lo que t\u00fa tienes que darles las herramientas para que puedan comprender lo que has querido decir. Invertir una hora revisando tu ortograf\u00eda no har\u00e1 que tus lectores se alejen, o te linchen a crucios por tardar tanto.<\/p>\n<p><strong><strong><br \/>\n<\/strong><\/strong><\/p>\n<p dir=\"ltr\">Puede que digas \"<em>yo no soy escritora, solo lo hago por diversi\u00f3n\"<\/em>, lo cual est\u00e1 bien, cada cual tiene su profesi\u00f3n, pero tambi\u00e9n debes tomar en cuenta que lo que escribes es el reflejo de lo que eres.<\/p>\n<p><strong><strong><br \/>\n<\/strong><\/strong><\/p>\n<p dir=\"ltr\">S\u00e9 que muchas veces gana la emoci\u00f3n de publicar cada seis horas, pero es mejor que bajes un poco las revoluciones y des una segunda le\u00edda, te aseguro que encontrar\u00e1s muchas cosas que con ese simple acto puedes corregir. Dedazos, frases inconexas, argumentos demasiado cortos, y sobre todo, la ortograf\u00eda.<\/p>\n<p><strong><strong><br \/>\n<\/strong><\/strong><\/p>\n<p dir=\"ltr\">Con estos simples consejos te dar\u00e1s cuenta de lo f\u00e1cil que es evitar amonestaciones, dar una mejor historia a tus lectores y sobre todo, aprender a escribir correctamente.<\/p>\n<p><strong><strong><br \/>\n<\/strong><\/strong><\/p>\n<p dir=\"ltr\">As\u00ed que espero que me cuentes qu\u00e9 te han parecido estos tips. Los aplicar\u00e1s, \u00bfverdad? \u00bfCu\u00e1les de ellos ya pones en pr\u00e1ctica? \u00a1Comparte con nosotros tus tips personales!<\/p>\n","protected":false},"excerpt":{"rendered":"<p>Otra vez yo, tray\u00e9ndoles algunos consejos f\u00e1ciles para tildar. S\u00e9 que algunos conocedores de la Lengua se reir\u00e1n de lo lindo con esta nota, pero si eres como yo, que no entiende qu\u00e9 es un diptongo o una tilde diacr\u00edtica, esto te puede ser de gran ayuda. Iniciemos. La tilde, esa peque\u00f1a marca que se [&hellip;]<\/p>\n","protected":false},"author":7261,"featured_media":0,"parent":0,"menu_order":0,"comment_status":"open","ping_status":"open","template":"archives.php","meta":{"footnotes":""},"class_list":["post-13","page","type-page","status-publish","hentry"],"_links":{"self":[{"href":"https:\/\/blog.espol.edu.ec\/ximendez\/wp-json\/wp\/v2\/pages\/13","targetHints":{"allow":["GET"]}}],"collection":[{"href":"https:\/\/blog.espol.edu.ec\/ximendez\/wp-json\/wp\/v2\/pages"}],"about":[{"href":"https:\/\/blog.espol.edu.ec\/ximendez\/wp-json\/wp\/v2\/types\/page"}],"author":[{"embeddable":true,"href":"https:\/\/blog.espol.edu.ec\/ximendez\/wp-json\/wp\/v2\/users\/7261"}],"replies":[{"embeddable":true,"href":"https:\/\/blog.espol.edu.ec\/ximendez\/wp-json\/wp\/v2\/comments?post=13"}],"version-history":[{"count":3,"href":"https:\/\/blog.espol.edu.ec\/ximendez\/wp-json\/wp\/v2\/pages\/13\/revisions"}],"predecessor-version":[{"id":16,"href":"https:\/\/blog.espol.edu.ec\/ximendez\/wp-json\/wp\/v2\/pages\/13\/revisions\/16"}],"wp:attachment":[{"href":"https:\/\/blog.espol.edu.ec\/ximendez\/wp-json\/wp\/v2\/media?parent=13"}],"curies":[{"name":"wp","href":"https:\/\/api.w.org\/{rel}","templated":true}]}}