{"id":228,"date":"2013-11-24T23:35:17","date_gmt":"2013-11-24T23:35:17","guid":{"rendered":"http:\/\/blog.espol.edu.ec\/xtina\/?page_id=228"},"modified":"2013-11-24T23:40:58","modified_gmt":"2013-11-24T23:40:58","slug":"228-2","status":"publish","type":"page","link":"https:\/\/blog.espol.edu.ec\/xtina\/228-2\/","title":{"rendered":"CEMENTERIO DE MASCOTAS GUAYAQUIL"},"content":{"rendered":"<h2><span style=\"color: #888888\">Si lamentablemente tuviste una perdida te doy esta\u00a0informaci\u00f3n\u00a0que\u00a0quiz\u00e1s\u00a0te pueda\u00a0servir es muy doloroso pero es una\u00a0opci\u00f3n:<\/span><\/h2>\n<p>Campo Feliz, es una empresa que naci\u00f3 por los requerimientos emocionales de una de sus miembros, que despu\u00e9s de ver fallecer a su mascota KEIKO la cual la acompa\u00f1\u00f3 por muchos a\u00f1os, no sab\u00eda que hacer puesto que al ser parte de la familia merec\u00eda estar en un lugar en donde pueda descansar en paz y que pueda ser visitada por sus familiares y amigos. El amor que se desarrolla entre amo y mascota no se compara con nada y esto hace que por una visi\u00f3n se llegue a construir un lugar d\u00f3nde las mascotas descansen felices en un campo. Pues es as\u00ed que naci\u00f3 el cementerio de mascotas Campo Feliz.<\/p>\n<p>Campo Feliz cuenta con terreno propio con una extensi\u00f3n de 50.000 metros cuadrados, sala de velaci\u00f3n o de espera, servicios de: sepultura , traslado, as\u00ed como\u00a0 ata\u00fades, \u00a0l\u00e1pidas y lo principal como es el lugar d\u00f3nde su mascota descansar\u00e1 en paz.<\/p>\n<p><b>MISI\u00d3N<\/b><\/p>\n<p>Nuestra misi\u00f3n es ofrecer servicios funerarios con profundo amor y respeto a las mascotas, brindando a las familias un servicio serio y responsable, garantizando calidad y seriedad.<\/p>\n<p><strong>VISION<\/strong><\/p>\n<p>Nuestra visi\u00f3n consiste en ser un referente en la calidad de servicios exequiales que ofrecemos para el descanso eterno de su mascota.<\/p>\n<p>Campo Feliz, el primer Cementerio de Mascotas de Guayaquil \u2013 Ecuador.<\/p>\n<p><a href=\"http:\/\/blog.espol.edu.ec\/xtina\/files\/2013\/11\/images-1.jpg\"><img loading=\"lazy\" decoding=\"async\" class=\"alignnone size-full wp-image-232\" alt=\"images (1)\" src=\"http:\/\/blog.espol.edu.ec\/xtina\/files\/2013\/11\/images-1.jpg\" width=\"240\" height=\"160\" \/><\/a><\/p>\n<p><a title=\"CEMENTERIO DE MASCOTAS\" href=\"http:\/\/blog.espol.edu.ec\/xtina\/2013\/11\/24\/bases-para-educar-a-un-cachorro\/\" target=\"_blank\">http:\/\/www.campofeliz.com\/<\/a><\/p>\n","protected":false},"excerpt":{"rendered":"<p>Si lamentablemente tuviste una perdida te doy esta\u00a0informaci\u00f3n\u00a0que\u00a0quiz\u00e1s\u00a0te pueda\u00a0servir es muy doloroso pero es una\u00a0opci\u00f3n: Campo Feliz, es una empresa que naci\u00f3 por los requerimientos emocionales de una de sus miembros, que despu\u00e9s de ver fallecer a su mascota KEIKO la cual la acompa\u00f1\u00f3 por muchos a\u00f1os, no sab\u00eda que hacer puesto que al ser [&hellip;]<\/p>\n","protected":false},"author":8774,"featured_media":0,"parent":0,"menu_order":0,"comment_status":"open","ping_status":"open","template":"","meta":{"footnotes":""},"class_list":["post-228","page","type-page","status-publish","hentry"],"_links":{"self":[{"href":"https:\/\/blog.espol.edu.ec\/xtina\/wp-json\/wp\/v2\/pages\/228","targetHints":{"allow":["GET"]}}],"collection":[{"href":"https:\/\/blog.espol.edu.ec\/xtina\/wp-json\/wp\/v2\/pages"}],"about":[{"href":"https:\/\/blog.espol.edu.ec\/xtina\/wp-json\/wp\/v2\/types\/page"}],"author":[{"embeddable":true,"href":"https:\/\/blog.espol.edu.ec\/xtina\/wp-json\/wp\/v2\/users\/8774"}],"replies":[{"embeddable":true,"href":"https:\/\/blog.espol.edu.ec\/xtina\/wp-json\/wp\/v2\/comments?post=228"}],"version-history":[{"count":4,"href":"https:\/\/blog.espol.edu.ec\/xtina\/wp-json\/wp\/v2\/pages\/228\/revisions"}],"predecessor-version":[{"id":233,"href":"https:\/\/blog.espol.edu.ec\/xtina\/wp-json\/wp\/v2\/pages\/228\/revisions\/233"}],"wp:attachment":[{"href":"https:\/\/blog.espol.edu.ec\/xtina\/wp-json\/wp\/v2\/media?parent=228"}],"curies":[{"name":"wp","href":"https:\/\/api.w.org\/{rel}","templated":true}]}}