{"id":59,"date":"2009-08-10T21:31:27","date_gmt":"2009-08-11T01:31:27","guid":{"rendered":"http:\/\/blog.espol.edu.ec\/yamel\/?page_id=59"},"modified":"2009-08-10T21:31:27","modified_gmt":"2009-08-11T01:31:27","slug":"poema","status":"publish","type":"page","link":"https:\/\/blog.espol.edu.ec\/yamel\/poema\/","title":{"rendered":"Poema"},"content":{"rendered":"<p style=\"text-align: center\"><strong>\"13 Lineas Para Vivir\"<\/strong><\/p>\n<p>1.\u00a0\u00a0\u00a0 Te quiero no por quien eres, sino\u2026 por quien soy cuando estoy contigo.<br \/>\n2.\u00a0\u00a0\u00a0 Ninguna persona merece tus lagrimas, y quien se las merezca no te har\u00e1 llorar.<br \/>\n3.\u00a0\u00a0\u00a0 Solo porque alguien no te ame como t\u00fa quieres, no significa\u00a0 que no te ame con todo su ser.<br \/>\n4.\u00a0\u00a0\u00a0 Un verdadero amigo es quien te toma de la mano y te toca el coraz\u00f3n.<br \/>\n5.\u00a0\u00a0\u00a0 La peor forma de extra\u00f1ar a alguien es estar sentado a su lado y saber que nunca lo podr\u00e1s tener.<br \/>\n6.\u00a0\u00a0\u00a0 Nunca dejes de sonre\u00edr, ni siquiera cuando est\u00e9s triste, porque nunca sabes quien se pueda enamorar de tu sonrisa.<br \/>\n7.\u00a0\u00a0\u00a0 Puedes ser solamente una persona para el mundo, pero para una persona T\u00da eres el mundo.<br \/>\n8.\u00a0\u00a0\u00a0 No pases el tiempo con alguien que no est\u00e9 dispuesto a pasarlo contigo.<br \/>\n9.\u00a0\u00a0\u00a0 Quiz\u00e1 Dios quiera que conozcas mucha gente equivocada antes de que conozcas a la persona adecuada, para que cuando al fin la conozcas sepas estar agradecido.<br \/>\n10.\u00a0\u00a0\u00a0 No llores porque se termin\u00f3, sonr\u00ede porque sucedi\u00f3.<br \/>\n11.\u00a0\u00a0\u00a0 Siempre habr\u00e1 gente que te lastime, as\u00ed que lo que tienes que hacer es seguir confiando y solo ser m\u00e1s cuidadoso en quien conf\u00edas dos veces.<br \/>\n12.\u00a0\u00a0\u00a0 Convi\u00e9rtete en una mejor persona y aseg\u00farate de saber quien eres antes de conocer a alguien m\u00e1s y esperar que esa persona sepa quien eres.<br \/>\n13.\u00a0\u00a0\u00a0 No te esfuerces tanto, las mejores cosas suceden cuando menos te las esperas.<\/p>\n<p style=\"text-align: right\"><strong>Autor: Gabriel Garc\u00eda Marquez<\/strong><\/p>\n","protected":false},"excerpt":{"rendered":"<p>\"13 Lineas Para Vivir\" 1.\u00a0\u00a0\u00a0 Te quiero no por quien eres, sino\u2026 por quien soy cuando estoy contigo. 2.\u00a0\u00a0\u00a0 Ninguna persona merece tus lagrimas, y quien se las merezca no te har\u00e1 llorar. 3.\u00a0\u00a0\u00a0 Solo porque alguien no te ame como t\u00fa quieres, no significa\u00a0 que no te ame con todo su ser. 4.\u00a0\u00a0\u00a0 Un [&hellip;]<\/p>\n","protected":false},"author":1831,"featured_media":0,"parent":0,"menu_order":0,"comment_status":"open","ping_status":"open","template":"","meta":{"footnotes":""},"class_list":["post-59","page","type-page","status-publish","hentry"],"_links":{"self":[{"href":"https:\/\/blog.espol.edu.ec\/yamel\/wp-json\/wp\/v2\/pages\/59","targetHints":{"allow":["GET"]}}],"collection":[{"href":"https:\/\/blog.espol.edu.ec\/yamel\/wp-json\/wp\/v2\/pages"}],"about":[{"href":"https:\/\/blog.espol.edu.ec\/yamel\/wp-json\/wp\/v2\/types\/page"}],"author":[{"embeddable":true,"href":"https:\/\/blog.espol.edu.ec\/yamel\/wp-json\/wp\/v2\/users\/1831"}],"replies":[{"embeddable":true,"href":"https:\/\/blog.espol.edu.ec\/yamel\/wp-json\/wp\/v2\/comments?post=59"}],"version-history":[{"count":2,"href":"https:\/\/blog.espol.edu.ec\/yamel\/wp-json\/wp\/v2\/pages\/59\/revisions"}],"predecessor-version":[{"id":61,"href":"https:\/\/blog.espol.edu.ec\/yamel\/wp-json\/wp\/v2\/pages\/59\/revisions\/61"}],"wp:attachment":[{"href":"https:\/\/blog.espol.edu.ec\/yamel\/wp-json\/wp\/v2\/media?parent=59"}],"curies":[{"name":"wp","href":"https:\/\/api.w.org\/{rel}","templated":true}]}}